{"id":2839,"date":"2020-07-07T18:32:44","date_gmt":"2020-07-07T16:32:44","guid":{"rendered":"https:\/\/wordpress.nibis.de\/mzbs\/?page_id=2839"},"modified":"2020-07-14T12:04:32","modified_gmt":"2020-07-14T10:04:32","slug":"zml-gifhorn","status":"publish","type":"page","link":"https:\/\/wordpress.nibis.de\/mzbs\/zml-gifhorn\/","title":{"rendered":"Zeitgem\u00e4\u00df mobil Lernen &#8211; das Video zur Veranstaltung in Gifhorn"},"content":{"rendered":"\n<p>&#8222;Zeitgem\u00e4\u00df mobil Lernen&#8220; ist eine Zusammenarbeit von n21, der medienp\u00e4dagogischen Beratung und einzelnen Schulen zur Organisation von Fortbildungen in den Regionen Niedersachsens. Die Veranstaltungen werden \u00fcber n21 zentral beworben und richten sich an Lehrkr\u00e4fte aller Schulen. Daf\u00fcr werden Schulen angesprochen, die \u00fcber eine geeignete technische Ausstattung verf\u00fcgen. An den Schulen werden dann f\u00fcr Lehrkr\u00e4fte aus ganz Niedersachsen Fortbildungen zum Einsatz digitaler Inhalte und der Nutzung digitaler Techniken durchgef\u00fchrt.<\/p>\n\n\n\n<figure class=\"wp-block-embed is-type-rich is-provider-regionalkonferenz-sud-ost\"><div class=\"wp-block-embed__wrapper\">\n<blockquote class=\"wp-embedded-content\" data-secret=\"bUif1UojVg\"><a href=\"https:\/\/wordpress.nibis.de\/rksuedost\/2020\/07\/07\/eventvideo-zeitgemaess-mobil-lernen-gifhorn-19-02-2020\/\">Eventvideo: Zeitgem\u00e4\u00df.Mobil.Lernen \u2013 Gifhorn \u2013 19.02.2020<\/a><\/blockquote><iframe loading=\"lazy\" class=\"wp-embedded-content\" sandbox=\"allow-scripts\" security=\"restricted\" style=\"position: absolute; visibility: hidden;\" title=\"&#8222;Eventvideo: Zeitgem\u00e4\u00df.Mobil.Lernen \u2013 Gifhorn \u2013 19.02.2020&#8220; &#8211; Regionalkonferenz S\u00fcd-Ost\" src=\"https:\/\/wordpress.nibis.de\/rksuedost\/2020\/07\/07\/eventvideo-zeitgemaess-mobil-lernen-gifhorn-19-02-2020\/embed\/#?secret=rE368723tT#?secret=bUif1UojVg\" data-secret=\"bUif1UojVg\" width=\"600\" height=\"338\" frameborder=\"0\" marginwidth=\"0\" marginheight=\"0\" scrolling=\"no\"><\/iframe>\n<\/div><\/figure>\n","protected":false},"excerpt":{"rendered":"<p>&#8222;Zeitgem\u00e4\u00df mobil Lernen&#8220; ist eine Zusammenarbeit von n21, der medienp\u00e4dagogischen Beratung und einzelnen Schulen zur Organisation von Fortbildungen in den Regionen Niedersachsens. Die Veranstaltungen werden \u00fcber n21 zentral beworben und richten sich an Lehrkr\u00e4fte aller Schulen. Daf\u00fcr werden Schulen angesprochen, die \u00fcber eine geeignete technische Ausstattung verf\u00fcgen. An den Schulen werden dann f\u00fcr Lehrkr\u00e4fte aus &hellip; <a href=\"https:\/\/wordpress.nibis.de\/mzbs\/zml-gifhorn\/\" class=\"more-link\"><span class=\"screen-reader-text\">Zeitgem\u00e4\u00df mobil Lernen &#8211; das Video zur Veranstaltung in Gifhorn<\/span> weiterlesen <span class=\"meta-nav\">&rarr;<\/span><\/a><\/p>\n","protected":false},"author":1434,"featured_media":0,"parent":0,"menu_order":0,"comment_status":"closed","ping_status":"closed","template":"","meta":{"footnotes":""},"class_list":["post-2839","page","type-page","status-publish","hentry"],"_links":{"self":[{"href":"https:\/\/wordpress.nibis.de\/mzbs\/wp-json\/wp\/v2\/pages\/2839","targetHints":{"allow":["GET"]}}],"collection":[{"href":"https:\/\/wordpress.nibis.de\/mzbs\/wp-json\/wp\/v2\/pages"}],"about":[{"href":"https:\/\/wordpress.nibis.de\/mzbs\/wp-json\/wp\/v2\/types\/page"}],"author":[{"embeddable":true,"href":"https:\/\/wordpress.nibis.de\/mzbs\/wp-json\/wp\/v2\/users\/1434"}],"replies":[{"embeddable":true,"href":"https:\/\/wordpress.nibis.de\/mzbs\/wp-json\/wp\/v2\/comments?post=2839"}],"version-history":[{"count":4,"href":"https:\/\/wordpress.nibis.de\/mzbs\/wp-json\/wp\/v2\/pages\/2839\/revisions"}],"predecessor-version":[{"id":2863,"href":"https:\/\/wordpress.nibis.de\/mzbs\/wp-json\/wp\/v2\/pages\/2839\/revisions\/2863"}],"wp:attachment":[{"href":"https:\/\/wordpress.nibis.de\/mzbs\/wp-json\/wp\/v2\/media?parent=2839"}],"curies":[{"name":"wp","href":"https:\/\/api.w.org\/{rel}","templated":true}]}}