{"id":2850,"date":"2020-07-13T16:09:01","date_gmt":"2020-07-13T14:09:01","guid":{"rendered":"https:\/\/wordpress.nibis.de\/mzbs\/?page_id=2850"},"modified":"2020-07-13T16:09:02","modified_gmt":"2020-07-13T14:09:02","slug":"die-niedersaechsische-bildungscloud","status":"publish","type":"page","link":"https:\/\/wordpress.nibis.de\/mzbs\/die-niedersaechsische-bildungscloud\/","title":{"rendered":"Die nieders\u00e4chsische Bildungscloud"},"content":{"rendered":"\n<p>Seit 2017 arbeitet das Land Niedersachsen an einer eigenen Cloud f\u00fcr alle Schulen. Oberstes Ziel des Projektes ist die St\u00e4rkung der Zusammenarbeit in den Kollegien der Schulen und mit Lehrkr\u00e4ften und externen Partnern wie Firmen oder z.B. Beratungsstellen \u00fcber Schulgrenzen hinaus. Ganz bewusst soll die Cloud kein zus\u00e4tzliches Lernmanagement sein, das zu privaten Anbietern in Konkurrenz steht. <br>Zum Projektbeginn konnten sich Schulen und Studienseminare f\u00fcr das Projekt bewerben. Dazu mussten sie nachweisen, dass ihnen eine bestimmte Ausstattung zur Verf\u00fcgung steht und der Schultr\u00e4ger durch Investitionen eine Mindestausstattung bez\u00fcglich des Netzwerkes garantiert. Zudem erkl\u00e4rten sich die Schulen bereit, bei der Entwicklung der nieders\u00e4chsischen Bildungscloud mitzuhelfen. <br>Aus Braunschweig waren von Beginn an 3 Schulen beteiligt: Die Neue Oberschule (NO), die IGS Heidberg und das Gymnasium Raabeschule. Mit Beginn des Lockdowns im M\u00e4rz 2020 wurde das Projekt erweitert und jede Schule kann sich f\u00fcr eine Instanz der nieders\u00e4chsischen Bildungscloud bewerben. N21 wird bei der Einrichtung und den Fortbildungsma\u00dfnahmen von der Medienberatung am NLQ unterst\u00fctzt.<\/p>\n\n\n\n<p>weitere Infos gibt es hier:<br><a href=\"https:\/\/www.n-21.de\/staticsite\/staticsite.php?menuid=537&amp;topmenu=4\" target=\"_blank\" rel=\"noreferrer noopener\" aria-label=\"n21 (\u00f6ffnet in neuem Tab)\">n21<\/a><br><a rel=\"noreferrer noopener\" aria-label=\"Beitr\u00e4ge zur nieders\u00e4chsischen Bildungscloud (\u00f6ffnet in neuem Tab)\" href=\"https:\/\/wordpress.nibis.de\/mzbs\/category\/niedersaechsische-bildungscloud\/\" target=\"_blank\">Beitr\u00e4ge zur nieders\u00e4chsischen Bildungscloud<\/a><\/p>\n\n\n\n<p><\/p>\n","protected":false},"excerpt":{"rendered":"<p>Seit 2017 arbeitet das Land Niedersachsen an einer eigenen Cloud f\u00fcr alle Schulen. Oberstes Ziel des Projektes ist die St\u00e4rkung der Zusammenarbeit in den Kollegien der Schulen und mit Lehrkr\u00e4ften und externen Partnern wie Firmen oder z.B. Beratungsstellen \u00fcber Schulgrenzen hinaus. Ganz bewusst soll die Cloud kein zus\u00e4tzliches Lernmanagement sein, das zu privaten Anbietern in &hellip; <a href=\"https:\/\/wordpress.nibis.de\/mzbs\/die-niedersaechsische-bildungscloud\/\" class=\"more-link\"><span class=\"screen-reader-text\">Die nieders\u00e4chsische Bildungscloud<\/span> weiterlesen <span class=\"meta-nav\">&rarr;<\/span><\/a><\/p>\n","protected":false},"author":1434,"featured_media":0,"parent":0,"menu_order":0,"comment_status":"closed","ping_status":"closed","template":"","meta":{"footnotes":""},"class_list":["post-2850","page","type-page","status-publish","hentry"],"_links":{"self":[{"href":"https:\/\/wordpress.nibis.de\/mzbs\/wp-json\/wp\/v2\/pages\/2850","targetHints":{"allow":["GET"]}}],"collection":[{"href":"https:\/\/wordpress.nibis.de\/mzbs\/wp-json\/wp\/v2\/pages"}],"about":[{"href":"https:\/\/wordpress.nibis.de\/mzbs\/wp-json\/wp\/v2\/types\/page"}],"author":[{"embeddable":true,"href":"https:\/\/wordpress.nibis.de\/mzbs\/wp-json\/wp\/v2\/users\/1434"}],"replies":[{"embeddable":true,"href":"https:\/\/wordpress.nibis.de\/mzbs\/wp-json\/wp\/v2\/comments?post=2850"}],"version-history":[{"count":1,"href":"https:\/\/wordpress.nibis.de\/mzbs\/wp-json\/wp\/v2\/pages\/2850\/revisions"}],"predecessor-version":[{"id":2851,"href":"https:\/\/wordpress.nibis.de\/mzbs\/wp-json\/wp\/v2\/pages\/2850\/revisions\/2851"}],"wp:attachment":[{"href":"https:\/\/wordpress.nibis.de\/mzbs\/wp-json\/wp\/v2\/media?parent=2850"}],"curies":[{"name":"wp","href":"https:\/\/api.w.org\/{rel}","templated":true}]}}