{"id":2853,"date":"2020-07-13T16:14:12","date_gmt":"2020-07-13T14:14:12","guid":{"rendered":"https:\/\/wordpress.nibis.de\/mzbs\/?page_id=2853"},"modified":"2025-01-30T09:09:24","modified_gmt":"2025-01-30T08:09:24","slug":"kits-kompetent-in-technik-und-sprache","status":"publish","type":"page","link":"https:\/\/wordpress.nibis.de\/mzbs\/kits-kompetent-in-technik-und-sprache\/","title":{"rendered":"KITS &#8211; Kompetent in Technik und Sprache"},"content":{"rendered":"\n<p>Auch die medienp\u00e4dagogische Beratung in Braunschweig unterst\u00fctzt KITS. <br> <br>Kits- Kompetent in Technik und Sprache: Mit diesem Angebot wollen wir kreative digitale Projekte an Schulen, Kitas und Kinderg\u00e4rten unterst\u00fctzen. Damit wird ein Beitrag zur Realisierung des\u00a0<a rel=\"noreferrer noopener\" href=\"https:\/\/www.nibis.de\/orientierungsrahmen-medienbildung-in-der-schule_7223\" target=\"_blank\">Orientierungsrahmens Medienbildung<\/a>\u00a0geleistet. Wenn Sie also eine Idee haben, f\u00fcr die Umsetzung aber Unterst\u00fctzung und ggfs. Technik ben\u00f6tigen, dann k\u00f6nnen Sie sich bei uns bewerben. Als Gegenleistung m\u00f6chten wir, dass Sie ihre Ergebnisse anderen zur Verf\u00fcgung stellen. Das kann als Blog, in Form von Fortbildungen oder workshops oder die Bereitstellung von Materialien sein. Auf der Seite\u00a0<a rel=\"noreferrer noopener\" href=\"https:\/\/kits.blog\/\" target=\"_blank\">kits.blog<\/a>\u00a0werden zuk\u00fcnftig kreative Beispiele f\u00fcr den Einsatz digitaler Medien abrufbar sein. Hier finden Sie auch alle Informationen zu dem landesweiten Projekt.<br>Haben Sie Interesse? Dann wenden Sie sich in Braunschweig gern an\u00a0<strong>rolf.maroske(at)   nibis.de<\/strong>. Als Medienp\u00e4dagogischer Berater wird er Sie informieren und bei der Realisierung unterst\u00fctzen. <br>Weitere Beitr\u00e4ge gibt es <a rel=\"noreferrer noopener\" aria-label=\"hier (\u00f6ffnet in neuem Tab)\" href=\"https:\/\/wordpress.nibis.de\/mzbs\/category\/kits\/\" target=\"_blank\">hier<\/a>.<\/p>\n","protected":false},"excerpt":{"rendered":"<p>Auch die medienp\u00e4dagogische Beratung in Braunschweig unterst\u00fctzt KITS. Kits- Kompetent in Technik und Sprache: Mit diesem Angebot wollen wir kreative digitale Projekte an Schulen, Kitas und Kinderg\u00e4rten unterst\u00fctzen. Damit wird ein Beitrag zur Realisierung des\u00a0Orientierungsrahmens Medienbildung\u00a0geleistet. Wenn Sie also eine Idee haben, f\u00fcr die Umsetzung aber Unterst\u00fctzung und ggfs. Technik ben\u00f6tigen, dann k\u00f6nnen Sie sich &hellip; <a href=\"https:\/\/wordpress.nibis.de\/mzbs\/kits-kompetent-in-technik-und-sprache\/\" class=\"more-link\"><span class=\"screen-reader-text\">KITS &#8211; Kompetent in Technik und Sprache<\/span> weiterlesen <span class=\"meta-nav\">&rarr;<\/span><\/a><\/p>\n","protected":false},"author":1434,"featured_media":0,"parent":0,"menu_order":0,"comment_status":"closed","ping_status":"closed","template":"","meta":{"footnotes":""},"class_list":["post-2853","page","type-page","status-publish","hentry"],"_links":{"self":[{"href":"https:\/\/wordpress.nibis.de\/mzbs\/wp-json\/wp\/v2\/pages\/2853","targetHints":{"allow":["GET"]}}],"collection":[{"href":"https:\/\/wordpress.nibis.de\/mzbs\/wp-json\/wp\/v2\/pages"}],"about":[{"href":"https:\/\/wordpress.nibis.de\/mzbs\/wp-json\/wp\/v2\/types\/page"}],"author":[{"embeddable":true,"href":"https:\/\/wordpress.nibis.de\/mzbs\/wp-json\/wp\/v2\/users\/1434"}],"replies":[{"embeddable":true,"href":"https:\/\/wordpress.nibis.de\/mzbs\/wp-json\/wp\/v2\/comments?post=2853"}],"version-history":[{"count":3,"href":"https:\/\/wordpress.nibis.de\/mzbs\/wp-json\/wp\/v2\/pages\/2853\/revisions"}],"predecessor-version":[{"id":3455,"href":"https:\/\/wordpress.nibis.de\/mzbs\/wp-json\/wp\/v2\/pages\/2853\/revisions\/3455"}],"wp:attachment":[{"href":"https:\/\/wordpress.nibis.de\/mzbs\/wp-json\/wp\/v2\/media?parent=2853"}],"curies":[{"name":"wp","href":"https:\/\/api.w.org\/{rel}","templated":true}]}}