{"id":2914,"date":"2020-10-28T09:55:45","date_gmt":"2020-10-28T08:55:45","guid":{"rendered":"https:\/\/wordpress.nibis.de\/mzbs\/?page_id=2914"},"modified":"2020-10-28T10:12:19","modified_gmt":"2020-10-28T09:12:19","slug":"der-methodenguide-des-nlq","status":"publish","type":"page","link":"https:\/\/wordpress.nibis.de\/mzbs\/der-methodenguide-des-nlq\/","title":{"rendered":"Der Methodenguide des NLQ"},"content":{"rendered":"\n<h1 class=\"wp-block-heading\">#MethodenGuide (als App, im Web und auch bei IServ)<\/h1>\n\n\n\n<figure class=\"wp-block-image is-resized\"><a href=\"https:\/\/www.methodenguide.de\/basic\/\" target=\"_blank\" rel=\"noopener noreferrer\"><img loading=\"lazy\" decoding=\"async\" src=\"https:\/\/www.nibis.de\/uploads\/1chaplin\/methodenguide.jpg\" alt=\"Das Bild erm\u00f6glicht den direkten Zugriff auf die Website des Methodenguides\" width=\"150\" height=\"150\" \/><\/a><figcaption>Link zur Website des MethodenGuide<\/figcaption><\/figure>\n\n\n\n<h3 class=\"wp-block-heading\">Lernen digital<\/h3>\n\n\n\n<h5 class=\"wp-block-heading\">Projektidee<\/h5>\n\n\n\n<p>Die Web-App Methodenguide wird f\u00fcr Sch\u00fclerinnen und Sch\u00fcler weiterentwickelt, um das Lernen mit Tablet-Computern und Smartphones zu unterst\u00fctzen. Sch\u00fclerinnen und Sch\u00fclern sollen dabei Impulse zum erfolgreichen Lernen gegeben werden &#8211; allein und in Gruppen. Der Methodenguide beinhaltet auch Tipps f\u00fcr Pr\u00e4sentationen, zu Projekt- und Facharbeiten.<br>\u00dcberdies werden Lehrerinnen und Lehrern Anregungen f\u00fcr ihren Unterricht geboten und gezeigt, wie sich digitale Werkzeuge beim Lernen einbinden lassen.<\/p>\n\n\n\n<h5 class=\"wp-block-heading\">Umsetzung<\/h5>\n\n\n\n<p><strong>Sch\u00fclerinnen und Sch\u00fcler<\/strong>&nbsp;nutzen die #MethodenGuide Web-App zur Aneignung und Vertiefung von Lern- und Arbeitskompetenzen.<\/p>\n\n\n\n<p>Lehrerinnen und Lehrer k\u00f6nnen zus\u00e4tzliche Informationen und Materialien rund um den Einsatz der Web-App #MethodenGuide \u00fcber ein eigenes Portal im Internet abrufen. Der weit verbreitete Schulserver IServ bietet den #MethodenGuide als integrierbares Modul an.<br>Bitten Sie doch einfach den Administrator Ihrer Schule das Modul #MethodenGuide auf dem IServ zu installieren. So erhalten alle freigeschalteten Gruppen leichten Zugang zu den kostenlosen Angeboten.<\/p>\n\n\n\n<p>Der #MethodenGuide l\u00e4sst sich jetzt auch auf iPads und iPhones installieren. Man findet den #MethodenGuide einfach zur Installation im App Store \u00fcber diesen&nbsp;<strong><a href=\"https:\/\/apps.apple.com\/de\/app\/methodenguide\/id1481358185\" target=\"_blank\" rel=\"noreferrer noopener\">direkten Link zur App<\/a><\/strong>.<\/p>\n\n\n\n<h5 class=\"wp-block-heading\">Projektleitung<\/h5>\n\n\n\n<p><a href=\"&#109;&#x61;&#105;&#x6c;t&#x6f;:&#107;&#x72;&#117;&#x6d;&#107;&#x75;e&#x68;l&#101;&#x72;&#64;&#x6e;i&#x62;i&#x73;&#x2e;&#100;&#x65;\" target=\"_blank\" rel=\"noreferrer noopener\">Tim Krumk\u00fchler<\/a>&nbsp;und&nbsp;<a href=\"&#x6d;&#x61;&#105;l&#x74;&#x6f;&#x3a;&#115;c&#x68;&#x77;&#x61;&#98;e&#x40;&#x6e;&#x69;&#98;i&#x73;&#x2e;&#x64;&#101;\" target=\"_blank\" rel=\"noreferrer noopener\">Steffen Schwabe<\/a>&nbsp;&#8211; Medienp\u00e4dagogische Berater am NLQ<\/p>\n\n\n\n<p><\/p>\n","protected":false},"excerpt":{"rendered":"<p>#MethodenGuide (als App, im Web und auch bei IServ) Lernen digital Projektidee Die Web-App Methodenguide wird f\u00fcr Sch\u00fclerinnen und Sch\u00fcler weiterentwickelt, um das Lernen mit Tablet-Computern und Smartphones zu unterst\u00fctzen. Sch\u00fclerinnen und Sch\u00fclern sollen dabei Impulse zum erfolgreichen Lernen gegeben werden &#8211; allein und in Gruppen. Der Methodenguide beinhaltet auch Tipps f\u00fcr Pr\u00e4sentationen, zu Projekt- &hellip; <a href=\"https:\/\/wordpress.nibis.de\/mzbs\/der-methodenguide-des-nlq\/\" class=\"more-link\"><span class=\"screen-reader-text\">Der Methodenguide des NLQ<\/span> weiterlesen <span class=\"meta-nav\">&rarr;<\/span><\/a><\/p>\n","protected":false},"author":1434,"featured_media":0,"parent":0,"menu_order":0,"comment_status":"closed","ping_status":"closed","template":"","meta":{"footnotes":""},"class_list":["post-2914","page","type-page","status-publish","hentry"],"_links":{"self":[{"href":"https:\/\/wordpress.nibis.de\/mzbs\/wp-json\/wp\/v2\/pages\/2914","targetHints":{"allow":["GET"]}}],"collection":[{"href":"https:\/\/wordpress.nibis.de\/mzbs\/wp-json\/wp\/v2\/pages"}],"about":[{"href":"https:\/\/wordpress.nibis.de\/mzbs\/wp-json\/wp\/v2\/types\/page"}],"author":[{"embeddable":true,"href":"https:\/\/wordpress.nibis.de\/mzbs\/wp-json\/wp\/v2\/users\/1434"}],"replies":[{"embeddable":true,"href":"https:\/\/wordpress.nibis.de\/mzbs\/wp-json\/wp\/v2\/comments?post=2914"}],"version-history":[{"count":3,"href":"https:\/\/wordpress.nibis.de\/mzbs\/wp-json\/wp\/v2\/pages\/2914\/revisions"}],"predecessor-version":[{"id":2924,"href":"https:\/\/wordpress.nibis.de\/mzbs\/wp-json\/wp\/v2\/pages\/2914\/revisions\/2924"}],"wp:attachment":[{"href":"https:\/\/wordpress.nibis.de\/mzbs\/wp-json\/wp\/v2\/media?parent=2914"}],"curies":[{"name":"wp","href":"https:\/\/api.w.org\/{rel}","templated":true}]}}