{"id":364,"date":"2013-10-11T11:48:53","date_gmt":"2013-10-11T10:48:53","guid":{"rendered":"http:\/\/wordpress.nibis.de\/mzbs\/?page_id=364"},"modified":"2015-07-06T14:02:48","modified_gmt":"2015-07-06T12:02:48","slug":"georg-eckert-institut","status":"publish","type":"page","link":"https:\/\/wordpress.nibis.de\/mzbs\/kooperationspartner\/georg-eckert-institut\/","title":{"rendered":"Georg-Eckert-Institut"},"content":{"rendered":"<p>Das <span style=\"color: #3366ff;background-color: #ffff00\"><strong>Georg-Eckert-Institut f\u00fcr internationale Schulbuchforschung<\/strong>\u00a0(GEI)\u00a0<span style=\"background-color: #ffffff;color: #000000\">unterst\u00fctzt unser Projekt des &#8222;Mobilen Lernens&#8220; durch ihre wissenschaftliche Begleitung.<\/span><\/span><\/p>\n<p><a title=\"Georg-Eckert-Institut (GEI)\" href=\"http:\/\/www.gei.de\/nc\/georg-eckert-institut.html\">Hier erfahren Sie mehr \u00fcber das \u2192\u00a0GEI<\/a><\/p>\n<p>Zu Beginn des Projektes entwickelten Mitarbeiter des GEI umfangreiche Fragenkataloge f\u00fcr Sch\u00fcler und Lehrer, die sie zun\u00e4chst in den drei Notebookklassen des ersten Durchgangs einsetzten. Das Ausf\u00fcllen erfolgte online \u00fcber das Umfragemodul. Die anonyme Auswertung gestattet uns einen ersten Blick auf die Ausgangssituation &#8211; mit bereits interessanten Ergebnissen. Richtig spannend werden die \u00a0Ergebnisse der Zwischen- und Endbefragungen. Ziel soll dar\u00fcber hinaus sein, belastbare Bewertungen \u00fcber den Unterricht mit mobilen Ger\u00e4ten zu bekommen. Die methodisch-didaktische Diskussion und die oft emotional gef\u00fchrte Auseinandersetzung mit Bef\u00fcrwortern und Gegnern von Computern in Sch\u00fclerhand k\u00f6nnen auf diese Weise zu mehr Sachlichkeit und Gelassenheit im Umgang miteinander f\u00fchren.<\/p>\n<p>Wir, die B\u00fcrgerstiftung Braunschweig und die Medienberatung, wissen das Engagement des GEI sehr zu sch\u00e4tzen! Im Folgenden einige Publikationen des GEI, die u.a. in Zusammenhang mit unserem Projekt entstanden sind.<\/p>\n<p><a title=\"Bulletin Schulbuch der Zukunft\" href=\"http:\/\/www.gei.de\/fileadmin\/gei.de\/pdf\/publikationen\/Bulletin\/Bulletin_13\/Eckert_Bulletin_13.pdf\">\u2192 Ein Bulletin befasst sich mit der Frage nach dem Schulbuch der Zukunft<\/a><\/p>\n<p><a title=\"Herausforderungen im digitalen Klassenzimmer\" href=\"http:\/\/www.gei.de\/fileadmin\/gei.de\/pdf\/publikationen\/Bulletin\/Bulletin_13\/EB_13_04_Arnhold_Stange.pdf\">\u2192 Herausforderungen im digitalen Klassenzimmer<\/a><\/p>\n<p><a title=\"Surfendes Klassenzimmer\" href=\"http:\/\/www.gei.de\/fileadmin\/gei.de\/pdf\/publikationen\/Bulletin\/Bulletin_13\/EB_13_03_Kirchhof.pdf\">\u2192 Da<\/a><a href=\"http:\/\/www.gei.de\/fileadmin\/gei.de\/pdf\/publikationen\/Bulletin\/Bulletin_13\/EB_13_03_Kirchhof.pdf\">s\u00a0Schulbuch der Zukunft ist das Notebook?<\/a><\/p>\n<p><a href=\"http:\/\/wordpress.nibis.de\/mzbs\/das-projekt-interaktive-schule-in-braunschweig\/\">Mehr Informationen zum Projekt\u00a0\u00a0\u2192\u00a0&#8222;Mobiles Lernen in der interaktive Schule&#8220;\u00a0finden Sie HIER<\/a><\/p>\n","protected":false},"excerpt":{"rendered":"<p>Das Georg-Eckert-Institut f\u00fcr internationale Schulbuchforschung\u00a0(GEI)\u00a0unterst\u00fctzt unser Projekt des &#8222;Mobilen Lernens&#8220; durch ihre wissenschaftliche Begleitung. Hier erfahren Sie mehr \u00fcber das \u2192\u00a0GEI Zu Beginn des Projektes entwickelten Mitarbeiter des GEI umfangreiche Fragenkataloge f\u00fcr Sch\u00fcler und Lehrer, die sie zun\u00e4chst in den drei Notebookklassen des ersten Durchgangs einsetzten. Das Ausf\u00fcllen erfolgte online \u00fcber das Umfragemodul. Die anonyme &hellip; <a href=\"https:\/\/wordpress.nibis.de\/mzbs\/kooperationspartner\/georg-eckert-institut\/\" class=\"more-link\"><span class=\"screen-reader-text\">Georg-Eckert-Institut<\/span> weiterlesen <span class=\"meta-nav\">&rarr;<\/span><\/a><\/p>\n","protected":false},"author":120,"featured_media":0,"parent":596,"menu_order":0,"comment_status":"closed","ping_status":"closed","template":"","meta":{"footnotes":""},"class_list":["post-364","page","type-page","status-publish","hentry"],"_links":{"self":[{"href":"https:\/\/wordpress.nibis.de\/mzbs\/wp-json\/wp\/v2\/pages\/364","targetHints":{"allow":["GET"]}}],"collection":[{"href":"https:\/\/wordpress.nibis.de\/mzbs\/wp-json\/wp\/v2\/pages"}],"about":[{"href":"https:\/\/wordpress.nibis.de\/mzbs\/wp-json\/wp\/v2\/types\/page"}],"author":[{"embeddable":true,"href":"https:\/\/wordpress.nibis.de\/mzbs\/wp-json\/wp\/v2\/users\/120"}],"replies":[{"embeddable":true,"href":"https:\/\/wordpress.nibis.de\/mzbs\/wp-json\/wp\/v2\/comments?post=364"}],"version-history":[{"count":10,"href":"https:\/\/wordpress.nibis.de\/mzbs\/wp-json\/wp\/v2\/pages\/364\/revisions"}],"predecessor-version":[{"id":1604,"href":"https:\/\/wordpress.nibis.de\/mzbs\/wp-json\/wp\/v2\/pages\/364\/revisions\/1604"}],"up":[{"embeddable":true,"href":"https:\/\/wordpress.nibis.de\/mzbs\/wp-json\/wp\/v2\/pages\/596"}],"wp:attachment":[{"href":"https:\/\/wordpress.nibis.de\/mzbs\/wp-json\/wp\/v2\/media?parent=364"}],"curies":[{"name":"wp","href":"https:\/\/api.w.org\/{rel}","templated":true}]}}