{"id":402,"date":"2013-11-11T18:58:12","date_gmt":"2013-11-11T17:58:12","guid":{"rendered":"http:\/\/wordpress.nibis.de\/mzbs\/?page_id=402"},"modified":"2019-02-20T13:44:28","modified_gmt":"2019-02-20T12:44:28","slug":"vedab-mzbs","status":"publish","type":"page","link":"https:\/\/wordpress.nibis.de\/mzbs\/fortbildung\/vedab-mzbs\/","title":{"rendered":"Recherche und Anmeldung"},"content":{"rendered":"<h2>Recherche und Anmeldung \u00fcber die VeDaB des MZBS<\/h2>\n<figure id=\"attachment_952\" aria-describedby=\"caption-attachment-952\" style=\"width: 150px\" class=\"wp-caption alignright\"><a href=\"http:\/\/vedab.nibis.de\"><img loading=\"lazy\" decoding=\"async\" class=\" wp-image-952\" title=\"VeDaB\" src=\"http:\/\/wordpress.nibis.de\/mzbs\/files\/vedab_info.jpg\" alt=\"vedab_info\" width=\"150\" height=\"150\" srcset=\"https:\/\/wordpress.nibis.de\/mzbs\/files\/vedab_info.jpg 180w, https:\/\/wordpress.nibis.de\/mzbs\/files\/vedab_info-150x150.jpg 150w\" sizes=\"auto, (max-width: 150px) 100vw, 150px\" \/><\/a><figcaption id=\"caption-attachment-952\" class=\"wp-caption-text\">Veranstaltungsdatenbank<\/figcaption><\/figure>\n<p>Das Medienzentrum ist als Anbieter auf der Nibis-Veranstaltungsdatenbank <strong>VeDaB<\/strong> registriert.<br \/>\n<em><strong>Jede<\/strong><\/em> unserer Veranstaltungen &#8211; Fortbildungen, Workshops wie auch Informationsveranatstaltungen und Messen &#8211; wird dort ver\u00f6ffentlicht.<\/p>\n<p>Sie k\u00f6nnen an Fortbildungen und Workshops nur teilnehmen,<\/p>\n<ul>\n<li>wenn Sie sich zuvor \u00fcber die <strong>VeDaB<\/strong> an einer Veranstaltung angemeldet<\/li>\n<li>und ca. eine Woche vor der Fortbildung eine Einladung erhalten haben<\/li>\n<li>oder die Anmeldepflicht ausdr\u00fccklich ausgenommen wird.<\/li>\n<\/ul>\n<p><a title=\"VeDaB\" href=\"http:\/\/vedab.nibis.de\/veran_suche1_neu.php?kompetenz=179\">\u2192 Zur Recherche auf der VeDaB<br \/>\nnach Veranstaltungen des Medienzentrums Braunschweig<\/a><\/p>\n<p><a title=\"VeDaB-Abrufangebote\" href=\"http:\/\/vedab.nibis.de\/veran_suche1_neu.php?kompetenz=179&amp;art=7\">\u2192 Zur Recherche auf der VeDaB<br \/>\nnach Abrufangeboten des MZBS<\/a><\/p>\n<p><strong><em>Fehlt Ihnen eine Fortbildung? Haben Sie einen Themenvorschlag?\u00a0<\/em><\/strong><br \/>\nBitte schreiben Sie kurz eine Mail an\u00a0\u2192 <a href=\"https:\/\/wordpress.nibis.de\/mzbs\/itteam\/rolf-maroske\/\">Rolf Maroske<\/a> bzw. <a href=\"https:\/\/wordpress.nibis.de\/mzbs\/medienberater\/michaelzientek\/\">Michael Zientek<\/a> oder schreiben Sie Ihren Wunsch in das untenstehende Kommentarfeld.<\/p>\n","protected":false},"excerpt":{"rendered":"<p>Recherche und Anmeldung \u00fcber die VeDaB des MZBS Das Medienzentrum ist als Anbieter auf der Nibis-Veranstaltungsdatenbank VeDaB registriert. Jede unserer Veranstaltungen &#8211; Fortbildungen, Workshops wie auch Informationsveranatstaltungen und Messen &#8211; wird dort ver\u00f6ffentlicht. Sie k\u00f6nnen an Fortbildungen und Workshops nur teilnehmen, wenn Sie sich zuvor \u00fcber die VeDaB an einer Veranstaltung angemeldet und ca. eine &hellip; <a href=\"https:\/\/wordpress.nibis.de\/mzbs\/fortbildung\/vedab-mzbs\/\" class=\"more-link\"><span class=\"screen-reader-text\">Recherche und Anmeldung<\/span> weiterlesen <span class=\"meta-nav\">&rarr;<\/span><\/a><\/p>\n","protected":false},"author":120,"featured_media":952,"parent":105,"menu_order":0,"comment_status":"closed","ping_status":"closed","template":"","meta":{"footnotes":""},"class_list":["post-402","page","type-page","status-publish","has-post-thumbnail","hentry"],"_links":{"self":[{"href":"https:\/\/wordpress.nibis.de\/mzbs\/wp-json\/wp\/v2\/pages\/402","targetHints":{"allow":["GET"]}}],"collection":[{"href":"https:\/\/wordpress.nibis.de\/mzbs\/wp-json\/wp\/v2\/pages"}],"about":[{"href":"https:\/\/wordpress.nibis.de\/mzbs\/wp-json\/wp\/v2\/types\/page"}],"author":[{"embeddable":true,"href":"https:\/\/wordpress.nibis.de\/mzbs\/wp-json\/wp\/v2\/users\/120"}],"replies":[{"embeddable":true,"href":"https:\/\/wordpress.nibis.de\/mzbs\/wp-json\/wp\/v2\/comments?post=402"}],"version-history":[{"count":21,"href":"https:\/\/wordpress.nibis.de\/mzbs\/wp-json\/wp\/v2\/pages\/402\/revisions"}],"predecessor-version":[{"id":2172,"href":"https:\/\/wordpress.nibis.de\/mzbs\/wp-json\/wp\/v2\/pages\/402\/revisions\/2172"}],"up":[{"embeddable":true,"href":"https:\/\/wordpress.nibis.de\/mzbs\/wp-json\/wp\/v2\/pages\/105"}],"wp:featuredmedia":[{"embeddable":true,"href":"https:\/\/wordpress.nibis.de\/mzbs\/wp-json\/wp\/v2\/media\/952"}],"wp:attachment":[{"href":"https:\/\/wordpress.nibis.de\/mzbs\/wp-json\/wp\/v2\/media?parent=402"}],"curies":[{"name":"wp","href":"https:\/\/api.w.org\/{rel}","templated":true}]}}