{"id":420,"date":"2015-09-17T08:30:39","date_gmt":"2015-09-17T06:30:39","guid":{"rendered":"http:\/\/wordpress.nibis.de\/mzbs\/?page_id=420"},"modified":"2016-01-07T12:50:27","modified_gmt":"2016-01-07T11:50:27","slug":"filmklappe","status":"publish","type":"page","link":"https:\/\/wordpress.nibis.de\/mzbs\/angebote\/filmklappe\/","title":{"rendered":"Braunschweiger Filmklappe"},"content":{"rendered":"<p>In der\u00a0<span style=\"color: #0000ff;background-color: #ffff00\">Braunschweiger Filmklappe<\/span>\u00a0<span class=\"wp-caption-text\">werden<\/span>\u00a0auch\u00a0Schulen gef\u00f6rdert, die einen Film drehen und ver\u00f6ffentlichen m\u00f6chten.<\/p>\n<p>Informationen zu den aktuellen Wettbewerben finden Sie <a href=\"http:\/\/wordpress.nibis.de\/mzbs\/filmklappe\/\">HIER.<\/a><\/p>\n","protected":false},"excerpt":{"rendered":"<p>In der\u00a0Braunschweiger Filmklappe\u00a0werden\u00a0auch\u00a0Schulen gef\u00f6rdert, die einen Film drehen und ver\u00f6ffentlichen m\u00f6chten. Informationen zu den aktuellen Wettbewerben finden Sie HIER.<\/p>\n","protected":false},"author":803,"featured_media":0,"parent":229,"menu_order":0,"comment_status":"closed","ping_status":"closed","template":"","meta":{"footnotes":""},"class_list":["post-420","page","type-page","status-publish","hentry"],"_links":{"self":[{"href":"https:\/\/wordpress.nibis.de\/mzbs\/wp-json\/wp\/v2\/pages\/420","targetHints":{"allow":["GET"]}}],"collection":[{"href":"https:\/\/wordpress.nibis.de\/mzbs\/wp-json\/wp\/v2\/pages"}],"about":[{"href":"https:\/\/wordpress.nibis.de\/mzbs\/wp-json\/wp\/v2\/types\/page"}],"author":[{"embeddable":true,"href":"https:\/\/wordpress.nibis.de\/mzbs\/wp-json\/wp\/v2\/users\/803"}],"replies":[{"embeddable":true,"href":"https:\/\/wordpress.nibis.de\/mzbs\/wp-json\/wp\/v2\/comments?post=420"}],"version-history":[{"count":4,"href":"https:\/\/wordpress.nibis.de\/mzbs\/wp-json\/wp\/v2\/pages\/420\/revisions"}],"predecessor-version":[{"id":1685,"href":"https:\/\/wordpress.nibis.de\/mzbs\/wp-json\/wp\/v2\/pages\/420\/revisions\/1685"}],"up":[{"embeddable":true,"href":"https:\/\/wordpress.nibis.de\/mzbs\/wp-json\/wp\/v2\/pages\/229"}],"wp:attachment":[{"href":"https:\/\/wordpress.nibis.de\/mzbs\/wp-json\/wp\/v2\/media?parent=420"}],"curies":[{"name":"wp","href":"https:\/\/api.w.org\/{rel}","templated":true}]}}