{"id":556,"date":"2015-09-11T06:48:41","date_gmt":"2015-09-11T04:48:41","guid":{"rendered":"http:\/\/wordpress.nibis.de\/mzbs\/?page_id=556"},"modified":"2015-10-02T09:47:18","modified_gmt":"2015-10-02T07:47:18","slug":"erlass-zum-auftrag-der-medienberatung","status":"publish","type":"page","link":"https:\/\/wordpress.nibis.de\/mzbs\/auftrag\/erlass-zum-auftrag-der-medienberatung\/","title":{"rendered":"Erlass zur Medienberatung"},"content":{"rendered":"<p>Die Aufgaben der Medienberater(innen) sind im Erlass aus dem Jahr 2006 festgelegt:<br \/>\n(RdErl. d. MK v. 19. 6. 2006 36 &#8211; 82 213 &#8211; &#8211; VORIS 22410 -)<\/p>\n<p>Beratung der Schultr\u00e4ger, Schulen und Kindertagesst\u00e4tten<\/p>\n<ul>\n<li>bei der konzeptionellen Weiterentwicklung der Medienausstattung<\/li>\n<li>bei der Erstellung von Medienentwicklungspl\u00e4nen<\/li>\n<li>bei der Einrichtung und bei der Betreuung von Computernetzwerken<\/li>\n<\/ul>\n<p>.<br \/>\nUnterst\u00fctzung der Schulen und Kindertagesst\u00e4tten bei der Entwicklung und Umsetzung<br \/>\nvon Qualit\u00e4tsstandards f\u00fcr die Vermittlung von Medienkompetenz.<\/p>\n<p>Ermittlung und Koordinierung des Medienbedarfs.<\/p>\n<p>Gew\u00e4hrleistung und Unterst\u00fctzung der medienp\u00e4dagogischen Fortbildung durch Lehr-<br \/>\ng\u00e4nge, schulinterne Fortbildung und Tagungen.<\/p>\n<p>F\u00f6rderung aktiver Medienarbeit, Medienkulturarbeit und Medienproduktion in Schulen.<\/p>\n<p>Kooperation mit regionalen und \u00fcberregionalen Medienanbietern.<\/p>\n<p>Entwicklung von Vorschl\u00e4gen zu Kreis \u00fcbergreifender Zusammenarbeit mit den anderen<br \/>\nMedienzentren in Absprache mit den kommunalen Tr\u00e4gern<\/p>\n<p>Um diese Aufgaben umsetzen zu k\u00f6nnen, ist ihnen per Erlass ein Medienberater f\u00fcr das Lernen mit digitalen Medien zugeordnet.<\/p>\n<p><a href=\"http:\/\/www.schure.de\/22410\/24,4,82213.htm\">Erlass zu den Beratern f\u00fcr das Lernen mit digitalen Medien<\/a><\/p>\n","protected":false},"excerpt":{"rendered":"<p>Die Aufgaben der Medienberater(innen) sind im Erlass aus dem Jahr 2006 festgelegt: (RdErl. d. MK v. 19. 6. 2006 36 &#8211; 82 213 &#8211; &#8211; VORIS 22410 -) Beratung der Schultr\u00e4ger, Schulen und Kindertagesst\u00e4tten bei der konzeptionellen Weiterentwicklung der Medienausstattung bei der Erstellung von Medienentwicklungspl\u00e4nen bei der Einrichtung und bei der Betreuung von Computernetzwerken . &hellip; <a href=\"https:\/\/wordpress.nibis.de\/mzbs\/auftrag\/erlass-zum-auftrag-der-medienberatung\/\" class=\"more-link\"><span class=\"screen-reader-text\">Erlass zur Medienberatung<\/span> weiterlesen <span class=\"meta-nav\">&rarr;<\/span><\/a><\/p>\n","protected":false},"author":803,"featured_media":0,"parent":598,"menu_order":0,"comment_status":"closed","ping_status":"closed","template":"","meta":{"footnotes":""},"class_list":["post-556","page","type-page","status-publish","hentry"],"_links":{"self":[{"href":"https:\/\/wordpress.nibis.de\/mzbs\/wp-json\/wp\/v2\/pages\/556","targetHints":{"allow":["GET"]}}],"collection":[{"href":"https:\/\/wordpress.nibis.de\/mzbs\/wp-json\/wp\/v2\/pages"}],"about":[{"href":"https:\/\/wordpress.nibis.de\/mzbs\/wp-json\/wp\/v2\/types\/page"}],"author":[{"embeddable":true,"href":"https:\/\/wordpress.nibis.de\/mzbs\/wp-json\/wp\/v2\/users\/803"}],"replies":[{"embeddable":true,"href":"https:\/\/wordpress.nibis.de\/mzbs\/wp-json\/wp\/v2\/comments?post=556"}],"version-history":[{"count":7,"href":"https:\/\/wordpress.nibis.de\/mzbs\/wp-json\/wp\/v2\/pages\/556\/revisions"}],"predecessor-version":[{"id":1628,"href":"https:\/\/wordpress.nibis.de\/mzbs\/wp-json\/wp\/v2\/pages\/556\/revisions\/1628"}],"up":[{"embeddable":true,"href":"https:\/\/wordpress.nibis.de\/mzbs\/wp-json\/wp\/v2\/pages\/598"}],"wp:attachment":[{"href":"https:\/\/wordpress.nibis.de\/mzbs\/wp-json\/wp\/v2\/media?parent=556"}],"curies":[{"name":"wp","href":"https:\/\/api.w.org\/{rel}","templated":true}]}}