{"id":596,"date":"2013-11-17T12:17:23","date_gmt":"2013-11-17T11:17:23","guid":{"rendered":"http:\/\/wordpress.nibis.de\/mzbs\/?page_id=596"},"modified":"2020-01-29T18:10:28","modified_gmt":"2020-01-29T17:10:28","slug":"kooperationspartner","status":"publish","type":"page","link":"https:\/\/wordpress.nibis.de\/mzbs\/kooperationspartner\/","title":{"rendered":"Kooperationspartner"},"content":{"rendered":"\n<p>In Braunschweig arbeiten wir mit vielen Kooperationspartnern zusammen. Die im folgenden aufgef\u00fchrten Partner sind nur ein Teil davon. Neben der Zusammenarbeit mit dem Schultr\u00e4ger im Sinne der Ausstattung der Schulen sind uns Pr\u00e4ventionsangebote sehr wichtig. Mit diesen Partnern arbeiten wir in Netzwerken zusammen und haben in diesem Menue nur die Netzwerke verlinkt. Daher werden wichtige Partner wie beispielsweise die Polizei und das Landesmuseum hier nicht extra aufgef\u00fchrt. <\/p>\n","protected":false},"excerpt":{"rendered":"<p>In Braunschweig arbeiten wir mit vielen Kooperationspartnern zusammen. Die im folgenden aufgef\u00fchrten Partner sind nur ein Teil davon. Neben der Zusammenarbeit mit dem Schultr\u00e4ger im Sinne der Ausstattung der Schulen sind uns Pr\u00e4ventionsangebote sehr wichtig. Mit diesen Partnern arbeiten wir in Netzwerken zusammen und haben in diesem Menue nur die Netzwerke verlinkt. Daher werden wichtige &hellip; <a href=\"https:\/\/wordpress.nibis.de\/mzbs\/kooperationspartner\/\" class=\"more-link\"><span class=\"screen-reader-text\">Kooperationspartner<\/span> weiterlesen <span class=\"meta-nav\">&rarr;<\/span><\/a><\/p>\n","protected":false},"author":120,"featured_media":0,"parent":0,"menu_order":0,"comment_status":"closed","ping_status":"open","template":"","meta":{"footnotes":""},"class_list":["post-596","page","type-page","status-publish","hentry"],"_links":{"self":[{"href":"https:\/\/wordpress.nibis.de\/mzbs\/wp-json\/wp\/v2\/pages\/596","targetHints":{"allow":["GET"]}}],"collection":[{"href":"https:\/\/wordpress.nibis.de\/mzbs\/wp-json\/wp\/v2\/pages"}],"about":[{"href":"https:\/\/wordpress.nibis.de\/mzbs\/wp-json\/wp\/v2\/types\/page"}],"author":[{"embeddable":true,"href":"https:\/\/wordpress.nibis.de\/mzbs\/wp-json\/wp\/v2\/users\/120"}],"replies":[{"embeddable":true,"href":"https:\/\/wordpress.nibis.de\/mzbs\/wp-json\/wp\/v2\/comments?post=596"}],"version-history":[{"count":2,"href":"https:\/\/wordpress.nibis.de\/mzbs\/wp-json\/wp\/v2\/pages\/596\/revisions"}],"predecessor-version":[{"id":2654,"href":"https:\/\/wordpress.nibis.de\/mzbs\/wp-json\/wp\/v2\/pages\/596\/revisions\/2654"}],"wp:attachment":[{"href":"https:\/\/wordpress.nibis.de\/mzbs\/wp-json\/wp\/v2\/media?parent=596"}],"curies":[{"name":"wp","href":"https:\/\/api.w.org\/{rel}","templated":true}]}}