{"id":11,"date":"2025-05-27T10:04:08","date_gmt":"2025-05-27T08:04:08","guid":{"rendered":"https:\/\/wordpress.nibis.de\/nibis\/?page_id=11"},"modified":"2025-05-27T10:07:54","modified_gmt":"2025-05-27T08:07:54","slug":"ihr-bildungsserver","status":"publish","type":"page","link":"https:\/\/wordpress.nibis.de\/nibis\/","title":{"rendered":"Ihr Bildungsserver"},"content":{"rendered":"\n<p>Wir sind der Nieders\u00e4chsische Bildungsserver. Unsere zahlreiche Fachanwendung unterst\u00fctzen Lehrkr\u00e4fte im Schulalltag. Auf diesen Seiten finden Sie unsere Datenschutzerkl\u00e4rungen und Impressum, damit Sie f\u00fcr Ihre Anliegen den richtigen Ansprechpartner finden.<\/p>\n\n\n\n<p>Wenn Sie Fragen zu unseren Fachanwendungen haben, liegen Sie mit dieser Adresse richtig:<\/p>\n\n\n\n<p><strong><a href=\"&#109;a&#105;l&#116;o&#x3a;s&#x65;r&#x76;i&#x63;e&#x40;n&#x69;b&#x69;s&#x2e;d&#x65;\" target=\"_blank\" rel=\"noreferrer noopener\">s&#101;&#114;&#118;&#x69;&#x63;&#x65;&#64;n&#105;&#98;&#x69;&#x73;&#x2e;&#x64;e<\/a><\/strong><\/p>\n\n\n\n<h2 class=\"wp-block-heading\">Seiten\u00fcbersicht<\/h2>\n\n\n<ul class=\"wp-block-page-list\"><li class=\"wp-block-pages-list__item\"><a class=\"wp-block-pages-list__item__link\" href=\"https:\/\/wordpress.nibis.de\/nibis\/datenschutzerklaerung\/\">Datenschutzerkl\u00e4rung<\/a><\/li><li class=\"wp-block-pages-list__item\"><a class=\"wp-block-pages-list__item__link\" href=\"https:\/\/wordpress.nibis.de\/nibis\/datenschutzerklaerung-doku-wiki\/\">Datenschutzerkl\u00e4rung Doku-Wiki<\/a><\/li><li class=\"wp-block-pages-list__item\"><a class=\"wp-block-pages-list__item__link\" href=\"https:\/\/wordpress.nibis.de\/nibis\/datenschutzerklaerung-jugend-trainiert-fuer-olympia-und-paralympics\/\">Datenschutzerkl\u00e4rung Jugend trainiert f\u00fcr Olympia und Paralympics<\/a><\/li><li class=\"wp-block-pages-list__item\"><a class=\"wp-block-pages-list__item__link\" href=\"https:\/\/wordpress.nibis.de\/nibis\/datenschutzerklaerung-nextcloud\/\">Datenschutzerkl\u00e4rung Nextcloud<\/a><\/li><li class=\"wp-block-pages-list__item\"><a class=\"wp-block-pages-list__item__link\" href=\"https:\/\/wordpress.nibis.de\/nibis\/datenschutzerklaerung-openprojekt\/\">Datenschutzerkl\u00e4rung OpenProjekt<\/a><\/li><li class=\"wp-block-pages-list__item\"><a class=\"wp-block-pages-list__item__link\" href=\"https:\/\/wordpress.nibis.de\/nibis\/datenschutzerklaerung-promis\/\">Datenschutzerkl\u00e4rung PROMIS<\/a><\/li><li class=\"wp-block-pages-list__item\"><a class=\"wp-block-pages-list__item__link\" href=\"https:\/\/wordpress.nibis.de\/nibis\/datenschutzerklaerung-schulnetzmail\/\">Datenschutzerkl\u00e4rung Schulnetzmail<\/a><\/li><li class=\"wp-block-pages-list__item menu-item-home\"><a class=\"wp-block-pages-list__item__link\" href=\"https:\/\/wordpress.nibis.de\/nibis\/\">Ihr Bildungsserver<\/a><\/li><li class=\"wp-block-pages-list__item\"><a class=\"wp-block-pages-list__item__link\" href=\"https:\/\/wordpress.nibis.de\/nibis\/impressum-nibis\/\">Impressum &#8211; NiBiS<\/a><\/li><\/ul>","protected":false},"excerpt":{"rendered":"<p>Wir sind der Nieders\u00e4chsische Bildungsserver. Unsere zahlreiche Fachanwendung unterst\u00fctzen Lehrkr\u00e4fte im Schulalltag. Auf diesen Seiten finden Sie unsere Datenschutzerkl\u00e4rungen und Impressum, damit Sie f\u00fcr Ihre Anliegen den richtigen Ansprechpartner finden. Wenn Sie Fragen zu unseren Fachanwendungen haben, liegen Sie mit dieser Adresse richtig: &#x73;&#101;&#x72;&#x76;&#105;&#x63;&#101;&#64;&#x6e;&#105;b&#x69;&#115;&#46;&#x64;&#101; Seiten\u00fcbersicht<\/p>\n","protected":false},"author":658,"featured_media":0,"parent":0,"menu_order":0,"comment_status":"closed","ping_status":"closed","template":"","meta":{"footnotes":""},"class_list":["post-11","page","type-page","status-publish","hentry"],"_links":{"self":[{"href":"https:\/\/wordpress.nibis.de\/nibis\/wp-json\/wp\/v2\/pages\/11","targetHints":{"allow":["GET"]}}],"collection":[{"href":"https:\/\/wordpress.nibis.de\/nibis\/wp-json\/wp\/v2\/pages"}],"about":[{"href":"https:\/\/wordpress.nibis.de\/nibis\/wp-json\/wp\/v2\/types\/page"}],"author":[{"embeddable":true,"href":"https:\/\/wordpress.nibis.de\/nibis\/wp-json\/wp\/v2\/users\/658"}],"replies":[{"embeddable":true,"href":"https:\/\/wordpress.nibis.de\/nibis\/wp-json\/wp\/v2\/comments?post=11"}],"version-history":[{"count":4,"href":"https:\/\/wordpress.nibis.de\/nibis\/wp-json\/wp\/v2\/pages\/11\/revisions"}],"predecessor-version":[{"id":37,"href":"https:\/\/wordpress.nibis.de\/nibis\/wp-json\/wp\/v2\/pages\/11\/revisions\/37"}],"wp:attachment":[{"href":"https:\/\/wordpress.nibis.de\/nibis\/wp-json\/wp\/v2\/media?parent=11"}],"curies":[{"name":"wp","href":"https:\/\/api.w.org\/{rel}","templated":true}]}}