{"id":4,"date":"2025-05-27T09:35:20","date_gmt":"2025-05-27T07:35:20","guid":{"rendered":"https:\/\/wordpress.nibis.de\/nibis\/?page_id=4"},"modified":"2025-05-27T09:35:20","modified_gmt":"2025-05-27T07:35:20","slug":"impressum-nibis","status":"publish","type":"page","link":"https:\/\/wordpress.nibis.de\/nibis\/impressum-nibis\/","title":{"rendered":"Impressum &#8211; NiBiS"},"content":{"rendered":"\n<figure class=\"wp-block-table\"><table><tbody><tr><td><strong>Anbieter gem. \u00a7 5 des Digitale-Dienste-Gesetzes (DDG) und \u00a7 18 des Medienstaatsvertrags (MStV):<\/strong> <br>Nieders\u00e4chsisches Landesinstitut f\u00fcr schulische Qualit\u00e4tsentwicklung (NLQ)<br>Ke\u00dflerstra\u00dfe 52<br>31134 Hildesheim <br><br>Telefon 05121 1695-400<br>Telefax: 05121 1695-450<br>E-Mail: <a href=\"mailto&#58;&#115;&#101;&#114;&#118;&#105;&#99;&#x65;&#x40;&#x6e;&#x69;&#x62;&#x69;&#x73;&#x2e;&#x64;&#x65;\">&#115;&#x65;&#114;&#x76;&#105;&#x63;&#101;&#x40;&#110;&#x69;&#98;&#x69;s&#x2e;d&#x65;<\/a><br><br>Vertretungsberechtigt:<br>Direktorin Dr. Elke Richlick<\/td><\/tr><tr><td><strong>Technischer Betrieb, Gestaltung und Realisierung:<\/strong><br>Nieders\u00e4chsisches Landesinstitut f\u00fcr schulische Qualit\u00e4tsentwicklung (NLQ)<br>Ke\u00dflerstra\u00dfe 52<br>31134 Hildesheim<br><br><strong>Beh\u00f6rdlicher Datenschutzbeauftragter:<\/strong><br>Ke\u00dflerstra\u00dfe 52<br>31134 Hildesheim<br>Telefon: 05121 1695-428<br>E-Mail: <a href=\"&#x6d;&#x61;&#x69;&#x6c;&#x74;&#x6f;&#58;&#100;&#97;&#116;ensc&#x68;&#x75;&#x74;&#x7a;&#x40;&#x6e;&#108;&#113;&#46;&#110;&#105;ede&#x72;&#x73;&#x61;&#x63;&#x68;&#x73;&#101;&#110;&#46;&#100;&#101;\">d&#97;&#116;&#x65;&#x6e;&#x73;ch&#117;&#116;&#x7a;&#x40;&#x6e;l&#113;&#46;&#110;&#x69;&#x65;&#x64;e&#114;&#115;&#x61;&#x63;&#x68;se&#110;&#46;&#x64;&#x65;<\/a><br><br><strong>Missbr\u00e4uchliche Nutzung:<\/strong> Sollten Sie missbr\u00e4uchliche Nutzungen aus dem IP-Adressbereich des NiBiS feststellen, senden Sie bitte eine E-Mail an die Adresse <a href=\"&#109;&#x61;&#105;&#x6c;t&#x6f;:&#97;&#x62;&#117;&#x73;&#101;&#x40;n&#x69;b&#105;&#x73;&#46;&#x64;e\">&#x61;&#x62;&#117;s&#x65;&#x40;&#x6e;&#105;b&#x69;&#x73;&#x2e;&#100;e<\/a><br><strong>Haftungshinweis:<\/strong> Trotz sorgf\u00e4ltiger inhaltlicher Kontrolle \u00fcbernehmen wir keine Haftung f\u00fcr die Inhalte externer Links. F\u00fcr den Inhalt der verlinkten Seiten sind ausschlie\u00dflich deren Betreiber verantwortlich.<br><br>Alle hier verwendeten Namen, Begriffe, Zeichen und Grafiken k\u00f6nnen Marken- oder Warenzeichen im Besitz ihrer rechtlichen Eigent\u00fcmer sein. Die Rechte aller erw\u00e4hnten und benutzten Marken- und Warenzeichen liegen ausschlie\u00dflich bei deren Besitzern.<\/td><\/tr><\/tbody><\/table><\/figure>\n","protected":false},"excerpt":{"rendered":"<p>Anbieter gem. \u00a7 5 des Digitale-Dienste-Gesetzes (DDG) und \u00a7 18 des Medienstaatsvertrags (MStV): Nieders\u00e4chsisches Landesinstitut f\u00fcr schulische Qualit\u00e4tsentwicklung (NLQ)Ke\u00dflerstra\u00dfe 5231134 Hildesheim Telefon 05121 1695-400Telefax: 05121 1695-450E-Mail: &#115;&#101;&#x72;v&#105;&#x63;&#x65;&#64;&#110;&#x69;&#x62;i&#115;&#x2e;&#x64;e Vertretungsberechtigt:Direktorin Dr. Elke Richlick Technischer Betrieb, Gestaltung und Realisierung:Nieders\u00e4chsisches Landesinstitut f\u00fcr schulische Qualit\u00e4tsentwicklung (NLQ)Ke\u00dflerstra\u00dfe 5231134 Hildesheim Beh\u00f6rdlicher Datenschutzbeauftragter:Ke\u00dflerstra\u00dfe 5231134 HildesheimTelefon: 05121 1695-428E-Mail: &#x64;&#x61;&#x74;&#x65;&#x6e;&#x73;&#99;&#104;&#117;&#116;z&#64;nl&#x71;&#x2e;&#x6e;&#x69;&#x65;&#x64;&#101;&#114;&#115;&#97;&#99;hse&#x6e;&#x2e;&#x64;&#x65; Missbr\u00e4uchliche Nutzung: Sollten Sie missbr\u00e4uchliche &hellip; <a href=\"https:\/\/wordpress.nibis.de\/nibis\/impressum-nibis\/\" class=\"more-link\"><span class=\"screen-reader-text\">Impressum &#8211; NiBiS<\/span> weiterlesen <span class=\"meta-nav\">&rarr;<\/span><\/a><\/p>\n","protected":false},"author":658,"featured_media":0,"parent":0,"menu_order":0,"comment_status":"closed","ping_status":"closed","template":"","meta":{"footnotes":""},"class_list":["post-4","page","type-page","status-publish","hentry"],"_links":{"self":[{"href":"https:\/\/wordpress.nibis.de\/nibis\/wp-json\/wp\/v2\/pages\/4","targetHints":{"allow":["GET"]}}],"collection":[{"href":"https:\/\/wordpress.nibis.de\/nibis\/wp-json\/wp\/v2\/pages"}],"about":[{"href":"https:\/\/wordpress.nibis.de\/nibis\/wp-json\/wp\/v2\/types\/page"}],"author":[{"embeddable":true,"href":"https:\/\/wordpress.nibis.de\/nibis\/wp-json\/wp\/v2\/users\/658"}],"replies":[{"embeddable":true,"href":"https:\/\/wordpress.nibis.de\/nibis\/wp-json\/wp\/v2\/comments?post=4"}],"version-history":[{"count":1,"href":"https:\/\/wordpress.nibis.de\/nibis\/wp-json\/wp\/v2\/pages\/4\/revisions"}],"predecessor-version":[{"id":6,"href":"https:\/\/wordpress.nibis.de\/nibis\/wp-json\/wp\/v2\/pages\/4\/revisions\/6"}],"wp:attachment":[{"href":"https:\/\/wordpress.nibis.de\/nibis\/wp-json\/wp\/v2\/media?parent=4"}],"curies":[{"name":"wp","href":"https:\/\/api.w.org\/{rel}","templated":true}]}}