{"id":1014,"date":"2025-05-05T16:42:52","date_gmt":"2025-05-05T14:42:52","guid":{"rendered":"https:\/\/wordpress.nibis.de\/nordloh\/?page_id=1014"},"modified":"2025-05-19T15:23:46","modified_gmt":"2025-05-19T13:23:46","slug":"schulhunde","status":"publish","type":"page","link":"https:\/\/wordpress.nibis.de\/nordloh\/schulhunde\/","title":{"rendered":"Unsere Schulhunde"},"content":{"rendered":"\n<p>D\u00fcrfen wir vorstellen?<br>Jette und Rudi \u2013 Unsere Schulhunde<\/p>\n\n\n\n<figure class=\"wp-block-image size-large\"><img loading=\"lazy\" decoding=\"async\" width=\"450\" height=\"600\" src=\"https:\/\/wordpress.nibis.de\/nordloh\/files\/2025\/05\/25-schulhund-450x600.jpg\" alt=\"\" class=\"wp-image-1036\" srcset=\"https:\/\/wordpress.nibis.de\/nordloh\/files\/2025\/05\/25-schulhund-450x600.jpg 450w, https:\/\/wordpress.nibis.de\/nordloh\/files\/2025\/05\/25-schulhund-225x300.jpg 225w, https:\/\/wordpress.nibis.de\/nordloh\/files\/2025\/05\/25-schulhund-768x1024.jpg 768w, https:\/\/wordpress.nibis.de\/nordloh\/files\/2025\/05\/25-schulhund-1152x1536.jpg 1152w, https:\/\/wordpress.nibis.de\/nordloh\/files\/2025\/05\/25-schulhund.jpg 1200w\" sizes=\"auto, (max-width: 450px) 100vw, 450px\" \/><\/figure>\n\n\n\n<p>Jette ist die Weimaraner H\u00fcndin von Frau Campen. Sie ist im November 2021 geboren und ein gro\u00dfer und aufgeweckter Hund. Jette hat von Januar 2024 bis Juni 2024 die Schulhundausbildung zusammen mit Frau Campen absolviert und erfolgreich abgeschlossen.<\/p>\n\n\n\n<p>Rudi ist der Havaneser R\u00fcde von Frau Kriete.\u00a0Er ist im August 2023 geboren und ist ebenfalls sehr aufgeweckt, aber deutlich kleiner. Rudi absolvierte von August 2024 bis Mai 2025 seine Schulhundausbildung mit Frau Kriete und hat diese ebenfalls erfolgreich abgeschlossen.<\/p>\n\n\n\n<p>Beide Hunde sind kaum ger\u00e4usch- und stressempfindlich, zeigen keinerlei aggressives Verhalten und lassen sich durch den Schulalltag nicht aus der Ruhe bringen. Sie werden regelm\u00e4\u00dfig vom Tierarzt durchgecheckt, geimpft und entwurmt. Ebenso besteht f\u00fcr jedes Tier eine Tierhalterhaftpflichtversicherung.<\/p>\n\n\n\n<p>Regeln und Rahmenbedingungen zum Einsatz von Jette und Rudi<\/p>\n\n\n\n<ul class=\"wp-block-list\"><li>Ansprechpartnerinnen und verantwortliche Lehrkr\u00e4fte: Frau Campen und Frau Kriete<\/li><li>Jette und Rudi d\u00fcrfen sich im Unterricht frei bewegen.<\/li><li>Jette und Rudi bleiben niemals ohne Lehrkraft allein mit den Sch\u00fcler:innen.<\/li><li>Die Sch\u00fcler:innen werden vorm ersten Besuch in alle entsprechenden Regeln eingewiesen.<\/li><li>Auf \u00e4ngstliche Sch\u00fcler:innen wird besonders R\u00fccksicht genommen.<\/li><\/ul>\n\n\n\n<p>Warum Schulhunde?<\/p>\n\n\n\n<p>Die Anwesenheit eines Hundes im Unterricht bringt viele positive Effekte. Neben der Verbesserung der Klassenatmosph\u00e4re und des sozialen Gef\u00fcges der Gesamtklasse werden die sozial-emotionalen Kompetenzen, die Toleranz und der Respekt von Grenzen anderer sowie die Lehrer-Sch\u00fcler-Beziehung gef\u00f6rdert. Au\u00dferdem wird der richtige Umgang mit einem Hund gelernt und ge\u00fcbt.<\/p>\n\n\n\n<p>Wie werden die Schulhunde eingesetzt?<\/p>\n\n\n\n<p>Jette und Rudi werden als sog. Pr\u00e4senzhunde eingesetzt. Dies bedeutet, dass sie w\u00e4hrend des Unterrichts im Klassenraum anwesend sind und frei herumlaufen k\u00f6nnen. Au\u00dferdem k\u00f6nnen sie bei der Wissensvermittlung mit kleinen Aufgaben unterst\u00fctzen. Zudem k\u00f6nnten sie in verschiedenen Projekten, wie z.B. im Sachunterricht zum Thema Hund\/Haustier, in einer AG oder auch einfach in der Pause zum \u201eEntspannungsstreicheln\u201c eingesetzt werden.<\/p>\n\n\n\n<p>Wirkungsbereiche tiergest\u00fctzter P\u00e4dagogik<\/p>\n\n\n\n<p>Neben der Motivation besitzt die Anwesenheit eines Hundes eine gro\u00dfe Wirkung auf andere Entwicklungsbereiche der Sch\u00fcler:innen. So werden Sprache, Kommunikation, Motorik, K\u00f6rpersprache, Emotionalit\u00e4t, Sozialverhalten und Wahrnehmung durch das Lernen in Anwesenheit eines Hundes und das Arbeiten mit dem Hund geschult und gef\u00f6rdert.<\/p>\n","protected":false},"excerpt":{"rendered":"<p>D\u00fcrfen wir vorstellen?Jette und Rudi \u2013 Unsere Schulhunde Jette ist die Weimaraner H\u00fcndin von Frau Campen. Sie ist im November 2021 geboren und ein gro\u00dfer und aufgeweckter Hund. Jette hat von Januar 2024 bis Juni 2024 die Schulhundausbildung zusammen mit &hellip; <a href=\"https:\/\/wordpress.nibis.de\/nordloh\/schulhunde\/\">Weiterlesen <span class=\"meta-nav\">&rarr;<\/span><\/a><\/p>\n","protected":false},"author":9194229,"featured_media":0,"parent":0,"menu_order":0,"comment_status":"closed","ping_status":"closed","template":"","meta":{"footnotes":""},"class_list":["post-1014","page","type-page","status-publish","hentry"],"_links":{"self":[{"href":"https:\/\/wordpress.nibis.de\/nordloh\/wp-json\/wp\/v2\/pages\/1014","targetHints":{"allow":["GET"]}}],"collection":[{"href":"https:\/\/wordpress.nibis.de\/nordloh\/wp-json\/wp\/v2\/pages"}],"about":[{"href":"https:\/\/wordpress.nibis.de\/nordloh\/wp-json\/wp\/v2\/types\/page"}],"author":[{"embeddable":true,"href":"https:\/\/wordpress.nibis.de\/nordloh\/wp-json\/wp\/v2\/users\/9194229"}],"replies":[{"embeddable":true,"href":"https:\/\/wordpress.nibis.de\/nordloh\/wp-json\/wp\/v2\/comments?post=1014"}],"version-history":[{"count":5,"href":"https:\/\/wordpress.nibis.de\/nordloh\/wp-json\/wp\/v2\/pages\/1014\/revisions"}],"predecessor-version":[{"id":1051,"href":"https:\/\/wordpress.nibis.de\/nordloh\/wp-json\/wp\/v2\/pages\/1014\/revisions\/1051"}],"wp:attachment":[{"href":"https:\/\/wordpress.nibis.de\/nordloh\/wp-json\/wp\/v2\/media?parent=1014"}],"curies":[{"name":"wp","href":"https:\/\/api.w.org\/{rel}","templated":true}]}}