{"id":1365,"date":"2026-03-11T14:12:59","date_gmt":"2026-03-11T13:12:59","guid":{"rendered":"https:\/\/wordpress.nibis.de\/nordloh\/?page_id=1365"},"modified":"2026-03-20T12:56:55","modified_gmt":"2026-03-20T11:56:55","slug":"bau-tagebuch-ganztag","status":"publish","type":"page","link":"https:\/\/wordpress.nibis.de\/nordloh\/bau-tagebuch-ganztag\/","title":{"rendered":"Bau-Tagebuch Ganztag"},"content":{"rendered":"\n<p>Wir werden zum August 2026  Ganztagsschule und die Umbauma\u00dfnahmen sind im vollen Gange:<\/p>\n\n\n\n<figure class=\"wp-block-gallery has-nested-images columns-default is-cropped wp-block-gallery-1 is-layout-flex wp-block-gallery-is-layout-flex\">\n<figure class=\"wp-block-image size-large\"><img loading=\"lazy\" decoding=\"async\" width=\"450\" height=\"600\" data-id=\"1328\" src=\"https:\/\/wordpress.nibis.de\/nordloh\/files\/2026\/03\/IMG_0297-450x600.jpg\" alt=\"\" class=\"wp-image-1328\" srcset=\"https:\/\/wordpress.nibis.de\/nordloh\/files\/2026\/03\/IMG_0297-450x600.jpg 450w, https:\/\/wordpress.nibis.de\/nordloh\/files\/2026\/03\/IMG_0297-225x300.jpg 225w, https:\/\/wordpress.nibis.de\/nordloh\/files\/2026\/03\/IMG_0297-768x1024.jpg 768w, https:\/\/wordpress.nibis.de\/nordloh\/files\/2026\/03\/IMG_0297-100x133.jpg 100w, https:\/\/wordpress.nibis.de\/nordloh\/files\/2026\/03\/IMG_0297-1152x1536.jpg 1152w, https:\/\/wordpress.nibis.de\/nordloh\/files\/2026\/03\/IMG_0297-1536x2048.jpg 1536w, https:\/\/wordpress.nibis.de\/nordloh\/files\/2026\/03\/IMG_0297-scaled.jpg 1920w\" sizes=\"auto, (max-width: 450px) 100vw, 450px\" \/><\/figure>\n\n\n\n<figure class=\"wp-block-image size-large\"><img loading=\"lazy\" decoding=\"async\" width=\"450\" height=\"600\" data-id=\"1329\" src=\"https:\/\/wordpress.nibis.de\/nordloh\/files\/2026\/03\/IMG_0299-450x600.jpg\" alt=\"\" class=\"wp-image-1329\" srcset=\"https:\/\/wordpress.nibis.de\/nordloh\/files\/2026\/03\/IMG_0299-450x600.jpg 450w, https:\/\/wordpress.nibis.de\/nordloh\/files\/2026\/03\/IMG_0299-225x300.jpg 225w, https:\/\/wordpress.nibis.de\/nordloh\/files\/2026\/03\/IMG_0299-768x1024.jpg 768w, https:\/\/wordpress.nibis.de\/nordloh\/files\/2026\/03\/IMG_0299-100x133.jpg 100w, https:\/\/wordpress.nibis.de\/nordloh\/files\/2026\/03\/IMG_0299-1152x1536.jpg 1152w, https:\/\/wordpress.nibis.de\/nordloh\/files\/2026\/03\/IMG_0299-1536x2048.jpg 1536w, https:\/\/wordpress.nibis.de\/nordloh\/files\/2026\/03\/IMG_0299-scaled.jpg 1920w\" sizes=\"auto, (max-width: 450px) 100vw, 450px\" \/><\/figure>\n<\/figure>\n\n\n\n<p>Staubschutzw\u00e4nde und K\u00fcche<\/p>\n\n\n\n<figure class=\"wp-block-gallery has-nested-images columns-default is-cropped wp-block-gallery-2 is-layout-flex wp-block-gallery-is-layout-flex\">\n<figure class=\"wp-block-image size-large\"><img loading=\"lazy\" decoding=\"async\" width=\"800\" height=\"600\" data-id=\"1327\" src=\"https:\/\/wordpress.nibis.de\/nordloh\/files\/2026\/03\/IMG_0172-800x600.jpg\" alt=\"\" class=\"wp-image-1327\" srcset=\"https:\/\/wordpress.nibis.de\/nordloh\/files\/2026\/03\/IMG_0172-800x600.jpg 800w, https:\/\/wordpress.nibis.de\/nordloh\/files\/2026\/03\/IMG_0172-300x225.jpg 300w, https:\/\/wordpress.nibis.de\/nordloh\/files\/2026\/03\/IMG_0172-768x576.jpg 768w, https:\/\/wordpress.nibis.de\/nordloh\/files\/2026\/03\/IMG_0172-100x75.jpg 100w, https:\/\/wordpress.nibis.de\/nordloh\/files\/2026\/03\/IMG_0172-1536x1152.jpg 1536w, https:\/\/wordpress.nibis.de\/nordloh\/files\/2026\/03\/IMG_0172-2048x1536.jpg 2048w\" sizes=\"auto, (max-width: 800px) 100vw, 800px\" \/><\/figure>\n\n\n\n<figure class=\"wp-block-image size-large\"><img loading=\"lazy\" decoding=\"async\" width=\"450\" height=\"600\" data-id=\"1349\" src=\"https:\/\/wordpress.nibis.de\/nordloh\/files\/2026\/03\/IMG_0171-1-450x600.jpg\" alt=\"\" class=\"wp-image-1349\" srcset=\"https:\/\/wordpress.nibis.de\/nordloh\/files\/2026\/03\/IMG_0171-1-450x600.jpg 450w, https:\/\/wordpress.nibis.de\/nordloh\/files\/2026\/03\/IMG_0171-1-225x300.jpg 225w, https:\/\/wordpress.nibis.de\/nordloh\/files\/2026\/03\/IMG_0171-1-768x1024.jpg 768w, https:\/\/wordpress.nibis.de\/nordloh\/files\/2026\/03\/IMG_0171-1-100x133.jpg 100w, https:\/\/wordpress.nibis.de\/nordloh\/files\/2026\/03\/IMG_0171-1-1152x1536.jpg 1152w, https:\/\/wordpress.nibis.de\/nordloh\/files\/2026\/03\/IMG_0171-1-1536x2048.jpg 1536w, https:\/\/wordpress.nibis.de\/nordloh\/files\/2026\/03\/IMG_0171-1-scaled.jpg 1920w\" sizes=\"auto, (max-width: 450px) 100vw, 450px\" \/><\/figure>\n\n\n\n<figure class=\"wp-block-image size-large\"><img loading=\"lazy\" decoding=\"async\" width=\"450\" height=\"600\" data-id=\"1330\" src=\"https:\/\/wordpress.nibis.de\/nordloh\/files\/2026\/03\/IMG_0304-450x600.jpg\" alt=\"\" class=\"wp-image-1330\" srcset=\"https:\/\/wordpress.nibis.de\/nordloh\/files\/2026\/03\/IMG_0304-450x600.jpg 450w, https:\/\/wordpress.nibis.de\/nordloh\/files\/2026\/03\/IMG_0304-225x300.jpg 225w, https:\/\/wordpress.nibis.de\/nordloh\/files\/2026\/03\/IMG_0304-768x1024.jpg 768w, https:\/\/wordpress.nibis.de\/nordloh\/files\/2026\/03\/IMG_0304-100x133.jpg 100w, https:\/\/wordpress.nibis.de\/nordloh\/files\/2026\/03\/IMG_0304-1152x1536.jpg 1152w, https:\/\/wordpress.nibis.de\/nordloh\/files\/2026\/03\/IMG_0304-1536x2048.jpg 1536w, https:\/\/wordpress.nibis.de\/nordloh\/files\/2026\/03\/IMG_0304-scaled.jpg 1920w\" sizes=\"auto, (max-width: 450px) 100vw, 450px\" \/><\/figure>\n\n\n\n<figure class=\"wp-block-image size-large\"><img loading=\"lazy\" decoding=\"async\" width=\"450\" height=\"600\" data-id=\"1334\" src=\"https:\/\/wordpress.nibis.de\/nordloh\/files\/2026\/03\/IMG_0310-450x600.jpg\" alt=\"\" class=\"wp-image-1334\" srcset=\"https:\/\/wordpress.nibis.de\/nordloh\/files\/2026\/03\/IMG_0310-450x600.jpg 450w, https:\/\/wordpress.nibis.de\/nordloh\/files\/2026\/03\/IMG_0310-225x300.jpg 225w, https:\/\/wordpress.nibis.de\/nordloh\/files\/2026\/03\/IMG_0310-768x1024.jpg 768w, https:\/\/wordpress.nibis.de\/nordloh\/files\/2026\/03\/IMG_0310-100x133.jpg 100w, https:\/\/wordpress.nibis.de\/nordloh\/files\/2026\/03\/IMG_0310-1152x1536.jpg 1152w, https:\/\/wordpress.nibis.de\/nordloh\/files\/2026\/03\/IMG_0310-1536x2048.jpg 1536w, https:\/\/wordpress.nibis.de\/nordloh\/files\/2026\/03\/IMG_0310-scaled.jpg 1920w\" sizes=\"auto, (max-width: 450px) 100vw, 450px\" \/><\/figure>\n\n\n\n<figure class=\"wp-block-image size-large\"><img loading=\"lazy\" decoding=\"async\" width=\"450\" height=\"600\" data-id=\"1342\" src=\"https:\/\/wordpress.nibis.de\/nordloh\/files\/2026\/03\/IMG_0356-450x600.jpg\" alt=\"\" class=\"wp-image-1342\" srcset=\"https:\/\/wordpress.nibis.de\/nordloh\/files\/2026\/03\/IMG_0356-450x600.jpg 450w, https:\/\/wordpress.nibis.de\/nordloh\/files\/2026\/03\/IMG_0356-225x300.jpg 225w, https:\/\/wordpress.nibis.de\/nordloh\/files\/2026\/03\/IMG_0356-768x1024.jpg 768w, https:\/\/wordpress.nibis.de\/nordloh\/files\/2026\/03\/IMG_0356-100x133.jpg 100w, https:\/\/wordpress.nibis.de\/nordloh\/files\/2026\/03\/IMG_0356-1152x1536.jpg 1152w, https:\/\/wordpress.nibis.de\/nordloh\/files\/2026\/03\/IMG_0356-1536x2048.jpg 1536w, https:\/\/wordpress.nibis.de\/nordloh\/files\/2026\/03\/IMG_0356-scaled.jpg 1920w\" sizes=\"auto, (max-width: 450px) 100vw, 450px\" \/><\/figure>\n\n\n\n<figure class=\"wp-block-image size-large\"><img loading=\"lazy\" decoding=\"async\" width=\"800\" height=\"600\" data-id=\"1339\" src=\"https:\/\/wordpress.nibis.de\/nordloh\/files\/2026\/03\/IMG_0317-800x600.jpg\" alt=\"\" class=\"wp-image-1339\" srcset=\"https:\/\/wordpress.nibis.de\/nordloh\/files\/2026\/03\/IMG_0317-800x600.jpg 800w, https:\/\/wordpress.nibis.de\/nordloh\/files\/2026\/03\/IMG_0317-300x225.jpg 300w, https:\/\/wordpress.nibis.de\/nordloh\/files\/2026\/03\/IMG_0317-768x576.jpg 768w, https:\/\/wordpress.nibis.de\/nordloh\/files\/2026\/03\/IMG_0317-100x75.jpg 100w, https:\/\/wordpress.nibis.de\/nordloh\/files\/2026\/03\/IMG_0317-1536x1152.jpg 1536w, https:\/\/wordpress.nibis.de\/nordloh\/files\/2026\/03\/IMG_0317-2048x1536.jpg 2048w\" sizes=\"auto, (max-width: 800px) 100vw, 800px\" \/><\/figure>\n<\/figure>\n\n\n\n<p>Das wird der neue Speiseraum:<\/p>\n\n\n\n<figure class=\"wp-block-gallery has-nested-images columns-default is-cropped wp-block-gallery-3 is-layout-flex wp-block-gallery-is-layout-flex\">\n<figure class=\"wp-block-image size-large\"><img loading=\"lazy\" decoding=\"async\" width=\"800\" height=\"600\" data-id=\"1326\" src=\"https:\/\/wordpress.nibis.de\/nordloh\/files\/2026\/03\/IMG_0169-800x600.jpg\" alt=\"\" class=\"wp-image-1326\" srcset=\"https:\/\/wordpress.nibis.de\/nordloh\/files\/2026\/03\/IMG_0169-800x600.jpg 800w, https:\/\/wordpress.nibis.de\/nordloh\/files\/2026\/03\/IMG_0169-300x225.jpg 300w, https:\/\/wordpress.nibis.de\/nordloh\/files\/2026\/03\/IMG_0169-768x576.jpg 768w, https:\/\/wordpress.nibis.de\/nordloh\/files\/2026\/03\/IMG_0169-100x75.jpg 100w, https:\/\/wordpress.nibis.de\/nordloh\/files\/2026\/03\/IMG_0169-1536x1152.jpg 1536w, https:\/\/wordpress.nibis.de\/nordloh\/files\/2026\/03\/IMG_0169-2048x1536.jpg 2048w\" sizes=\"auto, (max-width: 800px) 100vw, 800px\" \/><\/figure>\n\n\n\n<figure class=\"wp-block-image size-large\"><img loading=\"lazy\" decoding=\"async\" width=\"800\" height=\"600\" data-id=\"1333\" src=\"https:\/\/wordpress.nibis.de\/nordloh\/files\/2026\/03\/IMG_0309-800x600.jpg\" alt=\"\" class=\"wp-image-1333\" srcset=\"https:\/\/wordpress.nibis.de\/nordloh\/files\/2026\/03\/IMG_0309-800x600.jpg 800w, https:\/\/wordpress.nibis.de\/nordloh\/files\/2026\/03\/IMG_0309-300x225.jpg 300w, https:\/\/wordpress.nibis.de\/nordloh\/files\/2026\/03\/IMG_0309-768x576.jpg 768w, https:\/\/wordpress.nibis.de\/nordloh\/files\/2026\/03\/IMG_0309-100x75.jpg 100w, https:\/\/wordpress.nibis.de\/nordloh\/files\/2026\/03\/IMG_0309-1536x1152.jpg 1536w, https:\/\/wordpress.nibis.de\/nordloh\/files\/2026\/03\/IMG_0309-2048x1536.jpg 2048w\" sizes=\"auto, (max-width: 800px) 100vw, 800px\" \/><\/figure>\n\n\n\n<figure class=\"wp-block-image size-large\"><img loading=\"lazy\" decoding=\"async\" width=\"800\" height=\"600\" data-id=\"1337\" src=\"https:\/\/wordpress.nibis.de\/nordloh\/files\/2026\/03\/IMG_0313-800x600.jpg\" alt=\"\" class=\"wp-image-1337\" srcset=\"https:\/\/wordpress.nibis.de\/nordloh\/files\/2026\/03\/IMG_0313-800x600.jpg 800w, https:\/\/wordpress.nibis.de\/nordloh\/files\/2026\/03\/IMG_0313-300x225.jpg 300w, https:\/\/wordpress.nibis.de\/nordloh\/files\/2026\/03\/IMG_0313-768x576.jpg 768w, https:\/\/wordpress.nibis.de\/nordloh\/files\/2026\/03\/IMG_0313-100x75.jpg 100w, https:\/\/wordpress.nibis.de\/nordloh\/files\/2026\/03\/IMG_0313-1536x1152.jpg 1536w, https:\/\/wordpress.nibis.de\/nordloh\/files\/2026\/03\/IMG_0313-2048x1536.jpg 2048w\" sizes=\"auto, (max-width: 800px) 100vw, 800px\" \/><\/figure>\n\n\n\n<figure class=\"wp-block-image size-large\"><img loading=\"lazy\" decoding=\"async\" width=\"800\" height=\"600\" data-id=\"1338\" src=\"https:\/\/wordpress.nibis.de\/nordloh\/files\/2026\/03\/IMG_0316-800x600.jpg\" alt=\"\" class=\"wp-image-1338\" srcset=\"https:\/\/wordpress.nibis.de\/nordloh\/files\/2026\/03\/IMG_0316-800x600.jpg 800w, https:\/\/wordpress.nibis.de\/nordloh\/files\/2026\/03\/IMG_0316-300x225.jpg 300w, https:\/\/wordpress.nibis.de\/nordloh\/files\/2026\/03\/IMG_0316-768x576.jpg 768w, https:\/\/wordpress.nibis.de\/nordloh\/files\/2026\/03\/IMG_0316-100x75.jpg 100w, https:\/\/wordpress.nibis.de\/nordloh\/files\/2026\/03\/IMG_0316-1536x1152.jpg 1536w, https:\/\/wordpress.nibis.de\/nordloh\/files\/2026\/03\/IMG_0316-2048x1536.jpg 2048w\" sizes=\"auto, (max-width: 800px) 100vw, 800px\" \/><\/figure>\n\n\n\n<figure class=\"wp-block-image size-large\"><img loading=\"lazy\" decoding=\"async\" width=\"450\" height=\"600\" data-id=\"1332\" src=\"https:\/\/wordpress.nibis.de\/nordloh\/files\/2026\/03\/IMG_0308-450x600.jpg\" alt=\"\" class=\"wp-image-1332\" srcset=\"https:\/\/wordpress.nibis.de\/nordloh\/files\/2026\/03\/IMG_0308-450x600.jpg 450w, https:\/\/wordpress.nibis.de\/nordloh\/files\/2026\/03\/IMG_0308-225x300.jpg 225w, https:\/\/wordpress.nibis.de\/nordloh\/files\/2026\/03\/IMG_0308-768x1024.jpg 768w, https:\/\/wordpress.nibis.de\/nordloh\/files\/2026\/03\/IMG_0308-100x133.jpg 100w, https:\/\/wordpress.nibis.de\/nordloh\/files\/2026\/03\/IMG_0308-1152x1536.jpg 1152w, https:\/\/wordpress.nibis.de\/nordloh\/files\/2026\/03\/IMG_0308-1536x2048.jpg 1536w, https:\/\/wordpress.nibis.de\/nordloh\/files\/2026\/03\/IMG_0308-scaled.jpg 1920w\" sizes=\"auto, (max-width: 450px) 100vw, 450px\" \/><\/figure>\n\n\n\n<figure class=\"wp-block-image size-large\"><img loading=\"lazy\" decoding=\"async\" width=\"800\" height=\"600\" data-id=\"1336\" src=\"https:\/\/wordpress.nibis.de\/nordloh\/files\/2026\/03\/IMG_0314-800x600.jpg\" alt=\"\" class=\"wp-image-1336\" srcset=\"https:\/\/wordpress.nibis.de\/nordloh\/files\/2026\/03\/IMG_0314-800x600.jpg 800w, https:\/\/wordpress.nibis.de\/nordloh\/files\/2026\/03\/IMG_0314-300x225.jpg 300w, https:\/\/wordpress.nibis.de\/nordloh\/files\/2026\/03\/IMG_0314-768x576.jpg 768w, https:\/\/wordpress.nibis.de\/nordloh\/files\/2026\/03\/IMG_0314-100x75.jpg 100w, https:\/\/wordpress.nibis.de\/nordloh\/files\/2026\/03\/IMG_0314-1536x1152.jpg 1536w, https:\/\/wordpress.nibis.de\/nordloh\/files\/2026\/03\/IMG_0314-2048x1536.jpg 2048w\" sizes=\"auto, (max-width: 800px) 100vw, 800px\" \/><\/figure>\n\n\n\n<figure class=\"wp-block-image size-large\"><img loading=\"lazy\" decoding=\"async\" width=\"800\" height=\"600\" data-id=\"1344\" src=\"https:\/\/wordpress.nibis.de\/nordloh\/files\/2026\/03\/IMG_0442-800x600.jpg\" alt=\"\" class=\"wp-image-1344\" srcset=\"https:\/\/wordpress.nibis.de\/nordloh\/files\/2026\/03\/IMG_0442-800x600.jpg 800w, https:\/\/wordpress.nibis.de\/nordloh\/files\/2026\/03\/IMG_0442-300x225.jpg 300w, https:\/\/wordpress.nibis.de\/nordloh\/files\/2026\/03\/IMG_0442-768x576.jpg 768w, https:\/\/wordpress.nibis.de\/nordloh\/files\/2026\/03\/IMG_0442-100x75.jpg 100w, https:\/\/wordpress.nibis.de\/nordloh\/files\/2026\/03\/IMG_0442-1536x1152.jpg 1536w, https:\/\/wordpress.nibis.de\/nordloh\/files\/2026\/03\/IMG_0442-2048x1536.jpg 2048w\" sizes=\"auto, (max-width: 800px) 100vw, 800px\" \/><\/figure>\n\n\n\n<figure class=\"wp-block-image size-large\"><img loading=\"lazy\" decoding=\"async\" width=\"800\" height=\"600\" data-id=\"1345\" src=\"https:\/\/wordpress.nibis.de\/nordloh\/files\/2026\/03\/IMG_0445-800x600.jpg\" alt=\"\" class=\"wp-image-1345\" srcset=\"https:\/\/wordpress.nibis.de\/nordloh\/files\/2026\/03\/IMG_0445-800x600.jpg 800w, https:\/\/wordpress.nibis.de\/nordloh\/files\/2026\/03\/IMG_0445-300x225.jpg 300w, https:\/\/wordpress.nibis.de\/nordloh\/files\/2026\/03\/IMG_0445-768x576.jpg 768w, https:\/\/wordpress.nibis.de\/nordloh\/files\/2026\/03\/IMG_0445-100x75.jpg 100w, https:\/\/wordpress.nibis.de\/nordloh\/files\/2026\/03\/IMG_0445-1536x1152.jpg 1536w, https:\/\/wordpress.nibis.de\/nordloh\/files\/2026\/03\/IMG_0445-2048x1536.jpg 2048w\" sizes=\"auto, (max-width: 800px) 100vw, 800px\" \/><\/figure>\n\n\n\n<figure class=\"wp-block-image size-large\"><img loading=\"lazy\" decoding=\"async\" width=\"800\" height=\"600\" data-id=\"1346\" src=\"https:\/\/wordpress.nibis.de\/nordloh\/files\/2026\/03\/IMG_0447-800x600.jpg\" alt=\"\" class=\"wp-image-1346\" srcset=\"https:\/\/wordpress.nibis.de\/nordloh\/files\/2026\/03\/IMG_0447-800x600.jpg 800w, https:\/\/wordpress.nibis.de\/nordloh\/files\/2026\/03\/IMG_0447-300x225.jpg 300w, https:\/\/wordpress.nibis.de\/nordloh\/files\/2026\/03\/IMG_0447-768x576.jpg 768w, https:\/\/wordpress.nibis.de\/nordloh\/files\/2026\/03\/IMG_0447-100x75.jpg 100w, https:\/\/wordpress.nibis.de\/nordloh\/files\/2026\/03\/IMG_0447-1536x1152.jpg 1536w, https:\/\/wordpress.nibis.de\/nordloh\/files\/2026\/03\/IMG_0447-2048x1536.jpg 2048w\" sizes=\"auto, (max-width: 800px) 100vw, 800px\" \/><\/figure>\n<\/figure>\n\n\n\n<p>Hier entsteht eine Terrasse:<\/p>\n\n\n\n<figure class=\"wp-block-gallery has-nested-images columns-default is-cropped wp-block-gallery-4 is-layout-flex wp-block-gallery-is-layout-flex\">\n<figure class=\"wp-block-image size-large\"><img loading=\"lazy\" decoding=\"async\" width=\"800\" height=\"600\" data-id=\"1383\" src=\"https:\/\/wordpress.nibis.de\/nordloh\/files\/2026\/03\/26-gts4-800x600.jpg\" alt=\"\" class=\"wp-image-1383\" srcset=\"https:\/\/wordpress.nibis.de\/nordloh\/files\/2026\/03\/26-gts4-800x600.jpg 800w, https:\/\/wordpress.nibis.de\/nordloh\/files\/2026\/03\/26-gts4-300x225.jpg 300w, https:\/\/wordpress.nibis.de\/nordloh\/files\/2026\/03\/26-gts4-768x576.jpg 768w, https:\/\/wordpress.nibis.de\/nordloh\/files\/2026\/03\/26-gts4-100x75.jpg 100w, https:\/\/wordpress.nibis.de\/nordloh\/files\/2026\/03\/26-gts4-1536x1152.jpg 1536w, https:\/\/wordpress.nibis.de\/nordloh\/files\/2026\/03\/26-gts4.jpg 2016w\" sizes=\"auto, (max-width: 800px) 100vw, 800px\" \/><\/figure>\n\n\n\n<figure class=\"wp-block-image size-large\"><img loading=\"lazy\" decoding=\"async\" width=\"450\" height=\"600\" data-id=\"1385\" src=\"https:\/\/wordpress.nibis.de\/nordloh\/files\/2026\/03\/26-gts6-450x600.jpg\" alt=\"\" class=\"wp-image-1385\" srcset=\"https:\/\/wordpress.nibis.de\/nordloh\/files\/2026\/03\/26-gts6-450x600.jpg 450w, https:\/\/wordpress.nibis.de\/nordloh\/files\/2026\/03\/26-gts6-225x300.jpg 225w, https:\/\/wordpress.nibis.de\/nordloh\/files\/2026\/03\/26-gts6-768x1024.jpg 768w, https:\/\/wordpress.nibis.de\/nordloh\/files\/2026\/03\/26-gts6-100x133.jpg 100w, https:\/\/wordpress.nibis.de\/nordloh\/files\/2026\/03\/26-gts6-1152x1536.jpg 1152w, https:\/\/wordpress.nibis.de\/nordloh\/files\/2026\/03\/26-gts6.jpg 1512w\" sizes=\"auto, (max-width: 450px) 100vw, 450px\" \/><\/figure>\n\n\n\n<figure class=\"wp-block-image size-large\"><img loading=\"lazy\" decoding=\"async\" width=\"450\" height=\"600\" data-id=\"1394\" src=\"https:\/\/wordpress.nibis.de\/nordloh\/files\/2026\/03\/26-gts7-450x600.jpg\" alt=\"\" class=\"wp-image-1394\" srcset=\"https:\/\/wordpress.nibis.de\/nordloh\/files\/2026\/03\/26-gts7-450x600.jpg 450w, https:\/\/wordpress.nibis.de\/nordloh\/files\/2026\/03\/26-gts7-225x300.jpg 225w, https:\/\/wordpress.nibis.de\/nordloh\/files\/2026\/03\/26-gts7-768x1024.jpg 768w, https:\/\/wordpress.nibis.de\/nordloh\/files\/2026\/03\/26-gts7-100x133.jpg 100w, https:\/\/wordpress.nibis.de\/nordloh\/files\/2026\/03\/26-gts7-1152x1536.jpg 1152w, https:\/\/wordpress.nibis.de\/nordloh\/files\/2026\/03\/26-gts7.jpg 1512w\" sizes=\"auto, (max-width: 450px) 100vw, 450px\" \/><\/figure>\n<\/figure>\n","protected":false},"excerpt":{"rendered":"<p>Wir werden zum August 2026 Ganztagsschule und die Umbauma\u00dfnahmen sind im vollen Gange: Staubschutzw\u00e4nde und K\u00fcche Das wird der neue Speiseraum: Hier entsteht eine Terrasse:<\/p>\n","protected":false},"author":9194123,"featured_media":0,"parent":0,"menu_order":0,"comment_status":"closed","ping_status":"closed","template":"","meta":{"footnotes":""},"class_list":["post-1365","page","type-page","status-publish","hentry"],"_links":{"self":[{"href":"https:\/\/wordpress.nibis.de\/nordloh\/wp-json\/wp\/v2\/pages\/1365","targetHints":{"allow":["GET"]}}],"collection":[{"href":"https:\/\/wordpress.nibis.de\/nordloh\/wp-json\/wp\/v2\/pages"}],"about":[{"href":"https:\/\/wordpress.nibis.de\/nordloh\/wp-json\/wp\/v2\/types\/page"}],"author":[{"embeddable":true,"href":"https:\/\/wordpress.nibis.de\/nordloh\/wp-json\/wp\/v2\/users\/9194123"}],"replies":[{"embeddable":true,"href":"https:\/\/wordpress.nibis.de\/nordloh\/wp-json\/wp\/v2\/comments?post=1365"}],"version-history":[{"count":4,"href":"https:\/\/wordpress.nibis.de\/nordloh\/wp-json\/wp\/v2\/pages\/1365\/revisions"}],"predecessor-version":[{"id":1396,"href":"https:\/\/wordpress.nibis.de\/nordloh\/wp-json\/wp\/v2\/pages\/1365\/revisions\/1396"}],"wp:attachment":[{"href":"https:\/\/wordpress.nibis.de\/nordloh\/wp-json\/wp\/v2\/media?parent=1365"}],"curies":[{"name":"wp","href":"https:\/\/api.w.org\/{rel}","templated":true}]}}