{"id":139,"date":"2023-06-20T15:03:07","date_gmt":"2023-06-20T13:03:07","guid":{"rendered":"https:\/\/wordpress.nibis.de\/nordloh\/?page_id=139"},"modified":"2023-08-15T13:52:01","modified_gmt":"2023-08-15T11:52:01","slug":"schulgelaende","status":"publish","type":"page","link":"https:\/\/wordpress.nibis.de\/nordloh\/schulgelaende\/","title":{"rendered":"Schulgel\u00e4nde"},"content":{"rendered":"\n<p>Wir haben einen gro\u00dfen Schulhof mit vielen Spielger\u00e4ten,<br>einem Fu\u00dfballtor und vielen M\u00f6glichkeiten zum Spielen.<\/p>\n\n\n\n<p>Blick auf einen Teil des Schulgel\u00e4ndes:<\/p>\n\n\n\n<figure class=\"wp-block-image size-full is-resized\"><img loading=\"lazy\" decoding=\"async\" src=\"https:\/\/wordpress.nibis.de\/nordloh\/files\/2023\/05\/schule1.jpg\" alt=\"\" class=\"wp-image-54\" width=\"619\" height=\"278\" srcset=\"https:\/\/wordpress.nibis.de\/nordloh\/files\/2023\/05\/schule1.jpg 640w, https:\/\/wordpress.nibis.de\/nordloh\/files\/2023\/05\/schule1-300x135.jpg 300w\" sizes=\"auto, (max-width: 619px) 100vw, 619px\" \/><\/figure>\n\n\n\n<p>Das gr\u00fcne Klassenzimmer auf unserem Pausenhof:<\/p>\n\n\n\n<figure class=\"wp-block-image size-large is-resized\"><img loading=\"lazy\" decoding=\"async\" src=\"https:\/\/wordpress.nibis.de\/nordloh\/files\/2023\/08\/PHOTO-2023-08-15-13-18-33-1-800x450.jpg\" alt=\"\" class=\"wp-image-237\" width=\"616\" height=\"346\" srcset=\"https:\/\/wordpress.nibis.de\/nordloh\/files\/2023\/08\/PHOTO-2023-08-15-13-18-33-1-800x450.jpg 800w, https:\/\/wordpress.nibis.de\/nordloh\/files\/2023\/08\/PHOTO-2023-08-15-13-18-33-1-300x169.jpg 300w, https:\/\/wordpress.nibis.de\/nordloh\/files\/2023\/08\/PHOTO-2023-08-15-13-18-33-1-768x432.jpg 768w, https:\/\/wordpress.nibis.de\/nordloh\/files\/2023\/08\/PHOTO-2023-08-15-13-18-33-1-1536x864.jpg 1536w, https:\/\/wordpress.nibis.de\/nordloh\/files\/2023\/08\/PHOTO-2023-08-15-13-18-33-1.jpg 1600w\" sizes=\"auto, (max-width: 616px) 100vw, 616px\" \/><\/figure>\n\n\n\n<p>Der neue Kletterbaum im Labyrinth:&nbsp;<\/p>\n\n\n\n<figure class=\"wp-block-image size-large is-resized\"><img loading=\"lazy\" decoding=\"async\" src=\"https:\/\/wordpress.nibis.de\/nordloh\/files\/2023\/08\/PHOTO-2023-08-15-13-18-33-2-800x450.jpg\" alt=\"\" class=\"wp-image-235\" width=\"624\" height=\"350\" srcset=\"https:\/\/wordpress.nibis.de\/nordloh\/files\/2023\/08\/PHOTO-2023-08-15-13-18-33-2-800x450.jpg 800w, https:\/\/wordpress.nibis.de\/nordloh\/files\/2023\/08\/PHOTO-2023-08-15-13-18-33-2-300x169.jpg 300w, https:\/\/wordpress.nibis.de\/nordloh\/files\/2023\/08\/PHOTO-2023-08-15-13-18-33-2-768x432.jpg 768w, https:\/\/wordpress.nibis.de\/nordloh\/files\/2023\/08\/PHOTO-2023-08-15-13-18-33-2-1536x864.jpg 1536w, https:\/\/wordpress.nibis.de\/nordloh\/files\/2023\/08\/PHOTO-2023-08-15-13-18-33-2.jpg 1600w\" sizes=\"auto, (max-width: 624px) 100vw, 624px\" \/><\/figure>\n\n\n\n<p>Das Kletterger\u00fcst mit gro\u00dfer Rutsche:&nbsp;<\/p>\n\n\n\n<figure class=\"wp-block-image size-large is-resized\"><img loading=\"lazy\" decoding=\"async\" src=\"https:\/\/wordpress.nibis.de\/nordloh\/files\/2023\/08\/PHOTO-2023-08-15-13-18-32-800x450.jpg\" alt=\"\" class=\"wp-image-238\" width=\"623\" height=\"350\" srcset=\"https:\/\/wordpress.nibis.de\/nordloh\/files\/2023\/08\/PHOTO-2023-08-15-13-18-32-800x450.jpg 800w, https:\/\/wordpress.nibis.de\/nordloh\/files\/2023\/08\/PHOTO-2023-08-15-13-18-32-300x169.jpg 300w, https:\/\/wordpress.nibis.de\/nordloh\/files\/2023\/08\/PHOTO-2023-08-15-13-18-32-768x432.jpg 768w, https:\/\/wordpress.nibis.de\/nordloh\/files\/2023\/08\/PHOTO-2023-08-15-13-18-32-1536x864.jpg 1536w, https:\/\/wordpress.nibis.de\/nordloh\/files\/2023\/08\/PHOTO-2023-08-15-13-18-32.jpg 1600w\" sizes=\"auto, (max-width: 623px) 100vw, 623px\" \/><\/figure>\n\n\n\n<p>Der neue Sandkasten mit dem Haus f\u00fcr Spielger\u00e4te:&nbsp;<\/p>\n\n\n\n<figure class=\"wp-block-image size-full is-resized\"><img loading=\"lazy\" decoding=\"async\" src=\"https:\/\/wordpress.nibis.de\/nordloh\/files\/2023\/08\/Image-1.jpg\" alt=\"\" class=\"wp-image-234\" width=\"625\" height=\"469\" srcset=\"https:\/\/wordpress.nibis.de\/nordloh\/files\/2023\/08\/Image-1.jpg 640w, https:\/\/wordpress.nibis.de\/nordloh\/files\/2023\/08\/Image-1-300x225.jpg 300w\" sizes=\"auto, (max-width: 625px) 100vw, 625px\" \/><\/figure>\n\n\n\n<p>Die Reifenschaukeln und die Kletterpyramide:<\/p>\n\n\n\n<figure class=\"wp-block-image size-large is-resized\"><img loading=\"lazy\" decoding=\"async\" src=\"https:\/\/wordpress.nibis.de\/nordloh\/files\/2023\/08\/PHOTO-2023-08-15-13-18-33-800x450.jpg\" alt=\"\" class=\"wp-image-236\" width=\"625\" height=\"351\" srcset=\"https:\/\/wordpress.nibis.de\/nordloh\/files\/2023\/08\/PHOTO-2023-08-15-13-18-33-800x450.jpg 800w, https:\/\/wordpress.nibis.de\/nordloh\/files\/2023\/08\/PHOTO-2023-08-15-13-18-33-300x169.jpg 300w, https:\/\/wordpress.nibis.de\/nordloh\/files\/2023\/08\/PHOTO-2023-08-15-13-18-33-768x432.jpg 768w, https:\/\/wordpress.nibis.de\/nordloh\/files\/2023\/08\/PHOTO-2023-08-15-13-18-33-1536x864.jpg 1536w, https:\/\/wordpress.nibis.de\/nordloh\/files\/2023\/08\/PHOTO-2023-08-15-13-18-33.jpg 1600w\" sizes=\"auto, (max-width: 625px) 100vw, 625px\" \/><\/figure>\n\n\n\n<div class=\"wp-block-columns is-layout-flex wp-container-core-columns-is-layout-abceabcf wp-block-columns-is-layout-flex\">\n<div class=\"wp-block-column is-layout-flow wp-block-column-is-layout-flow\" style=\"--col-width:100%;flex-basis:100%\"><\/div>\n<\/div>\n\n\n\n<p><\/p>\n","protected":false},"excerpt":{"rendered":"<p>Wir haben einen gro\u00dfen Schulhof mit vielen Spielger\u00e4ten,einem Fu\u00dfballtor und vielen M\u00f6glichkeiten zum Spielen. Blick auf einen Teil des Schulgel\u00e4ndes: Das gr\u00fcne Klassenzimmer auf unserem Pausenhof: Der neue Kletterbaum im Labyrinth:&nbsp; Das Kletterger\u00fcst mit gro\u00dfer Rutsche:&nbsp; Der neue Sandkasten mit &hellip; <a href=\"https:\/\/wordpress.nibis.de\/nordloh\/schulgelaende\/\">Weiterlesen <span class=\"meta-nav\">&rarr;<\/span><\/a><\/p>\n","protected":false},"author":9194123,"featured_media":0,"parent":0,"menu_order":0,"comment_status":"closed","ping_status":"closed","template":"","meta":{"footnotes":""},"class_list":["post-139","page","type-page","status-publish","hentry"],"_links":{"self":[{"href":"https:\/\/wordpress.nibis.de\/nordloh\/wp-json\/wp\/v2\/pages\/139","targetHints":{"allow":["GET"]}}],"collection":[{"href":"https:\/\/wordpress.nibis.de\/nordloh\/wp-json\/wp\/v2\/pages"}],"about":[{"href":"https:\/\/wordpress.nibis.de\/nordloh\/wp-json\/wp\/v2\/types\/page"}],"author":[{"embeddable":true,"href":"https:\/\/wordpress.nibis.de\/nordloh\/wp-json\/wp\/v2\/users\/9194123"}],"replies":[{"embeddable":true,"href":"https:\/\/wordpress.nibis.de\/nordloh\/wp-json\/wp\/v2\/comments?post=139"}],"version-history":[{"count":6,"href":"https:\/\/wordpress.nibis.de\/nordloh\/wp-json\/wp\/v2\/pages\/139\/revisions"}],"predecessor-version":[{"id":249,"href":"https:\/\/wordpress.nibis.de\/nordloh\/wp-json\/wp\/v2\/pages\/139\/revisions\/249"}],"wp:attachment":[{"href":"https:\/\/wordpress.nibis.de\/nordloh\/wp-json\/wp\/v2\/media?parent=139"}],"curies":[{"name":"wp","href":"https:\/\/api.w.org\/{rel}","templated":true}]}}