{"id":141,"date":"2023-06-20T15:05:29","date_gmt":"2023-06-20T13:05:29","guid":{"rendered":"https:\/\/wordpress.nibis.de\/nordloh\/?page_id=141"},"modified":"2025-07-14T12:47:05","modified_gmt":"2025-07-14T10:47:05","slug":"schulgebaeude","status":"publish","type":"page","link":"https:\/\/wordpress.nibis.de\/nordloh\/schulgebaeude\/","title":{"rendered":"Schulgeb\u00e4ude"},"content":{"rendered":"\n<p>Das Schulgeb\u00e4ude ist u-f\u00f6rmig angelegt.<\/p>\n\n\n\n<figure class=\"wp-block-image size-full is-resized\"><img loading=\"lazy\" decoding=\"async\" src=\"https:\/\/wordpress.nibis.de\/nordloh\/files\/2023\/02\/gs-index1.jpg\" alt=\"\" class=\"wp-image-9\" width=\"512\" height=\"333\" srcset=\"https:\/\/wordpress.nibis.de\/nordloh\/files\/2023\/02\/gs-index1.jpg 621w, https:\/\/wordpress.nibis.de\/nordloh\/files\/2023\/02\/gs-index1-300x195.jpg 300w\" sizes=\"auto, (max-width: 512px) 100vw, 512px\" \/><\/figure>\n\n\n\n<p>Durch den Haupteingang gelangt man sofort in die Pausenhalle, von der zwei Flure zu den Klassen- und Fachr\u00e4umen f\u00fchren.<\/p>\n\n\n\n<p><\/p>\n\n\n\n<figure class=\"wp-block-image size-large is-resized\"><img loading=\"lazy\" decoding=\"async\" src=\"https:\/\/wordpress.nibis.de\/nordloh\/files\/2023\/07\/pausenhalle-23-e1688382962910-800x600.jpg\" alt=\"\" class=\"wp-image-209\" width=\"513\" height=\"384\" srcset=\"https:\/\/wordpress.nibis.de\/nordloh\/files\/2023\/07\/pausenhalle-23-e1688382962910-800x600.jpg 800w, https:\/\/wordpress.nibis.de\/nordloh\/files\/2023\/07\/pausenhalle-23-e1688382962910-300x225.jpg 300w, https:\/\/wordpress.nibis.de\/nordloh\/files\/2023\/07\/pausenhalle-23-e1688382962910-768x576.jpg 768w, https:\/\/wordpress.nibis.de\/nordloh\/files\/2023\/07\/pausenhalle-23-e1688382962910-1536x1152.jpg 1536w, https:\/\/wordpress.nibis.de\/nordloh\/files\/2023\/07\/pausenhalle-23-e1688382962910.jpg 2016w\" sizes=\"auto, (max-width: 513px) 100vw, 513px\" \/><\/figure>\n\n\n\n<p>Die Pausenhalle wird zum Spielen, f\u00fcr Auff\u00fchrungen<br>und als zus\u00e4tzlicher Platz zum Arbeiten genutzt.<\/p>\n\n\n\n<p><\/p>\n\n\n\n<figure class=\"wp-block-image size-large is-resized\"><img loading=\"lazy\" decoding=\"async\" src=\"https:\/\/wordpress.nibis.de\/nordloh\/files\/2023\/07\/KL1-e1688296133208-800x600.jpg\" alt=\"\" class=\"wp-image-208\" width=\"516\" height=\"387\" srcset=\"https:\/\/wordpress.nibis.de\/nordloh\/files\/2023\/07\/KL1-e1688296133208-800x600.jpg 800w, https:\/\/wordpress.nibis.de\/nordloh\/files\/2023\/07\/KL1-e1688296133208-300x225.jpg 300w, https:\/\/wordpress.nibis.de\/nordloh\/files\/2023\/07\/KL1-e1688296133208-768x576.jpg 768w, https:\/\/wordpress.nibis.de\/nordloh\/files\/2023\/07\/KL1-e1688296133208-1536x1152.jpg 1536w, https:\/\/wordpress.nibis.de\/nordloh\/files\/2023\/07\/KL1-e1688296133208.jpg 2016w\" sizes=\"auto, (max-width: 516px) 100vw, 516px\" \/><\/figure>\n\n\n\n<figure class=\"wp-block-image size-large is-resized\"><img loading=\"lazy\" decoding=\"async\" src=\"https:\/\/wordpress.nibis.de\/nordloh\/files\/2023\/08\/c1d6f326-be1a-4746-8432-501348dc991f-800x450.jpg\" alt=\"\" class=\"wp-image-244\" width=\"516\" height=\"289\" srcset=\"https:\/\/wordpress.nibis.de\/nordloh\/files\/2023\/08\/c1d6f326-be1a-4746-8432-501348dc991f-800x450.jpg 800w, https:\/\/wordpress.nibis.de\/nordloh\/files\/2023\/08\/c1d6f326-be1a-4746-8432-501348dc991f-300x169.jpg 300w, https:\/\/wordpress.nibis.de\/nordloh\/files\/2023\/08\/c1d6f326-be1a-4746-8432-501348dc991f-768x432.jpg 768w, https:\/\/wordpress.nibis.de\/nordloh\/files\/2023\/08\/c1d6f326-be1a-4746-8432-501348dc991f-1536x864.jpg 1536w, https:\/\/wordpress.nibis.de\/nordloh\/files\/2023\/08\/c1d6f326-be1a-4746-8432-501348dc991f.jpg 1600w\" sizes=\"auto, (max-width: 516px) 100vw, 516px\" \/><\/figure>\n\n\n\n<figure class=\"wp-block-image size-large is-resized\"><img loading=\"lazy\" decoding=\"async\" src=\"https:\/\/wordpress.nibis.de\/nordloh\/files\/2023\/08\/4a169e4b-df06-444b-97b9-bbbfb48cc8da-800x450.jpg\" alt=\"\" class=\"wp-image-246\" width=\"519\" height=\"291\" srcset=\"https:\/\/wordpress.nibis.de\/nordloh\/files\/2023\/08\/4a169e4b-df06-444b-97b9-bbbfb48cc8da-800x450.jpg 800w, https:\/\/wordpress.nibis.de\/nordloh\/files\/2023\/08\/4a169e4b-df06-444b-97b9-bbbfb48cc8da-300x169.jpg 300w, https:\/\/wordpress.nibis.de\/nordloh\/files\/2023\/08\/4a169e4b-df06-444b-97b9-bbbfb48cc8da-768x432.jpg 768w, https:\/\/wordpress.nibis.de\/nordloh\/files\/2023\/08\/4a169e4b-df06-444b-97b9-bbbfb48cc8da-1536x864.jpg 1536w, https:\/\/wordpress.nibis.de\/nordloh\/files\/2023\/08\/4a169e4b-df06-444b-97b9-bbbfb48cc8da.jpg 1600w\" sizes=\"auto, (max-width: 519px) 100vw, 519px\" \/><\/figure>\n\n\n\n<p>Es gibt vier Klassenr\u00e4ume, drei Gruppenr\u00e4ume, einen Werkraum, einen Betreuungsraum, eine K\u00fcche eine B\u00fccherei und das Sekretariat. Die K\u00fcche und ein ehemaliger Klassenraum werden in diesem Schuljahr zu einer Mensa mit Schulk\u00fcche umgebaut.<\/p>\n","protected":false},"excerpt":{"rendered":"<p>Das Schulgeb\u00e4ude ist u-f\u00f6rmig angelegt. Durch den Haupteingang gelangt man sofort in die Pausenhalle, von der zwei Flure zu den Klassen- und Fachr\u00e4umen f\u00fchren. Die Pausenhalle wird zum Spielen, f\u00fcr Auff\u00fchrungenund als zus\u00e4tzlicher Platz zum Arbeiten genutzt. Es gibt vier &hellip; <a href=\"https:\/\/wordpress.nibis.de\/nordloh\/schulgebaeude\/\">Weiterlesen <span class=\"meta-nav\">&rarr;<\/span><\/a><\/p>\n","protected":false},"author":9194123,"featured_media":0,"parent":0,"menu_order":0,"comment_status":"closed","ping_status":"closed","template":"","meta":{"footnotes":""},"class_list":["post-141","page","type-page","status-publish","hentry"],"_links":{"self":[{"href":"https:\/\/wordpress.nibis.de\/nordloh\/wp-json\/wp\/v2\/pages\/141","targetHints":{"allow":["GET"]}}],"collection":[{"href":"https:\/\/wordpress.nibis.de\/nordloh\/wp-json\/wp\/v2\/pages"}],"about":[{"href":"https:\/\/wordpress.nibis.de\/nordloh\/wp-json\/wp\/v2\/types\/page"}],"author":[{"embeddable":true,"href":"https:\/\/wordpress.nibis.de\/nordloh\/wp-json\/wp\/v2\/users\/9194123"}],"replies":[{"embeddable":true,"href":"https:\/\/wordpress.nibis.de\/nordloh\/wp-json\/wp\/v2\/comments?post=141"}],"version-history":[{"count":9,"href":"https:\/\/wordpress.nibis.de\/nordloh\/wp-json\/wp\/v2\/pages\/141\/revisions"}],"predecessor-version":[{"id":1105,"href":"https:\/\/wordpress.nibis.de\/nordloh\/wp-json\/wp\/v2\/pages\/141\/revisions\/1105"}],"wp:attachment":[{"href":"https:\/\/wordpress.nibis.de\/nordloh\/wp-json\/wp\/v2\/media?parent=141"}],"curies":[{"name":"wp","href":"https:\/\/api.w.org\/{rel}","templated":true}]}}