{"id":145,"date":"2023-06-20T15:11:10","date_gmt":"2023-06-20T13:11:10","guid":{"rendered":"https:\/\/wordpress.nibis.de\/nordloh\/?page_id=145"},"modified":"2026-03-11T14:41:02","modified_gmt":"2026-03-11T13:41:02","slug":"aktuelles-schuljahr","status":"publish","type":"page","link":"https:\/\/wordpress.nibis.de\/nordloh\/aktuelles-schuljahr\/","title":{"rendered":"Aktuelles Schuljahr"},"content":{"rendered":"\n<p><strong>Herbstforum vor den Herbstferien<\/strong><\/p>\n\n\n\n<figure class=\"wp-block-gallery has-nested-images columns-default is-cropped wp-block-gallery-1 is-layout-flex wp-block-gallery-is-layout-flex\">\n<figure class=\"wp-block-image size-large\"><img loading=\"lazy\" decoding=\"async\" width=\"800\" height=\"600\" data-id=\"1314\" src=\"https:\/\/wordpress.nibis.de\/nordloh\/files\/2026\/03\/IMG_0194-800x600.jpeg\" alt=\"\" class=\"wp-image-1314\" srcset=\"https:\/\/wordpress.nibis.de\/nordloh\/files\/2026\/03\/IMG_0194-800x600.jpeg 800w, https:\/\/wordpress.nibis.de\/nordloh\/files\/2026\/03\/IMG_0194-300x225.jpeg 300w, https:\/\/wordpress.nibis.de\/nordloh\/files\/2026\/03\/IMG_0194-768x576.jpeg 768w, https:\/\/wordpress.nibis.de\/nordloh\/files\/2026\/03\/IMG_0194-100x75.jpeg 100w, https:\/\/wordpress.nibis.de\/nordloh\/files\/2026\/03\/IMG_0194-1536x1152.jpeg 1536w, https:\/\/wordpress.nibis.de\/nordloh\/files\/2026\/03\/IMG_0194-2048x1536.jpeg 2048w\" sizes=\"auto, (max-width: 800px) 100vw, 800px\" \/><\/figure>\n\n\n\n<figure class=\"wp-block-image size-large\"><img loading=\"lazy\" decoding=\"async\" width=\"800\" height=\"600\" data-id=\"1317\" src=\"https:\/\/wordpress.nibis.de\/nordloh\/files\/2026\/03\/IMG_0197-800x600.jpeg\" alt=\"\" class=\"wp-image-1317\" srcset=\"https:\/\/wordpress.nibis.de\/nordloh\/files\/2026\/03\/IMG_0197-800x600.jpeg 800w, https:\/\/wordpress.nibis.de\/nordloh\/files\/2026\/03\/IMG_0197-300x225.jpeg 300w, https:\/\/wordpress.nibis.de\/nordloh\/files\/2026\/03\/IMG_0197-768x576.jpeg 768w, https:\/\/wordpress.nibis.de\/nordloh\/files\/2026\/03\/IMG_0197-100x75.jpeg 100w, https:\/\/wordpress.nibis.de\/nordloh\/files\/2026\/03\/IMG_0197-1536x1152.jpeg 1536w, https:\/\/wordpress.nibis.de\/nordloh\/files\/2026\/03\/IMG_0197-2048x1536.jpeg 2048w\" sizes=\"auto, (max-width: 800px) 100vw, 800px\" \/><\/figure>\n<\/figure>\n\n\n\n<figure class=\"wp-block-gallery has-nested-images columns-default is-cropped wp-block-gallery-2 is-layout-flex wp-block-gallery-is-layout-flex\">\n<figure class=\"wp-block-image size-large\"><img loading=\"lazy\" decoding=\"async\" width=\"800\" height=\"600\" data-id=\"1319\" src=\"https:\/\/wordpress.nibis.de\/nordloh\/files\/2026\/03\/IMG_0206-800x600.jpeg\" alt=\"\" class=\"wp-image-1319\" srcset=\"https:\/\/wordpress.nibis.de\/nordloh\/files\/2026\/03\/IMG_0206-800x600.jpeg 800w, https:\/\/wordpress.nibis.de\/nordloh\/files\/2026\/03\/IMG_0206-300x225.jpeg 300w, https:\/\/wordpress.nibis.de\/nordloh\/files\/2026\/03\/IMG_0206-768x576.jpeg 768w, https:\/\/wordpress.nibis.de\/nordloh\/files\/2026\/03\/IMG_0206-100x75.jpeg 100w, https:\/\/wordpress.nibis.de\/nordloh\/files\/2026\/03\/IMG_0206-1536x1152.jpeg 1536w, https:\/\/wordpress.nibis.de\/nordloh\/files\/2026\/03\/IMG_0206-2048x1536.jpeg 2048w\" sizes=\"auto, (max-width: 800px) 100vw, 800px\" \/><\/figure>\n\n\n\n<figure class=\"wp-block-image size-large\"><img loading=\"lazy\" decoding=\"async\" width=\"800\" height=\"600\" data-id=\"1320\" src=\"https:\/\/wordpress.nibis.de\/nordloh\/files\/2026\/03\/IMG_0208-800x600.jpeg\" alt=\"\" class=\"wp-image-1320\" srcset=\"https:\/\/wordpress.nibis.de\/nordloh\/files\/2026\/03\/IMG_0208-800x600.jpeg 800w, https:\/\/wordpress.nibis.de\/nordloh\/files\/2026\/03\/IMG_0208-300x225.jpeg 300w, https:\/\/wordpress.nibis.de\/nordloh\/files\/2026\/03\/IMG_0208-768x576.jpeg 768w, https:\/\/wordpress.nibis.de\/nordloh\/files\/2026\/03\/IMG_0208-100x75.jpeg 100w, https:\/\/wordpress.nibis.de\/nordloh\/files\/2026\/03\/IMG_0208-1536x1152.jpeg 1536w, https:\/\/wordpress.nibis.de\/nordloh\/files\/2026\/03\/IMG_0208-2048x1536.jpeg 2048w\" sizes=\"auto, (max-width: 800px) 100vw, 800px\" \/><\/figure>\n<\/figure>\n\n\n\n<figure class=\"wp-block-gallery has-nested-images columns-default is-cropped wp-block-gallery-3 is-layout-flex wp-block-gallery-is-layout-flex\">\n<figure class=\"wp-block-image size-large\"><img loading=\"lazy\" decoding=\"async\" width=\"800\" height=\"600\" data-id=\"1316\" src=\"https:\/\/wordpress.nibis.de\/nordloh\/files\/2026\/03\/IMG_0215-800x600.jpeg\" alt=\"\" class=\"wp-image-1316\" srcset=\"https:\/\/wordpress.nibis.de\/nordloh\/files\/2026\/03\/IMG_0215-800x600.jpeg 800w, https:\/\/wordpress.nibis.de\/nordloh\/files\/2026\/03\/IMG_0215-300x225.jpeg 300w, https:\/\/wordpress.nibis.de\/nordloh\/files\/2026\/03\/IMG_0215-768x576.jpeg 768w, https:\/\/wordpress.nibis.de\/nordloh\/files\/2026\/03\/IMG_0215-100x75.jpeg 100w, https:\/\/wordpress.nibis.de\/nordloh\/files\/2026\/03\/IMG_0215-1536x1152.jpeg 1536w, https:\/\/wordpress.nibis.de\/nordloh\/files\/2026\/03\/IMG_0215-2048x1536.jpeg 2048w\" sizes=\"auto, (max-width: 800px) 100vw, 800px\" \/><\/figure>\n\n\n\n<figure class=\"wp-block-image size-large\"><img loading=\"lazy\" decoding=\"async\" width=\"800\" height=\"600\" data-id=\"1315\" src=\"https:\/\/wordpress.nibis.de\/nordloh\/files\/2026\/03\/IMG_0214-800x600.jpeg\" alt=\"\" class=\"wp-image-1315\" srcset=\"https:\/\/wordpress.nibis.de\/nordloh\/files\/2026\/03\/IMG_0214-800x600.jpeg 800w, https:\/\/wordpress.nibis.de\/nordloh\/files\/2026\/03\/IMG_0214-300x225.jpeg 300w, https:\/\/wordpress.nibis.de\/nordloh\/files\/2026\/03\/IMG_0214-768x576.jpeg 768w, https:\/\/wordpress.nibis.de\/nordloh\/files\/2026\/03\/IMG_0214-100x75.jpeg 100w, https:\/\/wordpress.nibis.de\/nordloh\/files\/2026\/03\/IMG_0214-1536x1152.jpeg 1536w, https:\/\/wordpress.nibis.de\/nordloh\/files\/2026\/03\/IMG_0214-2048x1536.jpeg 2048w\" sizes=\"auto, (max-width: 800px) 100vw, 800px\" \/><\/figure>\n<\/figure>\n\n\n\n<p style=\"font-size:20px\"><strong>Herbstaktion im Schulgarten<\/strong><\/p>\n\n\n\n<p>Die Herbstaktion fand dieses Mal am Freitag, 26. September 2025 bei strahlendem Sonnenschein statt. Dank der vielen Helfer konnten wir alle Arbeiten z\u00fcgig erledigen:<\/p>\n\n\n\n<figure class=\"wp-block-gallery has-nested-images columns-default is-cropped wp-block-gallery-4 is-layout-flex wp-block-gallery-is-layout-flex\">\n<figure class=\"wp-block-image size-large\"><img loading=\"lazy\" decoding=\"async\" width=\"450\" height=\"600\" data-id=\"1321\" src=\"https:\/\/wordpress.nibis.de\/nordloh\/files\/2026\/03\/IMG_9358-450x600.jpg\" alt=\"\" class=\"wp-image-1321\" srcset=\"https:\/\/wordpress.nibis.de\/nordloh\/files\/2026\/03\/IMG_9358-450x600.jpg 450w, https:\/\/wordpress.nibis.de\/nordloh\/files\/2026\/03\/IMG_9358-225x300.jpg 225w, https:\/\/wordpress.nibis.de\/nordloh\/files\/2026\/03\/IMG_9358-768x1024.jpg 768w, https:\/\/wordpress.nibis.de\/nordloh\/files\/2026\/03\/IMG_9358-100x133.jpg 100w, https:\/\/wordpress.nibis.de\/nordloh\/files\/2026\/03\/IMG_9358-1152x1536.jpg 1152w, https:\/\/wordpress.nibis.de\/nordloh\/files\/2026\/03\/IMG_9358-1536x2048.jpg 1536w, https:\/\/wordpress.nibis.de\/nordloh\/files\/2026\/03\/IMG_9358-scaled.jpg 1920w\" sizes=\"auto, (max-width: 450px) 100vw, 450px\" \/><\/figure>\n\n\n\n<figure class=\"wp-block-image size-large\"><img loading=\"lazy\" decoding=\"async\" width=\"800\" height=\"600\" data-id=\"1323\" src=\"https:\/\/wordpress.nibis.de\/nordloh\/files\/2026\/03\/IMG_9360-800x600.jpg\" alt=\"\" class=\"wp-image-1323\" srcset=\"https:\/\/wordpress.nibis.de\/nordloh\/files\/2026\/03\/IMG_9360-800x600.jpg 800w, https:\/\/wordpress.nibis.de\/nordloh\/files\/2026\/03\/IMG_9360-300x225.jpg 300w, https:\/\/wordpress.nibis.de\/nordloh\/files\/2026\/03\/IMG_9360-768x576.jpg 768w, https:\/\/wordpress.nibis.de\/nordloh\/files\/2026\/03\/IMG_9360-100x75.jpg 100w, https:\/\/wordpress.nibis.de\/nordloh\/files\/2026\/03\/IMG_9360-1536x1152.jpg 1536w, https:\/\/wordpress.nibis.de\/nordloh\/files\/2026\/03\/IMG_9360-2048x1536.jpg 2048w\" sizes=\"auto, (max-width: 800px) 100vw, 800px\" \/><\/figure>\n\n\n\n<figure class=\"wp-block-image size-large\"><img loading=\"lazy\" decoding=\"async\" width=\"800\" height=\"600\" data-id=\"1322\" src=\"https:\/\/wordpress.nibis.de\/nordloh\/files\/2026\/03\/IMG_9359-800x600.jpg\" alt=\"\" class=\"wp-image-1322\" srcset=\"https:\/\/wordpress.nibis.de\/nordloh\/files\/2026\/03\/IMG_9359-800x600.jpg 800w, https:\/\/wordpress.nibis.de\/nordloh\/files\/2026\/03\/IMG_9359-300x225.jpg 300w, https:\/\/wordpress.nibis.de\/nordloh\/files\/2026\/03\/IMG_9359-768x576.jpg 768w, https:\/\/wordpress.nibis.de\/nordloh\/files\/2026\/03\/IMG_9359-100x75.jpg 100w, https:\/\/wordpress.nibis.de\/nordloh\/files\/2026\/03\/IMG_9359-1536x1152.jpg 1536w, https:\/\/wordpress.nibis.de\/nordloh\/files\/2026\/03\/IMG_9359-2048x1536.jpg 2048w\" sizes=\"auto, (max-width: 800px) 100vw, 800px\" \/><\/figure>\n\n\n\n<figure class=\"wp-block-image size-large\"><img loading=\"lazy\" decoding=\"async\" width=\"450\" height=\"600\" data-id=\"1324\" src=\"https:\/\/wordpress.nibis.de\/nordloh\/files\/2026\/03\/IMG_9361-450x600.jpg\" alt=\"\" class=\"wp-image-1324\" srcset=\"https:\/\/wordpress.nibis.de\/nordloh\/files\/2026\/03\/IMG_9361-450x600.jpg 450w, https:\/\/wordpress.nibis.de\/nordloh\/files\/2026\/03\/IMG_9361-225x300.jpg 225w, https:\/\/wordpress.nibis.de\/nordloh\/files\/2026\/03\/IMG_9361-768x1024.jpg 768w, https:\/\/wordpress.nibis.de\/nordloh\/files\/2026\/03\/IMG_9361-100x133.jpg 100w, https:\/\/wordpress.nibis.de\/nordloh\/files\/2026\/03\/IMG_9361-1152x1536.jpg 1152w, https:\/\/wordpress.nibis.de\/nordloh\/files\/2026\/03\/IMG_9361-1536x2048.jpg 1536w, https:\/\/wordpress.nibis.de\/nordloh\/files\/2026\/03\/IMG_9361-scaled.jpg 1920w\" sizes=\"auto, (max-width: 450px) 100vw, 450px\" \/><\/figure>\n\n\n\n<figure class=\"wp-block-image size-large\"><img loading=\"lazy\" decoding=\"async\" width=\"450\" height=\"600\" data-id=\"1325\" src=\"https:\/\/wordpress.nibis.de\/nordloh\/files\/2026\/03\/IMG_9363-450x600.jpg\" alt=\"\" class=\"wp-image-1325\" srcset=\"https:\/\/wordpress.nibis.de\/nordloh\/files\/2026\/03\/IMG_9363-450x600.jpg 450w, https:\/\/wordpress.nibis.de\/nordloh\/files\/2026\/03\/IMG_9363-225x300.jpg 225w, https:\/\/wordpress.nibis.de\/nordloh\/files\/2026\/03\/IMG_9363-768x1024.jpg 768w, https:\/\/wordpress.nibis.de\/nordloh\/files\/2026\/03\/IMG_9363-100x133.jpg 100w, https:\/\/wordpress.nibis.de\/nordloh\/files\/2026\/03\/IMG_9363-1152x1536.jpg 1152w, https:\/\/wordpress.nibis.de\/nordloh\/files\/2026\/03\/IMG_9363-1536x2048.jpg 1536w, https:\/\/wordpress.nibis.de\/nordloh\/files\/2026\/03\/IMG_9363-scaled.jpg 1920w\" sizes=\"auto, (max-width: 450px) 100vw, 450px\" \/><\/figure>\n<\/figure>\n\n\n\n<p><\/p>\n\n\n\n<p style=\"font-size:20px\"><strong>Autorenlesung mit Karin Jenta<\/strong><\/p>\n\n\n\n<p>Am Dienstag, 23. September hat Frau Jenta aus ihrem Buch &#8222;Brandgefahren im Haus&#8220; vorgelesen. Dank der Firma \u201eBestattungen Sassen\u201c aus Godensholt erhielt jedes Kind ein Exemplar des Buches. Vielen herzlichen Dank an Familie Sassen.<\/p>\n\n\n\n<figure class=\"wp-block-gallery has-nested-images columns-default is-cropped wp-block-gallery-5 is-layout-flex wp-block-gallery-is-layout-flex\">\n<figure class=\"wp-block-image size-large\"><img loading=\"lazy\" decoding=\"async\" width=\"800\" height=\"600\" data-id=\"1310\" src=\"https:\/\/wordpress.nibis.de\/nordloh\/files\/2026\/03\/IMG_9365-800x600.jpg\" alt=\"\" class=\"wp-image-1310\" srcset=\"https:\/\/wordpress.nibis.de\/nordloh\/files\/2026\/03\/IMG_9365-800x600.jpg 800w, https:\/\/wordpress.nibis.de\/nordloh\/files\/2026\/03\/IMG_9365-300x225.jpg 300w, https:\/\/wordpress.nibis.de\/nordloh\/files\/2026\/03\/IMG_9365-768x576.jpg 768w, https:\/\/wordpress.nibis.de\/nordloh\/files\/2026\/03\/IMG_9365-100x75.jpg 100w, https:\/\/wordpress.nibis.de\/nordloh\/files\/2026\/03\/IMG_9365-1536x1152.jpg 1536w, https:\/\/wordpress.nibis.de\/nordloh\/files\/2026\/03\/IMG_9365.jpg 1600w\" sizes=\"auto, (max-width: 800px) 100vw, 800px\" \/><\/figure>\n\n\n\n<figure class=\"wp-block-image size-large\"><img loading=\"lazy\" decoding=\"async\" width=\"450\" height=\"600\" data-id=\"1311\" src=\"https:\/\/wordpress.nibis.de\/nordloh\/files\/2026\/03\/IMG_9351-450x600.jpeg\" alt=\"\" class=\"wp-image-1311\" srcset=\"https:\/\/wordpress.nibis.de\/nordloh\/files\/2026\/03\/IMG_9351-450x600.jpeg 450w, https:\/\/wordpress.nibis.de\/nordloh\/files\/2026\/03\/IMG_9351-225x300.jpeg 225w, https:\/\/wordpress.nibis.de\/nordloh\/files\/2026\/03\/IMG_9351-768x1024.jpeg 768w, https:\/\/wordpress.nibis.de\/nordloh\/files\/2026\/03\/IMG_9351-100x133.jpeg 100w, https:\/\/wordpress.nibis.de\/nordloh\/files\/2026\/03\/IMG_9351-1152x1536.jpeg 1152w, https:\/\/wordpress.nibis.de\/nordloh\/files\/2026\/03\/IMG_9351-1536x2048.jpeg 1536w, https:\/\/wordpress.nibis.de\/nordloh\/files\/2026\/03\/IMG_9351-scaled.jpeg 1920w\" sizes=\"auto, (max-width: 450px) 100vw, 450px\" \/><\/figure>\n\n\n\n<figure class=\"wp-block-image size-large\"><img loading=\"lazy\" decoding=\"async\" width=\"800\" height=\"600\" data-id=\"1312\" src=\"https:\/\/wordpress.nibis.de\/nordloh\/files\/2026\/03\/IMG_9356-800x600.jpg\" alt=\"\" class=\"wp-image-1312\" srcset=\"https:\/\/wordpress.nibis.de\/nordloh\/files\/2026\/03\/IMG_9356-800x600.jpg 800w, https:\/\/wordpress.nibis.de\/nordloh\/files\/2026\/03\/IMG_9356-300x225.jpg 300w, https:\/\/wordpress.nibis.de\/nordloh\/files\/2026\/03\/IMG_9356-768x576.jpg 768w, https:\/\/wordpress.nibis.de\/nordloh\/files\/2026\/03\/IMG_9356-100x75.jpg 100w, https:\/\/wordpress.nibis.de\/nordloh\/files\/2026\/03\/IMG_9356-1536x1152.jpg 1536w, https:\/\/wordpress.nibis.de\/nordloh\/files\/2026\/03\/IMG_9356-2048x1536.jpg 2048w\" sizes=\"auto, (max-width: 800px) 100vw, 800px\" \/><\/figure>\n<\/figure>\n\n\n\n<p><\/p>\n\n\n\n<p><strong>Einschulungsgottesdienst und Einschulungsfeier<\/strong><\/p>\n\n\n\n<p>In diesem Schuljahr begr\u00fc\u00dfen wir 21 neue Erstkl\u00e4ssler an unserer Schule.<\/p>\n\n\n\n<p>Am Freitag (15.08.2025) fand der Einschulungsgottesdienst f\u00fcr unsere neuen Erstkl\u00e4ssler in der Kapelle Nordloh statt. Wie jedes Jahr machten sich alle Sch\u00fclerinnen und Sch\u00fcler der Schule mit den Lehrkr\u00e4ften zu Fu\u00df auf den Weg, um bei diesem Gottesdienst dabei zu sein. Auch ein hierf\u00fcr bereits einstudiertes Lied wurde zu Beginn des Gottesdienstes vorgetragen.<\/p>\n\n\n\n<figure class=\"wp-block-image size-large is-resized is-style-default\"><img loading=\"lazy\" decoding=\"async\" width=\"399\" height=\"600\" src=\"https:\/\/wordpress.nibis.de\/nordloh\/files\/2025\/08\/IMG_9112-399x600.jpg\" alt=\"\" class=\"wp-image-1159\" style=\"width:164px;height:246px\" srcset=\"https:\/\/wordpress.nibis.de\/nordloh\/files\/2025\/08\/IMG_9112-399x600.jpg 399w, https:\/\/wordpress.nibis.de\/nordloh\/files\/2025\/08\/IMG_9112-200x300.jpg 200w, https:\/\/wordpress.nibis.de\/nordloh\/files\/2025\/08\/IMG_9112-768x1154.jpg 768w, https:\/\/wordpress.nibis.de\/nordloh\/files\/2025\/08\/IMG_9112-1022x1536.jpg 1022w, https:\/\/wordpress.nibis.de\/nordloh\/files\/2025\/08\/IMG_9112.jpg 1340w\" sizes=\"auto, (max-width: 399px) 100vw, 399px\" \/><\/figure>\n\n\n\n<p>Am Samstag (16.08.2025) fand dann die Einschulungsfeier in unserer Schule statt. Wir bedanken uns bei den Eltern der zweiten Klasse f\u00fcr die Organisation und Durchf\u00fchrung der Cafeteria am Samstag sowie bei unserem F\u00f6rderverein f\u00fcr die Bereitstellung der Tontechnik. Ein besonderes Dankesch\u00f6n geht an die Kinder der Klasse 4 f\u00fcr die Auff\u00fchrung des Theaterst\u00fcckes \u201eEine Zwergeneinschulung\u201c. Das war wirklich sehr sch\u00f6n! <\/p>\n\n\n\n<figure class=\"wp-block-gallery has-nested-images columns-default is-cropped wp-block-gallery-6 is-layout-flex wp-block-gallery-is-layout-flex\">\n<figure class=\"wp-block-image size-large\"><img loading=\"lazy\" decoding=\"async\" width=\"450\" height=\"600\" data-id=\"1160\" src=\"https:\/\/wordpress.nibis.de\/nordloh\/files\/2025\/08\/Image-1-1-450x600.jpg\" alt=\"\" class=\"wp-image-1160\" srcset=\"https:\/\/wordpress.nibis.de\/nordloh\/files\/2025\/08\/Image-1-1-450x600.jpg 450w, https:\/\/wordpress.nibis.de\/nordloh\/files\/2025\/08\/Image-1-1-225x300.jpg 225w, https:\/\/wordpress.nibis.de\/nordloh\/files\/2025\/08\/Image-1-1-768x1024.jpg 768w, https:\/\/wordpress.nibis.de\/nordloh\/files\/2025\/08\/Image-1-1-1152x1536.jpg 1152w, https:\/\/wordpress.nibis.de\/nordloh\/files\/2025\/08\/Image-1-1.jpg 1536w\" sizes=\"auto, (max-width: 450px) 100vw, 450px\" \/><\/figure>\n\n\n\n<figure class=\"wp-block-image size-large\"><img loading=\"lazy\" decoding=\"async\" width=\"800\" height=\"600\" data-id=\"1161\" src=\"https:\/\/wordpress.nibis.de\/nordloh\/files\/2025\/08\/Image-1-3-800x600.jpg\" alt=\"\" class=\"wp-image-1161\" srcset=\"https:\/\/wordpress.nibis.de\/nordloh\/files\/2025\/08\/Image-1-3-800x600.jpg 800w, https:\/\/wordpress.nibis.de\/nordloh\/files\/2025\/08\/Image-1-3-300x225.jpg 300w, https:\/\/wordpress.nibis.de\/nordloh\/files\/2025\/08\/Image-1-3-768x576.jpg 768w, https:\/\/wordpress.nibis.de\/nordloh\/files\/2025\/08\/Image-1-3-1536x1152.jpg 1536w, https:\/\/wordpress.nibis.de\/nordloh\/files\/2025\/08\/Image-1-3.jpg 2048w\" sizes=\"auto, (max-width: 800px) 100vw, 800px\" \/><\/figure>\n\n\n\n<figure class=\"wp-block-image size-large\"><img loading=\"lazy\" decoding=\"async\" width=\"450\" height=\"600\" data-id=\"1162\" src=\"https:\/\/wordpress.nibis.de\/nordloh\/files\/2025\/08\/Image-1-450x600.jpg\" alt=\"\" class=\"wp-image-1162\" srcset=\"https:\/\/wordpress.nibis.de\/nordloh\/files\/2025\/08\/Image-1-450x600.jpg 450w, https:\/\/wordpress.nibis.de\/nordloh\/files\/2025\/08\/Image-1-225x300.jpg 225w, https:\/\/wordpress.nibis.de\/nordloh\/files\/2025\/08\/Image-1-768x1024.jpg 768w, https:\/\/wordpress.nibis.de\/nordloh\/files\/2025\/08\/Image-1-1152x1536.jpg 1152w, https:\/\/wordpress.nibis.de\/nordloh\/files\/2025\/08\/Image-1.jpg 1536w\" sizes=\"auto, (max-width: 450px) 100vw, 450px\" \/><\/figure>\n<\/figure>\n\n\n\n<p><strong>Verabschiedung Frau H\u00e4ger<\/strong><\/p>\n\n\n\n<p>Unsere langj\u00e4hrige P\u00e4dagogische Mitarbeiterin Frau H\u00e4ger ist zum Ende des Schuljahres 2024\/2025 in den Ruhestand gegangen. Am Mittwoch, den 02. Juli 2025 wurde sie w\u00e4hrend unseres Sommerforums feierlich verabschiedet. Alle Kinder der Grundschule hatten zusammen ein Abschiedslied einge\u00fcbt und es wurde ein Abschiedsgeschenk \u00fcberreicht.<br>Wir w\u00fcnschen Frau H\u00e4ger alles Gute und bedanken uns sehr f\u00fcr ihren stets engagierten, herzlichen und zuverl\u00e4ssigen Einsatz an unserer Schule.<\/p>\n\n\n\n<figure class=\"wp-block-gallery has-nested-images columns-default is-cropped wp-block-gallery-7 is-layout-flex wp-block-gallery-is-layout-flex\">\n<figure class=\"wp-block-image size-large\"><img loading=\"lazy\" decoding=\"async\" width=\"800\" height=\"600\" data-id=\"1155\" src=\"https:\/\/wordpress.nibis.de\/nordloh\/files\/2025\/08\/IMG_5608-1-800x600.jpg\" alt=\"\" class=\"wp-image-1155\" srcset=\"https:\/\/wordpress.nibis.de\/nordloh\/files\/2025\/08\/IMG_5608-1-800x600.jpg 800w, https:\/\/wordpress.nibis.de\/nordloh\/files\/2025\/08\/IMG_5608-1-300x225.jpg 300w, https:\/\/wordpress.nibis.de\/nordloh\/files\/2025\/08\/IMG_5608-1-768x576.jpg 768w, https:\/\/wordpress.nibis.de\/nordloh\/files\/2025\/08\/IMG_5608-1-1536x1152.jpg 1536w, https:\/\/wordpress.nibis.de\/nordloh\/files\/2025\/08\/IMG_5608-1.jpg 2048w\" sizes=\"auto, (max-width: 800px) 100vw, 800px\" \/><\/figure>\n\n\n\n<figure class=\"wp-block-image size-large\"><img loading=\"lazy\" decoding=\"async\" width=\"800\" height=\"600\" data-id=\"1153\" src=\"https:\/\/wordpress.nibis.de\/nordloh\/files\/2025\/08\/IMG_5612-800x600.jpg\" alt=\"\" class=\"wp-image-1153\" srcset=\"https:\/\/wordpress.nibis.de\/nordloh\/files\/2025\/08\/IMG_5612-800x600.jpg 800w, https:\/\/wordpress.nibis.de\/nordloh\/files\/2025\/08\/IMG_5612-300x225.jpg 300w, https:\/\/wordpress.nibis.de\/nordloh\/files\/2025\/08\/IMG_5612-768x576.jpg 768w, https:\/\/wordpress.nibis.de\/nordloh\/files\/2025\/08\/IMG_5612-1536x1152.jpg 1536w, https:\/\/wordpress.nibis.de\/nordloh\/files\/2025\/08\/IMG_5612.jpg 2048w\" sizes=\"auto, (max-width: 800px) 100vw, 800px\" \/><\/figure>\n<\/figure>\n","protected":false},"excerpt":{"rendered":"<p>Herbstforum vor den Herbstferien Herbstaktion im Schulgarten Die Herbstaktion fand dieses Mal am Freitag, 26. September 2025 bei strahlendem Sonnenschein statt. Dank der vielen Helfer konnten wir alle Arbeiten z\u00fcgig erledigen: Autorenlesung mit Karin Jenta Am Dienstag, 23. September hat &hellip; <a href=\"https:\/\/wordpress.nibis.de\/nordloh\/aktuelles-schuljahr\/\">Weiterlesen <span class=\"meta-nav\">&rarr;<\/span><\/a><\/p>\n","protected":false},"author":9194123,"featured_media":0,"parent":0,"menu_order":0,"comment_status":"closed","ping_status":"closed","template":"","meta":{"footnotes":""},"class_list":["post-145","page","type-page","status-publish","hentry"],"_links":{"self":[{"href":"https:\/\/wordpress.nibis.de\/nordloh\/wp-json\/wp\/v2\/pages\/145","targetHints":{"allow":["GET"]}}],"collection":[{"href":"https:\/\/wordpress.nibis.de\/nordloh\/wp-json\/wp\/v2\/pages"}],"about":[{"href":"https:\/\/wordpress.nibis.de\/nordloh\/wp-json\/wp\/v2\/types\/page"}],"author":[{"embeddable":true,"href":"https:\/\/wordpress.nibis.de\/nordloh\/wp-json\/wp\/v2\/users\/9194123"}],"replies":[{"embeddable":true,"href":"https:\/\/wordpress.nibis.de\/nordloh\/wp-json\/wp\/v2\/comments?post=145"}],"version-history":[{"count":66,"href":"https:\/\/wordpress.nibis.de\/nordloh\/wp-json\/wp\/v2\/pages\/145\/revisions"}],"predecessor-version":[{"id":1373,"href":"https:\/\/wordpress.nibis.de\/nordloh\/wp-json\/wp\/v2\/pages\/145\/revisions\/1373"}],"wp:attachment":[{"href":"https:\/\/wordpress.nibis.de\/nordloh\/wp-json\/wp\/v2\/media?parent=145"}],"curies":[{"name":"wp","href":"https:\/\/api.w.org\/{rel}","templated":true}]}}