{"id":147,"date":"2023-06-20T15:12:31","date_gmt":"2023-06-20T13:12:31","guid":{"rendered":"https:\/\/wordpress.nibis.de\/nordloh\/?page_id=147"},"modified":"2023-10-09T16:43:17","modified_gmt":"2023-10-09T14:43:17","slug":"aus-dem-schulleben","status":"publish","type":"page","link":"https:\/\/wordpress.nibis.de\/nordloh\/aus-dem-schulleben\/","title":{"rendered":"Aus dem Schulleben"},"content":{"rendered":"\n<p>Hier werden Beitr\u00e4ge aus dem aktuellen Schuljahr ver\u00f6ffentlicht.<\/p>\n\n\n\n<p>Beitr\u00e4ge aus den vorherigen Schuljahren sind im Archiv zu finden.<\/p>\n","protected":false},"excerpt":{"rendered":"<p>Hier werden Beitr\u00e4ge aus dem aktuellen Schuljahr ver\u00f6ffentlicht. Beitr\u00e4ge aus den vorherigen Schuljahren sind im Archiv zu finden.<\/p>\n","protected":false},"author":9194123,"featured_media":0,"parent":0,"menu_order":0,"comment_status":"closed","ping_status":"closed","template":"","meta":{"footnotes":""},"class_list":["post-147","page","type-page","status-publish","hentry"],"_links":{"self":[{"href":"https:\/\/wordpress.nibis.de\/nordloh\/wp-json\/wp\/v2\/pages\/147","targetHints":{"allow":["GET"]}}],"collection":[{"href":"https:\/\/wordpress.nibis.de\/nordloh\/wp-json\/wp\/v2\/pages"}],"about":[{"href":"https:\/\/wordpress.nibis.de\/nordloh\/wp-json\/wp\/v2\/types\/page"}],"author":[{"embeddable":true,"href":"https:\/\/wordpress.nibis.de\/nordloh\/wp-json\/wp\/v2\/users\/9194123"}],"replies":[{"embeddable":true,"href":"https:\/\/wordpress.nibis.de\/nordloh\/wp-json\/wp\/v2\/comments?post=147"}],"version-history":[{"count":2,"href":"https:\/\/wordpress.nibis.de\/nordloh\/wp-json\/wp\/v2\/pages\/147\/revisions"}],"predecessor-version":[{"id":381,"href":"https:\/\/wordpress.nibis.de\/nordloh\/wp-json\/wp\/v2\/pages\/147\/revisions\/381"}],"wp:attachment":[{"href":"https:\/\/wordpress.nibis.de\/nordloh\/wp-json\/wp\/v2\/media?parent=147"}],"curies":[{"name":"wp","href":"https:\/\/api.w.org\/{rel}","templated":true}]}}