{"id":160,"date":"2023-06-20T15:21:10","date_gmt":"2023-06-20T13:21:10","guid":{"rendered":"https:\/\/wordpress.nibis.de\/nordloh\/?page_id=160"},"modified":"2024-11-19T11:55:50","modified_gmt":"2024-11-19T10:55:50","slug":"foerderverein","status":"publish","type":"page","link":"https:\/\/wordpress.nibis.de\/nordloh\/foerderverein\/","title":{"rendered":"F\u00f6rderverein"},"content":{"rendered":"\n<p>Unser &#8222;F\u00f6rderverein Grundschule Nordloh e. V.&#8220; wurde am 14. Juni 2007 von Eltern und Kollegen gegr\u00fcndet.<br>Der Verein ist im Vereinsregister eingetragen und die Gemeinn\u00fctzigkeit anerkannt.<br>Somit sind Mitgliedsbeitr\u00e4ge und Spenden steuerlich absetzbar.<\/p>\n\n\n\n<p><strong>Zweck und Ziel des F\u00f6dervereins sind zum Beispiel:<\/strong><\/p>\n\n\n\n<ol class=\"wp-block-list\" type=\"1\"><li>Unterst\u00fctzung der Grundschule Nordloh bei der Erf\u00fcllung von Erziehungs- und Bildungsaufgaben.<\/li><li>F\u00f6rderung kultureller und p\u00e4dagogischer Bestrebungen der Schule.<\/li><li>Pflege der Zusammenarbeit und des Zusammenlebens zwischen Eltern, Lehrern und Sch\u00fclern.<\/li><\/ol>\n\n\n\n<p><strong>Diese Ziele verwirklichen wir unter anderem durch:<\/strong><\/p>\n\n\n\n<ul class=\"wp-block-list\"><li>Unterst\u00fctzung der Schule bei der Gestaltung der Schulgeb\u00e4ude und des Schulhofes<\/li><li>Unterst\u00fctzung und Mitwirkung bei schulischen Veranstaltungen<\/li><li>und vieles mehr<\/li><\/ul>\n\n\n\n<p>Sie k\u00f6nnen uns bei der Verwirklichung dieser Ziele sowohl durch Ihre Mitgliedschaft als auch durch eine Spende unterst\u00fctzen und damit der Schule und unseren Kindern helfen.<br>Schon mit 12,00 Euro im Jahr sind Sie dabei.<\/p>\n\n\n\n<p class=\"has-text-align-center has-medium-font-size\"><a href=\"https:\/\/wordpress.nibis.de\/nordloh\/files\/2024\/08\/FV_GSNordloh_Beitrittserklaerung.pdf\">Beitrittserkl\u00e4rung<\/a><\/p>\n\n\n\n<p>Die aktuelle Satzung finden Sie hier: <\/p>\n\n\n\n<p><a href=\"https:\/\/wordpress.nibis.de\/nordloh\/files\/2024\/08\/Satzung-des-Foerdervereins-der-Grundschule-Nordloh.pdf\">Satzung des F\u00f6rdervereins der Grundschule Nordloh e. V.<\/a><\/p>\n\n\n\n<figure class=\"wp-block-table is-style-regular\"><table><tbody><tr><td><strong>1. Vorsitzende:<\/strong><\/td><td><strong>2. Vorsitzende:<\/strong><\/td><\/tr><tr><td>Frau Kira Middendorf<\/td><td>Frau Kira Frerichs<\/td><\/tr><tr><td><br>Bankverbindung:&nbsp;Volksbank Oldenburg eG<br>IBAN: DE26 2806 1822 1234 836800<br>BIC: GENODEF1EDE<\/td><\/tr><\/tbody><\/table><\/figure>\n","protected":false},"excerpt":{"rendered":"<p>Unser &#8222;F\u00f6rderverein Grundschule Nordloh e. V.&#8220; wurde am 14. Juni 2007 von Eltern und Kollegen gegr\u00fcndet.Der Verein ist im Vereinsregister eingetragen und die Gemeinn\u00fctzigkeit anerkannt.Somit sind Mitgliedsbeitr\u00e4ge und Spenden steuerlich absetzbar. Zweck und Ziel des F\u00f6dervereins sind zum Beispiel: Unterst\u00fctzung &hellip; <a href=\"https:\/\/wordpress.nibis.de\/nordloh\/foerderverein\/\">Weiterlesen <span class=\"meta-nav\">&rarr;<\/span><\/a><\/p>\n","protected":false},"author":9194123,"featured_media":0,"parent":0,"menu_order":0,"comment_status":"closed","ping_status":"closed","template":"","meta":{"footnotes":""},"class_list":["post-160","page","type-page","status-publish","hentry"],"_links":{"self":[{"href":"https:\/\/wordpress.nibis.de\/nordloh\/wp-json\/wp\/v2\/pages\/160","targetHints":{"allow":["GET"]}}],"collection":[{"href":"https:\/\/wordpress.nibis.de\/nordloh\/wp-json\/wp\/v2\/pages"}],"about":[{"href":"https:\/\/wordpress.nibis.de\/nordloh\/wp-json\/wp\/v2\/types\/page"}],"author":[{"embeddable":true,"href":"https:\/\/wordpress.nibis.de\/nordloh\/wp-json\/wp\/v2\/users\/9194123"}],"replies":[{"embeddable":true,"href":"https:\/\/wordpress.nibis.de\/nordloh\/wp-json\/wp\/v2\/comments?post=160"}],"version-history":[{"count":11,"href":"https:\/\/wordpress.nibis.de\/nordloh\/wp-json\/wp\/v2\/pages\/160\/revisions"}],"predecessor-version":[{"id":795,"href":"https:\/\/wordpress.nibis.de\/nordloh\/wp-json\/wp\/v2\/pages\/160\/revisions\/795"}],"wp:attachment":[{"href":"https:\/\/wordpress.nibis.de\/nordloh\/wp-json\/wp\/v2\/media?parent=160"}],"curies":[{"name":"wp","href":"https:\/\/api.w.org\/{rel}","templated":true}]}}