{"id":162,"date":"2023-06-20T15:21:31","date_gmt":"2023-06-20T13:21:31","guid":{"rendered":"https:\/\/wordpress.nibis.de\/nordloh\/?page_id=162"},"modified":"2023-08-19T15:23:47","modified_gmt":"2023-08-19T13:23:47","slug":"buecherei","status":"publish","type":"page","link":"https:\/\/wordpress.nibis.de\/nordloh\/buecherei\/","title":{"rendered":"B\u00fccherei"},"content":{"rendered":"\n<p>Wir haben in unserer Schule eine kleine Schulb\u00fccherei, welche haupts\u00e4chlich durch die ehrenamtlichen \u201eB\u00fcchereim\u00fctter\u201c gef\u00fchrt wird. <\/p>\n\n\n\n<p>Die B\u00fccherei hat alle zwei Wochen dienstags von 9 &#8211; 11 Uhr f\u00fcr alle Kinder der Schule ge\u00f6ffnet. In dieser Zeit k\u00f6nnen die Kinder sowohl in den Pausen, als auch in der Unterrichtszeit dorthin gehen und B\u00fccher ausleihen. Au\u00dferhalb dieser Zeit gehen die Lehrerinnen auch mit ihren Klassen zum Lesen und Ausleihen in die B\u00fccherei.<\/p>\n\n\n\n<p>Es gibt eine gro\u00dfe Auswahl an B\u00fcchern f\u00fcr alle Altersklassen.<\/p>\n\n\n\n<p><\/p>\n\n\n\n<figure class=\"wp-block-image size-large\"><img loading=\"lazy\" decoding=\"async\" width=\"800\" height=\"600\" src=\"https:\/\/wordpress.nibis.de\/nordloh\/files\/2023\/08\/IMG_6149-800x600.jpeg\" alt=\"\" class=\"wp-image-254\" srcset=\"https:\/\/wordpress.nibis.de\/nordloh\/files\/2023\/08\/IMG_6149-800x600.jpeg 800w, https:\/\/wordpress.nibis.de\/nordloh\/files\/2023\/08\/IMG_6149-300x225.jpeg 300w, https:\/\/wordpress.nibis.de\/nordloh\/files\/2023\/08\/IMG_6149-768x576.jpeg 768w, https:\/\/wordpress.nibis.de\/nordloh\/files\/2023\/08\/IMG_6149-1536x1152.jpeg 1536w, https:\/\/wordpress.nibis.de\/nordloh\/files\/2023\/08\/IMG_6149-2048x1536.jpeg 2048w\" sizes=\"auto, (max-width: 800px) 100vw, 800px\" \/><\/figure>\n\n\n\n<figure class=\"wp-block-image size-large\"><img loading=\"lazy\" decoding=\"async\" width=\"800\" height=\"600\" src=\"https:\/\/wordpress.nibis.de\/nordloh\/files\/2023\/08\/IMG_6151-800x600.jpeg\" alt=\"\" class=\"wp-image-257\" srcset=\"https:\/\/wordpress.nibis.de\/nordloh\/files\/2023\/08\/IMG_6151-800x600.jpeg 800w, https:\/\/wordpress.nibis.de\/nordloh\/files\/2023\/08\/IMG_6151-300x225.jpeg 300w, https:\/\/wordpress.nibis.de\/nordloh\/files\/2023\/08\/IMG_6151-768x576.jpeg 768w, https:\/\/wordpress.nibis.de\/nordloh\/files\/2023\/08\/IMG_6151-1536x1152.jpeg 1536w, https:\/\/wordpress.nibis.de\/nordloh\/files\/2023\/08\/IMG_6151-2048x1536.jpeg 2048w\" sizes=\"auto, (max-width: 800px) 100vw, 800px\" \/><\/figure>\n","protected":false},"excerpt":{"rendered":"<p>Wir haben in unserer Schule eine kleine Schulb\u00fccherei, welche haupts\u00e4chlich durch die ehrenamtlichen \u201eB\u00fcchereim\u00fctter\u201c gef\u00fchrt wird. Die B\u00fccherei hat alle zwei Wochen dienstags von 9 &#8211; 11 Uhr f\u00fcr alle Kinder der Schule ge\u00f6ffnet. In dieser Zeit k\u00f6nnen die Kinder &hellip; <a href=\"https:\/\/wordpress.nibis.de\/nordloh\/buecherei\/\">Weiterlesen <span class=\"meta-nav\">&rarr;<\/span><\/a><\/p>\n","protected":false},"author":9194123,"featured_media":0,"parent":0,"menu_order":0,"comment_status":"closed","ping_status":"closed","template":"","meta":{"footnotes":""},"class_list":["post-162","page","type-page","status-publish","hentry"],"_links":{"self":[{"href":"https:\/\/wordpress.nibis.de\/nordloh\/wp-json\/wp\/v2\/pages\/162","targetHints":{"allow":["GET"]}}],"collection":[{"href":"https:\/\/wordpress.nibis.de\/nordloh\/wp-json\/wp\/v2\/pages"}],"about":[{"href":"https:\/\/wordpress.nibis.de\/nordloh\/wp-json\/wp\/v2\/types\/page"}],"author":[{"embeddable":true,"href":"https:\/\/wordpress.nibis.de\/nordloh\/wp-json\/wp\/v2\/users\/9194123"}],"replies":[{"embeddable":true,"href":"https:\/\/wordpress.nibis.de\/nordloh\/wp-json\/wp\/v2\/comments?post=162"}],"version-history":[{"count":5,"href":"https:\/\/wordpress.nibis.de\/nordloh\/wp-json\/wp\/v2\/pages\/162\/revisions"}],"predecessor-version":[{"id":262,"href":"https:\/\/wordpress.nibis.de\/nordloh\/wp-json\/wp\/v2\/pages\/162\/revisions\/262"}],"wp:attachment":[{"href":"https:\/\/wordpress.nibis.de\/nordloh\/wp-json\/wp\/v2\/media?parent=162"}],"curies":[{"name":"wp","href":"https:\/\/api.w.org\/{rel}","templated":true}]}}