{"id":175,"date":"2023-06-20T15:27:34","date_gmt":"2023-06-20T13:27:34","guid":{"rendered":"https:\/\/wordpress.nibis.de\/nordloh\/?page_id=175"},"modified":"2024-02-15T14:10:11","modified_gmt":"2024-02-15T13:10:11","slug":"lesefoerderung","status":"publish","type":"page","link":"https:\/\/wordpress.nibis.de\/nordloh\/lesefoerderung\/","title":{"rendered":"Lesef\u00f6rderung"},"content":{"rendered":"\n<p>Ein Schwerpunkt unserer Arbeit liegt in der F\u00f6rderung der Lesekompetenz<br>unser Sch\u00fclerinnen und Sch\u00fcler. Wir wollen die Leselust wecken und die<br>Lesefertigkeiten und die Leseerfahrungen f\u00f6rdern.<br>Diese Ziele m\u00f6chten wir unter anderem erreichen durch:<\/p>\n\n\n\n<figure class=\"wp-block-table\"><table><tbody><tr><td>&nbsp;<\/td><td><br>das&nbsp;<strong>t\u00e4gliche Lesen<\/strong>&nbsp;eines Textes im&nbsp;Unterricht<\/td><\/tr><tr><td>&nbsp;<\/td><td><br>das regelm\u00e4\u00dfige&nbsp;<strong>Lesen von Ganzschriften&nbsp;<\/strong>in allen Schuljahren<\/td><\/tr><tr><td>&nbsp;<\/td><td><br>die Durchf\u00fchrung von<strong>&nbsp;Lesen\u00e4chten<\/strong><\/td><\/tr><tr><td>&nbsp;<\/td><td><br><strong>B\u00fccherecken in jeder Klasse<\/strong><\/td><\/tr><tr><td>&nbsp;<\/td><td><br>regelm\u00e4\u00dfiger Besuch der<strong>\u00a0<a href=\"https:\/\/wordpress.nibis.de\/nordloh\/buecherei\/\">Schulb\u00fccherei<\/a><\/strong><\/td><\/tr><tr><td>&nbsp;<\/td><td><br>die regelm\u00e4\u00dfige Nutzung des Internetprogramms ANTOLIN zur F\u00f6rderung des Lesens<\/td><\/tr><tr><td>&nbsp;<\/td><td><br>die Durchf\u00fchrung von schulinternen und gemeindeweiten Lesewettbwerben im 3. und 4. Schuljahr<\/td><\/tr><tr><td><\/td><td><a rel=\"noreferrer noopener\" href=\"https:\/\/www.stiftunglesen.de\/aktionen\/welttagdesbuches\/\" target=\"_blank\"><strong>\u201eWelttag des Buches\u201c<\/strong><\/a>&nbsp;<strong>&#8211; Aktion der Stiftung Lesen<\/strong>&nbsp;in Kooperation<br>mit den \u00f6rtlichen Buchhandlungen <br>(Alle Sch\u00fclerinnen und Sch\u00fcler erhalten&nbsp;kostenlos&nbsp;ein Exemplar des Welttag-Buches \u201eIch schenk dir einen Geschichte\u201c)<\/td><\/tr><tr><td><\/td><td><br>Teilnahme am bundesweiten <strong>Vorlesetag<\/strong> mit unterschiedlichen Aktionen,<br>z. B. ein Prominenter liest vor, Gro\u00dfeltern oder Pension\u00e4re lesen vor<\/td><\/tr><tr><td><\/td><td>regelm\u00e4\u00dfige Lesungen von Kinderbuch-Autoren<\/td><\/tr><\/tbody><\/table><\/figure>\n\n\n\n<p><\/p>\n","protected":false},"excerpt":{"rendered":"<p>Ein Schwerpunkt unserer Arbeit liegt in der F\u00f6rderung der Lesekompetenzunser Sch\u00fclerinnen und Sch\u00fcler. Wir wollen die Leselust wecken und dieLesefertigkeiten und die Leseerfahrungen f\u00f6rdern.Diese Ziele m\u00f6chten wir unter anderem erreichen durch: &nbsp; das&nbsp;t\u00e4gliche Lesen&nbsp;eines Textes im&nbsp;Unterricht &nbsp; das regelm\u00e4\u00dfige&nbsp;Lesen von &hellip; <a href=\"https:\/\/wordpress.nibis.de\/nordloh\/lesefoerderung\/\">Weiterlesen <span class=\"meta-nav\">&rarr;<\/span><\/a><\/p>\n","protected":false},"author":9194123,"featured_media":0,"parent":0,"menu_order":0,"comment_status":"closed","ping_status":"closed","template":"","meta":{"footnotes":""},"class_list":["post-175","page","type-page","status-publish","hentry"],"_links":{"self":[{"href":"https:\/\/wordpress.nibis.de\/nordloh\/wp-json\/wp\/v2\/pages\/175","targetHints":{"allow":["GET"]}}],"collection":[{"href":"https:\/\/wordpress.nibis.de\/nordloh\/wp-json\/wp\/v2\/pages"}],"about":[{"href":"https:\/\/wordpress.nibis.de\/nordloh\/wp-json\/wp\/v2\/types\/page"}],"author":[{"embeddable":true,"href":"https:\/\/wordpress.nibis.de\/nordloh\/wp-json\/wp\/v2\/users\/9194123"}],"replies":[{"embeddable":true,"href":"https:\/\/wordpress.nibis.de\/nordloh\/wp-json\/wp\/v2\/comments?post=175"}],"version-history":[{"count":3,"href":"https:\/\/wordpress.nibis.de\/nordloh\/wp-json\/wp\/v2\/pages\/175\/revisions"}],"predecessor-version":[{"id":533,"href":"https:\/\/wordpress.nibis.de\/nordloh\/wp-json\/wp\/v2\/pages\/175\/revisions\/533"}],"wp:attachment":[{"href":"https:\/\/wordpress.nibis.de\/nordloh\/wp-json\/wp\/v2\/media?parent=175"}],"curies":[{"name":"wp","href":"https:\/\/api.w.org\/{rel}","templated":true}]}}