{"id":177,"date":"2023-06-20T15:28:12","date_gmt":"2023-06-20T13:28:12","guid":{"rendered":"https:\/\/wordpress.nibis.de\/nordloh\/?page_id=177"},"modified":"2023-06-20T15:50:07","modified_gmt":"2023-06-20T13:50:07","slug":"impressum-datenschutzerklaerung","status":"publish","type":"page","link":"https:\/\/wordpress.nibis.de\/nordloh\/impressum-datenschutzerklaerung\/","title":{"rendered":"Impressum \/ Datenschutzerkl\u00e4rung"},"content":{"rendered":"\n<p><a rel=\"noreferrer noopener\" href=\"https:\/\/wordpress.nibis.de\/nordloh\/files\/2023\/06\/Datenschutzerkaerung-Schulhomepage-23.pdf\" data-type=\"URL\" data-id=\"https:\/\/wordpress.nibis.de\/nordloh\/files\/2023\/06\/Datenschutzerkaerung-Schulhomepage-23.pdf\" target=\"_blank\">Datenschutzerkl\u00e4rung<\/a><\/p>\n\n\n\n<p>Land Niedersachsen (Diensteanbieter im Sinne des Telemediengesetzes)<\/p>\n\n\n\n<p>Das Land Niedersachsen ist eine juristische Person des \u00f6ffentlichen Rechts<br>vertreten durch<\/p>\n\n\n\n<p>Schulleitung:<br>S\u00fcnje Ufken, Schulleiterin<\/p>\n\n\n\n<p>Grundschule Nordloh<br>Zur Mittelpunktschule 6<br>26689 Apen<br>Tel.: 04499 492<br>Fax: 0449 921549<br>E-Mail: &#x69;&#x6e;&#x66;&#x6f;&#x40;&#x67;&#x73;&#x2d;&#x6e;&#x6f;&#x72;&#x64;&#x6c;&#x6f;&#x68;&#x2e;&#x61;&#x70;&#x65;&#x6e;&#x2e;&#x64;&#x65;<\/p>\n\n\n\n<p>Verantwortlicher f\u00fcr redaktionell-journalistische Angebote i. S. d. \u00a7 55 Abs. 2 Rundfunkstaatsvertrag:<\/p>\n\n\n\n<p>S\u00fcnje Ufken<br>Grundschule Nordloh<br>Zur Mittelpunktschule 6<br>26689 Apen<br>Tel.: 04489 492<\/p>\n\n\n\n<p>Disclaimer<\/p>\n\n\n\n<p>Diese Webseite beinhaltet externe Links. Deren Inhalte entziehen sich unserer Einflussnahme, sodass eine Gew\u00e4hr f\u00fcr solche Inhalte von uns nicht \u00fcbernommen werden kann.<\/p>\n\n\n\n<p>Die Verantwortung liegt stets beim jeweiligen Betreiber der externen Seiten. Zum Zeitpunkt der Verkn\u00fcpfung der externen Links waren keine Rechtsverst\u00f6\u00dfe ersichtlich. Die permanente \u00dcberwachung fremder Inhalte auf Rechtsverst\u00f6\u00dfe ohne konkrete Hinweise ist uns nicht zumutbar.<\/p>\n\n\n\n<p>Sollten wir Kenntnis von Rechtsverletzungen erlangen, werden wir die entsprechenden externen Links unverz\u00fcglich entfernen.<\/p>\n","protected":false},"excerpt":{"rendered":"<p>Datenschutzerkl\u00e4rung Land Niedersachsen (Diensteanbieter im Sinne des Telemediengesetzes) Das Land Niedersachsen ist eine juristische Person des \u00f6ffentlichen Rechtsvertreten durch Schulleitung:S\u00fcnje Ufken, Schulleiterin Grundschule NordlohZur Mittelpunktschule 626689 ApenTel.: 04499 492Fax: 0449 921549E-Mail: &#105;&#x6e;&#102;&#x6f;&#64;&#x67;s&#45;&#x6e;&#111;&#x72;d&#x6c;o&#104;&#x2e;&#97;&#x70;e&#x6e;&#46;&#100;&#x65; Verantwortlicher f\u00fcr redaktionell-journalistische Angebote i. S. d. \u00a7 &hellip; <a href=\"https:\/\/wordpress.nibis.de\/nordloh\/impressum-datenschutzerklaerung\/\">Weiterlesen <span class=\"meta-nav\">&rarr;<\/span><\/a><\/p>\n","protected":false},"author":9194123,"featured_media":0,"parent":0,"menu_order":0,"comment_status":"closed","ping_status":"closed","template":"","meta":{"footnotes":""},"class_list":["post-177","page","type-page","status-publish","hentry"],"_links":{"self":[{"href":"https:\/\/wordpress.nibis.de\/nordloh\/wp-json\/wp\/v2\/pages\/177","targetHints":{"allow":["GET"]}}],"collection":[{"href":"https:\/\/wordpress.nibis.de\/nordloh\/wp-json\/wp\/v2\/pages"}],"about":[{"href":"https:\/\/wordpress.nibis.de\/nordloh\/wp-json\/wp\/v2\/types\/page"}],"author":[{"embeddable":true,"href":"https:\/\/wordpress.nibis.de\/nordloh\/wp-json\/wp\/v2\/users\/9194123"}],"replies":[{"embeddable":true,"href":"https:\/\/wordpress.nibis.de\/nordloh\/wp-json\/wp\/v2\/comments?post=177"}],"version-history":[{"count":4,"href":"https:\/\/wordpress.nibis.de\/nordloh\/wp-json\/wp\/v2\/pages\/177\/revisions"}],"predecessor-version":[{"id":189,"href":"https:\/\/wordpress.nibis.de\/nordloh\/wp-json\/wp\/v2\/pages\/177\/revisions\/189"}],"wp:attachment":[{"href":"https:\/\/wordpress.nibis.de\/nordloh\/wp-json\/wp\/v2\/media?parent=177"}],"curies":[{"name":"wp","href":"https:\/\/api.w.org\/{rel}","templated":true}]}}