{"id":284,"date":"2023-09-05T12:45:33","date_gmt":"2023-09-05T10:45:33","guid":{"rendered":"https:\/\/wordpress.nibis.de\/nordloh\/?page_id=284"},"modified":"2023-09-05T14:56:13","modified_gmt":"2023-09-05T12:56:13","slug":"projektzeitraum-2017-2019","status":"publish","type":"page","link":"https:\/\/wordpress.nibis.de\/nordloh\/projektzeitraum-2017-2019\/","title":{"rendered":"Projektzeitraum 2017-2019"},"content":{"rendered":"\n<p><\/p>\n\n\n\n<p class=\"has-medium-font-size\"><span style=\"text-decoration: underline\" class=\"underline\"><strong>Handlungsfeld 1:<\/strong> &#8222;Asthaufen\/Holzhaufen&#8220;<\/span><\/p>\n\n\n\n<p class=\"has-medium-font-size\">Nach einem Sturm Anfang Oktober 2017 waren auf unsrem Schulgel\u00e4nde drei B\u00e4ume umgeweht&nbsp;&nbsp;und es lagen sehr viele \u00c4ste und Zweige auf dem Schulhof.&nbsp;&nbsp;<br>&nbsp;<br>So entstand die Idee dieses Material f\u00fcr den Bau kleiner Biotope zu nutzen:<\/p>\n\n\n\n<p class=\"has-medium-font-size\">Im Schulgarten entstand aus aufgeschichteten Baumst\u00e4mmen ein Holzhaufen und auf dem Schulgel\u00e4nde aus den Zweigen und d\u00fcnnen \u00c4sten ein Asthaufen.<\/p>\n\n\n\n<figure class=\"wp-block-image size-full\"><img loading=\"lazy\" decoding=\"async\" width=\"430\" height=\"323\" src=\"https:\/\/wordpress.nibis.de\/nordloh\/files\/2023\/09\/17-hga14.jpg\" alt=\"\" class=\"wp-image-307\" srcset=\"https:\/\/wordpress.nibis.de\/nordloh\/files\/2023\/09\/17-hga14.jpg 430w, https:\/\/wordpress.nibis.de\/nordloh\/files\/2023\/09\/17-hga14-300x225.jpg 300w\" sizes=\"auto, (max-width: 430px) 100vw, 430px\" \/><\/figure>\n\n\n\n<figure class=\"wp-block-image size-full\"><img loading=\"lazy\" decoding=\"async\" width=\"552\" height=\"319\" src=\"https:\/\/wordpress.nibis.de\/nordloh\/files\/2023\/09\/19-ah-1-1.jpg\" alt=\"\" class=\"wp-image-309\" srcset=\"https:\/\/wordpress.nibis.de\/nordloh\/files\/2023\/09\/19-ah-1-1.jpg 552w, https:\/\/wordpress.nibis.de\/nordloh\/files\/2023\/09\/19-ah-1-1-300x173.jpg 300w\" sizes=\"auto, (max-width: 552px) 100vw, 552px\" \/><\/figure>\n\n\n\n<p><\/p>\n\n\n\n<p><\/p>\n\n\n\n<p><\/p>\n\n\n\n<p class=\"has-medium-font-size\"><span style=\"text-decoration: underline\" class=\"underline\"><strong>Handlungsfeld 2:<\/strong> Patenschaften zwischen Erst- und Viertkl\u00e4sslern<\/span><\/p>\n\n\n\n<p class=\"has-medium-font-size\">Seit dem Schuljahr 2017\/2018 \u00fcbernehmen die Viertkl\u00e4ssler Patenschaften f\u00fcr die Erstkl\u00e4ssler.&nbsp;&nbsp;<br>Schon vor der Einschulung lernen sich die Kinder am Schnuppertag f\u00fcr Schulanf\u00e4nger kennen.<br>Sie basteln mit den Kleinen und zeigen ihnen das Schulgel\u00e4nde.<\/p>\n\n\n\n<p class=\"has-medium-font-size\">Gerade in den ersten Schulwochen sind die Viertkl\u00e4ssler dann<br>Ansprechpartner f\u00fcr ihre Patenkinder und unterst\u00fctzen sie z.B. beim Lesenlernen.<\/p>\n\n\n\n<figure class=\"wp-block-image size-full\"><img loading=\"lazy\" decoding=\"async\" width=\"505\" height=\"337\" src=\"https:\/\/wordpress.nibis.de\/nordloh\/files\/2023\/09\/19-lp-1.jpg\" alt=\"\" class=\"wp-image-310\" srcset=\"https:\/\/wordpress.nibis.de\/nordloh\/files\/2023\/09\/19-lp-1.jpg 505w, https:\/\/wordpress.nibis.de\/nordloh\/files\/2023\/09\/19-lp-1-300x200.jpg 300w\" sizes=\"auto, (max-width: 505px) 100vw, 505px\" \/><\/figure>\n\n\n\n<figure class=\"wp-block-image size-full\"><img loading=\"lazy\" decoding=\"async\" width=\"351\" height=\"298\" src=\"https:\/\/wordpress.nibis.de\/nordloh\/files\/2023\/09\/19-lp-3.jpg\" alt=\"\" class=\"wp-image-311\" srcset=\"https:\/\/wordpress.nibis.de\/nordloh\/files\/2023\/09\/19-lp-3.jpg 351w, https:\/\/wordpress.nibis.de\/nordloh\/files\/2023\/09\/19-lp-3-300x255.jpg 300w\" sizes=\"auto, (max-width: 351px) 100vw, 351px\" \/><\/figure>\n","protected":false},"excerpt":{"rendered":"<p>Handlungsfeld 1: &#8222;Asthaufen\/Holzhaufen&#8220; Nach einem Sturm Anfang Oktober 2017 waren auf unsrem Schulgel\u00e4nde drei B\u00e4ume umgeweht&nbsp;&nbsp;und es lagen sehr viele \u00c4ste und Zweige auf dem Schulhof.&nbsp;&nbsp;&nbsp;So entstand die Idee dieses Material f\u00fcr den Bau kleiner Biotope zu nutzen: Im Schulgarten &hellip; <a href=\"https:\/\/wordpress.nibis.de\/nordloh\/projektzeitraum-2017-2019\/\">Weiterlesen <span class=\"meta-nav\">&rarr;<\/span><\/a><\/p>\n","protected":false},"author":9194123,"featured_media":0,"parent":0,"menu_order":0,"comment_status":"closed","ping_status":"closed","template":"","meta":{"footnotes":""},"class_list":["post-284","page","type-page","status-publish","hentry"],"_links":{"self":[{"href":"https:\/\/wordpress.nibis.de\/nordloh\/wp-json\/wp\/v2\/pages\/284","targetHints":{"allow":["GET"]}}],"collection":[{"href":"https:\/\/wordpress.nibis.de\/nordloh\/wp-json\/wp\/v2\/pages"}],"about":[{"href":"https:\/\/wordpress.nibis.de\/nordloh\/wp-json\/wp\/v2\/types\/page"}],"author":[{"embeddable":true,"href":"https:\/\/wordpress.nibis.de\/nordloh\/wp-json\/wp\/v2\/users\/9194123"}],"replies":[{"embeddable":true,"href":"https:\/\/wordpress.nibis.de\/nordloh\/wp-json\/wp\/v2\/comments?post=284"}],"version-history":[{"count":3,"href":"https:\/\/wordpress.nibis.de\/nordloh\/wp-json\/wp\/v2\/pages\/284\/revisions"}],"predecessor-version":[{"id":313,"href":"https:\/\/wordpress.nibis.de\/nordloh\/wp-json\/wp\/v2\/pages\/284\/revisions\/313"}],"wp:attachment":[{"href":"https:\/\/wordpress.nibis.de\/nordloh\/wp-json\/wp\/v2\/media?parent=284"}],"curies":[{"name":"wp","href":"https:\/\/api.w.org\/{rel}","templated":true}]}}