{"id":384,"date":"2023-10-09T16:48:01","date_gmt":"2023-10-09T14:48:01","guid":{"rendered":"https:\/\/wordpress.nibis.de\/nordloh\/?page_id=384"},"modified":"2025-07-14T14:02:49","modified_gmt":"2025-07-14T12:02:49","slug":"schulgarten","status":"publish","type":"page","link":"https:\/\/wordpress.nibis.de\/nordloh\/schulgarten\/","title":{"rendered":"Schulgarten"},"content":{"rendered":"\n<p>In unserem Schulgarten k\u00f6nnen unsere Sch\u00fclerinnen und Sch\u00fcler sinnliche, authentische und aktive Begegnungen mit ihrer Umwelt sammeln. Mit Hilfe der Elternschaft wurde er im April 2008 angelegt und in regelm\u00e4\u00dfigen Aktionen gestaltet und gepflegt. Unser Schulgarten ist in zwei Bereiche unterteilt:<\/p>\n\n\n\n<p>In dem einen Teil finden sich Obstb\u00e4ume, Beerenstr\u00e4ucher, das Insektenhotel, die Kr\u00e4uterspirale und der Fu\u00df-F\u00fchlpfad. In dem anderen Teil stehen die Kindern vier Hochbeete sowie weitere Beete zum Bepflanzen zur Verf\u00fcgung. Au\u00dferdem gibt es dort auch Erdbeerbeete und einen alten Bauwagen f\u00fcr die Gartenger\u00e4te.<\/p>\n\n\n\n<p class=\"has-medium-font-size\"><a href=\"https:\/\/wordpress.nibis.de\/nordloh\/herbstaktion-im-schulgarten\/\">Herbstaktion im Schulgarten<\/a> (2023)<\/p>\n\n\n\n<p class=\"has-medium-font-size\"><a href=\"https:\/\/wordpress.nibis.de\/nordloh\/wildbienenhotel\/\">Aufbau eines Wildbienenhotels<\/a> (Mai 2024)<\/p>\n\n\n\n<p class=\"has-medium-font-size\"><a href=\"https:\/\/wordpress.nibis.de\/nordloh\/herbstaktion-im-schulgarten-2\/\">Herbstkation im Schulgarten<\/a> (2024)<\/p>\n\n\n\n<p style=\"font-size:22px\"><span style=\"text-decoration: underline\" class=\"underline\">Fr\u00fchlingsaktion im Schulgarten<\/span><\/p>\n\n\n\n<p>Am 25.04.2025 fand die diesj\u00e4hrige Fr\u00fchlingsaktion in unserem Schulgarten statt. Vielen Dank an die kleinen und gro\u00dfen freiwilligen Helfer und Helferinnen.<\/p>\n\n\n\n<figure class=\"wp-block-gallery has-nested-images columns-default is-cropped wp-block-gallery-1 is-layout-flex wp-block-gallery-is-layout-flex\">\n<figure class=\"wp-block-image size-large\"><img loading=\"lazy\" decoding=\"async\" width=\"480\" height=\"640\" data-id=\"1012\" src=\"https:\/\/wordpress.nibis.de\/nordloh\/files\/2025\/05\/IMG_6301-rotated.jpg\" alt=\"\" class=\"wp-image-1012\" srcset=\"https:\/\/wordpress.nibis.de\/nordloh\/files\/2025\/05\/IMG_6301-rotated.jpg 480w, https:\/\/wordpress.nibis.de\/nordloh\/files\/2025\/05\/IMG_6301-225x300.jpg 225w, https:\/\/wordpress.nibis.de\/nordloh\/files\/2025\/05\/IMG_6301-450x600.jpg 450w\" sizes=\"auto, (max-width: 480px) 100vw, 480px\" \/><\/figure>\n\n\n\n<figure class=\"wp-block-image size-large\"><img loading=\"lazy\" decoding=\"async\" width=\"640\" height=\"480\" data-id=\"1011\" src=\"https:\/\/wordpress.nibis.de\/nordloh\/files\/2025\/05\/IMG_6298.jpg\" alt=\"\" class=\"wp-image-1011\" srcset=\"https:\/\/wordpress.nibis.de\/nordloh\/files\/2025\/05\/IMG_6298.jpg 640w, https:\/\/wordpress.nibis.de\/nordloh\/files\/2025\/05\/IMG_6298-300x225.jpg 300w\" sizes=\"auto, (max-width: 640px) 100vw, 640px\" \/><\/figure>\n\n\n\n<figure class=\"wp-block-image size-large\"><img loading=\"lazy\" decoding=\"async\" width=\"480\" height=\"640\" data-id=\"1010\" src=\"https:\/\/wordpress.nibis.de\/nordloh\/files\/2025\/05\/IMG_6292-rotated.jpg\" alt=\"\" class=\"wp-image-1010\" srcset=\"https:\/\/wordpress.nibis.de\/nordloh\/files\/2025\/05\/IMG_6292-rotated.jpg 480w, https:\/\/wordpress.nibis.de\/nordloh\/files\/2025\/05\/IMG_6292-225x300.jpg 225w, https:\/\/wordpress.nibis.de\/nordloh\/files\/2025\/05\/IMG_6292-450x600.jpg 450w\" sizes=\"auto, (max-width: 480px) 100vw, 480px\" \/><\/figure>\n\n\n\n<figure class=\"wp-block-image size-large\"><img loading=\"lazy\" decoding=\"async\" width=\"640\" height=\"480\" data-id=\"1009\" src=\"https:\/\/wordpress.nibis.de\/nordloh\/files\/2025\/05\/IMG_6291.jpg\" alt=\"\" class=\"wp-image-1009\" srcset=\"https:\/\/wordpress.nibis.de\/nordloh\/files\/2025\/05\/IMG_6291.jpg 640w, https:\/\/wordpress.nibis.de\/nordloh\/files\/2025\/05\/IMG_6291-300x225.jpg 300w\" sizes=\"auto, (max-width: 640px) 100vw, 640px\" \/><\/figure>\n\n\n\n<figure class=\"wp-block-image size-large\"><img loading=\"lazy\" decoding=\"async\" width=\"640\" height=\"480\" data-id=\"1008\" src=\"https:\/\/wordpress.nibis.de\/nordloh\/files\/2025\/05\/IMG_6288.jpg\" alt=\"\" class=\"wp-image-1008\" srcset=\"https:\/\/wordpress.nibis.de\/nordloh\/files\/2025\/05\/IMG_6288.jpg 640w, https:\/\/wordpress.nibis.de\/nordloh\/files\/2025\/05\/IMG_6288-300x225.jpg 300w\" sizes=\"auto, (max-width: 640px) 100vw, 640px\" \/><\/figure>\n\n\n\n<figure class=\"wp-block-image size-large\"><img loading=\"lazy\" decoding=\"async\" width=\"640\" height=\"480\" data-id=\"1007\" src=\"https:\/\/wordpress.nibis.de\/nordloh\/files\/2025\/05\/IMG_6287.jpg\" alt=\"\" class=\"wp-image-1007\" srcset=\"https:\/\/wordpress.nibis.de\/nordloh\/files\/2025\/05\/IMG_6287.jpg 640w, https:\/\/wordpress.nibis.de\/nordloh\/files\/2025\/05\/IMG_6287-300x225.jpg 300w\" sizes=\"auto, (max-width: 640px) 100vw, 640px\" \/><\/figure>\n<\/figure>\n\n\n\n<p><\/p>\n\n\n\n<p style=\"font-size:22px\"><\/p>\n","protected":false},"excerpt":{"rendered":"<p>In unserem Schulgarten k\u00f6nnen unsere Sch\u00fclerinnen und Sch\u00fcler sinnliche, authentische und aktive Begegnungen mit ihrer Umwelt sammeln. Mit Hilfe der Elternschaft wurde er im April 2008 angelegt und in regelm\u00e4\u00dfigen Aktionen gestaltet und gepflegt. Unser Schulgarten ist in zwei Bereiche &hellip; <a href=\"https:\/\/wordpress.nibis.de\/nordloh\/schulgarten\/\">Weiterlesen <span class=\"meta-nav\">&rarr;<\/span><\/a><\/p>\n","protected":false},"author":9194123,"featured_media":0,"parent":0,"menu_order":0,"comment_status":"closed","ping_status":"closed","template":"","meta":{"footnotes":""},"class_list":["post-384","page","type-page","status-publish","hentry"],"_links":{"self":[{"href":"https:\/\/wordpress.nibis.de\/nordloh\/wp-json\/wp\/v2\/pages\/384","targetHints":{"allow":["GET"]}}],"collection":[{"href":"https:\/\/wordpress.nibis.de\/nordloh\/wp-json\/wp\/v2\/pages"}],"about":[{"href":"https:\/\/wordpress.nibis.de\/nordloh\/wp-json\/wp\/v2\/types\/page"}],"author":[{"embeddable":true,"href":"https:\/\/wordpress.nibis.de\/nordloh\/wp-json\/wp\/v2\/users\/9194123"}],"replies":[{"embeddable":true,"href":"https:\/\/wordpress.nibis.de\/nordloh\/wp-json\/wp\/v2\/comments?post=384"}],"version-history":[{"count":7,"href":"https:\/\/wordpress.nibis.de\/nordloh\/wp-json\/wp\/v2\/pages\/384\/revisions"}],"predecessor-version":[{"id":1122,"href":"https:\/\/wordpress.nibis.de\/nordloh\/wp-json\/wp\/v2\/pages\/384\/revisions\/1122"}],"wp:attachment":[{"href":"https:\/\/wordpress.nibis.de\/nordloh\/wp-json\/wp\/v2\/media?parent=384"}],"curies":[{"name":"wp","href":"https:\/\/api.w.org\/{rel}","templated":true}]}}