{"id":761,"date":"2024-10-24T16:32:49","date_gmt":"2024-10-24T14:32:49","guid":{"rendered":"https:\/\/wordpress.nibis.de\/nordloh\/?page_id=761"},"modified":"2024-10-24T16:35:11","modified_gmt":"2024-10-24T14:35:11","slug":"generalprobe","status":"publish","type":"page","link":"https:\/\/wordpress.nibis.de\/nordloh\/generalprobe\/","title":{"rendered":"Generalprobe"},"content":{"rendered":"\n<p>Am Donnerstag, 24.10.24 kamen die &#8222;Blindfische&#8220; zu uns in die Schule, um mit unseren AG-Kindern f\u00fcr den Auftritt beim Aper Marikt am Sonntag zu \u00fcben:<\/p>\n\n\n\n<figure class=\"wp-block-image size-full\"><img loading=\"lazy\" decoding=\"async\" width=\"640\" height=\"353\" src=\"https:\/\/wordpress.nibis.de\/nordloh\/files\/2024\/10\/24-gp-bf3.jpg\" alt=\"\" class=\"wp-image-745\" srcset=\"https:\/\/wordpress.nibis.de\/nordloh\/files\/2024\/10\/24-gp-bf3.jpg 640w, https:\/\/wordpress.nibis.de\/nordloh\/files\/2024\/10\/24-gp-bf3-300x165.jpg 300w\" sizes=\"auto, (max-width: 640px) 100vw, 640px\" \/><\/figure>\n\n\n\n<figure class=\"wp-block-image size-full\"><img loading=\"lazy\" decoding=\"async\" width=\"640\" height=\"559\" src=\"https:\/\/wordpress.nibis.de\/nordloh\/files\/2024\/10\/24-gp-bf2.jpg\" alt=\"\" class=\"wp-image-744\" srcset=\"https:\/\/wordpress.nibis.de\/nordloh\/files\/2024\/10\/24-gp-bf2.jpg 640w, https:\/\/wordpress.nibis.de\/nordloh\/files\/2024\/10\/24-gp-bf2-300x262.jpg 300w\" sizes=\"auto, (max-width: 640px) 100vw, 640px\" \/><\/figure>\n\n\n\n<figure class=\"wp-block-gallery has-nested-images columns-default is-cropped wp-block-gallery-1 is-layout-flex wp-block-gallery-is-layout-flex\">\n<figure class=\"wp-block-image size-large\"><img loading=\"lazy\" decoding=\"async\" width=\"640\" height=\"480\" data-id=\"749\" src=\"https:\/\/wordpress.nibis.de\/nordloh\/files\/2024\/10\/24-gp-bf5-e1729773431967.jpg\" alt=\"\" class=\"wp-image-749\" srcset=\"https:\/\/wordpress.nibis.de\/nordloh\/files\/2024\/10\/24-gp-bf5-e1729773431967.jpg 640w, https:\/\/wordpress.nibis.de\/nordloh\/files\/2024\/10\/24-gp-bf5-e1729773431967-300x225.jpg 300w\" sizes=\"auto, (max-width: 640px) 100vw, 640px\" \/><\/figure>\n\n\n\n<figure class=\"wp-block-image size-large\"><img loading=\"lazy\" decoding=\"async\" width=\"640\" height=\"480\" data-id=\"746\" src=\"https:\/\/wordpress.nibis.de\/nordloh\/files\/2024\/10\/24-gp-bf4.jpg\" alt=\"\" class=\"wp-image-746\" srcset=\"https:\/\/wordpress.nibis.de\/nordloh\/files\/2024\/10\/24-gp-bf4.jpg 640w, https:\/\/wordpress.nibis.de\/nordloh\/files\/2024\/10\/24-gp-bf4-300x225.jpg 300w\" sizes=\"auto, (max-width: 640px) 100vw, 640px\" \/><\/figure>\n<\/figure>\n\n\n\n<p><\/p>\n\n\n\n<figure class=\"wp-block-image size-full\"><img loading=\"lazy\" decoding=\"async\" width=\"640\" height=\"305\" src=\"https:\/\/wordpress.nibis.de\/nordloh\/files\/2024\/10\/24-gp-bf1.jpg\" alt=\"\" class=\"wp-image-743\" srcset=\"https:\/\/wordpress.nibis.de\/nordloh\/files\/2024\/10\/24-gp-bf1.jpg 640w, https:\/\/wordpress.nibis.de\/nordloh\/files\/2024\/10\/24-gp-bf1-300x143.jpg 300w\" sizes=\"auto, (max-width: 640px) 100vw, 640px\" \/><\/figure>\n\n\n\n<p style=\"font-size:16px\">Jetzt freuen wir uns auf unseren Auftritt und haben schon ganz sch\u00f6n Lampenfieber!<\/p>\n","protected":false},"excerpt":{"rendered":"<p>Am Donnerstag, 24.10.24 kamen die &#8222;Blindfische&#8220; zu uns in die Schule, um mit unseren AG-Kindern f\u00fcr den Auftritt beim Aper Marikt am Sonntag zu \u00fcben: Jetzt freuen wir uns auf unseren Auftritt und haben schon ganz sch\u00f6n Lampenfieber!<\/p>\n","protected":false},"author":9194123,"featured_media":0,"parent":0,"menu_order":0,"comment_status":"closed","ping_status":"closed","template":"","meta":{"footnotes":""},"class_list":["post-761","page","type-page","status-publish","hentry"],"_links":{"self":[{"href":"https:\/\/wordpress.nibis.de\/nordloh\/wp-json\/wp\/v2\/pages\/761","targetHints":{"allow":["GET"]}}],"collection":[{"href":"https:\/\/wordpress.nibis.de\/nordloh\/wp-json\/wp\/v2\/pages"}],"about":[{"href":"https:\/\/wordpress.nibis.de\/nordloh\/wp-json\/wp\/v2\/types\/page"}],"author":[{"embeddable":true,"href":"https:\/\/wordpress.nibis.de\/nordloh\/wp-json\/wp\/v2\/users\/9194123"}],"replies":[{"embeddable":true,"href":"https:\/\/wordpress.nibis.de\/nordloh\/wp-json\/wp\/v2\/comments?post=761"}],"version-history":[{"count":3,"href":"https:\/\/wordpress.nibis.de\/nordloh\/wp-json\/wp\/v2\/pages\/761\/revisions"}],"predecessor-version":[{"id":765,"href":"https:\/\/wordpress.nibis.de\/nordloh\/wp-json\/wp\/v2\/pages\/761\/revisions\/765"}],"wp:attachment":[{"href":"https:\/\/wordpress.nibis.de\/nordloh\/wp-json\/wp\/v2\/media?parent=761"}],"curies":[{"name":"wp","href":"https:\/\/api.w.org\/{rel}","templated":true}]}}