{"id":928,"date":"2025-03-12T12:09:28","date_gmt":"2025-03-12T11:09:28","guid":{"rendered":"https:\/\/wordpress.nibis.de\/nordloh\/?page_id=928"},"modified":"2025-08-26T18:09:59","modified_gmt":"2025-08-26T16:09:59","slug":"projektzeitraum-2024-2026","status":"publish","type":"page","link":"https:\/\/wordpress.nibis.de\/nordloh\/projektzeitraum-2024-2026\/","title":{"rendered":"Projektzeitraum 2024-2026"},"content":{"rendered":"\n<p class=\"has-medium-font-size\"><strong>Handlungsfeld 1:<\/strong>&nbsp;Insektenhotel mit Bl\u00fchfl\u00e4che<\/p>\n\n\n\n<p>Im Projektzeitraum wurde zun\u00e4chst durch eine Kooperation mit dem Werkstattprojekt &#8222;Neue Chancen durch Arbeit f\u00fcr den Naturschutz&#8220; der L\u00e4ndlichen Erwachsenenbildung in Niedersachsen e. V. (LEB) ein Insektenhotel neben dem Eingangsbereich der Schule aufgestellt. <\/p>\n\n\n\n<p>Anschlie\u00dfend konnte bei der Fr\u00fchlingsaktion im Schulgarten eine Bl\u00fchfl\u00e4che f\u00fcr Insekten vor dem Insektenhotel eingerichtet werden.<\/p>\n\n\n\n<figure class=\"wp-block-gallery has-nested-images columns-default is-cropped wp-block-gallery-1 is-layout-flex wp-block-gallery-is-layout-flex\">\n<figure class=\"wp-block-image size-large\"><img loading=\"lazy\" decoding=\"async\" width=\"640\" height=\"480\" data-id=\"1132\" src=\"https:\/\/wordpress.nibis.de\/nordloh\/files\/2025\/08\/IMG_6287.jpg\" alt=\"\" class=\"wp-image-1132\" srcset=\"https:\/\/wordpress.nibis.de\/nordloh\/files\/2025\/08\/IMG_6287.jpg 640w, https:\/\/wordpress.nibis.de\/nordloh\/files\/2025\/08\/IMG_6287-300x225.jpg 300w\" sizes=\"auto, (max-width: 640px) 100vw, 640px\" \/><\/figure>\n\n\n\n<figure class=\"wp-block-image size-large\"><img loading=\"lazy\" decoding=\"async\" width=\"450\" height=\"600\" data-id=\"1136\" src=\"https:\/\/wordpress.nibis.de\/nordloh\/files\/2025\/08\/IMG_8811-450x600.jpg\" alt=\"\" class=\"wp-image-1136\" srcset=\"https:\/\/wordpress.nibis.de\/nordloh\/files\/2025\/08\/IMG_8811-450x600.jpg 450w, https:\/\/wordpress.nibis.de\/nordloh\/files\/2025\/08\/IMG_8811-225x300.jpg 225w, https:\/\/wordpress.nibis.de\/nordloh\/files\/2025\/08\/IMG_8811-768x1024.jpg 768w, https:\/\/wordpress.nibis.de\/nordloh\/files\/2025\/08\/IMG_8811-1152x1536.jpg 1152w, https:\/\/wordpress.nibis.de\/nordloh\/files\/2025\/08\/IMG_8811-rotated.jpg 1512w\" sizes=\"auto, (max-width: 450px) 100vw, 450px\" \/><\/figure>\n\n\n\n<figure class=\"wp-block-image size-large\"><img loading=\"lazy\" decoding=\"async\" width=\"450\" height=\"600\" data-id=\"1135\" src=\"https:\/\/wordpress.nibis.de\/nordloh\/files\/2025\/08\/IMG_8832-450x600.jpg\" alt=\"\" class=\"wp-image-1135\" srcset=\"https:\/\/wordpress.nibis.de\/nordloh\/files\/2025\/08\/IMG_8832-450x600.jpg 450w, https:\/\/wordpress.nibis.de\/nordloh\/files\/2025\/08\/IMG_8832-225x300.jpg 225w, https:\/\/wordpress.nibis.de\/nordloh\/files\/2025\/08\/IMG_8832-768x1024.jpg 768w, https:\/\/wordpress.nibis.de\/nordloh\/files\/2025\/08\/IMG_8832-1152x1536.jpg 1152w, https:\/\/wordpress.nibis.de\/nordloh\/files\/2025\/08\/IMG_8832-rotated.jpg 1512w\" sizes=\"auto, (max-width: 450px) 100vw, 450px\" \/><\/figure>\n\n\n\n<figure class=\"wp-block-image size-large\"><img loading=\"lazy\" decoding=\"async\" width=\"450\" height=\"600\" data-id=\"1134\" src=\"https:\/\/wordpress.nibis.de\/nordloh\/files\/2025\/08\/IMG_9094-450x600.jpg\" alt=\"\" class=\"wp-image-1134\" srcset=\"https:\/\/wordpress.nibis.de\/nordloh\/files\/2025\/08\/IMG_9094-450x600.jpg 450w, https:\/\/wordpress.nibis.de\/nordloh\/files\/2025\/08\/IMG_9094-225x300.jpg 225w, https:\/\/wordpress.nibis.de\/nordloh\/files\/2025\/08\/IMG_9094-768x1024.jpg 768w, https:\/\/wordpress.nibis.de\/nordloh\/files\/2025\/08\/IMG_9094-1152x1536.jpg 1152w, https:\/\/wordpress.nibis.de\/nordloh\/files\/2025\/08\/IMG_9094-rotated.jpg 1512w\" sizes=\"auto, (max-width: 450px) 100vw, 450px\" \/><\/figure>\n\n\n\n<figure class=\"wp-block-image size-large\"><img loading=\"lazy\" decoding=\"async\" width=\"450\" height=\"600\" data-id=\"1133\" src=\"https:\/\/wordpress.nibis.de\/nordloh\/files\/2025\/08\/IMG_9101-450x600.jpg\" alt=\"\" class=\"wp-image-1133\" srcset=\"https:\/\/wordpress.nibis.de\/nordloh\/files\/2025\/08\/IMG_9101-450x600.jpg 450w, https:\/\/wordpress.nibis.de\/nordloh\/files\/2025\/08\/IMG_9101-225x300.jpg 225w, https:\/\/wordpress.nibis.de\/nordloh\/files\/2025\/08\/IMG_9101-768x1024.jpg 768w, https:\/\/wordpress.nibis.de\/nordloh\/files\/2025\/08\/IMG_9101-1152x1536.jpg 1152w, https:\/\/wordpress.nibis.de\/nordloh\/files\/2025\/08\/IMG_9101-rotated.jpg 1512w\" sizes=\"auto, (max-width: 450px) 100vw, 450px\" \/><\/figure>\n\n\n\n<figure class=\"wp-block-image size-large\"><img loading=\"lazy\" decoding=\"async\" width=\"800\" height=\"600\" data-id=\"1138\" src=\"https:\/\/wordpress.nibis.de\/nordloh\/files\/2025\/08\/IMG_9130-800x600.jpg\" alt=\"\" class=\"wp-image-1138\" srcset=\"https:\/\/wordpress.nibis.de\/nordloh\/files\/2025\/08\/IMG_9130-800x600.jpg 800w, https:\/\/wordpress.nibis.de\/nordloh\/files\/2025\/08\/IMG_9130-300x225.jpg 300w, https:\/\/wordpress.nibis.de\/nordloh\/files\/2025\/08\/IMG_9130-768x576.jpg 768w, https:\/\/wordpress.nibis.de\/nordloh\/files\/2025\/08\/IMG_9130-1536x1152.jpg 1536w, https:\/\/wordpress.nibis.de\/nordloh\/files\/2025\/08\/IMG_9130-rotated.jpg 2016w\" sizes=\"auto, (max-width: 800px) 100vw, 800px\" \/><\/figure>\n<\/figure>\n\n\n\n<p class=\"has-medium-font-size\"><strong>Handlungsfeld 2<\/strong>: Lebensraum Wald<\/p>\n\n\n\n<p>Nachdem sich Klasse 4 im Sachunterricht mit dem Thema &#8222;Wald&#8220; besch\u00e4ftigt hatte, besuchten sie Anfang November den Loher Forst. Dort wurden sie von den Mitarbeitern vom Regionalen Umweltbildungszentrum Ammerland in Empfang genommen. Sie erz\u00e4hlten interessante Dinge \u00fcber den Wald und f\u00fchrten Untersuchungen mit der Klasse durch. Es wurde sich mit mit dem Klima des Waldes und dem Alter von B\u00e4umen besch\u00e4ftigt. Au\u00dferdem wurde ein Waldboden-Experiment durchgef\u00fchrt. Das war ein interessanter Vormittag.<\/p>\n\n\n\n<figure class=\"wp-block-gallery has-nested-images columns-default is-cropped wp-block-gallery-2 is-layout-flex wp-block-gallery-is-layout-flex\">\n<figure class=\"wp-block-image size-large\"><img loading=\"lazy\" decoding=\"async\" width=\"640\" height=\"480\" data-id=\"809\" src=\"https:\/\/wordpress.nibis.de\/nordloh\/files\/2024\/12\/IMG_5569.jpg\" alt=\"\" class=\"wp-image-809\" srcset=\"https:\/\/wordpress.nibis.de\/nordloh\/files\/2024\/12\/IMG_5569.jpg 640w, https:\/\/wordpress.nibis.de\/nordloh\/files\/2024\/12\/IMG_5569-300x225.jpg 300w\" sizes=\"auto, (max-width: 640px) 100vw, 640px\" \/><\/figure>\n\n\n\n<figure class=\"wp-block-image size-large\"><img loading=\"lazy\" decoding=\"async\" width=\"640\" height=\"480\" data-id=\"808\" src=\"https:\/\/wordpress.nibis.de\/nordloh\/files\/2024\/12\/IMG_5575.jpg\" alt=\"\" class=\"wp-image-808\" srcset=\"https:\/\/wordpress.nibis.de\/nordloh\/files\/2024\/12\/IMG_5575.jpg 640w, https:\/\/wordpress.nibis.de\/nordloh\/files\/2024\/12\/IMG_5575-300x225.jpg 300w\" sizes=\"auto, (max-width: 640px) 100vw, 640px\" \/><\/figure>\n\n\n\n<figure class=\"wp-block-image size-large\"><img loading=\"lazy\" decoding=\"async\" width=\"640\" height=\"480\" data-id=\"807\" src=\"https:\/\/wordpress.nibis.de\/nordloh\/files\/2024\/12\/IMG_5585.jpg\" alt=\"\" class=\"wp-image-807\" srcset=\"https:\/\/wordpress.nibis.de\/nordloh\/files\/2024\/12\/IMG_5585.jpg 640w, https:\/\/wordpress.nibis.de\/nordloh\/files\/2024\/12\/IMG_5585-300x225.jpg 300w\" sizes=\"auto, (max-width: 640px) 100vw, 640px\" \/><\/figure>\n\n\n\n<figure class=\"wp-block-image size-large\"><img loading=\"lazy\" decoding=\"async\" width=\"640\" height=\"480\" data-id=\"810\" src=\"https:\/\/wordpress.nibis.de\/nordloh\/files\/2024\/12\/IMG_5588.jpg\" alt=\"\" class=\"wp-image-810\" srcset=\"https:\/\/wordpress.nibis.de\/nordloh\/files\/2024\/12\/IMG_5588.jpg 640w, https:\/\/wordpress.nibis.de\/nordloh\/files\/2024\/12\/IMG_5588-300x225.jpg 300w\" sizes=\"auto, (max-width: 640px) 100vw, 640px\" \/><\/figure>\n\n\n\n<figure class=\"wp-block-image size-large\"><img loading=\"lazy\" decoding=\"async\" width=\"640\" height=\"480\" data-id=\"811\" src=\"https:\/\/wordpress.nibis.de\/nordloh\/files\/2024\/12\/IMG_5580.jpg\" alt=\"\" class=\"wp-image-811\" srcset=\"https:\/\/wordpress.nibis.de\/nordloh\/files\/2024\/12\/IMG_5580.jpg 640w, https:\/\/wordpress.nibis.de\/nordloh\/files\/2024\/12\/IMG_5580-300x225.jpg 300w\" sizes=\"auto, (max-width: 640px) 100vw, 640px\" \/><\/figure>\n\n\n\n<figure class=\"wp-block-image size-large\"><img loading=\"lazy\" decoding=\"async\" width=\"640\" height=\"480\" data-id=\"812\" src=\"https:\/\/wordpress.nibis.de\/nordloh\/files\/2024\/12\/IMG_5572.jpg\" alt=\"\" class=\"wp-image-812\" srcset=\"https:\/\/wordpress.nibis.de\/nordloh\/files\/2024\/12\/IMG_5572.jpg 640w, https:\/\/wordpress.nibis.de\/nordloh\/files\/2024\/12\/IMG_5572-300x225.jpg 300w\" sizes=\"auto, (max-width: 640px) 100vw, 640px\" \/><\/figure>\n<\/figure>\n","protected":false},"excerpt":{"rendered":"<p>Handlungsfeld 1:&nbsp;Insektenhotel mit Bl\u00fchfl\u00e4che Im Projektzeitraum wurde zun\u00e4chst durch eine Kooperation mit dem Werkstattprojekt &#8222;Neue Chancen durch Arbeit f\u00fcr den Naturschutz&#8220; der L\u00e4ndlichen Erwachsenenbildung in Niedersachsen e. V. (LEB) ein Insektenhotel neben dem Eingangsbereich der Schule aufgestellt. Anschlie\u00dfend konnte bei &hellip; <a href=\"https:\/\/wordpress.nibis.de\/nordloh\/projektzeitraum-2024-2026\/\">Weiterlesen <span class=\"meta-nav\">&rarr;<\/span><\/a><\/p>\n","protected":false},"author":9194123,"featured_media":0,"parent":0,"menu_order":0,"comment_status":"closed","ping_status":"closed","template":"","meta":{"footnotes":""},"class_list":["post-928","page","type-page","status-publish","hentry"],"_links":{"self":[{"href":"https:\/\/wordpress.nibis.de\/nordloh\/wp-json\/wp\/v2\/pages\/928","targetHints":{"allow":["GET"]}}],"collection":[{"href":"https:\/\/wordpress.nibis.de\/nordloh\/wp-json\/wp\/v2\/pages"}],"about":[{"href":"https:\/\/wordpress.nibis.de\/nordloh\/wp-json\/wp\/v2\/types\/page"}],"author":[{"embeddable":true,"href":"https:\/\/wordpress.nibis.de\/nordloh\/wp-json\/wp\/v2\/users\/9194123"}],"replies":[{"embeddable":true,"href":"https:\/\/wordpress.nibis.de\/nordloh\/wp-json\/wp\/v2\/comments?post=928"}],"version-history":[{"count":4,"href":"https:\/\/wordpress.nibis.de\/nordloh\/wp-json\/wp\/v2\/pages\/928\/revisions"}],"predecessor-version":[{"id":1144,"href":"https:\/\/wordpress.nibis.de\/nordloh\/wp-json\/wp\/v2\/pages\/928\/revisions\/1144"}],"wp:attachment":[{"href":"https:\/\/wordpress.nibis.de\/nordloh\/wp-json\/wp\/v2\/media?parent=928"}],"curies":[{"name":"wp","href":"https:\/\/api.w.org\/{rel}","templated":true}]}}