{"id":1013,"date":"2016-06-04T14:00:57","date_gmt":"2016-06-04T12:00:57","guid":{"rendered":"http:\/\/wordpress.nibis.de\/obsbassum\/?page_id=1013"},"modified":"2017-06-24T16:26:35","modified_gmt":"2017-06-24T14:26:35","slug":"varusschlacht-kalkriese-2017","status":"publish","type":"page","link":"https:\/\/wordpress.nibis.de\/obsbassum\/varusschlacht-kalkriese-2017\/","title":{"rendered":"Varusschlacht &#8211; Kalkriese 2017"},"content":{"rendered":"<h1 style=\"text-align: center\"><em><strong><span style=\"font-family: book antiqua,palatino,serif;font-size: 24pt;color: #cca600\">Eintauchen in die r\u00f6mische Antike<\/span><u><br \/>\n<\/u><\/strong><\/em><\/h1>\n<p><a href=\"http:\/\/wordpress.nibis.de\/obsbassum\/aktuelles\/img-20170525-wa0005-2\/\" rel=\"attachment wp-att-1902\"><img loading=\"lazy\" decoding=\"async\" class=\"alignnone wp-image-1902 size-full\" src=\"http:\/\/wordpress.nibis.de\/obsbassum\/files\/2016\/05\/IMG-20170525-WA0005-2.jpg\" alt=\"\" width=\"1024\" height=\"576\" \/><\/a><\/p>\n<p style=\"text-align: justify\"><span style=\"font-family: book antiqua,palatino,serif;font-size: 12pt;color: #275431\"><strong><em>Wie in den letzten Jahren schon, so stand auch in diesem Schuljahr wieder f\u00fcr die 5. Klassen eine Fahrt zum Museum nach Kalkrise auf dem Stundenplan. In diesem Jahr erlebten die Sch\u00fclerInnen dank Herrn Hackmann neben den Eindr\u00fccken w\u00e4hrend des Tages und auch durch ihr eigenes Handeln in der Rolle von R\u00f6mern und Germanen zum ersten Mal, wie es sich anf\u00fchlt, wenn sie entsprechend r\u00f6misch oder germanisch gekleidet sind.<\/em><\/strong><\/span><\/p>\n<p><strong><em>\u00a0 \u00a0 \u00a0 <a href=\"http:\/\/wordpress.nibis.de\/obsbassum\/aktuelles\/img-20170525-wa0012-2\/\" rel=\"attachment wp-att-1904\"><img loading=\"lazy\" decoding=\"async\" class=\"alignnone wp-image-1904 \" src=\"http:\/\/wordpress.nibis.de\/obsbassum\/files\/2016\/05\/IMG-20170525-WA0012-2.jpg\" alt=\"\" width=\"155\" height=\"275\" \/><\/a><a href=\"http:\/\/wordpress.nibis.de\/obsbassum\/aktuelles\/img-20170525-wa0026-2\/\" rel=\"attachment wp-att-1905\"><img loading=\"lazy\" decoding=\"async\" class=\"alignnone wp-image-1905 \" src=\"http:\/\/wordpress.nibis.de\/obsbassum\/files\/2016\/05\/IMG-20170525-WA0026-2.jpg\" alt=\"\" width=\"154\" height=\"274\" \/><\/a><a href=\"http:\/\/wordpress.nibis.de\/obsbassum\/aktuelles\/img-20170525-wa0027-2\/\" rel=\"attachment wp-att-1906\"><img loading=\"lazy\" decoding=\"async\" class=\"alignnone wp-image-1906 \" src=\"http:\/\/wordpress.nibis.de\/obsbassum\/files\/2016\/05\/IMG-20170525-WA0027-2.jpg\" alt=\"\" width=\"154\" height=\"274\" \/><\/a><\/em><\/strong><\/p>\n<p style=\"text-align: justify\"><span style=\"color: #275431;font-size: 12pt;font-family: book antiqua,palatino,serif\"><strong><em>Am Ende fanden sich dann alle Sch\u00fclerInnen im Museum zusammen, um auch hier weitere Fundst\u00fccke betrachten zu k\u00f6nnen und Neues \u00fcber das Zusammentreffen zweier Kulturen zu erfahren.<\/em><\/strong><\/span><strong><em><a href=\"http:\/\/wordpress.nibis.de\/obsbassum\/aktuelles\/img-20170525-wa0006-2\/\" rel=\"attachment wp-att-1903\"><img loading=\"lazy\" decoding=\"async\" class=\"alignnone wp-image-1903 size-full\" src=\"http:\/\/wordpress.nibis.de\/obsbassum\/files\/2016\/05\/IMG-20170525-WA0006-2.jpg\" alt=\"\" width=\"871\" height=\"490\" \/><\/a><\/em><\/strong><\/p>\n","protected":false},"excerpt":{"rendered":"<p>Eintauchen in die r\u00f6mische Antike Wie in den letzten Jahren schon, so stand auch in diesem Schuljahr wieder f\u00fcr die 5. Klassen eine Fahrt zum Museum nach Kalkrise auf dem Stundenplan. In diesem Jahr erlebten die Sch\u00fclerInnen dank Herrn Hackmann neben den Eindr\u00fccken w\u00e4hrend des Tages und auch durch ihr eigenes Handeln in der Rolle [&hellip;]<\/p>\n","protected":false},"author":1006,"featured_media":0,"parent":0,"menu_order":0,"comment_status":"closed","ping_status":"closed","template":"","meta":{"footnotes":""},"class_list":["post-1013","page","type-page","status-publish","hentry"],"_links":{"self":[{"href":"https:\/\/wordpress.nibis.de\/obsbassum\/wp-json\/wp\/v2\/pages\/1013","targetHints":{"allow":["GET"]}}],"collection":[{"href":"https:\/\/wordpress.nibis.de\/obsbassum\/wp-json\/wp\/v2\/pages"}],"about":[{"href":"https:\/\/wordpress.nibis.de\/obsbassum\/wp-json\/wp\/v2\/types\/page"}],"author":[{"embeddable":true,"href":"https:\/\/wordpress.nibis.de\/obsbassum\/wp-json\/wp\/v2\/users\/1006"}],"replies":[{"embeddable":true,"href":"https:\/\/wordpress.nibis.de\/obsbassum\/wp-json\/wp\/v2\/comments?post=1013"}],"version-history":[{"count":6,"href":"https:\/\/wordpress.nibis.de\/obsbassum\/wp-json\/wp\/v2\/pages\/1013\/revisions"}],"predecessor-version":[{"id":1963,"href":"https:\/\/wordpress.nibis.de\/obsbassum\/wp-json\/wp\/v2\/pages\/1013\/revisions\/1963"}],"wp:attachment":[{"href":"https:\/\/wordpress.nibis.de\/obsbassum\/wp-json\/wp\/v2\/media?parent=1013"}],"curies":[{"name":"wp","href":"https:\/\/api.w.org\/{rel}","templated":true}]}}