{"id":1124,"date":"2016-06-13T12:54:10","date_gmt":"2016-06-13T10:54:10","guid":{"rendered":"http:\/\/wordpress.nibis.de\/obsbassum\/?page_id=1124"},"modified":"2021-03-17T14:52:28","modified_gmt":"2021-03-17T13:52:28","slug":"big-challenge","status":"publish","type":"page","link":"https:\/\/wordpress.nibis.de\/obsbassum\/big-challenge\/","title":{"rendered":"BIG-Challenge"},"content":{"rendered":"<p style=\"text-align: justify\"><span style=\"color: #000000;font-family: arial,helvetica,sans-serif;font-size: 24pt\"><strong>Krisenerprobt und willensstark<\/strong><\/span><\/p>\n<p><span style=\"color: #000000;font-family: arial,helvetica,sans-serif;font-size: 18pt\">Abschlussfeiern und Erlebnisse im Coronajahr<\/span><\/p>\n<p style=\"text-align: justify\"><span style=\"font-family: arial,helvetica,sans-serif\"><img loading=\"lazy\" decoding=\"async\" class=\" wp-image-5644 alignleft\" src=\"https:\/\/wordpress.nibis.de\/obsbassum\/files\/2020\/07\/abschlussfoto-850x478.png\" alt=\"\" width=\"238\" height=\"134\" \/>Keine ausgelassene Feier, ein ausgefallener Chaostag, ausgeweitete Bestimmungen und Kontrollen. So haben wir uns alle &#8211; Sch\u00fcler*innen, Lehrkr\u00e4fte und Eltern\/Erziehungsberechtigte &#8211; die typischen Wochen der Abschlussklassen nicht vorgestellt. Aber wir haben es erlebt und r\u00fcckblickend betrachtet gemeistert. Das Jahr 2020 wird vermutlich niemand mehr Zeit seines Lebens vergessen.\u00a0<\/span><\/p>\n<p style=\"text-align: justify\"><span style=\"color: #000000;font-family: arial,helvetica,sans-serif\">Trotz Baustellenl\u00e4rm und halben Klassen, trotz Abstandsregeln und reduzierten Unterrichtsstunden, die Schulabschl\u00fcsse haben sich unsere Sch\u00fcler*innen redlich verdient. Das war auch in diesem Jahr &#8211; nur ganz anders &#8211; ein arbeitsreicher Weg. Stille statt L\u00e4rm, viel Platz statt vieler Schultaschen, das waren unsere typischen Erlebnisse und Eindr\u00fccke der letzten Wochen und Monate. Und gerade wegen dieses abrupt ganz anders verlaufenen (Schul-) Alltags haben alle Sch\u00fcler*innen trotz des Verzichts Wertvolles gewonnen. Sie sind &#8222;krisenerprobt&#8220;. Und was nehmen sie mit aus ihrer zur\u00fcckliegenden Schulzeit? Der Umgang mit ihrem geliebten Dictionary im Englischunterricht ist ihnen vertraut, das lebhafte Diskutieren im Deutschunterricht hat sie Meinungsstark gemacht, die konditionsstarken L\u00e4ufe im Sport haben sie fit gemacht, ja! Aber alle haben sich auch, vielleicht mehr als sonst, organisieren m\u00fcssen, zuhause gelernt und dabei neue, oft digitale Wege beschritten. Das Lernen und Reden miteinander geschah oft nicht von Angesicht zu Angesicht, sondern via Mail, Chat oder die Videokonferenz.\u00a0<\/span><\/p>\n<p style=\"text-align: justify\"><span style=\"font-family: arial,helvetica,sans-serif\">So wie letzten Schulwochen f\u00fcr die Abschlussklassen ungewohnt verliefen, so war auch die Zeugnis\u00fcbergabe dieses Mal\u00a0 ganz anders. Abschl\u00fcsse im Schichtbetrieb. Daf\u00fcr mit vielen wirklich warmen Worten, tiefer Verbundenheit und bestimmt hoffnungsvoller Zuversicht auf das weitere Leben, ob Schule oder Ausbildung.\u00a0<\/span><\/p>\n<p style=\"text-align: justify\"><a href=\"https:\/\/wordpress.nibis.de\/obsbassum\/files\/2020\/07\/Abschluss-OBS-2020_Artikel-KZ_Kreykenbohm.pdf\"><span style=\"color: #ff0000;text-decoration: underline\"><strong><span style=\"font-family: arial,helvetica,sans-serif;font-size: 14pt\">HIER<\/span><\/strong><\/span><\/a><strong><span style=\"color: #ff0000;font-family: arial,helvetica,sans-serif\"> der Artikel der Kreiszeitung<\/span><\/strong><\/p>\n","protected":false},"excerpt":{"rendered":"<p>Krisenerprobt und willensstark Abschlussfeiern und Erlebnisse im Coronajahr Keine ausgelassene Feier, ein ausgefallener Chaostag, ausgeweitete Bestimmungen und Kontrollen. So haben wir uns alle &#8211; Sch\u00fcler*innen, Lehrkr\u00e4fte und Eltern\/Erziehungsberechtigte &#8211; die typischen Wochen der Abschlussklassen nicht vorgestellt. Aber wir haben es erlebt und r\u00fcckblickend betrachtet gemeistert. Das Jahr 2020 wird vermutlich niemand mehr Zeit seines Lebens [&hellip;]<\/p>\n","protected":false},"author":1006,"featured_media":0,"parent":0,"menu_order":0,"comment_status":"closed","ping_status":"closed","template":"","meta":{"footnotes":""},"class_list":["post-1124","page","type-page","status-publish","hentry"],"_links":{"self":[{"href":"https:\/\/wordpress.nibis.de\/obsbassum\/wp-json\/wp\/v2\/pages\/1124","targetHints":{"allow":["GET"]}}],"collection":[{"href":"https:\/\/wordpress.nibis.de\/obsbassum\/wp-json\/wp\/v2\/pages"}],"about":[{"href":"https:\/\/wordpress.nibis.de\/obsbassum\/wp-json\/wp\/v2\/types\/page"}],"author":[{"embeddable":true,"href":"https:\/\/wordpress.nibis.de\/obsbassum\/wp-json\/wp\/v2\/users\/1006"}],"replies":[{"embeddable":true,"href":"https:\/\/wordpress.nibis.de\/obsbassum\/wp-json\/wp\/v2\/comments?post=1124"}],"version-history":[{"count":2,"href":"https:\/\/wordpress.nibis.de\/obsbassum\/wp-json\/wp\/v2\/pages\/1124\/revisions"}],"predecessor-version":[{"id":6288,"href":"https:\/\/wordpress.nibis.de\/obsbassum\/wp-json\/wp\/v2\/pages\/1124\/revisions\/6288"}],"wp:attachment":[{"href":"https:\/\/wordpress.nibis.de\/obsbassum\/wp-json\/wp\/v2\/media?parent=1124"}],"curies":[{"name":"wp","href":"https:\/\/api.w.org\/{rel}","templated":true}]}}