{"id":1126,"date":"2016-06-13T12:54:25","date_gmt":"2016-06-13T10:54:25","guid":{"rendered":"http:\/\/wordpress.nibis.de\/obsbassum\/?page_id=1126"},"modified":"2022-12-09T08:51:47","modified_gmt":"2022-12-09T07:51:47","slug":"vorlesewettbewerb","status":"publish","type":"page","link":"https:\/\/wordpress.nibis.de\/obsbassum\/vorlesewettbewerb\/","title":{"rendered":"Vorlesewettbewerb"},"content":{"rendered":"<p style=\"text-align: justify\"><span style=\"font-family: arial, helvetica, sans-serif;font-size: 24pt\"><strong>Der Vorlesewettbewerb 2020\/2021<\/strong><\/span><\/p>\n<p style=\"text-align: justify\"><span style=\"font-family: arial, helvetica, sans-serif;font-size: 18pt\"><strong> Lena Wick vom Gymnasium Bruchhausen-Vilsen Siegerin der Region Diepholz Nordost<\/strong><\/span><\/p>\n<p style=\"text-align: justify\"><span style=\"font-size: 18pt\"><strong><span style=\"font-family: arial, helvetica, sans-serif;color: #000000\">OBS Bassum mit gymnasialem Zweig Ausrichter des digitalen Regionalentscheids<\/span><\/strong><\/span><\/p>\n<p style=\"text-align: justify\"><span style=\"font-family: arial, helvetica, sans-serif;color: #000000;font-size: 12pt\">Wer ist die beste Vorleserin oder der beste Vorleser der Region Diepholz Nordost? Der Regionalentscheid der 62. Runde des Vorlesewettbewerbs fand\u00a0 in diesem Jahr digital per Video-Einreichung statt. Die f\u00fcnf Schulsieger*innen der Schulen aus Weyhe, Stuhr (2), Bassum und Bruchhausen-Vilsen konnten ihren Vorlesebeitrag bis Mitte Februar aufzeichnen und \u00fcber das Video-Portal des Wettbewerbs hochladen.\u00a0<\/span><\/p>\n<p style=\"text-align: justify\"><span style=\"font-family: arial, helvetica, sans-serif;color: #000000;font-size: 12pt\">Ausgerichtet wurde der Regionalentscheid in diesem Jahr von der Bassumer Oberschule mit gymnasialem Zweig. Die Jury, bestehend aus drei Lehrerinnen und einem Lehrer, sichtete und bewertete alle eingereichten Video-Beitr\u00e4ge und gab am 03. M\u00e4rz das Ergebnis bekannt: \u201eDie Entscheidung fiel uns nicht leicht, denn alle f\u00fcnf Kandidat*innen k\u00f6nnen ausgesprochen gut lesen und haben uns sehr beeindruckt\u201c, so die Organisatoren. Die Entscheidung fiel schlie\u00dflich auf Lena Wick vom Gymnasium Bruchhausen-Vilsen, die aus dem Buch \u201ePercy Jackson \u2013 Diebe im Olymp\u201c von Rick Riordan vorlas und nun im nachfolgenden Bezirksentscheid antreten darf.<\/span><\/p>\n<p style=\"text-align: justify\"><span style=\"font-family: arial, helvetica, sans-serif;color: #000000;font-size: 12pt\">An den Vorlese-Entscheiden der St\u00e4dte und Landkreise beteiligten sich in diesem Jahr bundesweit mehr als 4.300 Schulsieger*innen. Der seit 1959 stattfindende Vorlesewettbewerb ist einer der gr\u00f6\u00dften Sch\u00fclerwettbewerbe Deutschlands. In diesem Jahr waren rund 350.000 Sch\u00fcler*innen 6. Klassen am Start. Er wird von der Stiftung Buchkultur und Lesef\u00f6rderung des B\u00f6rsenvereins des Deutschen Buchhandels veranstaltet und steht unter der Schirmherrschaft des Bundespr\u00e4sidenten. Ziele des Vorlesewettbewerbs sind, die Begeisterung f\u00fcr B\u00fccher in die \u00d6ffentlichkeit zu tragen, Freude am Lesen zu wecken sowie die Lesekompetenz von Kindern zu st\u00e4rken.<\/span><\/p>\n<p style=\"text-align: justify\"><span style=\"font-family: arial, helvetica, sans-serif;color: #000000;font-size: 12pt\">Die Etappen f\u00fchren von der Schule \u00fcber Stadt-\/Kreis-, Bezirks- und L\u00e4nderebene bis zum Bundesfinale, das voraussichtlich im Juni 2021 in Berlin stattfinden wird.<\/span><\/p>\n<p style=\"text-align: justify\"><strong><span style=\"color: #000000;font-family: arial,helvetica,sans-serif;font-size: 18pt\">Schulentscheid 2020<\/span><\/strong><\/p>\n<p style=\"text-align: justify\"><span style=\"color: #000000;font-family: arial, helvetica, sans-serif;font-size: 24pt\"><strong>Wenn \u201e wilde und weise Riesen magische Tiere finden und ein Lotta-Leben f\u00fchren\u201c<\/strong><\/span><\/p>\n<p style=\"text-align: justify\"><span style=\"color: #000000;font-family: arial, helvetica, sans-serif;font-size: 18pt\"><strong>Kawthar Atrissi (6c) gewinnt den Vorlesewettbewerb der OBS<\/strong><\/span><\/p>\n<p style=\"text-align: justify\"><span style=\"color: #000000;font-family: arial, helvetica, sans-serif\"><img loading=\"lazy\" decoding=\"async\" class=\" wp-image-6060 alignleft\" src=\"https:\/\/wordpress.nibis.de\/obsbassum\/files\/2020\/12\/Kawthar-002-476x478.jpg\" alt=\"\" width=\"205\" height=\"206\" \/><span style=\"font-size: 12pt\">Auch dies ist ein Nebeneffekt des \u201eCorona\u201c-Jahres: Lange war Lesen nicht mehr so gefragt, wie jetzt. Das kann man daran erkennen, dass es in diesem Jahr m\u00fchelos gelungen ist, aus jedem Deutsch-Kurs des 6. Jahrgangs etliche Sch\u00fclerInnen zu nominieren, denen das Lesen so gro\u00dfe Freude bereitet, dass sie am Vorlesewettbewerb des B\u00f6rsenvereins des Deutschen Buchhandels teilnehmen wollten.<\/span><\/span><\/p>\n<p style=\"text-align: justify\"><span style=\"font-size: 12pt\"><span style=\"color: #000000;font-family: arial, helvetica, sans-serif\">Nachdem sieben von ihnen die erste H\u00fcrde \u00fcberwunden und den Kurssieg errungen hatten, war es am vergangenen Freitag nun so weit. Im frisch sanierten Forum der Oberschule Bassum starteten sie \u2013 nat\u00fcrlich unter Einhaltung aller Hygienema\u00dfnahmen \u2013 ins gro\u00dfe Finale, kritisch be\u00e4ugt von einer Jury, besetzt aus dem Fachbereichskonferenzleiter<\/span> <span style=\"font-family: arial, helvetica, sans-serif;color: #000000\">Sprachen, vier Deutschlehrerinnen und den beiden Sch\u00fclersprechern Rike Lehmkuhl und Jan-Maris Fehlauer. Auch wenn die Anspannung bei einigen fast greifbar war, lasen sie professionell, stellten ihre B\u00fccher vor und erkl\u00e4rten Hintergr\u00fcnde. Die Bandbreite der Literatur war gro\u00df und es gab auch in diesem Jahr wieder \u201eDauerbrenner\u201c\u00a0 wie die \u201eWilden Kerle\u201c, \u201eHarry Potter\u201c und \u201eDie Schule der magischen Tiere\u201c.<\/span><\/span><\/p>\n<p style=\"text-align: justify\"><span style=\"font-family: arial, helvetica, sans-serif;color: #000000;font-size: 12pt\">Durchgesetzt hat sich Kawthar Atrissi, die sowohl durch Leserichtigkeit, aber auch durch Lebendigkeit und Betonung alle Mitglieder der Jury sofort \u00fcberzeugte und auch die Mitsch\u00fcler in ihren Bann ziehen konnte. Einigkeit herrschte also sofort dar\u00fcber, dass Kawthar die OBS im n\u00e4chsten Regionalentscheid vertreten soll.\u00a0<\/span><\/p>\n<p style=\"text-align: justify\"><strong><span style=\"color: #000000;font-family: arial,helvetica,sans-serif;font-size: 18pt\">Schulentscheid 2019<\/span><\/strong><\/p>\n<p style=\"text-align: justify\"><span style=\"color: #000000;font-family: arial,helvetica,sans-serif\"><strong>I<span style=\"color: #000000\">n<\/span>ka Oyan ist Gewinnerin des Schulentscheids der Oberschule Bassum<\/strong><\/span><br \/>\n<span style=\"color: #000000;font-family: arial,helvetica,sans-serif\"><img loading=\"lazy\" decoding=\"async\" class=\" wp-image-4336 alignleft\" src=\"https:\/\/wordpress.nibis.de\/obsbassum\/files\/2019\/12\/Vorlesewettbewerb-2019-1-850x478.jpg\" alt=\"\" width=\"230\" height=\"129\" \/>\u201eWow! Ein Buch hat meine Fantasie erweckt!\u201c \u2013 rappte Eko Fresh 2019 zum Jubil\u00e4um des Vorlesewettbewerbs des Deutschen Buchhandels. Fantasie bei ihren Zuh\u00f6rerinnen und Zuh\u00f6rern weckte auch Inka beim diesj\u00e4hrigen Schulentscheid unserer Schule Die Sechstkl\u00e4sslerin gewann diesen und setzte sich gegen ihre Mitsch\u00fcler und Mitsch\u00fclerinnen durch. Sie las aus dem Buch \u201eWarrior Cats\u201c von Erin Hunter vor.<\/span><br \/>\n<span style=\"color: #000000;font-family: arial,helvetica,sans-serif\">Die Sch\u00fcler und Sch\u00fclerinnen der Klassen 6 a-d holten auch dieses Jahr ihre Lieblingsb\u00fccher hervor, \u00fcbten flei\u00dfig und lasen sich in den Kursen gegenseitig um die Wette vor, um optimal vorbereitet zu sein auf den 61. Vorlesewettbewerb. Denn nur wer wirklich klar und deutlich vorliest, wer richtig betont und es schafft, mit seinem Vortrag die Fantasie der Zuh\u00f6rer zu erwecken, hat eine Chance auf den Schulsieg. Inka tat dies und qualifizierte sich somit f\u00fcr den Kreisentscheid im Fr\u00fchjahr des n\u00e4chsten Jahres.<\/span><br \/>\n<span style=\"color: #000000;font-family: arial,helvetica,sans-serif\">Bundesweit lesen jedes Jahr rund 600.000 Sch\u00fcler der 6. Klassen beim Vorlesewettbewerb um die Wette. Er ist einer der gr\u00f6\u00dften und traditionsreichsten Sch\u00fclerwettbewerbe Deutschlands und wird vom B\u00f6rsenverein des Deutschen Buchhandels durchgef\u00fchrt.<\/span><br \/>\n<span style=\"color: #000000;font-family: arial,helvetica,sans-serif\">Die Jury \u2013 bestehend aus den Fachlehrkr\u00e4ften Deutsch wurde von Chantale Schumacher und Till Gevers (aktuelle Sch\u00fclersprecher) unterst\u00fctzt.<\/span><\/p>\n","protected":false},"excerpt":{"rendered":"<p>Der Vorlesewettbewerb 2020\/2021 Lena Wick vom Gymnasium Bruchhausen-Vilsen Siegerin der Region Diepholz Nordost OBS Bassum mit gymnasialem Zweig Ausrichter des digitalen Regionalentscheids Wer ist die beste Vorleserin oder der beste Vorleser der Region Diepholz Nordost? Der Regionalentscheid der 62. Runde des Vorlesewettbewerbs fand\u00a0 in diesem Jahr digital per Video-Einreichung statt. Die f\u00fcnf Schulsieger*innen der Schulen [&hellip;]<\/p>\n","protected":false},"author":1006,"featured_media":0,"parent":0,"menu_order":0,"comment_status":"closed","ping_status":"closed","template":"","meta":{"footnotes":""},"class_list":["post-1126","page","type-page","status-publish","hentry"],"_links":{"self":[{"href":"https:\/\/wordpress.nibis.de\/obsbassum\/wp-json\/wp\/v2\/pages\/1126","targetHints":{"allow":["GET"]}}],"collection":[{"href":"https:\/\/wordpress.nibis.de\/obsbassum\/wp-json\/wp\/v2\/pages"}],"about":[{"href":"https:\/\/wordpress.nibis.de\/obsbassum\/wp-json\/wp\/v2\/types\/page"}],"author":[{"embeddable":true,"href":"https:\/\/wordpress.nibis.de\/obsbassum\/wp-json\/wp\/v2\/users\/1006"}],"replies":[{"embeddable":true,"href":"https:\/\/wordpress.nibis.de\/obsbassum\/wp-json\/wp\/v2\/comments?post=1126"}],"version-history":[{"count":11,"href":"https:\/\/wordpress.nibis.de\/obsbassum\/wp-json\/wp\/v2\/pages\/1126\/revisions"}],"predecessor-version":[{"id":7620,"href":"https:\/\/wordpress.nibis.de\/obsbassum\/wp-json\/wp\/v2\/pages\/1126\/revisions\/7620"}],"wp:attachment":[{"href":"https:\/\/wordpress.nibis.de\/obsbassum\/wp-json\/wp\/v2\/media?parent=1126"}],"curies":[{"name":"wp","href":"https:\/\/api.w.org\/{rel}","templated":true}]}}