{"id":1204,"date":"2016-06-19T11:10:15","date_gmt":"2016-06-19T09:10:15","guid":{"rendered":"http:\/\/wordpress.nibis.de\/obsbassum\/?page_id=1204"},"modified":"2016-08-06T07:03:02","modified_gmt":"2016-08-06T05:03:02","slug":"england-spilsby-2015","status":"publish","type":"page","link":"https:\/\/wordpress.nibis.de\/obsbassum\/england-spilsby-2015\/","title":{"rendered":"England &#8211; Spilsby 2015"},"content":{"rendered":"<h1 style=\"text-align: center\"><span style=\"color: #cca600\"><strong><em><span style=\"font-size: 32px;font-family: book antiqua,palatino,serif\">Fahrt nach Spilspy &#8211; der englischen Partnerschaftsstadt\u00a0 Bassums 2015<\/span><br \/><\/em><\/strong><\/span><\/h1>\n<h2 style=\"margin: 0cm 0cm 0pt;line-height: 150%;text-align: justify\"><span style=\"font-size: 24px\"><strong><span style=\"font-family: book antiqua,palatino,serif;color: #cca600\"><em><span style=\"line-height: 150%\">England in 4 Tagen<\/span><span style=\"line-height: 150%\"> (oder wie 14 Jugendliche der OBS Bassum dank des Freundeskreises europ\u00e4ischer Partner e.V. in die Partnerstadt Spilsby fahren durften)<\/span><\/em><\/span><\/strong><\/span><\/h2>\n<p style=\"margin: 0cm 0cm 0pt;line-height: 150%;text-align: justify\"><span style=\"font-family: book antiqua,palatino,serif;font-size: 16px;color: #275431\"><em><span style=\"line-height: 150%\">\u00a0<\/span><\/em><\/span><\/p>\n<h4 style=\"margin: 0cm 0cm 0pt;line-height: 150%;text-align: justify\"><span style=\"line-height: 150%;font-family: 'Times New Roman','serif';font-size: 12pt\"><span style=\"line-height: 115%;font-family: 'Times New Roman','serif';font-size: 14pt\"><strong><span style=\"font-family: book antiqua,palatino,serif;font-size: 16px;color: #275431\"><em>Die Vorsitzende des Freundeskreises europ\u00e4ischer Partner e.V., Frau Block, organisierte erstmalig eine Fahrt so vieler Jugendlicher nach Spilsby, der englischen Partnerstadt Bassums. Auch der B\u00fcrgermeister Herr Porsch nahm an der Fahrt teil.<\/em><\/span><\/strong><\/span><\/span><\/h4>\n<p style=\"margin: 0cm 0cm 0pt;line-height: 150%;text-align: justify\">\u00a0<\/p>\n<p style=\"margin: 0cm 0cm 0pt;line-height: 150%;text-align: justify\"><a href=\"http:\/\/wordpress.nibis.de\/obsbassum\/files\/2016\/05\/Fahrt-nach-Spilsby-2015.jpg\"><img loading=\"lazy\" decoding=\"async\" class=\"aligncenter size-full wp-image-1195\" src=\"http:\/\/wordpress.nibis.de\/obsbassum\/files\/2016\/05\/Fahrt-nach-Spilsby-2015.jpg\" alt=\"Fahrt nach Spilsby 2015\" width=\"447\" height=\"298\" \/><\/a><\/p>\n<p style=\"margin: 0cm 0cm 0pt;line-height: 150%;text-align: justify\">\u00a0<\/p>\n<h4 style=\"margin: 0cm 0cm 0pt;line-height: 150%;text-align: justify\"><span style=\"font-size: 16px;color: #275431\"><span style=\"font-family: book antiqua,palatino,serif\"><strong><em><span style=\"line-height: 150%\">Ebenso u<\/span><\/em><\/strong><\/span><strong><em><span style=\"line-height: 150%;font-family: 'Times New Roman','serif'\"><span style=\"font-family: book antiqua,palatino,serif\">nser Englischlehrer Herr Rosenthal , der uns an dieser Stelle von der Reise berichtet:<\/span> <\/span><\/em><\/strong><\/span><\/h4>\n<h4 style=\"margin: 0cm 0cm 0pt;line-height: 150%;text-align: justify\">\u00a0<\/h4>\n<h4 style=\"margin: 0cm 0cm 0pt;line-height: 150%;text-align: justify\"><span style=\"line-height: 150%;font-family: 'Times New Roman','serif';font-size: 12pt\"><span style=\"color: #275431;font-family: book antiqua,palatino,serif;font-size: 16px\"><em><strong>In den Sommerferien erlebten 14 Sch\u00fclerInnen der Jahrg\u00e4nge 7 und 8 England innerhalb von vier Tagen auf eine besondere Weise. Die Vorsitzende des Freundeskreises europ\u00e4ischer Partner e.V., Frau Block, organisierte erstmalig eine Fahrt so vieler Jugendlicher nach Spilsby, der englischen Partnerstadt Bassums.<\/strong><\/em><\/span><br \/><span style=\"color: #275431;font-family: book antiqua,palatino,serif;font-size: 16px\"><em><strong> Per Flugzeug ab Bremen ging es nach Stansted, dem Flughafen im Norden Londons. Von hier aus ging es mit dem Reisebus nach Lincoln, wo eine beeindruckende Kathedrale und zauberhafte Gassen mit allerlei Kleingesch\u00e4ften warteten. Lincoln war so vielf\u00e4ltig wie der \u201eSteep Hill\u201c unsere Waden forderte.<\/strong><\/em><\/span><br \/><span style=\"color: #275431;font-family: book antiqua,palatino,serif;font-size: 16px\"><em><strong> Spilsby war von hier aus nicht mehr weit entfernt, wo wir sehr herzlich von den Gastfamilien empfangen wurden. Spilsby und Umgebung waren mit bestem Wetter die Garanten f\u00fcr sportliche und technische Herausforderungen sowie die willkommene Erholung am Strand.<\/strong><\/em><\/span><\/span><\/h4>\n<p style=\"margin: 0cm 0cm 0pt;line-height: 150%;text-align: justify\">\u00a0<\/p>\n<p style=\"margin: 0cm 0cm 0pt;line-height: 150%;text-align: justify\"><span style=\"line-height: 150%;font-family: 'Times New Roman','serif';font-size: 12pt\"><span style=\"font-family: book antiqua,palatino,serif;font-size: 16px;color: #275431\"><em><strong>Die Gastfreundschaft der Engl\u00e4nder suchte seinesgleichen: Freitzeitpark am Meer, typisches englisches Buffet und auch sonst errieten sie die W\u00fcnsche, wenn H\u00e4nde und F\u00fc\u00dfe zur Verst\u00e4ndigung nicht mehr ausreichten. Dabei wurde das Sprachniveau der Jugendlichen stets von den Gastgebern gelobt und nachdem die erste Unsicherheit abgelegt war, wurde viel miteinander gelacht und erlebt.<\/strong><\/em><\/span><\/span><\/p>\n<p style=\"margin: 0cm 0cm 0pt;line-height: 150%\">\u00a0<\/p>\n<h4 style=\"margin: 0cm 0cm 0pt;line-height: 150%;text-align: justify\"><span style=\"color: #275431;font-family: book antiqua,palatino,serif;font-size: 16px\"><em><strong><span style=\"line-height: 150%\">Vor dem R\u00fcckflug erkundeten wir noch Cambridge, eine der ber\u00fchmtesten Universit\u00e4tsst\u00e4dte der Welt und sie bot f\u00fcr jeden etwas. Diese gro\u00dfartige M\u00f6glichkeit, die englische Kultur und Lebensart mal aus der N\u00e4he und einer anderen Perspektive zu erleben, muss auch in den n\u00e4chsten Jahren erm\u00f6glicht werden. Zun\u00e4chst einmal stet aber der Gegenbesuch der Engl\u00e4nder im n\u00e4chsten Jahr an und bietet sicher wieder viel Spa\u00df und tolle gemeinsame Erlebnisse.<\/span><\/strong><\/em><\/span><\/h4>\n<p style=\"margin: 0cm 0cm 0pt;line-height: 150%;text-align: justify\">\u00a0<\/p>\n","protected":false},"excerpt":{"rendered":"<p>Fahrt nach Spilspy &#8211; der englischen Partnerschaftsstadt\u00a0 Bassums 2015 England in 4 Tagen (oder wie 14 Jugendliche der OBS Bassum dank des Freundeskreises europ\u00e4ischer Partner e.V. in die Partnerstadt Spilsby fahren durften) \u00a0 Die Vorsitzende des Freundeskreises europ\u00e4ischer Partner e.V., Frau Block, organisierte erstmalig eine Fahrt so vieler Jugendlicher nach Spilsby, der englischen Partnerstadt Bassums. [&hellip;]<\/p>\n","protected":false},"author":1006,"featured_media":0,"parent":0,"menu_order":0,"comment_status":"closed","ping_status":"closed","template":"","meta":{"footnotes":""},"class_list":["post-1204","page","type-page","status-publish","hentry"],"_links":{"self":[{"href":"https:\/\/wordpress.nibis.de\/obsbassum\/wp-json\/wp\/v2\/pages\/1204","targetHints":{"allow":["GET"]}}],"collection":[{"href":"https:\/\/wordpress.nibis.de\/obsbassum\/wp-json\/wp\/v2\/pages"}],"about":[{"href":"https:\/\/wordpress.nibis.de\/obsbassum\/wp-json\/wp\/v2\/types\/page"}],"author":[{"embeddable":true,"href":"https:\/\/wordpress.nibis.de\/obsbassum\/wp-json\/wp\/v2\/users\/1006"}],"replies":[{"embeddable":true,"href":"https:\/\/wordpress.nibis.de\/obsbassum\/wp-json\/wp\/v2\/comments?post=1204"}],"version-history":[{"count":5,"href":"https:\/\/wordpress.nibis.de\/obsbassum\/wp-json\/wp\/v2\/pages\/1204\/revisions"}],"predecessor-version":[{"id":1322,"href":"https:\/\/wordpress.nibis.de\/obsbassum\/wp-json\/wp\/v2\/pages\/1204\/revisions\/1322"}],"wp:attachment":[{"href":"https:\/\/wordpress.nibis.de\/obsbassum\/wp-json\/wp\/v2\/media?parent=1204"}],"curies":[{"name":"wp","href":"https:\/\/api.w.org\/{rel}","templated":true}]}}