{"id":2554,"date":"2018-03-09T12:55:00","date_gmt":"2018-03-09T11:55:00","guid":{"rendered":"http:\/\/wordpress.nibis.de\/obsbassum\/?page_id=2554"},"modified":"2023-11-26T07:14:18","modified_gmt":"2023-11-26T06:14:18","slug":"sj-2017-18","status":"publish","type":"page","link":"https:\/\/wordpress.nibis.de\/obsbassum\/sj-2017-18\/","title":{"rendered":"SJ 2022\/\u00b423"},"content":{"rendered":"\n<p style=\"text-align: justify\"><span style=\"font-size: 24pt;font-family: arial, helvetica, sans-serif;color: #000000\"><strong>Friedenstag an der OBS<\/strong><\/span><\/p>\n<p style=\"text-align: justify\"><span style=\"font-size: 18pt;font-family: arial, helvetica, sans-serif;color: #000000\"><strong>\u201eNiedersachsens Schulen. Klar f\u00fcr Frieden&#8220; <\/strong><\/span><\/p>\n<p style=\"text-align: justify\"><span style=\"font-size: 12pt;font-family: arial, helvetica, sans-serif;color: #000000\">Im Rahmen der Initiative von Kultusminister Tonne fanden in Niedersachsen Projekte und Aktionen im Zeitraum vom 21.09.2022 bis zum 14.10.2022 zum Thema Frieden statt.\u00a0<\/span><\/p>\n<p style=\"text-align: justify\"><span style=\"font-size: 12pt;font-family: arial, helvetica, sans-serif;color: #000000\">An der OBS Bassum mit gymnasialem Zweig fand hierzu ein \u201eFriedenstag\u201c am 13.10.2022 statt. Jahrgangsbezogen wurden unterschiedliche Projekte zum Thema \u201eFrieden\u201c durchgef\u00fchrt.\u00a0<\/span><\/p>\n<p style=\"text-align: justify\"><span style=\"font-size: 12pt;font-family: arial, helvetica, sans-serif;color: #000000\">Unter anderem fuhr der zehnte Jahrgang zum Grenzmuseum Sorge e.V. in den Harz. <strong>Dies alles fand statt auch dank der F\u00f6rderung und Spende durch die &#8222;Stiftung Gedenken und Frieden&#8220;.<\/strong><\/span><\/p>\n<p><img loading=\"lazy\" decoding=\"async\" class=\" wp-image-7533 alignnone\" src=\"https:\/\/wordpress.nibis.de\/obsbassum\/files\/2022\/10\/DSC05201-scaled.jpg\" alt=\"\" width=\"246\" height=\"164\" \/><img loading=\"lazy\" decoding=\"async\" class=\" wp-image-7532 alignnone\" src=\"https:\/\/wordpress.nibis.de\/obsbassum\/files\/2022\/10\/DSC05202-scaled.jpg\" alt=\"\" width=\"247\" height=\"164\" \/><img loading=\"lazy\" decoding=\"async\" class=\" wp-image-7534 alignnone\" src=\"https:\/\/wordpress.nibis.de\/obsbassum\/files\/2022\/10\/DSC05194-scaled.jpg\" alt=\"\" width=\"248\" height=\"165\" \/><img loading=\"lazy\" decoding=\"async\" class=\" wp-image-7535 alignnone\" src=\"https:\/\/wordpress.nibis.de\/obsbassum\/files\/2022\/10\/DSC05210-scaled.jpg\" alt=\"\" width=\"248\" height=\"165\" \/><\/p>\n<p style=\"text-align: justify\"><span style=\"font-size: 12pt;font-family: arial, helvetica, sans-serif;color: #000000\">Auff\u00e4llig bei der Betrachtung der Aussagen und Produkte der Sch\u00fclerinnen und Sch\u00fcler war, dass der Ukraine-Krieg nach wie vor in allen Jahrg\u00e4ngen, vor allem aber auch in den j\u00fcngeren Jahrg\u00e4ngen sehr pr\u00e4sent ist, wie man an vielen Fragen der Sch\u00fclerinnen und Sch\u00fcler, einigen \u201ePeace-Zeichen\u201c oder auch ukrainischen Flaggen erkennen konnte.<\/span><\/p>\n<p><img loading=\"lazy\" decoding=\"async\" class=\" wp-image-7542 alignnone\" src=\"https:\/\/wordpress.nibis.de\/obsbassum\/files\/2022\/10\/Comics-2-scaled.jpg\" alt=\"\" width=\"249\" height=\"140\" \/><img loading=\"lazy\" decoding=\"async\" class=\" wp-image-7544 alignnone\" src=\"https:\/\/wordpress.nibis.de\/obsbassum\/files\/2022\/10\/Frieden-scaled.jpg\" alt=\"\" width=\"250\" height=\"141\" \/><img loading=\"lazy\" decoding=\"async\" class=\" wp-image-7545 alignnone\" src=\"https:\/\/wordpress.nibis.de\/obsbassum\/files\/2022\/10\/Leinwaende-2-scaled.jpg\" alt=\"\" width=\"79\" height=\"140\" \/><img loading=\"lazy\" decoding=\"async\" class=\" wp-image-7549 alignnone\" src=\"https:\/\/wordpress.nibis.de\/obsbassum\/files\/2022\/10\/j-scaled.jpg\" alt=\"\" width=\"79\" height=\"140\" \/><\/p>\n<p style=\"text-align: justify\"><span style=\"font-size: 12pt;font-family: arial, helvetica, sans-serif;color: #000000\">Umso wichtiger war daher die Auseinandersetzung der Sch\u00fclerinnen und Sch\u00fclern mit dem Begriff \u201eFrieden\u201c, um auch zu zeigen, dass der Frieden nicht nur das Gegenteil von Krieg ist, sondern eine eigene Bedeutung hat, woraus sich ergibt, dass jede\/r auch in seinem Alltag etwas zur Friedenssicherung beitragen kann.<\/span><\/p>\n<p style=\"text-align: justify\"><span style=\"font-size: 24pt\"><strong><span style=\"font-family: arial, helvetica, sans-serif;color: #000000\">Vorlesewettbewerb 2022<\/span><\/strong><\/span><\/p>\n<p style=\"text-align: justify\"><span style=\"font-size: 18pt\"><strong><span style=\"font-family: arial, helvetica, sans-serif;color: #000000\">Jannis gewinnt den diesj\u00e4hrigen Schulentscheid an unserer Oberschule <\/span><\/strong><\/span><\/p>\n<p style=\"text-align: justify\"><span style=\"font-family: arial, helvetica, sans-serif;font-size: 12pt;color: #000000\"><img loading=\"lazy\" decoding=\"async\" class=\"alignleft  wp-image-7613\" src=\"https:\/\/wordpress.nibis.de\/obsbassum\/files\/2022\/12\/vw-scaled.jpg\" alt=\"\" width=\"248\" height=\"152\" \/>Jannis R\u00f6pke ist der Gewinner des diesj\u00e4hrigen Vorlesewettbewerbs. Der Sechstkl\u00e4ssler setzte sich am Nikolaustag gegen sechs weitere Kursgewinner durch.<\/span><\/p>\n<p style=\"text-align: justify\">\u00a0<\/p>\n<p>\u00a0<\/p>\n<p><span style=\"color: #000000\"><strong><span style=\"font-family: arial, helvetica, sans-serif;font-size: 24pt\">&#8222;Retten macht Schule&#8220;\u00a0<\/span><\/strong><\/span><\/p>\n<p><span style=\"color: #000000\"><strong><span style=\"font-family: arial, helvetica, sans-serif;font-size: 18pt\">Erste Hilfe Training in Jahrgang 8<\/span><\/strong><\/span><\/p>\n<p style=\"text-align: justify\"><span style=\"font-family: arial, helvetica, sans-serif;font-size: 12pt;color: #000000\"><img loading=\"lazy\" decoding=\"async\" class=\"alignleft  wp-image-7588\" src=\"https:\/\/wordpress.nibis.de\/obsbassum\/files\/2022\/11\/eh4-scaled.jpg\" alt=\"\" width=\"243\" height=\"210\" \/>Im 8. Jahrgang fand am 23.11 zum wiederholten Mal das Projekt \u201eRetten macht Schule\u201c betreut durch den Bassumer Kinder- und Jugendarzt Holger Theek statt. Er und vier ehrenamtliche Helfer*innen motivierten die Sch\u00fcler*innen zur Ersten Hilfe.\u00a0<\/span><\/p>\n<p style=\"text-align: justify\">\u00a0<\/p>\n<p>\u00a0<\/p>\n<p><img loading=\"lazy\" decoding=\"async\" class=\" wp-image-7593 alignnone\" src=\"https:\/\/wordpress.nibis.de\/obsbassum\/files\/2022\/11\/eh1-scaled.jpg\" alt=\"\" width=\"277\" height=\"231\" \/> <img loading=\"lazy\" decoding=\"async\" class=\" wp-image-7594 alignnone\" src=\"https:\/\/wordpress.nibis.de\/obsbassum\/files\/2022\/11\/eh2-scaled.jpg\" alt=\"\" width=\"344\" height=\"231\" \/> <img loading=\"lazy\" decoding=\"async\" class=\" wp-image-7595 alignnone\" src=\"https:\/\/wordpress.nibis.de\/obsbassum\/files\/2022\/11\/eh3-scaled.jpg\" alt=\"\" width=\"358\" height=\"230\" \/><\/p>\n<p style=\"text-align: justify\"><span style=\"color: #000000\"><strong><span style=\"font-family: arial, helvetica, sans-serif;font-size: 24pt\">Kooperation mit der Diakonie\u00a0<\/span><\/strong><\/span><\/p>\n<p id=\"system-readmore\" class=\"heading-style-4 visible-first\" style=\"text-align: justify\"><span style=\"font-size: 18pt\"><strong><span style=\"font-family: arial, helvetica, sans-serif;color: #000000\">Neues Sprachf\u00f6rderprojekt an der OBS Bassum gestartet<\/span><\/strong><\/span><\/p>\n<p style=\"text-align: justify\"><span style=\"font-family: arial, helvetica, sans-serif;font-size: 12pt;color: #000000\">Seit September gibt es nun das neue Sprachf\u00f6rderkonzept mit der Diakonie Diepholz. Mit Hilfe dieser Kooperation ist es gelungen im Ganztagsangebot eine \u201eAG-Sprachf\u00f6rderung\u201c f\u00fcr unsere Sch\u00fcler*innen mit Migrations- und Fluchterfahrung stattfinden zu lassen. Sie erg\u00e4nzt mit dem Ziel der verbesserten sprachlichen Integration unserer neuen Sch\u00fcler*innen. Au\u00dferdem biete die Diakonie ein zus\u00e4tzliches Beratungsangebot an, welches von einer Sozialarbeiterin durchgef\u00fchrt wird. Zu weiteren ausf\u00fchrlicheren Informationen f\u00fchrt dieser <a href=\"https:\/\/www.diakonie-diepholz-syke-hoya.de\/aktuelles\/meldungen\/neues-sprachfoerderprojekt-an-der-obs-bassum-gestartet.html\"><strong><span style=\"color: #ff0000\">LINK.<\/span><\/strong><\/a><\/span><\/p>\n<p>\u00a0<\/p>\n<p><strong>P\u00e4dagogik im Klassenzimmer<\/strong><\/p>\n<p><strong>Tischfahrr\u00e4der im Einsatz<\/strong><\/p>\n<p>Vielen Dank an die Volksbank Bassum und den F\u00f6rderverein der Oberschule Bassum mit gymnasialem Zweig! Dank Spenden konnten wir Tischfahrr\u00e4der bestellen, sodass unsere Sch\u00fcler*innen sportlich in das kommende Schuljahr radeln k\u00f6nnen.\u201d<\/p>\n<p><img loading=\"lazy\" decoding=\"async\" class=\" wp-image-7851 alignnone\" src=\"https:\/\/wordpress.nibis.de\/obsbassum\/files\/2023\/07\/dg.jpg\" alt=\"\" width=\"231\" height=\"231\" \/><\/p>\n<p><strong>Besuch des Kreismuseums Syke<\/strong><\/p>\n<p><strong>Auslug unserer ukrainischen Sch\u00fcler*innen<\/strong><\/p>\n<p><img loading=\"lazy\" decoding=\"async\" class=\"alignleft  wp-image-7810\" src=\"https:\/\/wordpress.nibis.de\/obsbassum\/files\/2023\/04\/goe.jpg\" alt=\"\" width=\"232\" height=\"156\" \/>Das Diakonische Werk Diepholz \u2013 Syke-Hoya organisierte am 23.03.2023 mit den Sch\u00fcler*innen der\u00a0<em>AG Sprachf\u00f6rderung<\/em>\u00a0der OBS Bassum einen Besuch im Kreismuseum Syke. Im Museum fand eine F\u00fchrung durch unterschiedliche R\u00e4umlichkeiten statt. Die Sch\u00fcler*innen bekamen die M\u00f6glichkeit ein altes Haus, welches in den 1930er Jahren von Harpstedt nach Syke transportiert und in Syke wieder erbaut wurde, zu begutachten. Weitere Infos\u00a0<a href=\"https:\/\/diakonie-diepholz-syke-hoya.de\/aktuelles\/meldungen\/zu-besuch-im-kreismuseum-syke.html\"><strong>HIER!<\/strong><\/a><\/p>\n<p><strong>Schulausflug zum Universum Bremen<\/strong><\/p>\n<p><strong>Die OBS Bassum erkundet mit allen Klassen die Welt der Technik und Natur<\/strong><\/p>\n<p><img loading=\"lazy\" decoding=\"async\" class=\"alignleft  wp-image-7633\" src=\"https:\/\/wordpress.nibis.de\/obsbassum\/files\/2022\/12\/u7-scaled.jpg\" alt=\"\" width=\"236\" height=\"175\" \/>Neugierde wecken, staunen und begeistern \u2013 das war unser Ziel. Unsere Sch\u00fcler*innen und Lehrkr\u00e4fte erlebten einen Tag voll neuer und spannender Eindr\u00fccke, die eine Menge Fragen aufwarfen, aber auch beantwortet wurden. Zumeist v\u00f6llig eigenst\u00e4ndig erkundeten die Sch\u00fcler*innen der 5. bis 10. Klassen das Universum Bremen. Wie s\u00e4he unsere Welt ohne Strom aus? Wie funktionieren unsere Sinne? Was haben Gl\u00fchw\u00fcrmchen und Polarlichter gemeinsam? Fragen wie diese wurden auf vielf\u00e4ltigen Wegen erlebt, erforscht und faszinierten zugleich.<\/p>\n<p><img loading=\"lazy\" decoding=\"async\" class=\" wp-image-7637 alignnone\" src=\"https:\/\/wordpress.nibis.de\/obsbassum\/files\/2022\/12\/u20-scaled.jpg\" alt=\"\" width=\"200\" height=\"168\" \/><img loading=\"lazy\" decoding=\"async\" class=\" wp-image-7638 alignnone\" src=\"https:\/\/wordpress.nibis.de\/obsbassum\/files\/2022\/12\/u4-scaled.jpg\" alt=\"\" width=\"210\" height=\"167\" \/><img loading=\"lazy\" decoding=\"async\" class=\" wp-image-7639 alignnone\" src=\"https:\/\/wordpress.nibis.de\/obsbassum\/files\/2022\/12\/u18-scaled.jpg\" alt=\"\" width=\"288\" height=\"167\" \/><img loading=\"lazy\" decoding=\"async\" class=\" wp-image-7644 alignnone\" src=\"https:\/\/wordpress.nibis.de\/obsbassum\/files\/2022\/12\/u15-scaled.jpg\" alt=\"\" width=\"253\" height=\"168\" \/><\/p>\n<p>Denn die wichtigste Regel ist an diesem Ort:\u00a0<strong>Anfassen ausdr\u00fccklich erw\u00fcnscht!\u00a0<\/strong>Das eigene Erleben ist die Grundlage f\u00fcr das Verstehen. Daher spielt auch das Interaktive im Universum eine Hauptrolle.\u00a0Um auch unsere komplexe heutige Welt zu verstehen und mitzugestalten, ist ein grundlegendes Verst\u00e4ndnis von Wissenschaft und Forschung n\u00f6tig. Gem\u00e4\u00df dieses Ideals des Universums und unseres Ziels zur\u00a0<em>Umweltschule in Europa<\/em>\u00a0zu werden entfachte das aktive Entdecken wissenschaftlicher Ph\u00e4nomene sehr viel Begeisterung.<\/p>\n","protected":false},"excerpt":{"rendered":"<p>Friedenstag an der OBS \u201eNiedersachsens Schulen. Klar f\u00fcr Frieden&#8220; Im Rahmen der Initiative von Kultusminister Tonne fanden in Niedersachsen Projekte und Aktionen im Zeitraum vom 21.09.2022 bis zum 14.10.2022 zum Thema Frieden statt.\u00a0 An der OBS Bassum mit gymnasialem Zweig fand hierzu ein \u201eFriedenstag\u201c am 13.10.2022 statt. Jahrgangsbezogen wurden unterschiedliche Projekte zum Thema \u201eFrieden\u201c durchgef\u00fchrt.\u00a0 [&hellip;]<\/p>\n","protected":false},"author":1006,"featured_media":0,"parent":0,"menu_order":0,"comment_status":"closed","ping_status":"closed","template":"","meta":{"footnotes":""},"class_list":["post-2554","page","type-page","status-publish","hentry"],"_links":{"self":[{"href":"https:\/\/wordpress.nibis.de\/obsbassum\/wp-json\/wp\/v2\/pages\/2554","targetHints":{"allow":["GET"]}}],"collection":[{"href":"https:\/\/wordpress.nibis.de\/obsbassum\/wp-json\/wp\/v2\/pages"}],"about":[{"href":"https:\/\/wordpress.nibis.de\/obsbassum\/wp-json\/wp\/v2\/types\/page"}],"author":[{"embeddable":true,"href":"https:\/\/wordpress.nibis.de\/obsbassum\/wp-json\/wp\/v2\/users\/1006"}],"replies":[{"embeddable":true,"href":"https:\/\/wordpress.nibis.de\/obsbassum\/wp-json\/wp\/v2\/comments?post=2554"}],"version-history":[{"count":38,"href":"https:\/\/wordpress.nibis.de\/obsbassum\/wp-json\/wp\/v2\/pages\/2554\/revisions"}],"predecessor-version":[{"id":7915,"href":"https:\/\/wordpress.nibis.de\/obsbassum\/wp-json\/wp\/v2\/pages\/2554\/revisions\/7915"}],"wp:attachment":[{"href":"https:\/\/wordpress.nibis.de\/obsbassum\/wp-json\/wp\/v2\/media?parent=2554"}],"curies":[{"name":"wp","href":"https:\/\/api.w.org\/{rel}","templated":true}]}}