{"id":256,"date":"2016-05-17T10:12:18","date_gmt":"2016-05-17T08:12:18","guid":{"rendered":"http:\/\/wordpress.nibis.de\/obsbassum\/?page_id=256"},"modified":"2017-11-18T16:02:21","modified_gmt":"2017-11-18T15:02:21","slug":"varusschlacht-kalkriese-2015","status":"publish","type":"page","link":"https:\/\/wordpress.nibis.de\/obsbassum\/varusschlacht-kalkriese-2015\/","title":{"rendered":"Varusschlacht &#8211; Kalkriese 2015"},"content":{"rendered":"<p style=\"text-align: center\"><span style=\"font-family: arial black, sans-serif;font-size: 18pt;color: #000449\"><strong>R\u00f6mern und Germanen <\/strong><\/span><\/p>\n<p style=\"text-align: center\"><span style=\"font-family: arial black, sans-serif;font-size: 18pt;color: #000449\"><strong>in Kalkriese auf der Spur<br \/>\n<\/strong><\/span><\/p>\n<p style=\"text-align: center\"><span style=\"font-family: arial black, sans-serif;font-size: 12pt;color: #000449\"><strong>Die 5. Klassen erlebten Geschichte hautnah<\/strong><\/span><\/p>\n<p style=\"text-align: justify\"><span style=\"color: #000449;font-size: 16px;font-family: arial black, sans-serif\"><strong>Die Sch\u00fclerInnen erfuhren bei einer F\u00fchrung \u00fcber das vermutliche antike Schlachtfeld der VARUSSCHSCHT anhand aktueller Forschungsergebnisse viel Neues \u00fcber Ausstattung, Bewaffnung, Technik und Kampfstrategien der R\u00f6mer und Germanen. In praktischen \u00dcbungen erlebten sie am eigenen Leib Vieles \u00fcber die milit\u00e4rischen St\u00e4rken und Schw\u00e4chen beider Seiten und untersuchten die strategische Bedeutung der Wallanlage. Der Besuch der Dauerausstellung im Museum und nat\u00fcrlich der Ausblick vom Turm \u00fcber das gesamte Areal rundeten diesen Ausflug in die Zeit der Sp\u00e4tantike ab. <\/strong><\/span><\/p>\n<p><img loading=\"lazy\" decoding=\"async\" class=\"alignnone  wp-image-599\" src=\"http:\/\/wordpress.nibis.de\/obsbassum\/files\/2016\/05\/DSC01454-300x200.jpg\" alt=\"DSC01454\" width=\"237\" height=\"158\" \/> \u00a0 \u00a0\u00a0 <a href=\"http:\/\/wordpress.nibis.de\/obsbassum\/files\/2016\/05\/Museum-Varus.jpg\"><img loading=\"lazy\" decoding=\"async\" class=\"wp-image-953\" src=\"http:\/\/wordpress.nibis.de\/obsbassum\/files\/2016\/05\/Anfang-Parkgang.jpg\" alt=\"Anfang - Parkgang\" width=\"237\" height=\"146\" \/><\/a><\/p>\n<p><span style=\"color: #000449;font-family: arial black, sans-serif;font-size: 10pt\"><strong>hier:<\/strong>\u00a0<strong> rekonstruierter Veteidigungswall<\/strong>\u00a0\u00a0 <strong>hier:<\/strong><strong> Pfadbeginn der F\u00fchrung mit\u00a0 <\/strong><\/span><span style=\"color: #000449;font-family: arial black, sans-serif;font-size: 10pt\"><strong>\u00a0\u00a0\u00a0\u00a0\u00a0\u00a0\u00a0\u00a0\u00a0\u00a0\u00a0\u00a0\u00a0\u00a0\u00a0\u00a0\u00a0\u00a0\u00a0\u00a0\u00a0\u00a0\u00a0\u00a0\u00a0\u00a0\u00a0\u00a0\u00a0\u00a0\u00a0\u00a0\u00a0\u00a0\u00a0\u00a0\u00a0\u00a0\u00a0\u00a0\u00a0\u00a0\u00a0\u00a0\u00a0\u00a0\u00a0\u00a0\u00a0\u00a0\u00a0\u00a0\u00a0\u00a0\u00a0\u00a0\u00a0\u00a0\u00a0\u00a0\u00a0\u00a0\u00a0\u00a0\u00a0\u00a0\u00a0\u00a0\u00a0\u00a0\u00a0 Speer <\/strong><\/span><span style=\"color: #000449;font-family: arial black, sans-serif;font-size: 10pt\"><strong>der Germanen<\/strong><\/span><\/p>\n<p><a href=\"http:\/\/wordpress.nibis.de\/obsbassum\/files\/2016\/05\/Museum-Varus.jpg\"><img loading=\"lazy\" decoding=\"async\" class=\" wp-image-954\" src=\"http:\/\/wordpress.nibis.de\/obsbassum\/files\/2016\/05\/Museum-Varus.jpg\" alt=\"Museum - Varus\" width=\"243\" height=\"162\" \/><\/a>\u00a0\u00a0 <a href=\"http:\/\/wordpress.nibis.de\/obsbassum\/files\/2016\/05\/DSC01449.jpg\"><img loading=\"lazy\" decoding=\"async\" class=\"wp-image-598\" src=\"http:\/\/wordpress.nibis.de\/obsbassum\/files\/2016\/05\/DSC01449.jpg\" alt=\"DSC01449\" width=\"245\" height=\"163\" \/><\/a><\/p>\n<p><span style=\"color: #000449;font-size: 10pt;font-family: arial black, sans-serif\"><strong>hier:\u00a0 gefundene Sandalenn\u00e4gel mit\u00a0\u00a0\u00a0\u00a0 hier: Sch\u00fclerInnen erst\u00fcrmen in<\/strong><\/span><span style=\"color: #000449;font-family: arial black, sans-serif;font-size: 10pt\"><strong>\u00a0 \u00a0 \u00a0 \u00a0\u00a0<\/strong><strong> Ledersohlen im Museum<\/strong><strong> \u00a0 \u00a0 \u00a0 \u00a0 \u00a0 \u00a0 \u00a0 \u00a0 \u00a0\u00a0\u00a0\u00a0\u00a0\u00a0 nachgestellter Szene als R\u00f6mer den <\/strong><\/span><span style=\"color: #000449;font-size: 10pt;font-family: arial black, sans-serif\"><strong>\u00a0 \u00a0 \u00a0 \u00a0 \u00a0 \u00a0 \u00a0 \u00a0 \u00a0 \u00a0 \u00a0 \u00a0 \u00a0 \u00a0 \u00a0 \u00a0 \u00a0 \u00a0 \u00a0 \u00a0 \u00a0 \u00a0 \u00a0 \u00a0 \u00a0 \u00a0 \u00a0 \u00a0 \u00a0 \u00a0 \u00a0 \u00a0 \u00a0\u00a0 germanischen Verteidigungswall<\/strong><\/span><\/p>\n","protected":false},"excerpt":{"rendered":"<p>R\u00f6mern und Germanen in Kalkriese auf der Spur Die 5. Klassen erlebten Geschichte hautnah Die Sch\u00fclerInnen erfuhren bei einer F\u00fchrung \u00fcber das vermutliche antike Schlachtfeld der VARUSSCHSCHT anhand aktueller Forschungsergebnisse viel Neues \u00fcber Ausstattung, Bewaffnung, Technik und Kampfstrategien der R\u00f6mer und Germanen. In praktischen \u00dcbungen erlebten sie am eigenen Leib Vieles \u00fcber die milit\u00e4rischen St\u00e4rken [&hellip;]<\/p>\n","protected":false},"author":1006,"featured_media":0,"parent":0,"menu_order":0,"comment_status":"closed","ping_status":"closed","template":"","meta":{"footnotes":""},"class_list":["post-256","page","type-page","status-publish","hentry"],"_links":{"self":[{"href":"https:\/\/wordpress.nibis.de\/obsbassum\/wp-json\/wp\/v2\/pages\/256","targetHints":{"allow":["GET"]}}],"collection":[{"href":"https:\/\/wordpress.nibis.de\/obsbassum\/wp-json\/wp\/v2\/pages"}],"about":[{"href":"https:\/\/wordpress.nibis.de\/obsbassum\/wp-json\/wp\/v2\/types\/page"}],"author":[{"embeddable":true,"href":"https:\/\/wordpress.nibis.de\/obsbassum\/wp-json\/wp\/v2\/users\/1006"}],"replies":[{"embeddable":true,"href":"https:\/\/wordpress.nibis.de\/obsbassum\/wp-json\/wp\/v2\/comments?post=256"}],"version-history":[{"count":13,"href":"https:\/\/wordpress.nibis.de\/obsbassum\/wp-json\/wp\/v2\/pages\/256\/revisions"}],"predecessor-version":[{"id":2188,"href":"https:\/\/wordpress.nibis.de\/obsbassum\/wp-json\/wp\/v2\/pages\/256\/revisions\/2188"}],"wp:attachment":[{"href":"https:\/\/wordpress.nibis.de\/obsbassum\/wp-json\/wp\/v2\/media?parent=256"}],"curies":[{"name":"wp","href":"https:\/\/api.w.org\/{rel}","templated":true}]}}