{"id":264,"date":"2016-05-17T10:13:54","date_gmt":"2016-05-17T08:13:54","guid":{"rendered":"http:\/\/wordpress.nibis.de\/obsbassum\/?page_id=264"},"modified":"2017-11-18T15:49:39","modified_gmt":"2017-11-18T14:49:39","slug":"stadtfuehrung-bassum-2017","status":"publish","type":"page","link":"https:\/\/wordpress.nibis.de\/obsbassum\/stadtfuehrung-bassum-2017\/","title":{"rendered":"Stadtf\u00fchrungen Bassum in 2015"},"content":{"rendered":"<p style=\"text-align: center\"><span style=\"font-size: 18pt;font-family: arial black, sans-serif;color: #000449\"><strong>Die 5. Klassen <\/strong><\/span><span style=\"font-size: 18pt;font-family: arial black, sans-serif;color: #000449\"><strong>auf historischen Wegen <\/strong><\/span><\/p>\n<p style=\"text-align: center\"><strong><span style=\"font-size: 18pt;font-family: arial black, sans-serif;color: #000449\">durch das mittelalterliche Bassum<\/span><em><br \/>\n<\/em><\/strong><\/p>\n<p style=\"text-align: justify\"><span style=\"color: #000449;font-family: arial black, sans-serif;font-size: 16px\"><strong>Am 17.07.2015, dem letzten Freitag vor den Sommerferien, fand eine gemeinsame Stadtwanderung der 5. Klassen durch Bassum statt. Dankenswerterweise nahmen sich Herr Bodo Heuermann und seine Kollegen (die ehrenamtlichen Stadtf\u00fchrer Bassums) f\u00fcr uns an diesem Vormittag Zeit, um auf unterschiedlichen Wegen von der Schule aus am Rathaus und der Kirche vorbei bis zur Freudenburg von der bewegten Geschichte der Stadt Bassum zu erz\u00e4hlen.<\/strong><\/span><\/p>\n<p style=\"text-align: justify\"><span style=\"font-family: arial black, sans-serif;color: #000449;font-size: 16px\"><strong>Dieser Vormittag diente somit der Vertiefung und dem direkten Erleben der eigenen Stadt, die auf eine mehrere Jahrhunderte lange eigene Geschichte zur\u00fcckblicken kann.<\/strong> <\/span><\/p>\n<p style=\"text-align: center\"><span style=\"color: #000449;font-family: arial black, sans-serif;font-size: 18pt\"><strong>Start ins neue Schuljahr mit der Entdeckung des mittelalterlichen Bassums<\/strong><\/span><\/p>\n<p style=\"text-align: justify\"><span style=\"font-family: arial black, sans-serif;font-size: 16px;color: #000449\"><strong>Wie schon die letzten 5. Klassen, machten sich auch in diesem Schuljahr die &#8222;Neuen&#8220; an der OBS Bassum auf den Weg ihren teilweise neuen Schulort und seine Geschichte zu erforschen. Wie zuletzt machten wir uns von der Schule auf den Weg zum Rathaus, um von dort zun\u00e4chst zur Kirche und dem Stift Bassums zu laufen, um dann schlie\u00dflich zu Freudenburg und seinem Verlies weiterzugehen. Erneut haben uns dabei Herr Heuermann und seine Kollegen in ihrer Funktion als ehrenamtliche Stadtf\u00fchrer der Stadt unterst\u00fctzt und spannende wie auch interessante Geschichten erz\u00e4hlt.<\/strong><\/span><\/p>\n<p style=\"text-align: center\"><a href=\"http:\/\/wordpress.nibis.de\/obsbassum\/files\/2016\/05\/stadtwanderung.jpg\"><img loading=\"lazy\" decoding=\"async\" class=\"aligncenter size-full wp-image-950\" src=\"http:\/\/wordpress.nibis.de\/obsbassum\/files\/2016\/05\/stadtwanderung.jpg\" alt=\"stadtwanderung\" width=\"1024\" height=\"682\" \/><\/a><span style=\"font-family: arial black, sans-serif;font-size: 16px;color: #000449\"><strong>hier: die 5 B im erhalten gebliebenen Saal des Stifts Bassum<\/strong><\/span><\/p>\n","protected":false},"excerpt":{"rendered":"<p>Die 5. Klassen auf historischen Wegen durch das mittelalterliche Bassum Am 17.07.2015, dem letzten Freitag vor den Sommerferien, fand eine gemeinsame Stadtwanderung der 5. Klassen durch Bassum statt. Dankenswerterweise nahmen sich Herr Bodo Heuermann und seine Kollegen (die ehrenamtlichen Stadtf\u00fchrer Bassums) f\u00fcr uns an diesem Vormittag Zeit, um auf unterschiedlichen Wegen von der Schule aus [&hellip;]<\/p>\n","protected":false},"author":1006,"featured_media":0,"parent":0,"menu_order":0,"comment_status":"closed","ping_status":"closed","template":"","meta":{"footnotes":""},"class_list":["post-264","page","type-page","status-publish","hentry"],"_links":{"self":[{"href":"https:\/\/wordpress.nibis.de\/obsbassum\/wp-json\/wp\/v2\/pages\/264","targetHints":{"allow":["GET"]}}],"collection":[{"href":"https:\/\/wordpress.nibis.de\/obsbassum\/wp-json\/wp\/v2\/pages"}],"about":[{"href":"https:\/\/wordpress.nibis.de\/obsbassum\/wp-json\/wp\/v2\/types\/page"}],"author":[{"embeddable":true,"href":"https:\/\/wordpress.nibis.de\/obsbassum\/wp-json\/wp\/v2\/users\/1006"}],"replies":[{"embeddable":true,"href":"https:\/\/wordpress.nibis.de\/obsbassum\/wp-json\/wp\/v2\/comments?post=264"}],"version-history":[{"count":17,"href":"https:\/\/wordpress.nibis.de\/obsbassum\/wp-json\/wp\/v2\/pages\/264\/revisions"}],"predecessor-version":[{"id":2184,"href":"https:\/\/wordpress.nibis.de\/obsbassum\/wp-json\/wp\/v2\/pages\/264\/revisions\/2184"}],"wp:attachment":[{"href":"https:\/\/wordpress.nibis.de\/obsbassum\/wp-json\/wp\/v2\/media?parent=264"}],"curies":[{"name":"wp","href":"https:\/\/api.w.org\/{rel}","templated":true}]}}