{"id":2748,"date":"2018-05-27T08:58:45","date_gmt":"2018-05-27T06:58:45","guid":{"rendered":"http:\/\/wordpress.nibis.de\/obsbassum\/?page_id=2748"},"modified":"2025-02-24T12:51:36","modified_gmt":"2025-02-24T11:51:36","slug":"datenschutzerklaerung","status":"publish","type":"page","link":"https:\/\/wordpress.nibis.de\/obsbassum\/datenschutzerklaerung\/","title":{"rendered":"Datenschutzerkl\u00e4rung"},"content":{"rendered":"<p style=\"text-align: left\"><span style=\"color: #000000;font-size: 14pt\"><strong><span style=\"font-family: arial, helvetica, sans-serif\">Die aktuelle EU-Datenschutzgrundverordnung (EU-DSGVO)\u00a0<\/span><\/strong><\/span><\/p>\n<p style=\"text-align: left\"><span style=\"color: #000000;font-size: 12pt\"><strong><span style=\"font-family: arial, helvetica, sans-serif\">I. Name und Anschrift des Verantwortlichen<br \/>\n<\/span><\/strong><span style=\"font-family: arial, helvetica, sans-serif\">OBS Bassum <\/span><\/span><br \/>\n<span style=\"color: #000000;font-size: 12pt\"><span style=\"font-family: arial, helvetica, sans-serif\">Am Petermoor 1b<\/span><\/span><br \/>\n<span style=\"color: #000000;font-size: 12pt\"><span style=\"font-family: arial, helvetica, sans-serif\">27211 Bassum<\/span><\/span><br \/>\n<span style=\"color: #000000;font-size: 12pt\"><span style=\"font-family: arial, helvetica, sans-serif\">Telefon: 04241 \/ 80 47 40<\/span><\/span><br \/>\n<span style=\"color: #000000;font-size: 12pt\"><span style=\"font-family: arial, helvetica, sans-serif\">E-Mail: &#105;&#x6e;f&#111;&#x40;&#111;&#x62;s&#45;&#x62;a&#x73;&#x73;&#117;&#x6d;&#46;&#100;&#x65;<\/span><strong><span style=\"font-family: arial, helvetica, sans-serif\"><br \/>\n<\/span><\/strong><\/span><\/p>\n<p style=\"text-align: justify\"><span style=\"color: #000000;font-size: 12pt\"><strong><span style=\"font-family: arial, helvetica, sans-serif\">Vertretungsberechtigt<\/span><\/strong><\/span><br \/>\n<span style=\"color: #000000;font-size: 12pt\"><span style=\"font-family: arial, helvetica, sans-serif\">Cord Mysegaes, Schulleiter<\/span><\/span><\/p>\n<p style=\"text-align: justify\"><span style=\"color: #000000;font-size: 12pt\"><strong><span style=\"font-family: arial, helvetica, sans-serif\">II. Name und Anschrift des beh\u00f6rdlichen Datenschutzbeauftragten<\/span><\/strong><\/span><\/p>\n<p style=\"text-align: justify\"><span style=\"color: #000000;font-size: 12pt\"><span style=\"font-family: arial, helvetica, sans-serif\">Die \/ Der Datenschutzbeauftragte des Verantwortlichen ist:<\/span><\/span><br \/>\n<span style=\"color: #000000;font-size: 12pt\"><span style=\"font-family: arial, helvetica, sans-serif\">Herr Kruse<\/span><\/span><br \/>\n<span style=\"color: #000000;font-size: 12pt\"><span style=\"font-family: arial, helvetica, sans-serif\">Tel.: 04241 \/ 80 47 40<\/span><\/span><br \/>\n<span style=\"color: #000000;font-size: 12pt\"><span style=\"font-family: arial, helvetica, sans-serif\">Fax.: 04241 \/3865<\/span><\/span><br \/>\n<span style=\"color: #000000;font-size: 12pt\"><span style=\"font-family: arial, helvetica, sans-serif\">E-Mail: &#x69;&#110;&#102;o&#x40;&#x6f;&#98;s&#x2d;&#x62;&#97;ss&#x75;&#109;&#46;d&#x65;<\/span><\/span><\/p>\n<p><span style=\"color: #000000;font-size: 12pt\"><strong><span style=\"font-family: arial, helvetica, sans-serif\">III. Name und Anschrift unseres Host-Providers<br \/>\n<\/span><\/strong><span style=\"font-family: arial, helvetica, sans-serif\"><span style=\"font-size: 12pt\">Nieders\u00e4chsisches Landesinstitut f\u00fcr schulische Qualit\u00e4tsentwicklung (NLQ)<\/span><\/span><\/span><br \/>\n<span style=\"color: #000000;font-size: 12pt\"><span style=\"font-family: arial, helvetica, sans-serif\">vertreten durch die Pr\u00e4sidentin Frau Dr. Elke Richlick<\/span><\/span><br \/>\n<span style=\"color: #000000;font-size: 12pt\"><span style=\"font-family: arial, helvetica, sans-serif\">Ke\u00dflerstra\u00dfe 52<\/span><\/span><br \/>\n<span style=\"color: #000000;font-size: 12pt\"><span style=\"font-family: arial, helvetica, sans-serif\">31134 Hildesheim<\/span><\/span><\/p>\n<p style=\"text-align: justify\"><span style=\"color: #000000;font-size: 12pt\"><strong><span style=\"font-family: arial, helvetica, sans-serif\">IV. Bereitstellung der Website und Erstellung von Logfiles<br \/>\n<\/span><\/strong><span style=\"font-family: arial, helvetica, sans-serif\"><span style=\"font-size: 12pt\">Bei jedem Aufruf unserer Internetseite erfasst unser System automatisiert Daten und Informationen vom Computersystem des aufrufenden Rechners. Folgende Daten werden hierbei erhoben:<\/span><\/span><\/span><\/p>\n<p style=\"text-align: justify\"><span style=\"color: #000000;font-size: 12pt\"><span style=\"font-family: arial, helvetica, sans-serif\">(1) Datum und Uhrzeit des Zugriffes<\/span><\/span><br \/>\n<span style=\"color: #000000;font-size: 12pt\"><span style=\"font-family: arial, helvetica, sans-serif\">(2) Vom System protokollierte Fehler beim Aufruf unserer Seiten<\/span><\/span><br \/>\n<span style=\"color: #000000;font-size: 12pt\"><span style=\"font-family: arial, helvetica, sans-serif\">(3) Die IP-Adresse des Nutzers<\/span><\/span><br \/>\n<span style=\"color: #000000;font-size: 12pt\"><span style=\"font-family: arial, helvetica, sans-serif\">(4) Die Betriebssystemversion des Nutzers<\/span><\/span><br \/>\n<span style=\"color: #000000;font-size: 12pt\"><span style=\"font-family: arial, helvetica, sans-serif\">(5) Der Browsertyp des Nutzers<\/span><\/span><br \/>\n<span style=\"color: #000000;font-size: 12pt\"><span style=\"font-family: arial, helvetica, sans-serif\">(6) Die vom Nutzer aufgerufene Seite<\/span><\/span><br \/>\n<span style=\"color: #000000;font-size: 12pt\"><span style=\"font-family: arial, helvetica, sans-serif\">(7) Die Weiterleitung auf eine externe Seite<\/span><\/span><\/p>\n<p style=\"text-align: justify\"><span style=\"color: #000000;font-size: 12pt\"><span style=\"font-family: arial, helvetica, sans-serif\">Die Daten werden in den Logfiles gespeichert. Eine Speicherung dieser Daten zusammen mit anderen personenbezogenen Daten des Nutzers findet nicht statt. Zweck der Datenspeicherung ist die technische Optimierung unserer Internetseite. Rechtsgrundlage f\u00fcr die vor\u00fcbergehende Speicherung der Daten ist Art. 6 Abs.1 lit.f DSGVO.<\/span><\/span><\/p>\n<p style=\"text-align: justify\"><span style=\"color: #000000;font-size: 12pt\"><span style=\"font-family: arial, helvetica, sans-serif\">Die Daten werden f\u00fcr 52 Wochen gespeichert, sie werden lediglich statistisch ausgewertet. Danach werden sie gel\u00f6scht.<\/span><\/span><\/p>\n<p style=\"text-align: justify\"><span style=\"color: #000000;font-size: 12pt\"><strong><span style=\"font-family: arial, helvetica, sans-serif\">V. Verwendung von Cookies<br \/>\n<\/span><\/strong><span style=\"font-family: arial, helvetica, sans-serif\"><span style=\"font-size: 12pt\">Beim Anmelden in WordPress werden Cookies eingerichtet, um die Anmeldeinformationen und Anzeigeoptionen zu speichern. Anmelde-Cookies verfallen nach zwei Tagen und Cookies f\u00fcr die Anzeigeoptionen nach einem Jahr. Falls Sie bei der Anmeldung \u201eAngemeldet bleiben\u201c ausgew\u00e4hlt haben, wird Ihre Anmeldung zwei Wochen lang aufrechterhalten. Mit der Abmeldung aus Ihrem Konto werden die Anmelde-Cookies gel\u00f6scht.<\/span><\/span><\/span><\/p>\n<p style=\"text-align: justify\"><span style=\"color: #000000;font-size: 12pt\"><strong><span style=\"font-family: arial, helvetica, sans-serif\">VI. Speicherung personenbezogener Daten bei Kontaktaufnahme<br \/>\n<\/span><\/strong><span style=\"font-family: arial, helvetica, sans-serif\">Sofern Sie per E-Mail den Kontakt mit uns aufnehmen, werden die von Ihnen \u00fcbermittelten personenbezogenen Daten automatisch gespeichert. Diese Daten werden f\u00fcr Zwecke der Bearbeitung Ihres Anliegens und der Kontaktaufnahme mit Ihnen gespeichert.<\/span><\/span><\/p>\n<p style=\"text-align: justify\"><span style=\"color: #000000;font-size: 12pt\"><span style=\"font-family: arial, helvetica, sans-serif\">Wenn Sie Gebrauch von unserem Kontaktformular machen, werden die folgenden personenbezogenen Daten von Ihnen gespeichert: Ihr Name, Ihre Anschrift, Ihre E-Mail-Adresse.<\/span><\/span><\/p>\n<p style=\"text-align: justify\"><span style=\"color: #000000;font-size: 12pt\"><span style=\"font-family: arial, helvetica, sans-serif\">Die L\u00f6schung der Daten erfolgt, sobald deren Speicherung f\u00fcr die Bearbeitung Ihres Anliegens nicht mehr erforderlich ist.<\/span><\/span><\/p>\n<p style=\"text-align: justify\"><span style=\"color: #000000;font-size: 12pt\"><strong><span style=\"font-family: arial, helvetica, sans-serif\">VII. Kontaktformulare<br \/>\n<\/span><\/strong><span style=\"font-family: arial, helvetica, sans-serif\">Wenn Sie einen Kommentar auf unserer Website schreiben, kann das eine Einwilligung sein, Ihren Namen, E-Mailadresse und Website in Cookies zu speichern. Dies ist eine Komfortfunktion, damit Sie nicht, wenn Sie einen weiteren Kommentar schreiben, all diese Daten erneut eingeben m\u00fcssen. Diese Cookies werden ein Jahr lang gespeichert.<\/span><\/span><\/p>\n<p style=\"text-align: justify\"><span style=\"color: #000000;font-size: 12pt\"><strong><span style=\"font-family: arial, helvetica, sans-serif\">VIII. Medien<br \/>\n<\/span><\/strong><span style=\"font-family: arial, helvetica, sans-serif\">Wenn Sie ein registrierter Benutzer sind und Fotos auf diese Website laden, sollten Sie vermeiden Fotos mit einer EXIF-GPS-Standort hochzuladen. Besucher dieser Website k\u00f6nnten Fotos, die auf dieser Website gespeichert sind, herunterladen und deren Standort-Informationen extrahieren.<\/span><\/span><\/p>\n<p style=\"text-align: justify\"><span style=\"color: #000000;font-size: 12pt\"><strong><span style=\"font-family: arial, helvetica, sans-serif\">IX. Eingebettete Inhalte von anderen Websites<br \/>\n<\/span><\/strong><span style=\"font-family: arial, helvetica, sans-serif\"><span style=\"font-size: 12pt\">Beitr\u00e4ge auf dieser Website k\u00f6nnen eingebettete Inhalte beinhalten (z. B. Videos, Bilder, Beitr\u00e4ge etc.). Eingebettete Inhalte von anderen Websites verhalten sich exakt so, als ob der Besucher die andere Website besucht h\u00e4tte.<\/span><\/span><\/span><br \/>\n<span style=\"color: #000000;font-size: 12pt\"><span style=\"font-family: arial, helvetica, sans-serif\">Diese Websites k\u00f6nnen Daten \u00fcber Sie sammeln, Cookies benutzen, zus\u00e4tzliche Tracking-Dienste von Dritten einbetten und Ihre Interaktion mit diesem eingebetteten Inhalt aufzeichnen, inklusive Ihrer Interaktion mit dem eingebetteten Inhalt, falls Sie ein Konto haben und auf dieser Website angemeldet sind.<\/span><\/span><\/p>\n<p style=\"text-align: justify\"><span style=\"color: #000000;font-size: 12pt\"><strong><span style=\"font-family: arial, helvetica, sans-serif\">X. Betroffenenrechte<br \/>\nSie k\u00f6nnen folgende Rechte geltend machen:<\/span><\/strong><\/span><\/p>\n<p style=\"text-align: justify\"><span style=\"color: #000000;font-size: 12pt\"><strong><span style=\"font-family: arial, helvetica, sans-serif\">\u2022 Auskunft\/ Akteneinsicht<\/span><\/strong><\/span><br \/>\n<span style=\"color: #000000;font-size: 12pt\"><span style=\"font-family: arial, helvetica, sans-serif\">Gem. Art. 15 DSGVO haben Sie das Recht, Auskunft bzw. Akteneinsicht \u00fcber die von uns verarbeiteten personenbezogenen Daten zu erhalten.<\/span><\/span><\/p>\n<p style=\"text-align: justify\"><span style=\"color: #000000;font-size: 12pt\"><strong><span style=\"font-family: arial, helvetica, sans-serif\">\u2022 Berichtigung<\/span><\/strong><\/span><br \/>\n<span style=\"color: #000000;font-size: 12pt\"><span style=\"font-family: arial, helvetica, sans-serif\">Sind bei uns gespeicherte personenbezogene Daten unrichtig oder unvollst\u00e4ndig, haben Sie gem. Art. 16 DSGVO das Recht, diese berichtigen bzw. vervollst\u00e4ndigen zu lassen.<\/span><\/span><\/p>\n<p style=\"text-align: justify\"><span style=\"color: #000000;font-size: 12pt\"><strong><span style=\"font-family: arial, helvetica, sans-serif\">\u2022 L\u00f6schung<\/span><\/strong><\/span><br \/>\n<span style=\"color: #000000;font-size: 12pt\"><span style=\"font-family: arial, helvetica, sans-serif\">Art. 17 DSGVO normiert das Recht auf L\u00f6schung personenbezogener Daten. Dieses Recht steht Ihnen insbesondere dann zu, wenn die Speicherung der personenbezogenen Daten zur Erf\u00fcllung unserer gesetzlichen Aufgaben nicht mehr erforderlich ist oder Sie Ihre Einwilligung zur Datenverarbeitung mit Wirkung f\u00fcr die Zukunft widerrufen haben.<\/span><\/span><\/p>\n<p style=\"text-align: justify\"><span style=\"color: #000000;font-size: 12pt\"><strong><span style=\"font-family: arial, helvetica, sans-serif\">\u2022 Einschr\u00e4nkung der Verarbeitung<\/span><\/strong><\/span><br \/>\n<span style=\"color: #000000;font-size: 12pt\"><span style=\"font-family: arial, helvetica, sans-serif\">Gem. Art. 18 DSGVO k\u00f6nnen Sie die Einschr\u00e4nkung der personenbezogenen Daten verlangen, wenn<\/span><\/span><br \/>\n<span style=\"color: #000000;font-size: 12pt\"><span style=\"font-family: arial, helvetica, sans-serif\">\u2013 die Richtigkeit der Daten von Ihnen bestritten wird,<\/span><\/span><br \/>\n<span style=\"color: #000000;font-size: 12pt\"><span style=\"font-family: arial, helvetica, sans-serif\">\u2013 die Verarbeitung unrechtm\u00e4\u00dfig ist, Sie aber deren L\u00f6schung ablehnen,<\/span><\/span><br \/>\n<span style=\"color: #000000;font-size: 12pt\"><span style=\"font-family: arial, helvetica, sans-serif\">\u2013 wir die Daten nicht mehr ben\u00f6tigen, Sie jedoch diese zur Geltendmachung, <\/span><span style=\"font-family: arial, helvetica, sans-serif\">Aus\u00fcbung oder Verteidigung von Rechtsanspr\u00fcchen ben\u00f6tigen<\/span><\/span><br \/>\n<span style=\"color: #000000;font-size: 12pt\"><span style=\"font-family: arial, helvetica, sans-serif\">\u2013 oder Sie gem\u00e4\u00df Art. 21 DSGVO Widerspruch gegen die Verarbeitung eingelegt haben.<\/span><\/span><\/p>\n<p style=\"text-align: justify\"><span style=\"color: #000000;font-size: 12pt\"><strong><span style=\"font-family: arial, helvetica, sans-serif\">\u2022 Widerspruch<\/span><\/strong><\/span><br \/>\n<span style=\"color: #000000;font-size: 12pt\"><span style=\"font-family: arial, helvetica, sans-serif\">Sie k\u00f6nnen bei Gr\u00fcnden, die sich aus Ihrer besonderen Situation ergeben, ein Widerspruchsrecht geltend machen. Gem. Art. 21 DSGVO ist jedoch zu ber\u00fccksichtigten, ob schutzw\u00fcrdige Gr\u00fcnde f\u00fcr die Verarbeitung vorliegen oder die Verarbeitung der Geltendmachung, Aus\u00fcbung oder Verteidigung von Rechtsanspr\u00fcchen dient.<\/span><\/span><\/p>\n<p style=\"text-align: justify\"><span style=\"color: #000000;font-size: 12pt\"><strong><span style=\"font-family: arial, helvetica, sans-serif\">\u2022 Daten\u00fcbertragbarkeit<\/span><\/strong><\/span><br \/>\n<span style=\"color: #000000;font-size: 12pt\"><span style=\"font-family: arial, helvetica, sans-serif\">Ist die Verarbeitung Ihrer Daten mit Hilfe eines automatisierten Verfahrens erfolgt, haben Sie gem. Art. 20 DSGVO das Recht, die Daten in einem g\u00e4ngigen und maschinenlesbaren Format zu erhalten und an eine andere Schule zu \u00fcbermitteln bzw. durch uns \u00fcbermitteln zu lassen.<\/span><\/span><\/p>\n<p style=\"text-align: justify\"><span style=\"color: #000000;font-size: 12pt\"><strong><span style=\"font-family: arial, helvetica, sans-serif\"><em>\u2022<\/em> Widerruf der Einwilligung<\/span><\/strong><\/span><br \/>\n<span style=\"color: #000000;font-size: 12pt\"><span style=\"font-family: arial, helvetica, sans-serif\">Sie haben gem. Art. 7 Absatz 3 DSGVO das Recht, uns erteilte Einwilligungen jederzeit mit Wirkung f\u00fcr die Zukunft zu widerrufen.<\/span><\/span><\/p>\n<p style=\"text-align: justify\"><span style=\"color: #000000;font-size: 12pt\"><strong><span style=\"font-family: arial, helvetica, sans-serif\">\u2022 Beschwerde<\/span><\/strong><\/span><br \/>\n<span style=\"color: #000000;font-size: 12pt\"><span style=\"font-family: arial, helvetica, sans-serif\">Art. 77 DSGVO normiert ein Beschwerderecht bei der Aufsichtsbeh\u00f6rde. Die f\u00fcr uns zust\u00e4ndige Aufsichtsbeh\u00f6rde ist die Landesbeauftragte f\u00fcr den Datenschutz Niedersachsen, Prinzenstra\u00dfe 5, 30159 Hannover. E-Mail: poststelle&#64;lfd&#46;niedersac&#104;&#115;&#101;&#110;&#46;&#100;&#101;<\/span><\/span><\/p>\n","protected":false},"excerpt":{"rendered":"<p>Die aktuelle EU-Datenschutzgrundverordnung (EU-DSGVO)\u00a0 I. Name und Anschrift des Verantwortlichen OBS Bassum Am Petermoor 1b 27211 Bassum Telefon: 04241 \/ 80 47 40 E-Mail: &#105;&#x6e;f&#x6f;&#x40;&#111;&#x62;s&#x2d;&#x62;&#97;&#x73;s&#x75;&#x6d;&#46;&#x64;e Vertretungsberechtigt Cord Mysegaes, Schulleiter II. Name und Anschrift des beh\u00f6rdlichen Datenschutzbeauftragten Die \/ Der Datenschutzbeauftragte des Verantwortlichen ist: Herr Kruse Tel.: 04241 \/ 80 47 40 Fax.: 04241 \/3865 E-Mail: [&hellip;]<\/p>\n","protected":false},"author":1006,"featured_media":0,"parent":0,"menu_order":0,"comment_status":"closed","ping_status":"closed","template":"","meta":{"footnotes":""},"class_list":["post-2748","page","type-page","status-publish","hentry"],"_links":{"self":[{"href":"https:\/\/wordpress.nibis.de\/obsbassum\/wp-json\/wp\/v2\/pages\/2748","targetHints":{"allow":["GET"]}}],"collection":[{"href":"https:\/\/wordpress.nibis.de\/obsbassum\/wp-json\/wp\/v2\/pages"}],"about":[{"href":"https:\/\/wordpress.nibis.de\/obsbassum\/wp-json\/wp\/v2\/types\/page"}],"author":[{"embeddable":true,"href":"https:\/\/wordpress.nibis.de\/obsbassum\/wp-json\/wp\/v2\/users\/1006"}],"replies":[{"embeddable":true,"href":"https:\/\/wordpress.nibis.de\/obsbassum\/wp-json\/wp\/v2\/comments?post=2748"}],"version-history":[{"count":8,"href":"https:\/\/wordpress.nibis.de\/obsbassum\/wp-json\/wp\/v2\/pages\/2748\/revisions"}],"predecessor-version":[{"id":8025,"href":"https:\/\/wordpress.nibis.de\/obsbassum\/wp-json\/wp\/v2\/pages\/2748\/revisions\/8025"}],"wp:attachment":[{"href":"https:\/\/wordpress.nibis.de\/obsbassum\/wp-json\/wp\/v2\/media?parent=2748"}],"curies":[{"name":"wp","href":"https:\/\/api.w.org\/{rel}","templated":true}]}}