{"id":275,"date":"2016-05-17T10:16:36","date_gmt":"2016-05-17T08:16:36","guid":{"rendered":"http:\/\/wordpress.nibis.de\/obsbassum\/?page_id=275"},"modified":"2018-08-02T09:20:45","modified_gmt":"2018-08-02T07:20:45","slug":"dance-ag","status":"publish","type":"page","link":"https:\/\/wordpress.nibis.de\/obsbassum\/dance-ag\/","title":{"rendered":"DANCE"},"content":{"rendered":"<p><span style=\"color: #000000;font-size: 12pt;font-family: arial, helvetica, sans-serif\"><strong>Leitung:\u00a0\u00a0\u00a0\u00a0\u00a0\u00a0 Frau Cafrey<\/strong><\/span><\/p>\n<p><span style=\"color: #000000;font-family: arial, helvetica, sans-serif;font-size: 12pt\"><strong>Training f\u00fcr die gro\u00dfen Auftritte<\/strong><\/span><\/p>\n<p><a href=\"http:\/\/wordpress.nibis.de\/obsbassum\/files\/2016\/05\/Dance-AG-Training-I.jpg\"><img loading=\"lazy\" decoding=\"async\" class=\"wp-image-1423 alignleft\" src=\"http:\/\/wordpress.nibis.de\/obsbassum\/files\/2016\/05\/Dance-AG-Training-I.jpg\" alt=\"Dance-AG Training I\" width=\"284\" height=\"225\" \/><\/a> <a href=\"http:\/\/wordpress.nibis.de\/obsbassum\/files\/2016\/05\/Dance-AG-Training-II.jpg\"><img loading=\"lazy\" decoding=\"async\" class=\"wp-image-1424 alignright\" src=\"http:\/\/wordpress.nibis.de\/obsbassum\/files\/2016\/05\/Dance-AG-Training-II.jpg\" alt=\"Dance-AG Training II\" width=\"164\" height=\"277\" \/><\/a><\/p>\n<h2 style=\"text-align: center\"><\/h2>\n<p style=\"text-align: justify\"><span style=\"font-family: arial, helvetica, sans-serif;font-size: 12pt;color: #000000\">DANCE &#8211; AG\u00a0beim Regionsentscheid-OST (<\/span><span style=\"font-size: 12pt;color: #000000;font-family: arial, helvetica, sans-serif\">VIDEO &#8211; Mitschnitt)<br \/>\n<\/span><\/p>\n<p style=\"text-align: justify\"><span style=\"font-size: 16px;font-family: arial, helvetica, sans-serif;color: #000000\">BITTE Geduld haben beim Hochladen. <\/span><\/p>\n<p style=\"text-align: justify\"><span style=\"font-size: 16px;font-family: arial, helvetica, sans-serif;color: #000000\">Es dauert einen Moment, bis das Video abgespielt werden kann!<\/span><\/p>\n<div style=\"width: 600px;\" class=\"wp-video\"><video class=\"wp-video-shortcode\" id=\"video-275-1\" width=\"600\" height=\"337\" preload=\"metadata\" controls=\"controls\"><source type=\"video\/mp4\" src=\"http:\/\/wordpress.nibis.de\/obsbassum\/files\/2016\/05\/Mitschnitt-AG-DANCE.mp4?_=1\" \/><a href=\"http:\/\/wordpress.nibis.de\/obsbassum\/files\/2016\/05\/Mitschnitt-AG-DANCE.mp4\">http:\/\/wordpress.nibis.de\/obsbassum\/files\/2016\/05\/Mitschnitt-AG-DANCE.mp4<\/a><\/video><\/div>\n<p>&nbsp;<\/p>\n<p style=\"text-align: justify\"><span style=\"color: #000449;font-family: arial black, sans-serif;font-size: 16px\"><span style=\"color: #000000;font-family: arial, helvetica, sans-serif\">Die DANCE-AG unter der Leitung von Frau Cafrey hat beim Regionsentscheid-OST (unter der Leitung des nieders\u00e4chsischen Turnerbundes) in R\u00fchen (nahe Wolfsburg) teilgenommen. Erneut kann die Truppe mit einem positiven Erlebnis und reich an Erfahrungen auf diesen Wettkampf zur\u00fcckblicken. Zum Song &#8222;TOO Close&#8220; von Alex Claire belegten sie den achten Platz.<\/span><strong><a href=\"http:\/\/wordpress.nibis.de\/obsbassum\/files\/2016\/05\/da.jpg\"><img loading=\"lazy\" decoding=\"async\" class=\"wp-image-1050 alignleft\" src=\"http:\/\/wordpress.nibis.de\/obsbassum\/files\/2016\/05\/da.jpg\" alt=\"da\" width=\"82\" height=\"120\" \/><\/a><a href=\"http:\/\/wordpress.nibis.de\/obsbassum\/files\/2016\/05\/cc.jpg\"><img loading=\"lazy\" decoding=\"async\" class=\" wp-image-1049 alignnone\" src=\"http:\/\/wordpress.nibis.de\/obsbassum\/files\/2016\/05\/cc.jpg\" alt=\"cc\" width=\"392\" height=\"198\" \/><\/a><\/strong><\/span><\/p>\n<h6 style=\"text-align: justify\"><\/h6>\n<p style=\"text-align: justify\"><span style=\"font-family: arial, helvetica, sans-serif;font-size: 12pt;color: #000000\"><strong>Pr\u00e4dikat \u201eausgezeichnet\u201c f\u00fcr AG Dance der Oberschule Bassum<\/strong><\/span><\/p>\n<p style=\"line-height: 150%;text-align: justify\"><span style=\"font-family: arial, helvetica, sans-serif;font-size: 16px;color: #000000\">\u00dcber 23 M\u00e4dchen der Oberschule Bassum trainieren seit Schuljahresbeginn engagiert in der Tanz-AG mit ihrer Lehrerin Frau Cafrey. Nun wagten sich zw\u00f6lf von ihnen auf ihren ersten Wettbewerb.<\/span><\/p>\n<p style=\"line-height: 150%;text-align: justify\"><span style=\"font-family: arial, helvetica, sans-serif;font-size: 16px;color: #000000\">In Nienburg fand am 1. Advent ein Dreifachwettkampf statt. Er\u00f6ffnet wurde der Vormittag mit dem Petit Group Wettkampf, bei dem 3-5 T\u00e4nzerinnen auf der Fl\u00e4che stehen. Danach folgte der Gruppenwettbewerb f\u00fcr Einsteigergruppen von 6-16 T\u00e4nzerinnen, an dem die AG teilnahm. Am Nachmittag wurde der Duowettkampf (zwei Aktive) ausgetragen.<\/span><\/p>\n<p style=\"line-height: 150%;text-align: justify\"><span style=\"font-family: arial, helvetica, sans-serif;font-size: 16px;color: #000000\">Von den Bassumerinnen wurde das St\u00fcck \u201eToo Close\u201c von Alex Clare vertanzt, zu dem Frau Cafrey eine Choreographie geschrieben hatte, die es in sich hatte. Das Thema der Vorf\u00fchrung war das Loslassen. Denn jede Beziehung, ob Freundschaft oder Partnerschaft, kann erdr\u00fcckend werden, wenn man dem anderen keinen Freiraum l\u00e4sst. Mimik und Gestik spielten deshalb eine gro\u00dfe Rolle. F\u00fcr einen \u00dcberraschungsmoment sorgten die T\u00e4nzerinnen, als sie bei den H\u00f6hepunkten des Liedes zu schreien begannen und eine gewagte Hebefigur mit \u00dcberkopfschleudern einer T\u00e4nzerin zeigten.<\/span><\/p>\n<p style=\"line-height: 150%;text-align: justify\"><span style=\"font-family: arial, helvetica, sans-serif;font-size: 16px;color: #000000\">Belohnt wurde die Gruppe mit der Rangstufe 2 mit 9,66 Punkten von m\u00f6glichen 16 und konnte somit den Erfolg des Vorjahres best\u00e4tigen.<\/span><\/p>\n<p style=\"line-height: 150%;text-align: justify\"><span style=\"font-family: arial, helvetica, sans-serif;font-size: 16px;color: #000000\">Zum dritten Mal nahm die AG der OBS nun schon an diesem speziell f\u00fcr Einsteiger ausgerichteten Wettbewerb des Nieders\u00e4chsischen Turnerbundes teil. Es werden keine Pl\u00e4tze vergeben, damit keine direkte Konkurrenz und somit Entt\u00e4uschung bei Einsteigern entsteht. Die antretenden Gruppen werden daher in Ranggruppen eingeteilt. Dabei sieht die Platzierung folgenderma\u00dfen aus:<\/span><\/p>\n<p style=\"line-height: 150%;text-align: justify\"><span style=\"color: #000000;font-family: arial, helvetica, sans-serif;font-size: 16px\">Ranggruppe 1 \u2010 Hervorragend &#8211; 12,00 \u2010 16,00 Punkte<\/span><\/p>\n<p style=\"line-height: 150%;text-align: justify\"><span style=\"color: #000000;font-family: arial, helvetica, sans-serif;font-size: 16px\">Ranggruppe 2 \u2010 Ausgezeichnet &#8211; 8,00 \u2010 11,99 Punkte<\/span><\/p>\n<p style=\"line-height: 150%;text-align: justify\"><span style=\"color: #000000;font-family: arial, helvetica, sans-serif;font-size: 16px\">Ranggruppe 3 \u2010 Sehr gut &#8211; 4,00 \u2010 7,99 Punkte<\/span><\/p>\n<p style=\"line-height: 150%;text-align: justify\"><span style=\"color: #000000;font-family: arial, helvetica, sans-serif;font-size: 16px\">Ranggruppe 4 \u2010 Gut &#8211; bis \u2010 3,99 Punkte<\/span><\/p>\n<p style=\"line-height: 150%;text-align: justify\"><span style=\"color: #000000;font-family: arial, helvetica, sans-serif;font-size: 16px\">Tanzwettbewerbe wurden bisher nicht auf schulischer Ebene ausgetragen. Es gibt sie nur auf der Vereinsebene. Damit die engagierten T\u00e4nzerinnen \u00fcberhaupt antreten konnten, wurde eine Kooperation mit dem Heimatverein von Frau Cafrey, dem TSV D\u00f6rverden geschlossen, ohne diese eine Teilnahme nicht m\u00f6glich gewesen w\u00e4re.<\/span><\/p>\n<p style=\"line-height: 150%;text-align: justify\"><span style=\"color: #000000;font-family: arial, helvetica, sans-serif;font-size: 16px\">Die h\u00f6chst motivierten M\u00e4dchen im Alter von 10-13 Jahren \u00fcben nun schon flei\u00dfig f\u00fcr die kommende Saison. Die erfahrenen T\u00e4nzerinnen, die schon l\u00e4nger dabei sind, m\u00f6chten gerne im Fr\u00fchjahr am Fortgeschrittenenwettkampf teilnehmen.<\/span><\/p>\n<p style=\"line-height: 150%;text-align: justify\"><span style=\"color: #000000;font-family: arial, helvetica, sans-serif;font-size: 16px\">Alle \u00fcben schon eifrig f\u00fcr den n\u00e4chsten Wettbewerb, der im November 2016 in D\u00f6rverden ausgetragen werden wird.<\/span><\/p>\n<h6 style=\"line-height: 150%;text-align: justify\">\u00a0 \u00a0 \u00a0\u00a0 <a href=\"http:\/\/wordpress.nibis.de\/obsbassum\/files\/2016\/05\/Dance-AG.jpg\"><img loading=\"lazy\" decoding=\"async\" class=\"size-full wp-image-1047 aligncenter\" src=\"http:\/\/wordpress.nibis.de\/obsbassum\/files\/2016\/05\/Dance-AG.jpg\" alt=\"Dance-AG\" width=\"1024\" height=\"324\" \/><\/a><\/h6>\n","protected":false},"excerpt":{"rendered":"<p>Leitung:\u00a0\u00a0\u00a0\u00a0\u00a0\u00a0 Frau Cafrey Training f\u00fcr die gro\u00dfen Auftritte DANCE &#8211; AG\u00a0beim Regionsentscheid-OST (VIDEO &#8211; Mitschnitt) BITTE Geduld haben beim Hochladen. Es dauert einen Moment, bis das Video abgespielt werden kann! &nbsp; Die DANCE-AG unter der Leitung von Frau Cafrey hat beim Regionsentscheid-OST (unter der Leitung des nieders\u00e4chsischen Turnerbundes) in R\u00fchen (nahe Wolfsburg) teilgenommen. Erneut kann [&hellip;]<\/p>\n","protected":false},"author":1006,"featured_media":0,"parent":0,"menu_order":0,"comment_status":"closed","ping_status":"closed","template":"","meta":{"footnotes":""},"class_list":["post-275","page","type-page","status-publish","hentry"],"_links":{"self":[{"href":"https:\/\/wordpress.nibis.de\/obsbassum\/wp-json\/wp\/v2\/pages\/275","targetHints":{"allow":["GET"]}}],"collection":[{"href":"https:\/\/wordpress.nibis.de\/obsbassum\/wp-json\/wp\/v2\/pages"}],"about":[{"href":"https:\/\/wordpress.nibis.de\/obsbassum\/wp-json\/wp\/v2\/types\/page"}],"author":[{"embeddable":true,"href":"https:\/\/wordpress.nibis.de\/obsbassum\/wp-json\/wp\/v2\/users\/1006"}],"replies":[{"embeddable":true,"href":"https:\/\/wordpress.nibis.de\/obsbassum\/wp-json\/wp\/v2\/comments?post=275"}],"version-history":[{"count":32,"href":"https:\/\/wordpress.nibis.de\/obsbassum\/wp-json\/wp\/v2\/pages\/275\/revisions"}],"predecessor-version":[{"id":3271,"href":"https:\/\/wordpress.nibis.de\/obsbassum\/wp-json\/wp\/v2\/pages\/275\/revisions\/3271"}],"wp:attachment":[{"href":"https:\/\/wordpress.nibis.de\/obsbassum\/wp-json\/wp\/v2\/media?parent=275"}],"curies":[{"name":"wp","href":"https:\/\/api.w.org\/{rel}","templated":true}]}}