{"id":277,"date":"2016-05-17T10:16:53","date_gmt":"2016-05-17T08:16:53","guid":{"rendered":"http:\/\/wordpress.nibis.de\/obsbassum\/?page_id=277"},"modified":"2021-03-17T14:45:51","modified_gmt":"2021-03-17T13:45:51","slug":"schuelerzeitung","status":"publish","type":"page","link":"https:\/\/wordpress.nibis.de\/obsbassum\/schuelerzeitung\/","title":{"rendered":"SCH\u00dcLERZEITUNG &#8211; DIE STECKNADEL"},"content":{"rendered":"<p style=\"text-align: justify\"><span style=\"font-family: arial black, sans-serif;font-size: 12pt;color: #000449\"><span style=\"color: #000000;font-family: arial, helvetica, sans-serif\"><a href=\"http:\/\/wordpress.nibis.de\/obsbassum\/schuelerzeitung\/redaktion-3\/\" rel=\"attachment wp-att-2416\"><img loading=\"lazy\" decoding=\"async\" class=\"wp-image-2416 alignleft\" src=\"http:\/\/wordpress.nibis.de\/obsbassum\/files\/2016\/05\/Redaktion-3-1024x682.jpg\" alt=\"\" width=\"165\" height=\"110\" \/><\/a>Wir freuen uns immer \u00fcber weitere Unterst\u00fctzung und Ideen. <\/span><\/span><span style=\"font-size: 12pt;color: #000000;font-family: arial, helvetica, sans-serif\">Wenn Ihr Lust habt, bei uns mitzumachen oder uns etwas sagen wollt, dann meldet euch gerne bei Alysha Hildesheim (8a), Sophie Sieverding (7a), b<\/span><span style=\"font-size: 12pt;color: #000000;font-family: arial, helvetica, sans-serif\">ei Herrn Kandt oder Herrn Schulz. <\/span><span style=\"font-size: 12pt;color: #000000;font-family: arial, helvetica, sans-serif\">Ihr erreicht uns au\u00dferdem immer dienstags ab 13:30 Uhr und donnerstags in der ersten Pause im PC-Raum 73.<\/span><\/p>\n<p style=\"text-align: justify\"><span style=\"font-family: arial, helvetica, sans-serif;color: #000000;font-size: 18pt\"><strong>M\u00fcll in der Schule!<\/strong><\/span><\/p>\n<p style=\"text-align: justify\"><span style=\"font-family: arial, helvetica, sans-serif;color: #000000\"><strong>Team der Stecknadel\u00a0 s\u00e4ubert das Schulgel\u00e4nde<\/strong><\/span><\/p>\n<p style=\"text-align: justify\"><span style=\"font-family: arial, helvetica, sans-serif;color: #000000\"><img loading=\"lazy\" decoding=\"async\" class=\" wp-image-5772 alignleft\" src=\"https:\/\/wordpress.nibis.de\/obsbassum\/files\/2020\/10\/111-850x478.jpg\" alt=\"\" width=\"229\" height=\"129\" \/>Zwanzig Minuten und sechs volle Eimer! Das war die Ausbeute der Sch\u00fclerzeitung, als wir am 28.09. den M\u00fcll vom Schulhof sammelten. Darunter fanden wir unter Anderem Plastikm\u00fcll, eine vollst\u00e4ndig zerfledderte Zeitung, ziemlich viel Bonbonpapier und Chipst\u00fcten. Und das war l\u00e4ngst nicht alles.<\/span><\/p>\n<p style=\"text-align: justify\"><span style=\"font-family: arial, helvetica, sans-serif;color: #000000\">Wenn man den M\u00fcll nicht beseitigt, dann kann der sehr, sehr lange liegen bleiben. So fangen beispielsweise Papiert\u00fcten erst nach sechs Wochen an sich zu zersetzen. Plastikt\u00fcten brauchen noch l\u00e4nger und verrotten erst nach zehn bis zwanzig Jahren. Gleiches gilt auch f\u00fcr Bonbonpapier.<\/span><\/p>\n<p style=\"text-align: justify\"><span style=\"font-family: arial, helvetica, sans-serif;color: #000000\"><img loading=\"lazy\" decoding=\"async\" class=\" wp-image-5774 alignnone\" src=\"https:\/\/wordpress.nibis.de\/obsbassum\/files\/2020\/10\/112-850x478.jpg\" alt=\"\" width=\"329\" height=\"185\" \/><img loading=\"lazy\" decoding=\"async\" class=\" wp-image-5775\" src=\"https:\/\/wordpress.nibis.de\/obsbassum\/files\/2020\/10\/113-850x478.jpg\" alt=\"\" width=\"329\" height=\"185\" \/><img loading=\"lazy\" decoding=\"async\" class=\" wp-image-5776 alignnone\" src=\"https:\/\/wordpress.nibis.de\/obsbassum\/files\/2020\/10\/114-850x478.jpg\" alt=\"\" width=\"329\" height=\"185\" \/><\/span><\/p>\n<p style=\"text-align: justify\"><span style=\"font-family: arial, helvetica, sans-serif;color: #000000\">Wollen wir einen Schulhof voller M\u00fcll?\u00a0<strong>NEIN DANKE!!!<\/strong>\u00a0Schmei\u00dft euren M\u00fcll bitte in die daf\u00fcr vorgesehenen M\u00fclleimer. Seid solidarisch und weist eure Mitsch\u00fcler*innen bitte daraufhin, wenn ihr beobachtet, dass M\u00fcll achtlos auf den Boden geworfen wird! Danke, eure Stecknadel!\u00a0<\/span><\/p>\n<p style=\"text-align: justify\"><span style=\"color: #000000;font-size: 18pt\"><strong><span style=\"font-family: arial,helvetica,sans-serif\">Kultusminister Tonne steht Rede und Antwort<\/span><\/strong><\/span><br \/>\n<span style=\"color: #000000\"><strong><span style=\"font-family: arial,helvetica,sans-serif\">Zweite Sch\u00fclerpressekonferenz \u2013 Die Stecknadel war dabei<\/span><\/strong><\/span><br \/>\n<span style=\"color: #000000;font-family: arial,helvetica,sans-serif\"><img loading=\"lazy\" decoding=\"async\" class=\" wp-image-4293 alignleft\" src=\"https:\/\/wordpress.nibis.de\/obsbassum\/files\/2019\/09\/tonne-1-850x478.png\" alt=\"\" width=\"215\" height=\"121\" \/>Bereits zum zweiten Mal fand in diesem Jahr die von Kultusminister Tonne initiierte Sch\u00fclerpressekonferenz statt. Auch Redakteurinnen unserer Sch\u00fclerzeitung \u201eDie Stecknadel\u201c waren wieder dabei.<\/span><br \/>\n<span style=\"color: #000000;font-family: arial,helvetica,sans-serif\">Erneut konnte an diesem Tag Mitglieder der Sch\u00fclerzeitungen aus ganz Niedersachsen Minister Tonne Fragen stellen und ganz nebenbei nacherleben, wie auch im allt\u00e4glichen Betrieb die Profis im Umfeld des Landtages und der Landespressekonferenz ihren Job der Berichterstattung aus\u00fcben. Eine F\u00fchrung durch das Landtagsgeb\u00e4ude gab es zudem. So waren in diesem Jahr nicht nur regionale Zeitungen anwesend, sondern neben dem NDR auch Teams der TV-Sender RTL und SAT.1.<\/span><\/p>\n<p><span style=\"color: #000000;font-family: arial,helvetica,sans-serif\">Hier Links zur medialen Berichterstattung!<\/span><br \/>\n<span style=\"color: #000000;font-size: 14pt\"><strong><span style=\"font-family: arial,helvetica,sans-serif\"><a style=\"color: #000000\" href=\"https:\/\/www.sat1regional.de\/kultusminister-auf-schulkonferenz-hier-stellen-schueler-die-fragen\/\">sat1regional.de\/kultusminister-auf-schulkonferenz-hier-stellen-schueler-die-fragen<\/a><\/span><\/strong><\/span><\/p>\n<p><span style=\"color: #000000;font-family: arial,helvetica,sans-serif;font-size: 18pt\"><strong>Kultusminister Tonne steht Rede und Antwort<\/strong><\/span><\/p>\n<p><span style=\"color: #000000;font-family: arial, helvetica, sans-serif;font-size: 12pt\"><strong>Unsere Chefredakteurinnen bei der Sch\u00fclerpressekonferenz im Landtag<\/strong><\/span><\/p>\n<p style=\"text-align: justify\"><span style=\"color: #000000;font-family: arial, helvetica, sans-serif;font-size: 12pt\"><a style=\"color: #000000\" href=\"http:\/\/wordpress.nibis.de\/obsbassum\/willkommen\/lpk5\/\" rel=\"attachment wp-att-3469\"><img loading=\"lazy\" decoding=\"async\" class=\" wp-image-3469 alignleft\" src=\"http:\/\/wordpress.nibis.de\/obsbassum\/files\/2018\/09\/LPK5-850x478.jpg\" alt=\"\" width=\"252\" height=\"142\" \/><\/a>Kultusminister Tonne lud zur ersten Sch\u00fclerpressekonferenz in den nieders\u00e4chsischen Landtag ein. Die Chefredakteurinnen unserer Sch\u00fclerzeitung \u201eDie Stecknadel\u201c Alysha Hildesheim (8a) und Sophie Sieverding (7a) waren dabei. Gemeinsam mit Herrn Kandt erfuhren die beiden zun\u00e4chst bei einer F\u00fchrung durch den Landtag Vieles \u00fcber die politischen Abl\u00e4ufe und Gepflogenheiten im Landtag, sei es innerhalb der Fraktionen und Ausssch\u00fcsse oder w\u00e4hrend der Plenartage.\u00a0<\/span><\/p>\n<p><span style=\"color: #000000;font-family: arial, helvetica, sans-serif;font-size: 12pt\"><a style=\"color: #000000\" href=\"http:\/\/wordpress.nibis.de\/obsbassum\/willkommen\/lpk1\/\" rel=\"attachment wp-att-3465\"><img loading=\"lazy\" decoding=\"async\" class=\"wp-image-3465 alignnone\" src=\"http:\/\/wordpress.nibis.de\/obsbassum\/files\/2018\/09\/LPK1-850x478.jpg\" alt=\"\" width=\"246\" height=\"138\" \/><\/a><a style=\"color: #000000\" href=\"http:\/\/wordpress.nibis.de\/obsbassum\/willkommen\/lpk2\/\" rel=\"attachment wp-att-3466\"><img loading=\"lazy\" decoding=\"async\" class=\"wp-image-3466 alignnone\" src=\"http:\/\/wordpress.nibis.de\/obsbassum\/files\/2018\/09\/LPK2-850x478.jpg\" alt=\"\" width=\"246\" height=\"138\" \/><\/a><a style=\"color: #000000\" href=\"http:\/\/wordpress.nibis.de\/obsbassum\/willkommen\/lpk3\/\" rel=\"attachment wp-att-3467\"><img loading=\"lazy\" decoding=\"async\" class=\"wp-image-3467 alignnone\" src=\"http:\/\/wordpress.nibis.de\/obsbassum\/files\/2018\/09\/LPK3-850x478.jpg\" alt=\"\" width=\"246\" height=\"138\" \/><\/a><a style=\"color: #000000\" href=\"http:\/\/wordpress.nibis.de\/obsbassum\/willkommen\/lpk4\/\" rel=\"attachment wp-att-3468\"><img loading=\"lazy\" decoding=\"async\" class=\"wp-image-3468 alignnone\" src=\"http:\/\/wordpress.nibis.de\/obsbassum\/files\/2018\/09\/LPK4-850x478.jpg\" alt=\"\" width=\"246\" height=\"138\" \/><\/a><\/span><\/p>\n<p style=\"text-align: justify\"><span style=\"color: #000000;font-family: arial, helvetica, sans-serif;font-size: 12pt\">Anschlie\u00dfend war es dann so weit. Sch\u00fclerzeitungsredakteure aus ganz Niedersachsen kamen im Raum der Landespressekonferenz zusammen und erhielten die Chance \u2013 unter Leitung vom NDR-Journalisten und Vorsitzenden der Landespressekonferenz Thorsten Hapke (eben genauso wie bei \u00fcblichen Landespressekonferenzen) \u2013 Minister Tonne all die Fragen zu stellen, die sie sich \u00fcberlegt hatten oder die w\u00e4hrend der eineinhalb Stunden entstanden. Es ging dabei um den Lehrermangel und seine L\u00f6sungen, die Digitalisierung und M\u00f6glichkeiten von Spendenaktionen und Nachhaltigkeit an Schulen. Eine ausf\u00fchrliche Berichterstattung wird es in der n\u00e4chsten Ausgabe der Stecknadel geben.<\/span><\/p>\n<p style=\"text-align: justify\"><span style=\"color: #000000;font-family: arial, helvetica, sans-serif;font-size: 12pt\">Eine gro\u00dfe Bedeutung sahen in diesem Termin auch die Landesmedien. Denn nicht nur Zeitungsredakteure (von HAZ oder Weserkurier) oder das Radio waren anwesend: Auch der NDR berichtete in einem Livestream <a style=\"color: #000000\" href=\"https:\/\/www.ndr.de\/fernsehen\/Schuelerpressekonferenz-mit-Kultusminister-Tonne,pressekonferenz704.html\">(ndr.de\/fernsehen\/Sch\u00fclerpressekonferenz mit Kultusminister Tonne<\/a>) und in der abendlichen Nachrichtensendung (<a style=\"color: #000000\" href=\"https:\/\/www.ndr.de\/fernsehen\/sendungen\/hallo_niedersachsen\/Hallo-Niedersachsen,sendung812118.html\">ndr.de\/fernsehen\/sendungen\/hallo niedersachsen<\/a>) ausf\u00fchrlich von dieser \u00fcberaus gelungenen und die Sch\u00fclerInnen imens motivierenden Aktion. So macht Politik Spass und zugleich Lust darauf, sich auch als Sch\u00fclerzeitung mit der gro\u00dfen Politik zu befassen.<\/span><\/p>\n<p style=\"text-align: justify\"><span style=\"font-size: 12pt;font-family: arial, helvetica, sans-serif;color: #000000\"><a style=\"color: #000000\" href=\"https:\/\/www.magglance.com\/Magazine\/a484649da44f9f3f6da5caab23ecd196\/white\">HIER<\/a> geht\u00b4s zur kostenlosen Online-Erstausgabe &#8211; Dezember 2017. \ud83d\ude42<\/span><\/p>\n<p><span style=\"font-family: arial black, sans-serif;font-size: 12pt;color: #000449\"><strong>\u00a0<\/strong><\/span><\/p>\n<p style=\"text-align: center\"><span style=\"font-family: arial, helvetica, sans-serif;font-size: 12pt;color: #000000\"><strong>Einblicke in unsere Redaktionsarbeit<br \/>\n<\/strong><\/span><\/p>\n<p><a href=\"http:\/\/wordpress.nibis.de\/obsbassum\/schuelerzeitung\/redaktion-4\/\" rel=\"attachment wp-att-2417\"><img loading=\"lazy\" decoding=\"async\" class=\"alignnone wp-image-2417 \" src=\"http:\/\/wordpress.nibis.de\/obsbassum\/files\/2016\/05\/Redaktion-4-1024x682.jpg\" alt=\"\" width=\"245\" height=\"163\" \/><\/a><a href=\"https:\/\/wordpress.nibis.de\/obsbassum\/schuelerzeitung\/1-2\/\" rel=\"attachment wp-att-3661\"><img loading=\"lazy\" decoding=\"async\" class=\" wp-image-3661 alignnone\" src=\"https:\/\/wordpress.nibis.de\/obsbassum\/files\/2018\/12\/1-850x478.jpg\" alt=\"\" width=\"290\" height=\"163\" \/><\/a><a href=\"https:\/\/wordpress.nibis.de\/obsbassum\/schuelerzeitung\/2-2\/\" rel=\"attachment wp-att-3662\"><img loading=\"lazy\" decoding=\"async\" class=\" wp-image-3662 alignnone\" src=\"https:\/\/wordpress.nibis.de\/obsbassum\/files\/2018\/12\/2-850x478.jpg\" alt=\"\" width=\"290\" height=\"163\" \/><\/a><\/p>\n[table \u201c9\u201d not found \/]<br \/>\n\n<p><strong><span style=\"font-family: arial, helvetica, sans-serif;font-size: 12pt;color: #000000\">Wichtige Termine:<\/span><\/strong><\/p>\n<ul>\n<li style=\"list-style-type: none\">\n<ul>\n<li><span style=\"font-family: arial, helvetica, sans-serif;font-size: 12pt;color: #000000\">10.09.2018 &#8211; Teilnahme an der ersten Sch\u00fclerpressekonferenz des Kultusminsteriums<\/span><\/li>\n<\/ul>\n<\/li>\n<\/ul>\n<ul>\n<li style=\"list-style-type: none\">\n<ul>\n<li style=\"text-align: justify\"><span style=\"font-family: arial, helvetica, sans-serif;font-size: 12pt;color: #000000\">18.12.2018 &#8211; Besuch des &#8222;Weserkuriers&#8220; (geplant)<\/span><\/li>\n<\/ul>\n<\/li>\n<\/ul>\n<ul>\n<li style=\"list-style-type: none\">\n<ul>\n<li style=\"text-align: justify\"><span style=\"font-family: arial, helvetica, sans-serif;font-size: 12pt;color: #000000\">25.01.2019 &#8211; Erscheinen der zweiten Ausgabe als Onlineversion (geplant)<\/span><\/li>\n<\/ul>\n<\/li>\n<\/ul>\n<ul>\n<li style=\"text-align: justify\"><span style=\"color: #000000;font-family: arial, helvetica, sans-serif\"><span style=\"font-size: 12pt\">Februar 2019 &#8211; Besuch des Stadtachivs Bassum zum <\/span><span style=\"font-size: 12pt\">Kennenlernen des Archivs und\u00a0<\/span><span style=\"font-size: 12pt\">seiner M\u00f6glichkeiten zur Recherchee (geplant)<\/span><\/span><span style=\"font-family: arial, helvetica, sans-serif;font-size: 12pt;color: #000000\"><br \/>\n<\/span><\/li>\n<\/ul>\n<p style=\"text-align: justify\">\n","protected":false},"excerpt":{"rendered":"<p>Wir freuen uns immer \u00fcber weitere Unterst\u00fctzung und Ideen. Wenn Ihr Lust habt, bei uns mitzumachen oder uns etwas sagen wollt, dann meldet euch gerne bei Alysha Hildesheim (8a), Sophie Sieverding (7a), bei Herrn Kandt oder Herrn Schulz. Ihr erreicht uns au\u00dferdem immer dienstags ab 13:30 Uhr und donnerstags in der ersten Pause im PC-Raum [&hellip;]<\/p>\n","protected":false},"author":1006,"featured_media":0,"parent":0,"menu_order":0,"comment_status":"closed","ping_status":"closed","template":"","meta":{"footnotes":""},"class_list":["post-277","page","type-page","status-publish","hentry"],"_links":{"self":[{"href":"https:\/\/wordpress.nibis.de\/obsbassum\/wp-json\/wp\/v2\/pages\/277","targetHints":{"allow":["GET"]}}],"collection":[{"href":"https:\/\/wordpress.nibis.de\/obsbassum\/wp-json\/wp\/v2\/pages"}],"about":[{"href":"https:\/\/wordpress.nibis.de\/obsbassum\/wp-json\/wp\/v2\/types\/page"}],"author":[{"embeddable":true,"href":"https:\/\/wordpress.nibis.de\/obsbassum\/wp-json\/wp\/v2\/users\/1006"}],"replies":[{"embeddable":true,"href":"https:\/\/wordpress.nibis.de\/obsbassum\/wp-json\/wp\/v2\/comments?post=277"}],"version-history":[{"count":27,"href":"https:\/\/wordpress.nibis.de\/obsbassum\/wp-json\/wp\/v2\/pages\/277\/revisions"}],"predecessor-version":[{"id":6287,"href":"https:\/\/wordpress.nibis.de\/obsbassum\/wp-json\/wp\/v2\/pages\/277\/revisions\/6287"}],"wp:attachment":[{"href":"https:\/\/wordpress.nibis.de\/obsbassum\/wp-json\/wp\/v2\/media?parent=277"}],"curies":[{"name":"wp","href":"https:\/\/api.w.org\/{rel}","templated":true}]}}