{"id":279,"date":"2016-05-17T10:17:30","date_gmt":"2016-05-17T08:17:30","guid":{"rendered":"http:\/\/wordpress.nibis.de\/obsbassum\/?page_id=279"},"modified":"2017-11-18T15:43:42","modified_gmt":"2017-11-18T14:43:42","slug":"landtag-online-2016","status":"publish","type":"page","link":"https:\/\/wordpress.nibis.de\/obsbassum\/landtag-online-2016\/","title":{"rendered":"Landtag-Online 2016"},"content":{"rendered":"<p style=\"text-align: center\"><span style=\"font-family: book antiqua, palatino, serif;font-size: 24pt\">\u00a0<span style=\"color: #000449;font-family: arial black, sans-serif;font-size: 18pt\"><strong>Online-Redaktion der Oberschule Bassum zu Gast in der Politikarena<\/strong><\/span><\/span><\/p>\n<p style=\"text-align: justify\"><span style=\"color: #000449;font-family: arial black, sans-serif;font-size: 12pt\"><strong>Demn\u00e4chst geht es los: Vom 14. bis 16. September sind Chiara Rizzo, Nikola Geschke, Viola Gellert und Zahraa Taleb in ihrer Mission als Online-Redaktion im Landtag. Unterst\u00fctzt werden die vier Sch\u00fclerinnen der Oberschule Bassum vom Landtagsabgeordneten Volker Meyer. Der CDU-Politiker hat die Patenschaft f\u00fcr diese Redaktion \u00fcbernommen.<\/strong><\/span><\/p>\n<p style=\"text-align: justify\"><a href=\"http:\/\/wordpress.nibis.de\/obsbassum\/files\/2016\/09\/IMG-20160822-WA0003.jpg\"><img loading=\"lazy\" decoding=\"async\" class=\"aligncenter size-full wp-image-1501\" src=\"http:\/\/wordpress.nibis.de\/obsbassum\/files\/2016\/09\/IMG-20160822-WA0003.jpg\" alt=\"img-20160822-wa0003\" width=\"1600\" height=\"1200\" \/><\/a><span style=\"font-size: 12pt;color: #000449\"><span style=\"font-family: arial black, sans-serif\"><strong>Schon die Vorbereitungsphase war interessant f\u00fcr die vier Zehntkl\u00e4sslerinnen: Vor ein paar Tagen besuchte hat der Landtagsabgeordnete Meyer die Redakteurinnen in der Schule, um ihnen Rede und Antwort zu stehen. Zudem hat er erkl\u00e4rt, wie eine Plenarwoche \u00fcblicherweise abl\u00e4uft. Welche Themen schlie\u00dflich auf der Tagesordnung stehen werden, wird die Gruppe erst eine Woche vor dem Plenum erfahren. Dann erst beschlie\u00dft der \u00c4ltestenrat die Agenda, die anschlie\u00dfend auf <a style=\"text-decoration: underline\" href=\"http:\/\/www.landtag-niedersachsen.de\/\"><span style=\"color: #000449;text-decoration: underline\">www.landtag-niedersachsen.de<\/span><\/a> ver\u00f6ffentlicht wird.<\/strong><\/span><\/span><\/p>\n<p style=\"text-align: justify\"><span style=\"font-size: 12pt\"><span style=\"color: #275431;font-family: arial black, sans-serif\"><strong><span style=\"color: #000449\">Lehrer Alexander Kandt betreut die Gruppe: \u201eWir sind<\/span> <\/strong><\/span><span style=\"color: #000449;font-family: arial black, sans-serif\"><strong>schon ganz gespannt, was uns erwartet.\u201c<\/strong><\/span><\/span><\/p>\n<p style=\"text-align: justify\"><span style=\"font-size: 12pt;color: #000449;font-family: arial black, sans-serif\"><strong>Erm\u00f6glicht wird dieses Projekt durch die Landesinitiative n-21: Schulen in Niedersachsen online e.V. in Zusammenarbeit mit dem Nieders\u00e4chsischen Landtag. Ziel ist es junge Menschen f\u00fcr Politik zu begeistern und ihre Medienkompetenz durch journalistisches Arbeiten zu st\u00e4rken.<\/strong><\/span><\/p>\n<p style=\"text-align: center\"><a href=\"http:\/\/wordpress.nibis.de\/obsbassum\/files\/2016\/05\/OBS-Bassum-erster-Tag03-300x169.jpg\"><img loading=\"lazy\" decoding=\"async\" class=\" wp-image-1513 alignnone\" src=\"http:\/\/wordpress.nibis.de\/obsbassum\/files\/2016\/05\/OBS-Bassum-erster-Tag03-300x169.jpg\" alt=\"obs-bassum-erster-tag03-300x169\" width=\"241\" height=\"136\" \/><\/a><a href=\"http:\/\/wordpress.nibis.de\/obsbassum\/files\/2016\/05\/Redaktion-300x159.jpg\"><img loading=\"lazy\" decoding=\"async\" class=\"wp-image-1514 alignnone\" src=\"http:\/\/wordpress.nibis.de\/obsbassum\/files\/2016\/05\/Redaktion-300x159.jpg\" alt=\"redaktion-300x159\" width=\"256\" height=\"136\" \/><\/a><a href=\"http:\/\/wordpress.nibis.de\/obsbassum\/files\/2016\/05\/OBS-Bassum-dritter-Tag008-300x169.jpg\"><img loading=\"lazy\" decoding=\"async\" class=\"aligncenter size-full wp-image-1515\" src=\"http:\/\/wordpress.nibis.de\/obsbassum\/files\/2016\/05\/OBS-Bassum-dritter-Tag008-300x169.jpg\" alt=\"obs-bassum-dritter-tag008-300x169\" width=\"300\" height=\"169\" \/><\/a><span style=\"color: #000449;font-size: 12pt;font-family: arial black, sans-serif\"><strong>Hier geht es zur Internetseite der Gruppe und ihren Artikeln. Lesen lohnt sich!!<\/strong><\/span><\/p>\n<p style=\"text-align: center\"><span style=\"font-size: 12pt\"><strong><span style=\"color: #000449;font-family: arial black, sans-serif\"><span style=\"text-decoration: underline\">http:\/\/www.online<span style=\"color: #000449;text-decoration: underline\">&#8211;<\/span><\/span><a href=\"http:\/\/www.online-redaktionen.de\/plenum09-2016\/\"><span style=\"color: #000449\">http:\/\/www.online-redaktionen.de\/plenum09-2016\/<\/span><\/a><\/span><\/strong><\/span><\/p>\n","protected":false},"excerpt":{"rendered":"<p>\u00a0Online-Redaktion der Oberschule Bassum zu Gast in der Politikarena Demn\u00e4chst geht es los: Vom 14. bis 16. September sind Chiara Rizzo, Nikola Geschke, Viola Gellert und Zahraa Taleb in ihrer Mission als Online-Redaktion im Landtag. Unterst\u00fctzt werden die vier Sch\u00fclerinnen der Oberschule Bassum vom Landtagsabgeordneten Volker Meyer. Der CDU-Politiker hat die Patenschaft f\u00fcr diese Redaktion [&hellip;]<\/p>\n","protected":false},"author":1006,"featured_media":0,"parent":0,"menu_order":0,"comment_status":"closed","ping_status":"closed","template":"","meta":{"footnotes":""},"class_list":["post-279","page","type-page","status-publish","hentry"],"_links":{"self":[{"href":"https:\/\/wordpress.nibis.de\/obsbassum\/wp-json\/wp\/v2\/pages\/279","targetHints":{"allow":["GET"]}}],"collection":[{"href":"https:\/\/wordpress.nibis.de\/obsbassum\/wp-json\/wp\/v2\/pages"}],"about":[{"href":"https:\/\/wordpress.nibis.de\/obsbassum\/wp-json\/wp\/v2\/types\/page"}],"author":[{"embeddable":true,"href":"https:\/\/wordpress.nibis.de\/obsbassum\/wp-json\/wp\/v2\/users\/1006"}],"replies":[{"embeddable":true,"href":"https:\/\/wordpress.nibis.de\/obsbassum\/wp-json\/wp\/v2\/comments?post=279"}],"version-history":[{"count":11,"href":"https:\/\/wordpress.nibis.de\/obsbassum\/wp-json\/wp\/v2\/pages\/279\/revisions"}],"predecessor-version":[{"id":2182,"href":"https:\/\/wordpress.nibis.de\/obsbassum\/wp-json\/wp\/v2\/pages\/279\/revisions\/2182"}],"wp:attachment":[{"href":"https:\/\/wordpress.nibis.de\/obsbassum\/wp-json\/wp\/v2\/media?parent=279"}],"curies":[{"name":"wp","href":"https:\/\/api.w.org\/{rel}","templated":true}]}}