{"id":2901,"date":"2018-07-22T10:27:19","date_gmt":"2018-07-22T08:27:19","guid":{"rendered":"http:\/\/wordpress.nibis.de\/obsbassum\/?page_id=2901"},"modified":"2018-08-02T09:06:46","modified_gmt":"2018-08-02T07:06:46","slug":"entwicklungsziele","status":"publish","type":"page","link":"https:\/\/wordpress.nibis.de\/obsbassum\/entwicklungsziele\/","title":{"rendered":"Entwicklungsziele der OBS Bassum"},"content":{"rendered":"<p style=\"text-align: justify\"><span style=\"color: #000000;font-family: arial, helvetica, sans-serif;font-size: 12pt\">Die OBS Bassum mit gymnasialem Zweig hat ein Schulprogramm, das dar\u00fcber Auskunft gibt, welches Leitbild, welche Entwicklungsziele und welche p\u00e4dagogischen und organisatorischen Konzepte die Arbeit und das Miteinander unserer Schule bestimmen. <\/span><\/p>\n<p style=\"text-align: justify\"><span style=\"color: #000000;font-family: arial, helvetica, sans-serif\"><span style=\"font-size: 12pt\">\u00dcber den unten stehenden Link sind die aktuellen Leitziele unserer Schule einzusehen.<\/span> <\/span><\/p>\n<p><span style=\"color: #000000;font-family: arial, helvetica, sans-serif\"><span style=\"font-size: 14pt\"><strong><a style=\"color: #000000\" href=\"http:\/\/wordpress.nibis.de\/obsbassum\/files\/2018\/07\/180720_Homepage_Entwicklungsziele.pdf\">Entwicklungsziele der OBS Bassum<\/a><\/strong><\/span><\/span><\/p>\n","protected":false},"excerpt":{"rendered":"<p>Die OBS Bassum mit gymnasialem Zweig hat ein Schulprogramm, das dar\u00fcber Auskunft gibt, welches Leitbild, welche Entwicklungsziele und welche p\u00e4dagogischen und organisatorischen Konzepte die Arbeit und das Miteinander unserer Schule bestimmen. \u00dcber den unten stehenden Link sind die aktuellen Leitziele unserer Schule einzusehen. Entwicklungsziele der OBS Bassum<\/p>\n","protected":false},"author":1006,"featured_media":0,"parent":0,"menu_order":0,"comment_status":"closed","ping_status":"closed","template":"","meta":{"footnotes":""},"class_list":["post-2901","page","type-page","status-publish","hentry"],"_links":{"self":[{"href":"https:\/\/wordpress.nibis.de\/obsbassum\/wp-json\/wp\/v2\/pages\/2901","targetHints":{"allow":["GET"]}}],"collection":[{"href":"https:\/\/wordpress.nibis.de\/obsbassum\/wp-json\/wp\/v2\/pages"}],"about":[{"href":"https:\/\/wordpress.nibis.de\/obsbassum\/wp-json\/wp\/v2\/types\/page"}],"author":[{"embeddable":true,"href":"https:\/\/wordpress.nibis.de\/obsbassum\/wp-json\/wp\/v2\/users\/1006"}],"replies":[{"embeddable":true,"href":"https:\/\/wordpress.nibis.de\/obsbassum\/wp-json\/wp\/v2\/comments?post=2901"}],"version-history":[{"count":9,"href":"https:\/\/wordpress.nibis.de\/obsbassum\/wp-json\/wp\/v2\/pages\/2901\/revisions"}],"predecessor-version":[{"id":3258,"href":"https:\/\/wordpress.nibis.de\/obsbassum\/wp-json\/wp\/v2\/pages\/2901\/revisions\/3258"}],"wp:attachment":[{"href":"https:\/\/wordpress.nibis.de\/obsbassum\/wp-json\/wp\/v2\/media?parent=2901"}],"curies":[{"name":"wp","href":"https:\/\/api.w.org\/{rel}","templated":true}]}}