{"id":3444,"date":"2018-08-31T18:49:58","date_gmt":"2018-08-31T16:49:58","guid":{"rendered":"http:\/\/wordpress.nibis.de\/obsbassum\/?page_id=3444"},"modified":"2022-12-09T09:04:28","modified_gmt":"2022-12-09T08:04:28","slug":"aktionen","status":"publish","type":"page","link":"https:\/\/wordpress.nibis.de\/obsbassum\/aktionen\/","title":{"rendered":"Aktionen"},"content":{"rendered":"<div>\n<p style=\"text-align: justify\"><span style=\"color: #000000\"><strong><span style=\"font-family: arial,helvetica,sans-serif;font-size: 24pt\">Aktionen 2021\/\u00b422<\/span><\/strong><\/span><\/p>\n<p style=\"text-align: justify\"><span style=\"font-family: arial, helvetica, sans-serif;color: #000000\">Nach einem Jahr Pause aufgrund der Coronapandemie geht es nun mit frischen Ideen endlich wieder los.\u00a0<\/span><\/p>\n<p style=\"text-align: justify\"><span style=\"font-size: 18pt\"><strong><span style=\"font-family: arial, helvetica, sans-serif\">Berufsmusse &#8222;Befa&#8220; erstmals erfolgreich durchgef\u00fchrt<\/span><\/strong><\/span><\/p>\n<p>Mit dabei waren folgende Firmen, bei denen wir ganz herzlich f\u00fcr ihr gro\u00dfartiges Engagement bedanken.<\/p>\n<table style=\"width: 100%;height: 1255px\">\n<tbody>\n<tr style=\"height: 27px\">\n<td style=\"height: 27px\" width=\"293\"><strong>Unternehmen<\/strong><\/td>\n<td style=\"height: 27px\" width=\"330\"><strong>Ausbildung<\/strong><\/td>\n<\/tr>\n<tr style=\"height: 196px\">\n<td style=\"height: 196px\" width=\"293\">\u00b7\u00a0\u00a0\u00a0\u00a0\u00a0\u00a0\u00a0\u00a0 B\u00e4ckerei Meyer<\/td>\n<td style=\"height: 196px\" width=\"330\">B\u00e4cker\/in<\/p>\n<p>B\u00e4ckereifachverk\u00e4ufer\/in<\/p>\n<p>Konditor\/in<\/td>\n<\/tr>\n<tr style=\"height: 27px\">\n<td style=\"height: 27px\" width=\"293\">\u00b7\u00a0\u00a0\u00a0\u00a0\u00a0\u00a0\u00a0\u00a0 Modehaus Maas<\/td>\n<td style=\"height: 27px\" width=\"330\">Einzelhandelskauffrau\/-mann<\/td>\n<\/tr>\n<tr style=\"height: 50px\">\n<td style=\"height: 50px\" width=\"293\">\u00b7\u00a0\u00a0\u00a0\u00a0\u00a0\u00a0\u00a0\u00a0 Cordes \u2013 Die Badgestalter<\/td>\n<td style=\"height: 50px\" width=\"330\">Anlagenmechaniker\/in f\u00fcr Sanit\u00e4r \u2013 Heizungs- und Klimatechnik<\/td>\n<\/tr>\n<tr style=\"height: 27px\">\n<td style=\"height: 27px\" width=\"293\">\u00b7\u00a0\u00a0\u00a0\u00a0\u00a0\u00a0\u00a0\u00a0 Eisenwerke Bassum<\/td>\n<td style=\"height: 27px\" width=\"330\">siehe bei Taff<\/td>\n<\/tr>\n<tr style=\"height: 27px\">\n<td style=\"height: 27px\" width=\"293\">\u00b7\u00a0\u00a0\u00a0\u00a0\u00a0\u00a0\u00a0\u00a0 KMH<\/td>\n<td style=\"height: 27px\" width=\"330\">siehe bei Taff<\/td>\n<\/tr>\n<tr style=\"height: 347px\">\n<td style=\"height: 347px\" width=\"293\">\u00b7\u00a0\u00a0\u00a0\u00a0\u00a0\u00a0\u00a0\u00a0 taff<\/td>\n<td style=\"height: 347px\" width=\"330\">Industriemechaniker\/in<\/p>\n<p>Zerspanungsmechaniker\/in<\/p>\n<p>Land- und Baumaschinenmechatroniker\/in<\/p>\n<p>Konstruktionsmechaniker\/in<\/p>\n<p>Fachkraft f\u00fcr Metalltechnik\/in<\/p>\n<p>Maschinen- und Anlagenf\u00fchrer\/in<\/td>\n<\/tr>\n<tr style=\"height: 27px\">\n<td style=\"height: 27px\" width=\"293\">\u00b7\u00a0\u00a0\u00a0\u00a0\u00a0\u00a0\u00a0\u00a0 Kreissparkasse Syke-Bassum<\/td>\n<td style=\"height: 27px\" width=\"330\">Bankkaufmann\/frau<\/td>\n<\/tr>\n<tr style=\"height: 27px\">\n<td style=\"height: 27px\" width=\"293\">\u00b7\u00a0\u00a0\u00a0\u00a0\u00a0\u00a0\u00a0\u00a0 Schorling Holz<\/td>\n<td style=\"height: 27px\" width=\"330\">Zimmermann\/frau<\/td>\n<\/tr>\n<tr style=\"height: 27px\">\n<td style=\"height: 27px\" width=\"293\">\u00b7\u00a0\u00a0\u00a0\u00a0\u00a0\u00a0\u00a0\u00a0 Agrartechnik S\u00fcndermann<\/td>\n<td style=\"height: 27px\" width=\"330\">Land- und Baumaschinen Mechatroniker\/in<\/td>\n<\/tr>\n<tr style=\"height: 27px\">\n<td style=\"height: 27px\" width=\"293\">\u00b7\u00a0\u00a0\u00a0\u00a0\u00a0\u00a0\u00a0\u00a0 Bremer Stahl und Metallbau<\/td>\n<td style=\"height: 27px\" width=\"330\">Metallbauer\/in f\u00fcr Konstruktionstechnik<\/td>\n<\/tr>\n<tr style=\"height: 27px\">\n<td style=\"height: 27px\" width=\"293\">\u00b7\u00a0\u00a0\u00a0\u00a0\u00a0\u00a0\u00a0\u00a0 Zimmerei A. Buchholz<\/td>\n<td style=\"height: 27px\" width=\"330\">Zimmermann\/frau<\/td>\n<\/tr>\n<tr style=\"height: 146px\">\n<td style=\"height: 146px\" width=\"293\">\u00b7\u00a0\u00a0\u00a0\u00a0\u00a0\u00a0\u00a0\u00a0 Die Stadt Bassum<\/td>\n<td style=\"height: 146px\" width=\"330\">Verwaltungsfachangestellte\/r<\/p>\n<p>Fachangestellte\/r f\u00fcr B\u00e4derbetriebe<\/td>\n<\/tr>\n<tr style=\"height: 246px\">\n<td style=\"height: 246px\" width=\"293\">\u00b7\u00a0\u00a0\u00a0\u00a0\u00a0\u00a0\u00a0\u00a0 Stelter Zahnrad<\/td>\n<td style=\"height: 246px\" width=\"330\">Zerspanungsmechaniker<\/p>\n<p>Maschinen- und Anlagenf\u00fchrer<\/p>\n<p>Industriemechaniker<\/p>\n<p>Mechatroniker<\/td>\n<\/tr>\n<tr style=\"height: 27px\">\n<td style=\"height: 27px\" width=\"293\">\u00b7\u00a0\u00a0\u00a0\u00a0\u00a0\u00a0\u00a0\u00a0 Volksbank Syke-Bassum<\/td>\n<td style=\"height: 27px\" width=\"330\">Bankkaufmann\/frau<\/td>\n<\/tr>\n<\/tbody>\n<\/table>\n<p style=\"text-align: justify\"><span style=\"font-size: 18pt\"><strong><span style=\"color: #000000;font-family: arial, helvetica, sans-serif\">Bewerbungstraining\u00a0<\/span><\/strong><\/span><\/p>\n<p style=\"text-align: justify\"><strong><span style=\"color: #000000;font-family: arial, helvetica, sans-serif\">Vorstellung Bassum Unternehmen und umzu &#8211; Wie l\u00e4uft das Bewerbungsgespr\u00e4ch?<\/span><\/strong><\/p>\n<p style=\"text-align: justify\"><img loading=\"lazy\" decoding=\"async\" class=\" wp-image-6901 alignnone\" src=\"https:\/\/wordpress.nibis.de\/obsbassum\/files\/2021\/10\/Berufsmesse-1-850x478.jpg\" alt=\"\" width=\"217\" height=\"122\" \/><\/p>\n<p><img loading=\"lazy\" decoding=\"async\" class=\" wp-image-6902 alignnone\" src=\"https:\/\/wordpress.nibis.de\/obsbassum\/files\/2021\/10\/Berufsmesse-2-850x478.jpg\" alt=\"\" width=\"322\" height=\"181\" \/> <img loading=\"lazy\" decoding=\"async\" class=\" wp-image-6903 alignnone\" src=\"https:\/\/wordpress.nibis.de\/obsbassum\/files\/2021\/10\/Berufsmesse-3-850x478.jpg\" alt=\"\" width=\"321\" height=\"180\" \/> <img loading=\"lazy\" decoding=\"async\" class=\" wp-image-6904 alignnone\" src=\"https:\/\/wordpress.nibis.de\/obsbassum\/files\/2021\/10\/Berufsmesse-4-850x478.jpg\" alt=\"\" width=\"321\" height=\"181\" \/><\/p>\n<p style=\"text-align: justify\"><span style=\"color: #000000;font-size: 18pt\"><strong><span style=\"font-family: arial, helvetica, sans-serif\">Aktionen 2019\/\u00b420<\/span><\/strong><\/span><\/p>\n<p style=\"text-align: justify\"><span style=\"font-size: 18pt\"><strong><span style=\"color: #000000;font-family: arial,helvetica,sans-serif\">Wirtschaftsexperten beantworten Fragen<\/span><\/strong><\/span><br \/>\n<strong><span style=\"color: #000000;font-family: arial,helvetica,sans-serif\">Sch\u00fcler informieren sich \u00fcber Arbeits- und Ausbildungsmarkt<\/span><\/strong><br \/>\n<span style=\"color: #000000;font-family: arial,helvetica,sans-serif\">Kurz vor den Weihnachtsferien begr\u00fc\u00dften die 9c und ihre Wirtschaftslehrerin Frau Scharnowski Frau Gr\u00fctzmacher von der Wirtschaftsf\u00f6rderung Bassum sowie den Marketingleiter Herrn Vroom von KMH-KAMMANN METALLBAU GMBH samt Praktikantin. Anlass f\u00fcr ihren Besuch war eine Expertenbefragung zum regionalen Arbeits- und Ausbildungsmarkt. <\/span><br \/>\n<span style=\"color: #000000;font-family: arial,helvetica,sans-serif\">Nachdem die Referierenden ihr T\u00e4tigkeitsfeld kurz umschrieben und Herr Vroom der Klasse einen genaueren Einblick in das Unternehmen KMH gegeben hatte, stellten sie sich den Fragen der Sch\u00fcler*innen. In der Unterrichtseinheit \u201eRegionaler Wirtschaftsraum\u201c hatten sie sich n\u00e4her damit besch\u00e4ftigt, durch welche Merkmale sich die Wirtschaft in und um Bassum charakterisiert und welche Lebens- sowie Arbeitsm\u00f6glichkeiten sich daraus ergeben. Neben Informationen zur derzeitigen wirtschaftlichen Situation wurden auch Entwicklungsm\u00f6glichkeiten angesprochen. Dar\u00fcber hinaus zeigten Frau Gr\u00fctzmacher und Herr Vroom den Sch\u00fclerinnen und Sch\u00fclern auf, welche Ausbildungsm\u00f6glichkeiten sich f\u00fcr sie bieten, wie sie diese bestm\u00f6glich nutzen, aber auch wie sie mit besonderen Herausforderungen w\u00e4hrend ihrer Ausbildung umgehen k\u00f6nnen.<\/span><br \/>\n<span style=\"color: #000000;font-family: arial,helvetica,sans-serif\">In der darauffolgenden Stunde trugen die Sch\u00fcler*innen ihre notierten Antworten zusammen und fertigten darauf aufbauend Tagebucheintr\u00e4ge an, in denen sie die Veranstaltung reflektierten. Insgesamt geht aus diesen hervor, dass die Klasse die Expertenbefragung als gewinnbringenden realen Einblick in das wirtschaftliche Geschehen vor Ort empfand sowie als kleinere oder gr\u00f6\u00dfere Herausforderung, einmal nicht nur mit Mitsch\u00fclern oder Lehrkr\u00e4ften in den Austausch zu treten.<\/span><\/p>\n<p style=\"text-align: justify\"><span style=\"color: #000000;font-family: arial,helvetica,sans-serif;font-size: 18pt\"><strong>Chef zu gewinnen<\/strong><\/span><br \/>\n<span style=\"color: #000000;font-family: arial,helvetica,sans-serif\"><strong>10c meets Vorstandsvorsitzenden der comdirect<\/strong><\/span><\/p>\n<figure id=\"attachment_3953\" aria-describedby=\"caption-attachment-3953\" style=\"width: 201px\" class=\"wp-caption alignleft\"><img loading=\"lazy\" decoding=\"async\" class=\" wp-image-3953\" src=\"https:\/\/wordpress.nibis.de\/obsbassum\/files\/2019\/03\/chef-1-850x478.jpg\" alt=\"\" width=\"201\" height=\"113\" \/><figcaption id=\"caption-attachment-3953\" class=\"wp-caption-text\"><span style=\"color: #000000;font-family: arial,helvetica,sans-serif\">Fotos von: Tristan Vankann<\/span><\/figcaption><\/figure>\n<p style=\"text-align: justify\"><span style=\"color: #000000;font-family: arial,helvetica,sans-serif\">Unter dem Titel dieses Wettbewerbes konnten sich die Sch\u00fclerinnen der 10c zun\u00e4chst nicht viel vorstellen, als sie durch ihre Wirtschaftslehrerin Frau Scharnowski zum ersten Mal davon h\u00f6rten. <\/span><br \/>\n<span style=\"color: #000000;font-family: arial,helvetica,sans-serif\">Die Aktion ist eine Initiative des Handelsblatts, die Topmanager in Schulen bringt. Ziel ist es, das Interesse an Wirtschaft unter Jugendlichen zu wecken und ihnen sowohl einen lebensnahen wie auch pers\u00f6nlichen Einblick in die Arbeitswelt und Karrierem\u00f6glichkeiten zu vermitteln.<\/span><br \/>\n<span style=\"color: #000000;font-family: arial,helvetica,sans-serif\">Interessiert daran, diese Chance zu nutzen, erarbeiteten die Sch\u00fclerinnen unterst\u00fctzt durch Frau Scharnowski ihre Bewerbung. Damit \u00fcberzeugte die Klasse sowohl die Jury des Handelsblatts als auch Arno Walter, den Vorstandsvorsitzenden der comdirect bank AG.<\/span><br \/>\n<span style=\"color: #000000;font-family: arial,helvetica,sans-serif\">Am 13.02.2019 war es dann soweit. Herr Walter stellte sich den Fragen der 10c. Ausf\u00fchrlich berichtete er \u00fcber seinen Alltag als F\u00fchrungskraft, die kleinen und gro\u00dfen Meilensteine auf seinem pers\u00f6nlichen Karriereweg. Aber auch \u00fcber Themen wie Datensicherheit beim Online-Banking, die Bedeutung des Bargeldes oder Einstellungskriterien kamen die Klasse und Herr Walter in den Austausch.<\/span><\/p>\n<p><span style=\"color: #000000;font-family: arial,helvetica,sans-serif\">Die Sch\u00fclerInnen sind nun gespannt, im Zuge eines Gegenbesuchs in der Zentrale der comdirect bank AG in Quickborn im Juni, einmal hinter die Kulissen zu schauen.<\/span><\/p>\n<p style=\"text-align: justify\"><span style=\"font-family: arial, helvetica, sans-serif\"><strong><span style=\"color: #000000;font-size: 18pt\">Wirtschaft und Schule \u2013 Aus der Idee wurde Wirklichkeit<\/span><br \/>\n<\/strong><\/span><\/p>\n<\/div>\n<div>\n<p style=\"text-align: justify\"><span style=\"font-family: arial, helvetica, sans-serif;color: #000000;font-size: 12pt\"><strong>Profilkurs Wirtschaft erstellt ein Firmenregister<\/strong><\/span><\/p>\n<p style=\"text-align: justify\"><span style=\"font-family: arial, helvetica, sans-serif;color: #000000\">Was will ich einmal werden? Diese Frage stellen sich naturgem\u00e4\u00df am Ende der Schulzeit viele. Sch\u00fclerInnen und Eltern, aber nat\u00fcrlich auch die LehrerInnen. Um zuk\u00fcnftig einen noch engeren Kontakt zu den Firmen in Bassum und Umgebung zu haben und damit auch Ideen f\u00fcr den weiteren Werdegang, hat der Profilkurs Wirtschaft mit Hilfe von Frau Michel \u2013 unserer Fachbereichsleiterin f\u00fcr Arbeit\/Wirtschaft \u2013 die Idee entwickelt, ein Firmenregister ins Leben zu rufen.<\/span><\/p>\n<p style=\"text-align: justify\"><span style=\"color: #000000;font-family: arial, helvetica, sans-serif\">Nun wird es in die Tat umgesetzt. Aktuell werden die Firmen kontaktiert. Sogar aus Bruchausen-Vilsen gibt es schon ein positives Feedback. Sagen Sie es gerne weiter. Wer als Firma Interesse daran hat, sich einzutragen, der darf sich ab sofort melden. Das Infoschreiben mit den Kontaktdaten gibt es hier.<\/span><\/p>\n<ul>\n<li style=\"list-style-type: none\">\n<ul>\n<li style=\"text-align: justify\"><span style=\"color: #000000;font-family: arial, helvetica, sans-serif\"><strong><a style=\"color: #000000\" href=\"https:\/\/wordpress.nibis.de\/obsbassum\/willkommen\/unternehmensregister_informationsbrief\/\" rel=\"attachment wp-att-3723\">Unternehmensregister \u2013 Informationsbrief<\/a><\/strong><\/span><\/li>\n<\/ul>\n<\/li>\n<\/ul>\n<ul>\n<li style=\"text-align: justify\"><span style=\"color: #000000;font-family: arial, helvetica, sans-serif\"><strong><a style=\"color: #000000\" href=\"https:\/\/wordpress.nibis.de\/obsbassum\/willkommen\/formblatt-unternehmensregister\/\" rel=\"attachment wp-att-3767\">Formblatt Unternehmensregister<\/a><\/strong><\/span><\/li>\n<\/ul>\n<\/div>\n<p><span style=\"font-size: 18pt\"><strong><span style=\"color: #000000;font-family: arial,helvetica,sans-serif\">Ausgezeichnet!<\/span><\/strong><\/span><\/p>\n<p style=\"text-align: left\"><span style=\"color: #000000;font-family: arial,helvetica,sans-serif;font-size: 12pt\">Wir haben offiziell das G\u00fctesiegel &#8222;Berufswahl- und ausbildungsfreundliche Schule&#8220; des Landkreises Diepholz verliehen bekommen. Zusammen mit sieben weiteren Schulen im Landkreis wurden wir auf der 19. Diepholzer Berufsmesse ausgezeichent. Die Qualit\u00e4t unserer Ausgestaltung der Berufsorientierung ab dem achten Jahrgang, verst\u00e4rkt dann in den letzten beiden Schuljahren, hat zusammen mit weiteren Veranstaltungen (Elternabend mit Praktikumspr\u00e4sentation der Sch\u00fclerInnen und Praktikumsmesse) die Jury, bestehend aus Vertreterinnen und Vertretern aus Landesschulbeh\u00f6rde, Wirtschaft, Landkreis und der Agentur f\u00fcr Arbeit, \u00fcberzeugt.<\/span><\/p>\n<p style=\"text-align: justify\"><span style=\"color: #000000;font-size: 18pt\"><strong><span style=\"font-family: arial,helvetica,sans-serif\">Aktionen 2018\/\u00b419<\/span><\/strong><\/span><\/p>\n<p><strong><span style=\"color: #000000;font-family: arial,helvetica,sans-serif;font-size: 18pt\">Finanzf\u00fchrerschein f\u00fcr Klasse 10<\/span><\/strong><\/p>\n<p style=\"text-align: justify\"><strong><span style=\"color: #000000;font-family: arial,helvetica,sans-serif;font-size: 12pt\">Wirtschaftsunterricht bereitet auf ein Leben nach der Schule vor<\/span><\/strong><\/p>\n<p style=\"text-align: justify\"><span style=\"color: #000000;font-family: arial,helvetica,sans-serif;font-size: 12pt\"><img loading=\"lazy\" decoding=\"async\" class=\" wp-image-3747 alignleft\" src=\"https:\/\/wordpress.nibis.de\/obsbassum\/files\/2018\/12\/Verleihung-2.jpg\" alt=\"\" width=\"189\" height=\"142\" \/>Durchgef\u00fchrt wurde der gro\u00dfe Finanzf\u00fchrerschein von der Volksbank Bassum und der Schuldnerberatung der Diakonie im Rahmen des Wirtschaftsunterrichts zum Thema \u201efinanzielle Allgemeinbildung\u201c. <\/span><br \/>\n<span style=\"color: #000000;font-family: arial,helvetica,sans-serif;font-size: 12pt\">Wo Sch\u00fclerInnen seit Generationen oft fragten und immer noch fragen &#8222;Wozu machen wir das? Was bringt mir das sp\u00e4ter?&#8220;, antwortet der Wirtschaftsunterricht der OBS Bassum ganz praktisch. Denn hierbei ging es um den sicheren Umgang mit Geld und die Vermeidung von Schulden. Beispielsweise haben sich die Sch\u00fclerInnen mit dem Thema Kredite auseinandergesetzt. Sier erfuhren, dass man mit \u00a0seinem monatlichen Einkommen haushalten muss, um sparen zu k\u00f6nnen bzw. um nicht in die Schuldenfalle zu geraten. Abgeschlossen wurde die Veranstaltung mit einem Test, der tats\u00e4chlich an die F\u00fchrerscheinpr\u00fcfung erinnert und der zum einen f\u00fcr Bewerbungen benutzt werden kann und zum anderen Gegenstand der Wirtschaftsnote ist. Am 14.12 fand jetzt durch die Organisatoren die Verleihung der Zertifikate statt. Nat\u00fcrlich nur an die Sch\u00fcler, die den Test auch bestanden haben. Leider waren die Klassen 10c und 10d an diesem Tag abwesend. In Zukunft soll der Finanzf\u00fchrerschein regelm\u00e4\u00dfig f\u00fcr die 10.Klassen angeboten werden und bestenfalls auch der kleine Finanzf\u00fchrerschein in Klasse 8.<\/span><\/p>\n","protected":false},"excerpt":{"rendered":"<p>Aktionen 2021\/\u00b422 Nach einem Jahr Pause aufgrund der Coronapandemie geht es nun mit frischen Ideen endlich wieder los.\u00a0 Berufsmusse &#8222;Befa&#8220; erstmals erfolgreich durchgef\u00fchrt Mit dabei waren folgende Firmen, bei denen wir ganz herzlich f\u00fcr ihr gro\u00dfartiges Engagement bedanken. Unternehmen Ausbildung \u00b7\u00a0\u00a0\u00a0\u00a0\u00a0\u00a0\u00a0\u00a0 B\u00e4ckerei Meyer B\u00e4cker\/in B\u00e4ckereifachverk\u00e4ufer\/in Konditor\/in \u00b7\u00a0\u00a0\u00a0\u00a0\u00a0\u00a0\u00a0\u00a0 Modehaus Maas Einzelhandelskauffrau\/-mann \u00b7\u00a0\u00a0\u00a0\u00a0\u00a0\u00a0\u00a0\u00a0 Cordes \u2013 Die Badgestalter [&hellip;]<\/p>\n","protected":false},"author":1006,"featured_media":0,"parent":0,"menu_order":0,"comment_status":"closed","ping_status":"closed","template":"","meta":{"footnotes":""},"class_list":["post-3444","page","type-page","status-publish","hentry"],"_links":{"self":[{"href":"https:\/\/wordpress.nibis.de\/obsbassum\/wp-json\/wp\/v2\/pages\/3444","targetHints":{"allow":["GET"]}}],"collection":[{"href":"https:\/\/wordpress.nibis.de\/obsbassum\/wp-json\/wp\/v2\/pages"}],"about":[{"href":"https:\/\/wordpress.nibis.de\/obsbassum\/wp-json\/wp\/v2\/types\/page"}],"author":[{"embeddable":true,"href":"https:\/\/wordpress.nibis.de\/obsbassum\/wp-json\/wp\/v2\/users\/1006"}],"replies":[{"embeddable":true,"href":"https:\/\/wordpress.nibis.de\/obsbassum\/wp-json\/wp\/v2\/comments?post=3444"}],"version-history":[{"count":38,"href":"https:\/\/wordpress.nibis.de\/obsbassum\/wp-json\/wp\/v2\/pages\/3444\/revisions"}],"predecessor-version":[{"id":7631,"href":"https:\/\/wordpress.nibis.de\/obsbassum\/wp-json\/wp\/v2\/pages\/3444\/revisions\/7631"}],"wp:attachment":[{"href":"https:\/\/wordpress.nibis.de\/obsbassum\/wp-json\/wp\/v2\/media?parent=3444"}],"curies":[{"name":"wp","href":"https:\/\/api.w.org\/{rel}","templated":true}]}}