{"id":3603,"date":"2018-11-21T17:25:56","date_gmt":"2018-11-21T16:25:56","guid":{"rendered":"http:\/\/wordpress.nibis.de\/obsbassum\/?page_id=3603"},"modified":"2025-08-17T10:23:34","modified_gmt":"2025-08-17T08:23:34","slug":"vertrauenslehrer-in","status":"publish","type":"page","link":"https:\/\/wordpress.nibis.de\/obsbassum\/vertrauenslehrer-in\/","title":{"rendered":"Vertrauenslehrer\/-in"},"content":{"rendered":"<p style=\"text-align: justify\"><span style=\"font-size: 18pt;background-color: #ffcc00;font-family: helvetica, arial, sans-serif\"><strong><span style=\"color: #000000\">Die Ansprechpartner f\u00fcr euch in vielen Lebenslagen<\/span><\/strong><\/span><\/p>\n<p style=\"text-align: justify\"><span style=\"color: #000000;font-family: helvetica, arial, sans-serif;font-size: 14pt\">Neu gew\u00e4hlt auf der letzten Sch\u00fclerversammlung f\u00fcr das aktuelle Schuljahr 24\/25 wurden <strong><span style=\"background-color: #ffcc00\">Frau Sch\u00e4fers<\/span><\/strong> und <span style=\"background-color: #ffcc00\"><strong>Herr Schulz<\/strong><\/span>. Hier ein erster Einblick in ihre Aufgaben.\u00a0<\/span><\/p>\n<p style=\"text-align: justify\"><span style=\"font-family: helvetica, arial, sans-serif;font-size: 14pt;color: #000000\"><strong>Die Aufgaben der Vertrauenslehrkr\u00e4fte an der OBS Bassum?\u00a0<\/strong><\/span><\/p>\n<div class=\"csc-textpic-text\">\n<p style=\"text-align: justify\"><span style=\"font-family: helvetica, arial, sans-serif;font-size: 14pt;color: #000000\">Wir sehen uns als neutralen Ansprechpartner. Gew\u00e4hlt wurden wir von den Sch\u00fclerinnen und Sch\u00fclern zum Schuljahresbeginn und bleiben es f\u00fcr das kommende Schuljahr. In den Schulen des Landes Niedersachsen k\u00f6nnen sich die Sch\u00fclerInnen gem\u00e4\u00df \u00a7 80 Abs. 6 NSchG unter den Lehrkr\u00e4ften eine Beraterin oder einen Berater w\u00e4hlen. Es werden immer eine weibliche Vertrauenslehrerin und ein m\u00e4nnlicher Vertrauenslehrer gew\u00e4hlt, die w\u00e4hrend der Schulzeit in den Pausen und auch nach der Schule f\u00fcr alle Sch\u00fclerInnen ein offenes Ohr haben. Die Basis f\u00fcr jedes Gespr\u00e4ch dabei ist ein gegenseitiges Vertrauen, was nur erreicht werden kann, wenn man sein Anliegen wahrheitsgem\u00e4\u00df wiedergibt. Erst dann kann einer Sch\u00fclerin \/ einem Sch\u00fcler auch geholfen werden.<\/span><\/p>\n<p style=\"text-align: justify\"><span style=\"font-family: helvetica, arial, sans-serif;font-size: 14pt;color: #000000\">Das Gespr\u00e4ch zwischen Sch\u00fclerIn und VertrauenslehrerIn unterliegt der Schweigepflicht und wird sowohl in Ruhe als auch mit ausreichender Zeit gef\u00fchrt. Wir als VertrauenslehrerIn sehen uns in dieser Situation dann als Vermittler. Dem Vertrauenslehrer sind gleichzeitig Grenzen gesetzt. Zu einem Konflikt geh\u00f6ren meistens zwei Sichtweisen. Da der Vertrauenslehrer aber oft nur die eine Sicht kennt, ist es in einigen F\u00e4llen schwierig, f\u00fcr beide Konfliktpartner beschwichtigend zu handeln. Oft sind schulische Konflikte zwischen Sch\u00fclern und Lehrern, Sch\u00fclern und Sch\u00fclern, aber auch private Konflikte zwischen Sch\u00fclern und Eltern zu l\u00f6sen. Die Aufgabe des Vertrauenslehrers besteht darin, einen L\u00f6sungsweg einzuschlagen und n\u00f6tige Kontakte (Beratungslehrer, Streitschlichter, Jugendamt etc.) zu kn\u00fcpfen, die bei der L\u00f6sung des Problems helfen k\u00f6nnen.<\/span><\/p>\n<p style=\"text-align: justify\"><span style=\"font-size: 14pt;font-family: helvetica, arial, sans-serif\"><span style=\"color: #000000\">Wir sind immer f\u00fcr euch ansprechbar, wenn ihr \u00fcber ein pers\u00f6nliches Problem, ein famili\u00e4res oder ein grundlegendes Problem zwischen Lehrer\/In und Sch\u00fcler\/Innen reden m\u00f6chtet und es nicht alleine schafft, eine L\u00f6sung zu finden.\u00a0<\/span><span style=\"color: #000000\">Die Vertrauenslehrer sind bei Problemen ansprechbar, die man nur mit einer Vertrauensperson besprechen m\u00f6chte. <\/span><\/span><\/p>\n<p style=\"text-align: justify\"><span style=\"color: #000000;font-family: helvetica, arial, sans-serif;font-size: 14pt\">Au\u00dferdem stehen wir als BeraterIn f\u00fcr die Sch\u00fclervertretung zur Verf\u00fcgung. Die Bezirks-SV-Beraterinnen und Berater statten euch au\u00dferdem mit den n\u00f6tigen Informationen aus, f\u00fchren selbst SV-Seminare und SV-Tage durch und stehen f\u00fcr Anfragen und Hilfestellungen zur Verf\u00fcgung.<\/span><\/p>\n<\/div>\n<p style=\"text-align: justify\"><span style=\"color: #000000;font-family: helvetica, arial, sans-serif;font-size: 14pt\">Hier findet ihr wichtige rechtliche Informationen zur Sch\u00fclervertretung:<\/span><\/p>\n<ul>\n<li style=\"text-align: justify\"><span style=\"color: #000000;font-family: helvetica, arial, sans-serif;font-size: 14pt\"><a style=\"color: #000000\" href=\"http:\/\/wordpress.nibis.de\/obsbassum\/vertrauenslehrer-in\/11-08-11_hinweise_zur_sv_an_obs_ii\/\" rel=\"attachment wp-att-3611\">Hinweise_zur_Sch\u00fclervertretung_an_der OBS<\/a><\/span><\/li>\n<li style=\"text-align: justify\"><span style=\"color: #000000;font-family: helvetica, arial, sans-serif;font-size: 14pt\"><a style=\"color: #000000\" href=\"http:\/\/wordpress.nibis.de\/obsbassum\/vertrauenslehrer-in\/11-04-29_hinweise_zur_sch_lermitwirkung\/\" rel=\"attachment wp-att-3612\">Hinweise_zur_Sch\u00fclermitwirkung<\/a><\/span><\/li>\n<li style=\"text-align: justify\"><span style=\"color: #000000;font-family: helvetica, arial, sans-serif;font-size: 14pt\"><a style=\"color: #000000\" href=\"http:\/\/wordpress.nibis.de\/obsbassum\/vertrauenslehrer-in\/31-03-31_sch_lerwahlordnung\/\" rel=\"attachment wp-att-3613\">Sch\u00fclerwahlordnung<\/a><\/span><\/li>\n<li style=\"text-align: justify\"><span style=\"color: #000000;font-family: helvetica, arial, sans-serif;font-size: 14pt\"><a style=\"color: #000000\" href=\"http:\/\/wordpress.nibis.de\/obsbassum\/vertrauenslehrer-in\/sv-reader\/\" rel=\"attachment wp-att-3616\">SV-Reader &#8211; Materialien zur Beratung<\/a><\/span><\/li>\n<\/ul>\n","protected":false},"excerpt":{"rendered":"<p>Die Ansprechpartner f\u00fcr euch in vielen Lebenslagen Neu gew\u00e4hlt auf der letzten Sch\u00fclerversammlung f\u00fcr das aktuelle Schuljahr 24\/25 wurden Frau Sch\u00e4fers und Herr Schulz. Hier ein erster Einblick in ihre Aufgaben.\u00a0 Die Aufgaben der Vertrauenslehrkr\u00e4fte an der OBS Bassum?\u00a0 Wir sehen uns als neutralen Ansprechpartner. Gew\u00e4hlt wurden wir von den Sch\u00fclerinnen und Sch\u00fclern zum Schuljahresbeginn [&hellip;]<\/p>\n","protected":false},"author":1006,"featured_media":0,"parent":0,"menu_order":0,"comment_status":"closed","ping_status":"closed","template":"","meta":{"footnotes":""},"class_list":["post-3603","page","type-page","status-publish","hentry"],"_links":{"self":[{"href":"https:\/\/wordpress.nibis.de\/obsbassum\/wp-json\/wp\/v2\/pages\/3603","targetHints":{"allow":["GET"]}}],"collection":[{"href":"https:\/\/wordpress.nibis.de\/obsbassum\/wp-json\/wp\/v2\/pages"}],"about":[{"href":"https:\/\/wordpress.nibis.de\/obsbassum\/wp-json\/wp\/v2\/types\/page"}],"author":[{"embeddable":true,"href":"https:\/\/wordpress.nibis.de\/obsbassum\/wp-json\/wp\/v2\/users\/1006"}],"replies":[{"embeddable":true,"href":"https:\/\/wordpress.nibis.de\/obsbassum\/wp-json\/wp\/v2\/comments?post=3603"}],"version-history":[{"count":21,"href":"https:\/\/wordpress.nibis.de\/obsbassum\/wp-json\/wp\/v2\/pages\/3603\/revisions"}],"predecessor-version":[{"id":8091,"href":"https:\/\/wordpress.nibis.de\/obsbassum\/wp-json\/wp\/v2\/pages\/3603\/revisions\/8091"}],"wp:attachment":[{"href":"https:\/\/wordpress.nibis.de\/obsbassum\/wp-json\/wp\/v2\/media?parent=3603"}],"curies":[{"name":"wp","href":"https:\/\/api.w.org\/{rel}","templated":true}]}}