{"id":364,"date":"2016-05-18T11:06:20","date_gmt":"2016-05-18T09:06:20","guid":{"rendered":"http:\/\/wordpress.nibis.de\/obsbassum\/?page_id=364"},"modified":"2022-12-09T08:49:51","modified_gmt":"2022-12-09T07:49:51","slug":"gsw","status":"publish","type":"page","link":"https:\/\/wordpress.nibis.de\/obsbassum\/gsw\/","title":{"rendered":"GSW"},"content":{"rendered":"<p style=\"text-align: justify\"><span style=\"font-size: 18pt;color: #000000\"><strong><span style=\"font-family: arial, helvetica, sans-serif\">Fachbereich Geschichte<\/span><\/strong><\/span><\/p>\n<p style=\"text-align: justify\"><span style=\"color: #000000;font-family: arial, helvetica, sans-serif;font-size: 12pt\"><strong>R\u00f6mern und Germanen auf der Spur <em><u><br \/>\n<\/u><\/em><\/strong><\/span><\/p>\n<p style=\"text-align: justify\"><span style=\"color: #000000;font-family: arial, helvetica, sans-serif;font-size: 12pt\"><strong>Exkursion der 5.Klassen zum Museumspark Kalkriese <\/strong><\/span><\/p>\n<p style=\"text-align: justify\"><span style=\"color: #000000;font-family: arial, helvetica, sans-serif;font-size: 12pt\">Die Sch\u00fclerInnen tauchten tief in die Vergangenheit ein. Sie sammelten Eindr\u00fccken zur Varusschlacht und den Gr\u00fcnden von R\u00f6mern und Germanen dort zu siedeln, zu leben und zu k\u00e4mpfen. Durch ihr eigenes Handeln schl\u00fcpften sie in die Rolle von R\u00f6mern und Germanen und erlebten, wie es sich anf\u00fchlt, wenn sie entsprechend r\u00f6misch oder germanisch gekleidet sind.<\/span><\/p>\n<p style=\"text-align: justify\"><span style=\"color: #000000;font-family: arial, helvetica, sans-serif;font-size: 12pt\">Am Ende fanden sich dann alle Sch\u00fclerInnen im Museum zusammen, um auch hier weitere Fundst\u00fccke betrachten zu k\u00f6nnen und Neues \u00fcber das Zusammentreffen zweier Kulturen zu erfahren. Es war erneut ein spannendes Erlebnis und lohnt sich auch f\u00fcr weitere Besuche. Aktuell finden dort \u00fcbrigens neue Ausgrabungen statt. Wer also in den Sommerferien einen kleinen Tagesausflug plant, f\u00fcr den ist dies sicherlich eine Idee!<strong><br \/>\n<\/strong><\/span><\/p>\n<p style=\"text-align: justify\"><span style=\"font-family: arial, helvetica, sans-serif;font-size: 12pt;color: #000000\"><strong>Besuch der Gedenkst\u00e4tte \u201eLager \u00a0Sandbostel\u201c <\/strong><\/span><span style=\"font-family: arial, helvetica, sans-serif;font-size: 12pt;color: #000000\"><strong>durch die Klassen 10A und 10B sowie <\/strong><\/span><span style=\"color: #000000\"><span style=\"font-family: arial, helvetica, sans-serif;font-size: 12pt\"><strong>die <a style=\"color: #000000\" href=\"http:\/\/wordpress.nibis.de\/obsbassum\/gedenkstaette-kriegsgefangenenlager-sandbostel\/\">Geschichts-AG &#8222;HISTORY IN PRACTICE&#8220; <\/a><\/strong><\/span><em><strong><br \/>\n<\/strong><\/em><\/span><\/p>\n<p style=\"text-align: justify\"><span style=\"color: #000000;font-family: arial, helvetica, sans-serif;font-size: 12pt\">Am Mittwoch, den 18.11.2015, besuchten die R 10A und 10B sowie die Geschichts-AG die Gedenkst\u00e4tte \u201eLager Sandbostel\u201c in der N\u00e4he von Bremerv\u00f6rde. Es diente in der Zeit des Nationalsozialismus als Kriegsgefangenenlager und war zugleich <\/span><span style=\"color: #000000;font-family: arial, helvetica, sans-serif;font-size: 12pt\">Auffanglager des KZ Neuengamme (in der N\u00e4he Hamburgs).<\/span><\/p>\n<p style=\"text-align: justify\"><img loading=\"lazy\" decoding=\"async\" class=\"wp-image-790 alignnone\" src=\"http:\/\/wordpress.nibis.de\/obsbassum\/files\/2016\/05\/s2-150x150.jpg\" alt=\"s2\" width=\"211\" height=\"211\" \/><img loading=\"lazy\" decoding=\"async\" class=\"wp-image-789 alignnone\" src=\"http:\/\/wordpress.nibis.de\/obsbassum\/files\/2016\/05\/s1-150x150.jpg\" alt=\"s1\" width=\"210\" height=\"210\" \/><img loading=\"lazy\" decoding=\"async\" class=\"wp-image-792 alignnone\" src=\"http:\/\/wordpress.nibis.de\/obsbassum\/files\/2016\/05\/s4-150x150.jpg\" alt=\"s4\" width=\"211\" height=\"211\" \/><\/p>\n<p style=\"text-align: justify\"><span style=\"font-family: arial, helvetica, sans-serif;font-size: 12pt;color: #000000\">Dem Motto der Geschichts &#8211; AG <\/span><span style=\"font-family: arial, helvetica, sans-serif;font-size: 12pt;color: #000000\">folgend\u00a0\u00a0 Geh &#8211; schichte \u2026\u00a0\u00a0 konnten die Sch\u00fclerInnen vor Ort <\/span><span style=\"font-family: arial, helvetica, sans-serif;font-size: 12pt;color: #000000\">durch die <\/span><span style=\"font-family: arial, helvetica, sans-serif;font-size: 12pt;color: #000000\"><img loading=\"lazy\" decoding=\"async\" class=\"wp-image-791 alignleft\" src=\"http:\/\/wordpress.nibis.de\/obsbassum\/files\/2016\/05\/s3-150x150.png\" alt=\"s3\" width=\"97\" height=\"97\" \/><\/span><span style=\"font-family: arial, helvetica, sans-serif;font-size: 12pt;color: #000000\">Begegnung mit authentischen und erhalten gebliebenen Geb\u00e4uden, Tondokumenten (wie Zeitzeugeninterviews) und Funden auf dem ehemaligen Lagergel\u00e4nde unter der fachkundigen Leitung von Dr. <\/span><span style=\"font-family: arial, helvetica, sans-serif;font-size: 12pt;color: #000000\">Lars Hellwinkel (selbst Geschichtslehrer in Stade) und seinen Kollegen einen eindrucksvollen Vormittag erleben.<\/span><\/p>\n<p style=\"text-align: justify\"><span style=\"font-family: arial, helvetica, sans-serif;font-size: 12pt;color: #000000\">Dabei f\u00fchrten die beiden 10. Klassen in einzelnen Gruppen ihre Mitsch\u00fclerInnen durch das Museum und das Lagergel\u00e4nde, nachdem sie sich zu Themen, die den Alltag der Kriegsgefangenen bis 1945 pr\u00e4gten, informiert hatten.<\/span><\/p>\n<p style=\"text-align: justify\"><span style=\"color: #000000;font-family: arial, helvetica, sans-serif;font-size: 12pt\">Sie erfuhren so, wie das Lagerleben in den Holzbaracken ablief, wie die Verpflegung aussah und mit welchen Strafen die Insassen zu rechnen hatten. Auch \u00fcber den Wiederstand einiger Kriegsgefangener wurde so ausf\u00fchrlich berichtet. \u00a0\u00a0<\/span><\/p>\n<p style=\"text-align: justify\"><span style=\"color: #000000;font-family: arial, helvetica, sans-serif;font-size: 12pt\">F\u00fcr die Teilnehmer der Geschichts-AG \u201eHISTORY IN PRACTICE\u201c ergab sich zudem die M\u00f6glichkeit den Besuch des Lagers zum konkreten Kennenlernen zu nutzen, um das geplante Namensziegelprojekt umzusetzen. Hierbei werden die Sch\u00fclerInnen zuk\u00fcnftig anhand von erhaltenen Personalakten das Schicksal ehemaliger Lagerinsassen, vor allem russische Kriegsgefangene, in Erfahrung bringen und schlie\u00dflich Namensziegel herstellen, die dann auf dem Lagerfriedhof in Sandbostel an deren Leben und Tod im Lager erinnern. Erinnerungskultur wird auf diese Weise von den Sch\u00fclerInnen aus der Besch\u00e4ftigung mit der Vergangenheit erfahren und produktiv umgesetzt.<\/span><\/p>\n<p style=\"text-align: justify\"><span style=\"font-family: arial, helvetica, sans-serif;font-size: 12pt;color: #000000\"><strong>R\u00f6mern und Germanen <\/strong><\/span><span style=\"font-family: arial, helvetica, sans-serif;font-size: 12pt;color: #000000\"><strong>in Kalkriese auf der Spur &#8211; <\/strong><\/span><span style=\"font-family: arial, helvetica, sans-serif;font-size: 12pt;color: #000000\"><strong>Die 5. Klassen erlebten Geschichte hautnah<\/strong><\/span><\/p>\n<p style=\"text-align: justify\"><img loading=\"lazy\" decoding=\"async\" class=\"wp-image-599 alignleft\" src=\"http:\/\/wordpress.nibis.de\/obsbassum\/files\/2016\/05\/DSC01454-300x200.jpg\" alt=\"DSC01454\" width=\"237\" height=\"158\" \/><\/p>\n<p style=\"text-align: justify\"><span style=\"font-size: 12pt;color: #000000\"><span style=\"font-family: arial, helvetica, sans-serif\">Die Sch\u00fclerInnen erfuhren bei einer F\u00fchrung \u00fcber das vermutliche antike Schlachtfeld der VARUSSCHSCHT anhand aktueller Forschungsergebnisse viel Neues \u00fcber Ausstattung, Bewaffnung, Technik und Kampfstrategien der R\u00f6mer und Germanen. In praktischen \u00dcbungen erlebten sie am eigenen Leib Vieles \u00fcber die milit\u00e4rischen St\u00e4rken und Schw\u00e4chen beider Seiten und untersuchten die strategische Bedeutung der Wallanlage. Der Besuch der Dauerausstellung im Museum und nat\u00fcrlich der Ausblick vom Turm \u00fcber das gesamte Areal rundeten diesen Ausflug in die Zeit der Sp\u00e4tantike ab.<\/span> <\/span><\/p>\n<p><span style=\"font-family: arial, helvetica, sans-serif;font-size: 10pt;color: #000000\">hier:\u00a0 rekonstruierter Veteidigungswall\u00a0\u00a0 und der Pfadbeginn der F\u00fchrung <a href=\"http:\/\/wordpress.nibis.de\/obsbassum\/files\/2016\/05\/DSC01449.jpg\"><img loading=\"lazy\" decoding=\"async\" class=\"wp-image-598 alignleft\" src=\"http:\/\/wordpress.nibis.de\/obsbassum\/files\/2016\/05\/DSC01449.jpg\" alt=\"DSC01449\" width=\"245\" height=\"163\" \/><\/a><\/span><\/p>\n<p><span style=\"font-family: arial, helvetica, sans-serif;font-size: 10pt;color: #000000\">mit Speer der Germanen<\/span><\/p>\n<p><span style=\"color: #000000;font-size: 10pt;font-family: arial, helvetica, sans-serif\">hier:\u00a0 gefundene Sandalenn\u00e4gel mit Ledersohlen im Museum<br \/>\n<\/span><\/p>\n<p style=\"text-align: justify\"><span style=\"color: #000000\"><span style=\"font-size: 12pt;font-family: arial, helvetica, sans-serif\"><strong>Die 5. Klassen <\/strong><strong>auf historischen Wegen <\/strong><\/span><strong><span style=\"font-size: 12pt;font-family: arial, helvetica, sans-serif\">durch das mittelalterliche Bassum<\/span><em><br \/>\n<\/em><\/strong><\/span><\/p>\n<p style=\"text-align: justify\"><span style=\"font-size: 12pt;font-family: arial, helvetica, sans-serif;color: #000000\">Am 17.07.2015, dem letzten Freitag vor den Sommerferien, fand eine gemeinsame Stadtwanderung der 5. Klassen durch Bassum statt. Dankenswerterweise nahmen sich Herr Bodo Heuermann und seine Kollegen (die ehrenamtlichen Stadtf\u00fchrer Bassums) f\u00fcr uns an diesem Vormittag Zeit, um auf unterschiedlichen Wegen von der Schule aus am Rathaus und der Kirche vorbei bis zur Freudenburg von der bewegten Geschichte der Stadt Bassum zu erz\u00e4hlen.<\/span><\/p>\n<p style=\"text-align: justify\"><span style=\"font-size: 12pt;font-family: arial, helvetica, sans-serif;color: #000000\">Dieser Vormittag diente somit der Vertiefung und dem direkten Erleben der eigenen Stadt, die auf eine mehrere Jahrhunderte lange eigene Geschichte zur\u00fcckblicken kann.<\/span><\/p>\n<p style=\"text-align: justify\"><span style=\"font-size: 12pt;font-family: arial, helvetica, sans-serif;color: #000000\">Start ins neue Schuljahr mit der Entdeckung des mittelalterlichen Bassums<\/span><\/p>\n<p style=\"text-align: justify\"><span style=\"font-size: 12pt;font-family: arial, helvetica, sans-serif;color: #000000\">Wie schon die letzten 5. Klassen, machten sich auch in diesem Schuljahr die &#8222;Neuen&#8220; an der OBS Bassum auf den Weg ihren teilweise neuen Schulort und seine Geschichte zu erforschen. Wie zuletzt machten wir uns von der Schule auf den Weg zum Rathaus, um von dort zun\u00e4chst zur Kirche und dem Stift Bassums zu laufen, um dann schlie\u00dflich zu Freudenburg und seinem Verlies weiterzugehen. Erneut haben uns dabei Herr Heuermann und seine Kollegen in ihrer Funktion als ehrenamtliche Stadtf\u00fchrer der Stadt unterst\u00fctzt und spannende wie auch interessante Geschichten erz\u00e4hlt.<\/span><\/p>\n<p><span style=\"font-family: arial, helvetica, sans-serif;font-size: 10pt;color: #000000\">hier: die 5 B im erhalten gebliebenen Saal des Stifts Bassum<\/span><\/p>\n","protected":false},"excerpt":{"rendered":"<p>Fachbereich Geschichte R\u00f6mern und Germanen auf der Spur Exkursion der 5.Klassen zum Museumspark Kalkriese Die Sch\u00fclerInnen tauchten tief in die Vergangenheit ein. Sie sammelten Eindr\u00fccken zur Varusschlacht und den Gr\u00fcnden von R\u00f6mern und Germanen dort zu siedeln, zu leben und zu k\u00e4mpfen. Durch ihr eigenes Handeln schl\u00fcpften sie in die Rolle von R\u00f6mern und Germanen [&hellip;]<\/p>\n","protected":false},"author":1006,"featured_media":0,"parent":0,"menu_order":0,"comment_status":"closed","ping_status":"closed","template":"","meta":{"footnotes":""},"class_list":["post-364","page","type-page","status-publish","hentry"],"_links":{"self":[{"href":"https:\/\/wordpress.nibis.de\/obsbassum\/wp-json\/wp\/v2\/pages\/364","targetHints":{"allow":["GET"]}}],"collection":[{"href":"https:\/\/wordpress.nibis.de\/obsbassum\/wp-json\/wp\/v2\/pages"}],"about":[{"href":"https:\/\/wordpress.nibis.de\/obsbassum\/wp-json\/wp\/v2\/types\/page"}],"author":[{"embeddable":true,"href":"https:\/\/wordpress.nibis.de\/obsbassum\/wp-json\/wp\/v2\/users\/1006"}],"replies":[{"embeddable":true,"href":"https:\/\/wordpress.nibis.de\/obsbassum\/wp-json\/wp\/v2\/comments?post=364"}],"version-history":[{"count":31,"href":"https:\/\/wordpress.nibis.de\/obsbassum\/wp-json\/wp\/v2\/pages\/364\/revisions"}],"predecessor-version":[{"id":7617,"href":"https:\/\/wordpress.nibis.de\/obsbassum\/wp-json\/wp\/v2\/pages\/364\/revisions\/7617"}],"wp:attachment":[{"href":"https:\/\/wordpress.nibis.de\/obsbassum\/wp-json\/wp\/v2\/media?parent=364"}],"curies":[{"name":"wp","href":"https:\/\/api.w.org\/{rel}","templated":true}]}}