{"id":3645,"date":"2018-11-25T16:53:31","date_gmt":"2018-11-25T15:53:31","guid":{"rendered":"http:\/\/wordpress.nibis.de\/obsbassum\/?page_id=3645"},"modified":"2020-12-19T16:43:34","modified_gmt":"2020-12-19T15:43:34","slug":"fake-news-fotojournalismus","status":"publish","type":"page","link":"https:\/\/wordpress.nibis.de\/obsbassum\/fake-news-fotojournalismus\/","title":{"rendered":"Fake News-Fotojournalismus"},"content":{"rendered":"<p><span style=\"font-family: arial, helvetica, sans-serif;font-size: 18pt;color: #000000\"><strong>Das Projekt<\/strong><\/span><\/p>\n<p><span style=\"font-family: arial, helvetica, sans-serif;font-size: 12pt;color: #000000\">Die Basis bildet die Teilnahme von Herrn Kandt an der \u201eWeiterbildung zum journalistischen Arbeiten in der Schule&#8220;. Eine Ausschreibung von n-report unter dem Titel &#8222;n-report <em>crossmedial\u201c.<\/em><\/span><\/p>\n<p><span style=\"font-family: arial, helvetica, sans-serif;font-size: 12pt;color: #000000\"><u>Die Idee ist es Szenen einer Kleinstadt, eben Bassums, sowohl abzubilden als auch zu inszenieren<\/u><strong><u><br \/>\n<\/u><\/strong><\/span><\/p>\n<p><span style=\"font-family: arial, helvetica, sans-serif;font-size: 12pt;color: #000000\">Ausgehend von ihrer Mitarbeit in der AG Sch\u00fclerzeitung werden die Sch\u00fclerInnen gemeinsam einen eigenen Blog erstellen und pflegen. Der aktuelle Arbeitstitel lautet \u201eSzenen einer Kleinstadt \u2013 Die Geschichte hinter den Bildern\u201c. Die Sch\u00fclerInnen werden hierzu fotojournalistisch arbeiten, indem sie f\u00fcr sie interessant wirkende Momente ihres allt\u00e4glichen Lebens fotografieren. Sie werden dazu die Bilder einmal im Original und einmal bewusst (dies wird immer entsprechend erw\u00e4hnt) verf\u00e4lscht im Blog ver\u00f6ffentlichen und zu jedem Foto einen Artikel schreiben und dem Foto zuordnen. Dem Betrachter und Leser wird dies jeweils eine Woche pr\u00e4sentiert mit der M\u00f6glichkeit sich sein eigenes Bild zu machen und zu \u00fcberlegen, was real und was verf\u00e4lscht ist. Danach erfolgt entsprechend die Aufl\u00f6sung.<\/span><\/p>\n<p><span style=\"font-family: arial, helvetica, sans-serif;font-size: 12pt;color: #000000\">Die Sch\u00fclerInnen erfahren auf diese Weise die manipulative Kraft von Bildern und Texten \u2013 gerade vor dem Hintergrund unserer heutigen Informationsflut. Sie erkennen, dass Bilder zu Ideen im Kopf f\u00fchren und diese dann m\u00f6glichst auch zu aktivem Handeln f\u00fchren sollte. Ist bereits die Quelle dieser Kette verf\u00e4lscht, ist es umso schwieriger sich sein eigenes m\u00f6glichst objektives Bild zu machen und entsprechend zu handeln.<\/span><\/p>\n<p><span style=\"font-family: arial, helvetica, sans-serif;font-size: 12pt;color: #000000\">Unterst\u00fctzt werden sie dabei von Sch\u00fclerInnen der Wahlpflichtkurse Informatik als Experten f\u00fcr den Aufbau und die Pflege eines Blogs.<\/span><\/p>\n","protected":false},"excerpt":{"rendered":"<p>Das Projekt Die Basis bildet die Teilnahme von Herrn Kandt an der \u201eWeiterbildung zum journalistischen Arbeiten in der Schule&#8220;. Eine Ausschreibung von n-report unter dem Titel &#8222;n-report crossmedial\u201c. Die Idee ist es Szenen einer Kleinstadt, eben Bassums, sowohl abzubilden als auch zu inszenieren Ausgehend von ihrer Mitarbeit in der AG Sch\u00fclerzeitung werden die Sch\u00fclerInnen gemeinsam [&hellip;]<\/p>\n","protected":false},"author":1006,"featured_media":0,"parent":0,"menu_order":0,"comment_status":"closed","ping_status":"closed","template":"","meta":{"footnotes":""},"class_list":["post-3645","page","type-page","status-publish","hentry"],"_links":{"self":[{"href":"https:\/\/wordpress.nibis.de\/obsbassum\/wp-json\/wp\/v2\/pages\/3645","targetHints":{"allow":["GET"]}}],"collection":[{"href":"https:\/\/wordpress.nibis.de\/obsbassum\/wp-json\/wp\/v2\/pages"}],"about":[{"href":"https:\/\/wordpress.nibis.de\/obsbassum\/wp-json\/wp\/v2\/types\/page"}],"author":[{"embeddable":true,"href":"https:\/\/wordpress.nibis.de\/obsbassum\/wp-json\/wp\/v2\/users\/1006"}],"replies":[{"embeddable":true,"href":"https:\/\/wordpress.nibis.de\/obsbassum\/wp-json\/wp\/v2\/comments?post=3645"}],"version-history":[{"count":4,"href":"https:\/\/wordpress.nibis.de\/obsbassum\/wp-json\/wp\/v2\/pages\/3645\/revisions"}],"predecessor-version":[{"id":6065,"href":"https:\/\/wordpress.nibis.de\/obsbassum\/wp-json\/wp\/v2\/pages\/3645\/revisions\/6065"}],"wp:attachment":[{"href":"https:\/\/wordpress.nibis.de\/obsbassum\/wp-json\/wp\/v2\/media?parent=3645"}],"curies":[{"name":"wp","href":"https:\/\/api.w.org\/{rel}","templated":true}]}}