{"id":366,"date":"2016-05-18T11:06:33","date_gmt":"2016-05-18T09:06:33","guid":{"rendered":"http:\/\/wordpress.nibis.de\/obsbassum\/?page_id=366"},"modified":"2017-11-18T08:40:59","modified_gmt":"2017-11-18T07:40:59","slug":"englisch","status":"publish","type":"page","link":"https:\/\/wordpress.nibis.de\/obsbassum\/englisch\/","title":{"rendered":"Englisch"},"content":{"rendered":"<p style=\"text-align: justify\"><span style=\"color: #000449;font-size: 12pt;font-family: arial black, sans-serif\"><strong>Lehrkr\u00e4fte<\/strong><\/span><\/p>\n<p style=\"text-align: justify\"><span style=\"color: #000449;font-size: 12pt;font-family: arial black, sans-serif\"><strong>Frau H\u00f6rmann<\/strong><\/span><\/p>\n<p style=\"text-align: justify\"><span style=\"color: #000449;font-size: 12pt;font-family: arial black, sans-serif\"><strong>Herr Rosenthal<\/strong><\/span><\/p>\n<p style=\"text-align: justify\"><span style=\"font-size: 12pt;font-family: arial black, sans-serif;color: #000449\"><strong>Herr Schreiber<\/strong><\/span><\/p>\n<p>&nbsp;<\/p>\n<p style=\"text-align: center\"><span style=\"color: #000449;font-family: arial black, sans-serif;font-size: 18pt\"><strong>Schulinterne Lehrpl\u00e4ne (als Download)<\/strong><\/span><\/p>\n<p><span style=\"font-size: 12pt;color: #000449\"><strong><span style=\"font-family: arial black, sans-serif\">Oberschule\u00a0\u00a0\u00a0\u00a0 Gymasium\u00a0\u00a0\u00a0 Realschule\u00a0\u00a0\u00a0 Hauptschule<\/span><\/strong><\/span><\/p>\n<p style=\"text-align: justify\"><span style=\"text-decoration: underline;font-size: 12pt\"><span style=\"color: #000449;font-family: arial black, sans-serif;text-decoration: underline\"><strong>5. Schuljahr<\/strong><\/span><\/span><\/p>\n<p style=\"text-align: justify\"><span style=\"text-decoration: underline;font-size: 12pt\"><span style=\"color: #000449;font-family: arial black, sans-serif;text-decoration: underline\"><strong>6.Schuljahr<\/strong><\/span><\/span><\/p>\n<p style=\"text-align: justify\"><span style=\"text-decoration: underline;font-size: 12pt\"><span style=\"color: #000449;font-family: arial black, sans-serif;text-decoration: underline\"><strong>7. Schuljahr<\/strong><\/span><\/span><\/p>\n<p style=\"text-align: justify\"><span style=\"text-decoration: underline;font-size: 12pt\"><span style=\"color: #000449;font-family: arial black, sans-serif;text-decoration: underline\"><strong>8. Schuljahr<\/strong><\/span><\/span><\/p>\n<p style=\"text-align: justify\"><span style=\"text-decoration: underline;font-size: 12pt\"><span style=\"color: #000449;font-family: arial black, sans-serif;text-decoration: underline\"><strong>9. Schuljahr<\/strong><\/span><\/span><\/p>\n<p style=\"text-align: justify\"><span style=\"text-decoration: underline;font-size: 12pt\"><span style=\"color: #000449;font-family: arial black, sans-serif;text-decoration: underline\"><strong>10. Schuljahr<\/strong><\/span><\/span><\/p>\n<p>&nbsp;<\/p>\n<p><span style=\"font-size: 18pt;font-family: arial black, sans-serif;color: #000449\"><strong>Termine<\/strong><\/span><\/p>\n<p><span style=\"color: #000449;font-family: arial black, sans-serif;font-size: 12pt\">\u00a0<\/span><\/p>\n<p><span style=\"color: #000449;font-family: arial black, sans-serif;font-size: 12pt\">\u00a0<\/span><\/p>\n<p style=\"text-align: center\"><span style=\"font-size: 18pt;font-family: arial black, sans-serif;color: #000449\"><strong>Aktuelles aus dem Schulleben<\/strong><\/span><\/p>\n<p style=\"text-align: center\"><span style=\"color: #000449;font-family: arial black, sans-serif;font-size: 12pt\"><strong>Fahrt nach Spilspy &#8211; <\/strong><\/span><\/p>\n<p style=\"text-align: center\"><span style=\"color: #000449;font-family: arial black, sans-serif;font-size: 12pt\"><strong>der englischen Partnerschaftsstadt\u00a0 Bassums 2015<br \/>\n<\/strong><\/span><\/p>\n<p style=\"margin: 0cm 0cm 0pt;line-height: 150%;text-align: justify\"><span style=\"font-size: 12pt;color: #000449;font-family: arial black, sans-serif\"><strong><span style=\"line-height: 150%\">England in 4 Tagen<\/span><span style=\"line-height: 150%\"> (oder wie 14 Jugendliche der OBS Bassum dank des Freundeskreises europ\u00e4ischer Partner e.V. in die Partnerstadt Spilsby fahren durften)<\/span><\/strong><\/span><\/p>\n<p style=\"margin: 0cm 0cm 0pt;line-height: 150%;text-align: justify\"><span style=\"font-family: arial black, sans-serif;font-size: 12pt;color: #000449\"><span style=\"line-height: 150%\">\u00a0<\/span><\/span><\/p>\n<p style=\"margin: 0cm 0cm 0pt;line-height: 150%;text-align: justify\"><span style=\"line-height: 150%;font-family: arial black, sans-serif;font-size: 12pt;color: #000449\"><span style=\"line-height: 115%\"><strong>Die Vorsitzende des Freundeskreises europ\u00e4ischer Partner e.V., Frau Block, organisierte erstmalig eine Fahrt so vieler Jugendlicher nach Spilsby, der englischen Partnerstadt Bassums. Auch der B\u00fcrgermeister Herr Porsch nahm an der Fahrt teil.<\/strong><br \/>\n<\/span><\/span><\/p>\n<p style=\"margin: 0cm 0cm 0pt;line-height: 150%;text-align: justify\">\n<p style=\"margin: 0cm 0cm 0pt;line-height: 150%\">\n<p style=\"margin: 0cm 0cm 0pt;line-height: 150%\"><span style=\"color: #000449;font-family: arial black, sans-serif;font-size: 12pt\"><a href=\"http:\/\/wordpress.nibis.de\/obsbassum\/files\/2016\/05\/Fahrt-nach-Spilsby-2015.jpg\"><img loading=\"lazy\" decoding=\"async\" class=\"aligncenter  wp-image-1195\" src=\"http:\/\/wordpress.nibis.de\/obsbassum\/files\/2016\/05\/Fahrt-nach-Spilsby-2015.jpg\" alt=\"Fahrt nach Spilsby 2015\" width=\"488\" height=\"325\" \/><\/a><\/span><\/p>\n<p style=\"margin: 0cm 0cm 0pt;line-height: 150%;text-align: center\"><span style=\"color: #000449;font-family: arial black, sans-serif;font-size: 12pt\"><strong>\u21d3<\/strong><\/span><\/p>\n<p style=\"margin: 0cm 0cm 0pt;line-height: 150%;text-align: center\"><span style=\"text-decoration: underline;color: #000449;font-size: 12pt;font-family: arial black, sans-serif\"><strong><a href=\"http:\/\/wordpress.nibis.de\/obsbassum\/england-spilsby-2015\/\"><span style=\"color: #000449;text-decoration: underline\">Den vollst\u00e4ndigen Bericht finden Sie hier !<\/span><\/a><\/strong><\/span><\/p>\n<p>&nbsp;<\/p>\n","protected":false},"excerpt":{"rendered":"<p>Lehrkr\u00e4fte Frau H\u00f6rmann Herr Rosenthal Herr Schreiber &nbsp; Schulinterne Lehrpl\u00e4ne (als Download) Oberschule\u00a0\u00a0\u00a0\u00a0 Gymasium\u00a0\u00a0\u00a0 Realschule\u00a0\u00a0\u00a0 Hauptschule 5. Schuljahr 6.Schuljahr 7. Schuljahr 8. Schuljahr 9. Schuljahr 10. Schuljahr &nbsp; Termine \u00a0 \u00a0 Aktuelles aus dem Schulleben Fahrt nach Spilspy &#8211; der englischen Partnerschaftsstadt\u00a0 Bassums 2015 England in 4 Tagen (oder wie 14 Jugendliche der OBS Bassum [&hellip;]<\/p>\n","protected":false},"author":1006,"featured_media":0,"parent":0,"menu_order":0,"comment_status":"closed","ping_status":"closed","template":"","meta":{"footnotes":""},"class_list":["post-366","page","type-page","status-publish","hentry"],"_links":{"self":[{"href":"https:\/\/wordpress.nibis.de\/obsbassum\/wp-json\/wp\/v2\/pages\/366","targetHints":{"allow":["GET"]}}],"collection":[{"href":"https:\/\/wordpress.nibis.de\/obsbassum\/wp-json\/wp\/v2\/pages"}],"about":[{"href":"https:\/\/wordpress.nibis.de\/obsbassum\/wp-json\/wp\/v2\/types\/page"}],"author":[{"embeddable":true,"href":"https:\/\/wordpress.nibis.de\/obsbassum\/wp-json\/wp\/v2\/users\/1006"}],"replies":[{"embeddable":true,"href":"https:\/\/wordpress.nibis.de\/obsbassum\/wp-json\/wp\/v2\/comments?post=366"}],"version-history":[{"count":16,"href":"https:\/\/wordpress.nibis.de\/obsbassum\/wp-json\/wp\/v2\/pages\/366\/revisions"}],"predecessor-version":[{"id":2168,"href":"https:\/\/wordpress.nibis.de\/obsbassum\/wp-json\/wp\/v2\/pages\/366\/revisions\/2168"}],"wp:attachment":[{"href":"https:\/\/wordpress.nibis.de\/obsbassum\/wp-json\/wp\/v2\/media?parent=366"}],"curies":[{"name":"wp","href":"https:\/\/api.w.org\/{rel}","templated":true}]}}