{"id":368,"date":"2016-05-18T11:06:46","date_gmt":"2016-05-18T09:06:46","guid":{"rendered":"http:\/\/wordpress.nibis.de\/obsbassum\/?page_id=368"},"modified":"2018-08-02T13:39:09","modified_gmt":"2018-08-02T11:39:09","slug":"mathe-nawi","status":"publish","type":"page","link":"https:\/\/wordpress.nibis.de\/obsbassum\/mathe-nawi\/","title":{"rendered":"Mathe \/ Naturwissenschaften"},"content":{"rendered":"<p style=\"text-align: justify\"><span style=\"font-size: 18pt;color: #000000\"><strong><span style=\"font-family: arial, helvetica, sans-serif\">Fachbereich Biologie<\/span><\/strong><\/span><\/p>\n<p style=\"text-align: justify\"><span style=\"color: #000000;font-family: arial, helvetica, sans-serif;font-size: 12pt\"><strong>Sch\u00fcler des Jg. 9\u00a0 pr\u00e4parieren <\/strong><strong>Schweineaugen<\/strong><\/span><\/p>\n<div class=\"entry-content\">\n<p style=\"text-align: justify\"><a href=\"http:\/\/wordpress.nibis.de\/obsbassum\/files\/2016\/05\/Bei-der-Arbeit-1.jpg?customize_changeset_uuid=028cc6b2-e6e3-401b-9c8a-e98f9bcd68ee&amp;customize_autosaved=on&amp;customize_messenger_channel=preview-3\" target=\"_self\"><img loading=\"lazy\" decoding=\"async\" class=\"wp-image-1718 alignleft\" src=\"http:\/\/wordpress.nibis.de\/obsbassum\/files\/2016\/05\/Bei-der-Arbeit-1-1024x633.jpg\" alt=\"\" width=\"208\" height=\"129\" \/><\/a><span style=\"color: #000000;font-family: arial, helvetica, sans-serif;font-size: 12pt\">\u201eWir wollen unbedingt ein richtiges Auge von innen sehen\u201c, lautete die Bitte einiger Sch\u00fclerinnen und Sch\u00fcler des neunten Jahrgangs. Es kostete sie deshalb auch nur wenig \u00dcberwindung, die bereitgestellten Schweineaugen in die Hand zu nehmen und zu pr\u00e4parieren.Daf\u00fcr teilten sie das Auge in eine vordere und hintere H\u00e4lfte, indem sie die feste Lederhaut kreisf\u00f6rmig durchschnitten.<\/span><\/p>\n<h4><a href=\"http:\/\/wordpress.nibis.de\/obsbassum\/files\/2016\/05\/Seitenschnitt.jpg?customize_changeset_uuid=028cc6b2-e6e3-401b-9c8a-e98f9bcd68ee&amp;customize_autosaved=on&amp;customize_messenger_channel=preview-3\" target=\"_self\"><img loading=\"lazy\" decoding=\"async\" class=\" wp-image-1722 alignnone\" src=\"http:\/\/wordpress.nibis.de\/obsbassum\/files\/2016\/05\/Seitenschnitt.jpg\" alt=\"\" width=\"184\" height=\"184\" \/><\/a><a href=\"http:\/\/wordpress.nibis.de\/obsbassum\/files\/2016\/05\/Auge-mit-Sehnerv.jpg?customize_changeset_uuid=028cc6b2-e6e3-401b-9c8a-e98f9bcd68ee&amp;customize_autosaved=on&amp;customize_messenger_channel=preview-3\" target=\"_self\"><img loading=\"lazy\" decoding=\"async\" class=\" wp-image-1723 alignnone\" src=\"http:\/\/wordpress.nibis.de\/obsbassum\/files\/2016\/05\/Auge-mit-Sehnerv.jpg\" alt=\"\" width=\"232\" height=\"182\" \/><\/a><a href=\"http:\/\/wordpress.nibis.de\/obsbassum\/files\/2016\/05\/Erster-Schnitt.jpg?customize_changeset_uuid=028cc6b2-e6e3-401b-9c8a-e98f9bcd68ee&amp;customize_autosaved=on&amp;customize_messenger_channel=preview-3\" target=\"_self\"><img loading=\"lazy\" decoding=\"async\" class=\" wp-image-1719 alignnone\" src=\"http:\/\/wordpress.nibis.de\/obsbassum\/files\/2016\/05\/Erster-Schnitt.jpg\" alt=\"\" width=\"241\" height=\"187\" \/><\/a><a href=\"http:\/\/wordpress.nibis.de\/obsbassum\/files\/2016\/05\/Linse.jpg?customize_changeset_uuid=028cc6b2-e6e3-401b-9c8a-e98f9bcd68ee&amp;customize_autosaved=on&amp;customize_messenger_channel=preview-3\" target=\"_self\"><img loading=\"lazy\" decoding=\"async\" class=\" wp-image-1720 alignnone\" src=\"http:\/\/wordpress.nibis.de\/obsbassum\/files\/2016\/05\/Linse.jpg\" alt=\"\" width=\"172\" height=\"185\" \/> <\/a><a href=\"http:\/\/wordpress.nibis.de\/obsbassum\/files\/2016\/05\/Augen-1.jpg?customize_changeset_uuid=028cc6b2-e6e3-401b-9c8a-e98f9bcd68ee&amp;customize_autosaved=on&amp;customize_messenger_channel=preview-3\" target=\"_self\"><img loading=\"lazy\" decoding=\"async\" class=\" wp-image-1721 alignnone\" src=\"http:\/\/wordpress.nibis.de\/obsbassum\/files\/2016\/05\/Augen-1.jpg\" alt=\"\" width=\"146\" height=\"195\" \/><\/a><\/h4>\n<p style=\"text-align: justify\"><span style=\"font-family: arial, helvetica, sans-serif;font-size: 12pt;color: #000000\">Und wie sieht es im Inneren aus? \u201ew\u00e4ssrig und wabbelig\u201c und \u201eich habe die Linse gefunden\u201c, so einige Kommentare. Die Sch\u00fclerinnen und Sch\u00fcler konnten sich davon \u00fcberzeugen, dass die Augenlinse wie eine Lupe funktioniert. <\/span><\/p>\n<p style=\"text-align: justify\"><span style=\"font-family: arial, helvetica, sans-serif;font-size: 12pt;color: #000000\">Fazit der Teilnehmer: \u201eEs hat Spa\u00df gemacht\u201c und \u201eWas pr\u00e4parieren wir als n\u00e4chstes?\u201c<\/span><\/p>\n<p>&nbsp;<\/p>\n<\/div>\n<div class=\"entry-content\">\n<p>&nbsp;<\/p>\n<p>&nbsp;<\/p>\n<h2><\/h2>\n<\/div>\n<div class=\"entry-content\">\n<p>&nbsp;<\/p>\n<p>&nbsp;<\/p>\n<h2><\/h2>\n<\/div>\n","protected":false},"excerpt":{"rendered":"<p>Fachbereich Biologie Sch\u00fcler des Jg. 9\u00a0 pr\u00e4parieren Schweineaugen \u201eWir wollen unbedingt ein richtiges Auge von innen sehen\u201c, lautete die Bitte einiger Sch\u00fclerinnen und Sch\u00fcler des neunten Jahrgangs. Es kostete sie deshalb auch nur wenig \u00dcberwindung, die bereitgestellten Schweineaugen in die Hand zu nehmen und zu pr\u00e4parieren.Daf\u00fcr teilten sie das Auge in eine vordere und hintere [&hellip;]<\/p>\n","protected":false},"author":1006,"featured_media":0,"parent":0,"menu_order":0,"comment_status":"closed","ping_status":"closed","template":"","meta":{"footnotes":""},"class_list":["post-368","page","type-page","status-publish","hentry"],"_links":{"self":[{"href":"https:\/\/wordpress.nibis.de\/obsbassum\/wp-json\/wp\/v2\/pages\/368","targetHints":{"allow":["GET"]}}],"collection":[{"href":"https:\/\/wordpress.nibis.de\/obsbassum\/wp-json\/wp\/v2\/pages"}],"about":[{"href":"https:\/\/wordpress.nibis.de\/obsbassum\/wp-json\/wp\/v2\/types\/page"}],"author":[{"embeddable":true,"href":"https:\/\/wordpress.nibis.de\/obsbassum\/wp-json\/wp\/v2\/users\/1006"}],"replies":[{"embeddable":true,"href":"https:\/\/wordpress.nibis.de\/obsbassum\/wp-json\/wp\/v2\/comments?post=368"}],"version-history":[{"count":21,"href":"https:\/\/wordpress.nibis.de\/obsbassum\/wp-json\/wp\/v2\/pages\/368\/revisions"}],"predecessor-version":[{"id":3333,"href":"https:\/\/wordpress.nibis.de\/obsbassum\/wp-json\/wp\/v2\/pages\/368\/revisions\/3333"}],"wp:attachment":[{"href":"https:\/\/wordpress.nibis.de\/obsbassum\/wp-json\/wp\/v2\/media?parent=368"}],"curies":[{"name":"wp","href":"https:\/\/api.w.org\/{rel}","templated":true}]}}