{"id":3798,"date":"2019-01-19T14:22:07","date_gmt":"2019-01-19T13:22:07","guid":{"rendered":"https:\/\/wordpress.nibis.de\/obsbassum\/?page_id=3798"},"modified":"2022-07-17T12:18:21","modified_gmt":"2022-07-17T10:18:21","slug":"stellenportal","status":"publish","type":"page","link":"https:\/\/wordpress.nibis.de\/obsbassum\/stellenportal\/","title":{"rendered":"Stellenportal"},"content":{"rendered":"<p style=\"text-align: justify\"><strong><span style=\"font-family: arial, helvetica, sans-serif;font-size: 18pt\">Das JOB-Portal der OBS<\/span><\/strong><\/p>\n<p style=\"text-align: justify\"><span style=\"font-family: arial, helvetica, sans-serif;font-size: 12pt\">Hier findet ihr aktuelle freie Stellen zu den Bereichen Betriebspraktikum und Ausbildung in unserer N\u00e4he.<\/span><\/p>\n<p style=\"text-align: justify\">\n<p style=\"text-align: justify\"><span style=\"text-decoration: underline;font-size: 14pt;color: #ff0000\"><strong><span style=\"font-family: arial, helvetica, sans-serif\">Praktika<\/span><\/strong><\/span><\/p>\n<p><span style=\"text-decoration: underline;font-size: 14pt;color: #ff0000\"><strong><span style=\"font-family: arial, helvetica, sans-serif\">Ausbildungspl\u00e4tze<\/span><\/strong><\/span><\/p>\n<ul>\n<li style=\"text-align: justify\"><span style=\"color: #000000\"><strong><span style=\"font-family: arial, helvetica, sans-serif\"><a style=\"color: #000000;text-decoration: underline\" href=\"https:\/\/wordpress.nibis.de\/obsbassum\/files\/2022\/07\/Uebersicht-ueber-Ausbildungsplaetze.docx\">\u00dcbersicht \u00fcber aktuelle Ausbildungspl\u00e4tze<\/a><\/span><\/strong><\/span><\/li>\n<\/ul>\n<p style=\"text-align: justify\">\n","protected":false},"excerpt":{"rendered":"<p>Das JOB-Portal der OBS Hier findet ihr aktuelle freie Stellen zu den Bereichen Betriebspraktikum und Ausbildung in unserer N\u00e4he. Praktika Ausbildungspl\u00e4tze \u00dcbersicht \u00fcber aktuelle Ausbildungspl\u00e4tze<\/p>\n","protected":false},"author":1006,"featured_media":0,"parent":0,"menu_order":0,"comment_status":"closed","ping_status":"closed","template":"","meta":{"footnotes":""},"class_list":["post-3798","page","type-page","status-publish","hentry"],"_links":{"self":[{"href":"https:\/\/wordpress.nibis.de\/obsbassum\/wp-json\/wp\/v2\/pages\/3798","targetHints":{"allow":["GET"]}}],"collection":[{"href":"https:\/\/wordpress.nibis.de\/obsbassum\/wp-json\/wp\/v2\/pages"}],"about":[{"href":"https:\/\/wordpress.nibis.de\/obsbassum\/wp-json\/wp\/v2\/types\/page"}],"author":[{"embeddable":true,"href":"https:\/\/wordpress.nibis.de\/obsbassum\/wp-json\/wp\/v2\/users\/1006"}],"replies":[{"embeddable":true,"href":"https:\/\/wordpress.nibis.de\/obsbassum\/wp-json\/wp\/v2\/comments?post=3798"}],"version-history":[{"count":8,"href":"https:\/\/wordpress.nibis.de\/obsbassum\/wp-json\/wp\/v2\/pages\/3798\/revisions"}],"predecessor-version":[{"id":7441,"href":"https:\/\/wordpress.nibis.de\/obsbassum\/wp-json\/wp\/v2\/pages\/3798\/revisions\/7441"}],"wp:attachment":[{"href":"https:\/\/wordpress.nibis.de\/obsbassum\/wp-json\/wp\/v2\/media?parent=3798"}],"curies":[{"name":"wp","href":"https:\/\/api.w.org\/{rel}","templated":true}]}}