{"id":380,"date":"2016-05-18T11:22:53","date_gmt":"2016-05-18T09:22:53","guid":{"rendered":"http:\/\/wordpress.nibis.de\/obsbassum\/?page_id=380"},"modified":"2025-08-18T15:47:25","modified_gmt":"2025-08-18T13:47:25","slug":"kontakt","status":"publish","type":"page","link":"https:\/\/wordpress.nibis.de\/obsbassum\/kontakt\/","title":{"rendered":"Sekretariat"},"content":{"rendered":"<p><span style=\"color: #000000;font-size: 18pt;background-color: #ffcc00;font-family: 'times new roman', times, serif\"><strong>Frau Rosenow und Frau Laging<\/strong><\/span><\/p>\n<p style=\"text-align: left\"><span style=\"color: #000000;font-family: 'times new roman', times, serif;font-size: 14pt\"><strong><span style=\"text-decoration: underline\">Gesch\u00e4ftszeiten:<\/span> <\/strong><\/span><\/p>\n<div style=\"text-align: left\"><span style=\"font-size: 14pt;font-family: 'times new roman', times, serif\"><strong><span style=\"color: #000000\">Montag: 7:30 &#8211; 15:30<\/span><\/strong><\/span><\/div>\n<div style=\"text-align: left\"><span style=\"font-size: 14pt;font-family: 'times new roman', times, serif\"><strong><span style=\"color: #000000\">Dienstag bis Donnerstag: 07:30 &#8211; 14:00<\/span><\/strong><\/span><\/div>\n<p style=\"text-align: left\"><span style=\"font-size: 14pt;font-family: 'times new roman', times, serif\"><strong><span style=\"color: #000000\">Freitag: 7:30 &#8211; 12:00<\/span><\/strong><\/span><\/p>\n<p><span style=\"font-family: 'times new roman', times, serif;font-size: 14pt\"><strong>Bitte keine telefonischen Krankmeldungen in der Zeit von 7.15 Uhr bis 7.30 Uhr, da w\u00e4hrend dieser Zeit der Vertretungsplan erstellt wird und die Telefonleitungen f\u00fcr Absprachen frei sein m\u00fcssen.<\/strong><\/span><\/p>\n<div><span style=\"font-family: 'times new roman', times, serif;font-size: 14pt\"><strong><u>Kontakt:<\/u><\/strong><\/span><\/div>\n<div><span style=\"font-family: 'times new roman', times, serif;font-size: 14pt\"><strong>Am Petermoor 1b<\/strong><\/span><\/div>\n<div><span style=\"font-family: 'times new roman', times, serif;font-size: 14pt\"><strong>27211 Bassum \u00a0 \u00a0 \u00a0 \u00a0 \u00a0 \u00a0<\/strong><\/span><\/div>\n<div><span style=\"font-family: 'times new roman', times, serif;font-size: 14pt\"><strong>Tel.: (0 42 41) 80 47 4 &#8211; 0<\/strong><\/span><\/div>\n<div><span style=\"font-family: 'times new roman', times, serif;font-size: 14pt\"><strong>Fax: (0 42 41) 80 47 4 &#8211; 80<\/strong><\/span><\/div>\n<div><span style=\"font-family: 'times new roman', times, serif;font-size: 14pt\"><strong>E-Mail: &#x69;n&#x66;&#111;&#64;&#x6f;&#98;&#x73;&#98;a&#x73;&#115;&#x75;&#109;&#46;&#x64;&#101;<\/strong><\/span><\/div>\n","protected":false},"excerpt":{"rendered":"<p>Frau Rosenow und Frau Laging Gesch\u00e4ftszeiten: Montag: 7:30 &#8211; 15:30 Dienstag bis Donnerstag: 07:30 &#8211; 14:00 Freitag: 7:30 &#8211; 12:00 Bitte keine telefonischen Krankmeldungen in der Zeit von 7.15 Uhr bis 7.30 Uhr, da w\u00e4hrend dieser Zeit der Vertretungsplan erstellt wird und die Telefonleitungen f\u00fcr Absprachen frei sein m\u00fcssen. Kontakt: Am Petermoor 1b 27211 Bassum [&hellip;]<\/p>\n","protected":false},"author":1006,"featured_media":5802,"parent":0,"menu_order":0,"comment_status":"closed","ping_status":"closed","template":"","meta":{"footnotes":""},"class_list":["post-380","page","type-page","status-publish","has-post-thumbnail","hentry"],"_links":{"self":[{"href":"https:\/\/wordpress.nibis.de\/obsbassum\/wp-json\/wp\/v2\/pages\/380","targetHints":{"allow":["GET"]}}],"collection":[{"href":"https:\/\/wordpress.nibis.de\/obsbassum\/wp-json\/wp\/v2\/pages"}],"about":[{"href":"https:\/\/wordpress.nibis.de\/obsbassum\/wp-json\/wp\/v2\/types\/page"}],"author":[{"embeddable":true,"href":"https:\/\/wordpress.nibis.de\/obsbassum\/wp-json\/wp\/v2\/users\/1006"}],"replies":[{"embeddable":true,"href":"https:\/\/wordpress.nibis.de\/obsbassum\/wp-json\/wp\/v2\/comments?post=380"}],"version-history":[{"count":49,"href":"https:\/\/wordpress.nibis.de\/obsbassum\/wp-json\/wp\/v2\/pages\/380\/revisions"}],"predecessor-version":[{"id":8171,"href":"https:\/\/wordpress.nibis.de\/obsbassum\/wp-json\/wp\/v2\/pages\/380\/revisions\/8171"}],"wp:featuredmedia":[{"embeddable":true,"href":"https:\/\/wordpress.nibis.de\/obsbassum\/wp-json\/wp\/v2\/media\/5802"}],"wp:attachment":[{"href":"https:\/\/wordpress.nibis.de\/obsbassum\/wp-json\/wp\/v2\/media?parent=380"}],"curies":[{"name":"wp","href":"https:\/\/api.w.org\/{rel}","templated":true}]}}