{"id":3890,"date":"2019-02-25T10:46:23","date_gmt":"2019-02-25T09:46:23","guid":{"rendered":"https:\/\/wordpress.nibis.de\/obsbassum\/?page_id=3890"},"modified":"2022-12-16T17:01:29","modified_gmt":"2022-12-16T16:01:29","slug":"kunst-musik","status":"publish","type":"page","link":"https:\/\/wordpress.nibis.de\/obsbassum\/kunst-musik\/","title":{"rendered":"Kunst\/Musik"},"content":{"rendered":"<p><strong><span style=\"color: #000000;font-family: arial,helvetica,sans-serif;font-size: 12pt\"><span style=\"font-size: 18pt\">Herbst im Kunstunterricht.<\/span> <\/span><\/strong><\/p>\n<p><strong><span style=\"color: #000000;font-family: arial,helvetica,sans-serif;font-size: 12pt\">Schaurig-sch\u00f6n<\/span><\/strong><\/p>\n<p style=\"text-align: justify\"><span style=\"color: #000000;font-family: arial,helvetica,sans-serif;font-size: 12pt\">Die 7a, 8c, 9d, 6b und 8d bereiteten sich im Kunstunterricht von Frau Cafrey auf Halloween vor.<\/span><br \/>\n<span style=\"color: #000000;font-family: arial,helvetica,sans-serif;font-size: 12pt\">\u201eBoh! Ist das anstrengend.\u201c war genauso h\u00e4ufig zu h\u00f6ren, wie \u201eIhhh! Ist das ekelig.\u201c Die Erkenntnis der Sch\u00fclerInnen dabei: \u201eDie armen Eltern, die das sonst immer machen, tun mir jetzt richtig leid.\u201c Viele Sch\u00fclerInnen verlie\u00dfen den Unterricht schlie\u00dflich mit folgenden Kommentaren. \u201eDas hat mal richtig Spa\u00df gemacht.\u201c oder \u201eDas war cool. Machen wir das n\u00e4chstes Jahr wieder?\u201c <\/span><\/p>\n<p style=\"text-align: justify\"><span style=\"color: #000000;font-family: arial,helvetica,sans-serif;font-size: 12pt\">Und hier eine kurze Anleitung zum Nachmachen:<\/span><br \/>\n<span style=\"color: #000000;font-family: arial,helvetica,sans-serif;font-size: 12pt\">Zun\u00e4chst wird ein Loch in die Oberseite geschnitzt, sodass man mit der Hand\/Faust weiterarbeiten kann.<\/span><br \/>\n<span style=\"color: #000000;font-family: arial,helvetica,sans-serif;font-size: 12pt\">Anschlie\u00dfend entnimmt man F\u00e4den und Kerne des K\u00fcrbis. Ideen f\u00fcr die weitere Verwendung dabei waren u.a.: Ein Sch\u00fcler hat die Kerne seiner Klasse mitgenommen, um sie anschlie\u00dfend zu r\u00f6sten und zu salzen. Andere Sch\u00fclerInnen haben sie mitgenommen, um sie f\u00fcr das n\u00e4chste Jahr einzupflanzen.<\/span><br \/>\n<span style=\"color: #000000;font-family: arial,helvetica,sans-serif;font-size: 12pt\">Danach beginnt der schwierigste und anstrengendste Teil, das Auskratzen des Fruchtfleisches (essbar), bis auf 0,5-1 cm. Erst dann kann man mit dem Ausschnitzen eines Motivs, das h\u00e4ufigst gew\u00e4hlte war eine grinsende Grimasse, begonnen werden<\/span><\/p>\n","protected":false},"excerpt":{"rendered":"<p>Herbst im Kunstunterricht. Schaurig-sch\u00f6n Die 7a, 8c, 9d, 6b und 8d bereiteten sich im Kunstunterricht von Frau Cafrey auf Halloween vor. \u201eBoh! Ist das anstrengend.\u201c war genauso h\u00e4ufig zu h\u00f6ren, wie \u201eIhhh! Ist das ekelig.\u201c Die Erkenntnis der Sch\u00fclerInnen dabei: \u201eDie armen Eltern, die das sonst immer machen, tun mir jetzt richtig leid.\u201c Viele Sch\u00fclerInnen [&hellip;]<\/p>\n","protected":false},"author":1006,"featured_media":0,"parent":0,"menu_order":0,"comment_status":"closed","ping_status":"closed","template":"","meta":{"footnotes":""},"class_list":["post-3890","page","type-page","status-publish","hentry"],"_links":{"self":[{"href":"https:\/\/wordpress.nibis.de\/obsbassum\/wp-json\/wp\/v2\/pages\/3890","targetHints":{"allow":["GET"]}}],"collection":[{"href":"https:\/\/wordpress.nibis.de\/obsbassum\/wp-json\/wp\/v2\/pages"}],"about":[{"href":"https:\/\/wordpress.nibis.de\/obsbassum\/wp-json\/wp\/v2\/types\/page"}],"author":[{"embeddable":true,"href":"https:\/\/wordpress.nibis.de\/obsbassum\/wp-json\/wp\/v2\/users\/1006"}],"replies":[{"embeddable":true,"href":"https:\/\/wordpress.nibis.de\/obsbassum\/wp-json\/wp\/v2\/comments?post=3890"}],"version-history":[{"count":16,"href":"https:\/\/wordpress.nibis.de\/obsbassum\/wp-json\/wp\/v2\/pages\/3890\/revisions"}],"predecessor-version":[{"id":7716,"href":"https:\/\/wordpress.nibis.de\/obsbassum\/wp-json\/wp\/v2\/pages\/3890\/revisions\/7716"}],"wp:attachment":[{"href":"https:\/\/wordpress.nibis.de\/obsbassum\/wp-json\/wp\/v2\/media?parent=3890"}],"curies":[{"name":"wp","href":"https:\/\/api.w.org\/{rel}","templated":true}]}}