{"id":408,"date":"2016-05-18T13:32:38","date_gmt":"2016-05-18T11:32:38","guid":{"rendered":"http:\/\/wordpress.nibis.de\/obsbassum\/?page_id=408"},"modified":"2018-09-14T10:26:12","modified_gmt":"2018-09-14T08:26:12","slug":"organigramm","status":"publish","type":"page","link":"https:\/\/wordpress.nibis.de\/obsbassum\/organigramm\/","title":{"rendered":"Gesch\u00e4ftsplan"},"content":{"rendered":"<p>F\u00fcr die vielf\u00e4ltigen Aufgaben in der Schule gibt es einen sog. Gesch\u00e4ftsverteilungsplan, in dem die einzelnen Aufgaben und die jeweiligen\u00a0Ansprechpartner\/innen in tabellarischer Form aufgef\u00fchrt sind und der hier als pdf-Datei heruntergeladen bzw. eingesehen werden kann:<\/p>\n<p><span style=\"color: #000000\"><a style=\"color: #000000\" href=\"http:\/\/wordpress.nibis.de\/obsbassum\/files\/2018\/09\/180914_Gesch\u00e4ftsverteilung_Homepage.pdf\">Hier k\u00f6nnen Sie unseren Gesch\u00e4ftsplan herunterladen<\/a><\/span><\/p>\n<p>&nbsp;<\/p>\n<p>&nbsp;<\/p>\n<p>&nbsp;<\/p>\n","protected":false},"excerpt":{"rendered":"<p>F\u00fcr die vielf\u00e4ltigen Aufgaben in der Schule gibt es einen sog. Gesch\u00e4ftsverteilungsplan, in dem die einzelnen Aufgaben und die jeweiligen\u00a0Ansprechpartner\/innen in tabellarischer Form aufgef\u00fchrt sind und der hier als pdf-Datei heruntergeladen bzw. eingesehen werden kann: Hier k\u00f6nnen Sie unseren Gesch\u00e4ftsplan herunterladen &nbsp; &nbsp; &nbsp;<\/p>\n","protected":false},"author":1006,"featured_media":0,"parent":0,"menu_order":0,"comment_status":"closed","ping_status":"closed","template":"","meta":{"footnotes":""},"class_list":["post-408","page","type-page","status-publish","hentry"],"_links":{"self":[{"href":"https:\/\/wordpress.nibis.de\/obsbassum\/wp-json\/wp\/v2\/pages\/408","targetHints":{"allow":["GET"]}}],"collection":[{"href":"https:\/\/wordpress.nibis.de\/obsbassum\/wp-json\/wp\/v2\/pages"}],"about":[{"href":"https:\/\/wordpress.nibis.de\/obsbassum\/wp-json\/wp\/v2\/types\/page"}],"author":[{"embeddable":true,"href":"https:\/\/wordpress.nibis.de\/obsbassum\/wp-json\/wp\/v2\/users\/1006"}],"replies":[{"embeddable":true,"href":"https:\/\/wordpress.nibis.de\/obsbassum\/wp-json\/wp\/v2\/comments?post=408"}],"version-history":[{"count":6,"href":"https:\/\/wordpress.nibis.de\/obsbassum\/wp-json\/wp\/v2\/pages\/408\/revisions"}],"predecessor-version":[{"id":3487,"href":"https:\/\/wordpress.nibis.de\/obsbassum\/wp-json\/wp\/v2\/pages\/408\/revisions\/3487"}],"wp:attachment":[{"href":"https:\/\/wordpress.nibis.de\/obsbassum\/wp-json\/wp\/v2\/media?parent=408"}],"curies":[{"name":"wp","href":"https:\/\/api.w.org\/{rel}","templated":true}]}}