{"id":414,"date":"2016-05-18T13:34:02","date_gmt":"2016-05-18T11:34:02","guid":{"rendered":"http:\/\/wordpress.nibis.de\/obsbassum\/?page_id=414"},"modified":"2018-04-18T08:42:24","modified_gmt":"2018-04-18T06:42:24","slug":"eltern-und-klassenpflegschaft","status":"publish","type":"page","link":"https:\/\/wordpress.nibis.de\/obsbassum\/eltern-und-klassenpflegschaft\/","title":{"rendered":"Eltern- und Klassenpflegschaft"},"content":{"rendered":"<div class=\"picture-content-mid pic-mid\">\n<div class=\"abstract\" style=\"text-align: center\"><span style=\"font-size: 24pt\"><strong><span style=\"color: #000449;font-family: arial, helvetica, sans-serif\"><a href=\"http:\/\/wordpress.nibis.de\/obsbassum\/eltern-und-klassenpflegschaft\/schueler_eltern_lehrer\/\" rel=\"attachment wp-att-2633\"><img loading=\"lazy\" decoding=\"async\" class=\"wp-image-2633 alignleft\" src=\"http:\/\/wordpress.nibis.de\/obsbassum\/files\/2018\/04\/Sch\u00fcler_Eltern_Lehrer-289x300.jpg\" alt=\"\" width=\"232\" height=\"240\" \/><\/a>Eltern erw\u00fcnscht!?\u00a0<\/span><\/strong><\/span><\/div>\n<div><\/div>\n<\/div>\n<div><\/div>\n<div><\/div>\n<div><\/div>\n<div><\/div>\n<div class=\"picture-content-mid pic-mid\">\n<div><\/div>\n<div class=\"abstract\" style=\"text-align: justify\"><span style=\"font-size: 12pt\"><strong><span style=\"color: #000449;font-family: arial, helvetica, sans-serif\">Wie gelingt eine erfolgreiche Zusammenarbeit zwischen Schule und Elternschaft?\u00a0<\/span><\/strong><strong style=\"color: inherit\"><span style=\"color: #000449;font-family: arial, helvetica, sans-serif\">Zu den Erfolgsfaktoren eines gelingenden Werdegangs in der Schule geh\u00f6rt eine fr\u00fch ansetzende, systematische und praxisnahe Zusammenarbeit von Lehrern und Eltern\/Erziehungsberechtigten; Ziel ist es sie als wichtigste Ansprechpartner ihrer Kinder einzubeziehen. Eltern so anzusprechen, dass sie motiviert sind, sich aktiv in den schulischen Werdegang ihrer Kinder einzubringen, ist keine leichte Aufgabe. Die folgende anklickbare Datei\u00a0<\/span><span style=\"color: #ff0000\"><em><span style=\"font-family: arial, helvetica, sans-serif\"><a style=\"color: #ff0000\" href=\"http:\/\/wordpress.nibis.de\/obsbassum\/eltern-und-klassenpflegschaft\/2015_leitfaden_elternarbeit\/\" rel=\"attachment wp-att-2629\">Leitfaden_Elternarbeit<\/a><\/span><\/em><\/span><span style=\"color: #000449;font-family: arial, helvetica, sans-serif\">\u00a0gibt einen wichtigen Einblick in diese wichtige Aufgabe.<\/span><\/strong><\/span><\/div>\n<\/div>\n<p>&nbsp;<\/p>\n<p>&nbsp;<\/p>\n<p style=\"text-align: center\"><span style=\"font-family: arial, helvetica, sans-serif;font-size: 18pt;color: #000449\"><strong>Der Schulelternrat der OBS-BASSUM<\/strong><\/span><\/p>\n<table style=\"width: 533px;height: 616px\" border=\"1\" align=\"center\">\n<caption><span style=\"font-family: arial, helvetica, sans-serif;font-size: 12pt;color: #000449\">\u00a0<\/span><\/caption>\n<tbody>\n<tr style=\"height: 572px\">\n<td style=\"width: 94px;text-align: center;height: 572px\"><span style=\"font-family: arial, helvetica, sans-serif;font-size: 12pt;color: #000449\"><strong>Vorsitzende<\/strong><\/span><\/td>\n<td style=\"width: 341px;text-align: center;height: 572px\"><span style=\"color: #000449\"><span style=\"font-family: arial, helvetica, sans-serif;font-size: 12pt\">\u00a0<\/span><span style=\"font-family: arial, helvetica, sans-serif;font-size: 12pt\"><strong>Birgit Zorrmann<\/strong><\/span><\/span><\/p>\n<p><span style=\"font-family: arial, helvetica, sans-serif;font-size: 12pt;color: #000449\"><strong>Email:\u00a0<a style=\"color: #000449\" href=\"m&#97;&#105;&#x6c;&#x74;&#x6f;:P&#104;&#121;&#x73;&#x69;&#x6f;2&#48;&#48;&#55;&#x2e;&#x62;&#x7a;&#64;&#103;&#109;&#x61;&#x69;&#x6c;&#46;c&#111;&#109;\">Physio&#50;&#48;&#48;&#55;&#46;&#98;&#122;&#x40;&#x67;&#x6d;&#x61;&#x69;&#x6c;&#x2e;&#x63;&#x6f;&#x6d;<\/a><\/strong><\/span><\/p>\n<p><span style=\"font-family: arial, helvetica, sans-serif;font-size: 12pt;color: #000449\"><strong>Tel.: 04248 \/ 902360<\/strong><\/span><\/p>\n<p><span style=\"font-family: arial, helvetica, sans-serif;font-size: 12pt;color: #000449\"><strong>Insa Burdorf<\/strong><\/span><\/p>\n<p><span style=\"font-family: arial, helvetica, sans-serif;font-size: 12pt;color: #000449\"><strong>Email:<\/strong><\/span><\/p>\n<p><span style=\"font-family: arial, helvetica, sans-serif;font-size: 12pt;color: #000449\"><strong><a style=\"color: #000449\" href=\"&#x6d;&#97;i&#x6c;&#116;&#111;&#x3a;&#x69;&#110;s&#x61;&#64;b&#x75;&#x72;&#100;o&#x72;&#102;o&#x6e;&#x6c;&#105;n&#x65;&#46;d&#x65;\">insa&#64;bur&#100;&#111;&#114;&#102;&#111;&#110;&#108;&#105;&#110;&#101;&#x2e;&#x64;&#x65;<\/a><\/strong><\/span><\/p>\n<p><span style=\"font-family: arial, helvetica, sans-serif;font-size: 12pt;color: #000449\"><strong>Tel.: 04241 971475<\/strong><\/span><\/p>\n<p><span style=\"font-family: arial, helvetica, sans-serif;font-size: 12pt;color: #000449\"><strong>Nadine Bu\u00dfmann<\/strong><\/span><\/p>\n<p><span style=\"font-family: arial, helvetica, sans-serif;font-size: 12pt;color: #000449\"><strong>Email:<\/strong><\/span><\/p>\n<p><span style=\"font-family: arial, helvetica, sans-serif;font-size: 12pt;color: #000449\"><strong><a style=\"color: #000449\" href=\"&#x6d;&#97;i&#x6c;&#116;o&#x3a;&#110;i&#x63;&#107;a&#x6e;&#110;p&#x68;&#105;l&#x6c;&#98;e&#x6e;&#64;w&#x65;&#98;&#46;&#x64;&#101;\">n&#105;&#99;&#x6b;&#x61;&#x6e;np&#104;&#105;&#x6c;&#x6c;&#x62;e&#110;&#64;&#119;&#x65;&#x62;&#x2e;d&#101;<\/a><\/strong><\/span><\/p>\n<p><span style=\"font-family: arial, helvetica, sans-serif;font-size: 12pt;color: #000449\"><strong>Tel.: 0176 45756662<\/strong><\/span><\/td>\n<\/tr>\n<tr>\n<td style=\"width: 94px\"><\/td>\n<td style=\"width: 341px\"><\/td>\n<\/tr>\n<\/tbody>\n<\/table>\n<p style=\"text-align: justify\"><span style=\"font-family: arial, helvetica, sans-serif;font-size: 12pt;color: #000449\"><strong>Mitglieder des Schulelternrates haben die M\u00f6glichkeit, Sitzungsprotokolle, Einladungen sowie weitere Informationen und Dokumente im Bereich des Schulelternrats in der elektronischen Lernumgebung einzusehen. Klicken Sie hierzu bitte auf den folgenden <span style=\"color: #ff0000\">Link\u00a0<\/span><\/strong><span style=\"color: #ff0000\"><strong><a style=\"color: #ff0000\" href=\"https:\/\/www.schule-moodle.de\/moodle\/login\/index.php\">\u21d2<\/a><\/strong>\u00a0<strong><a style=\"color: #ff0000\" href=\"https:\/\/moodle.nibis.de\/bassum\/course\/view.php?id=44\" target=\"_blank\" rel=\"noopener\">Schulelternrat<\/a><\/strong><\/span><strong><span style=\"color: #ff0000\">\u00a0<\/span>und danach auf den Button \u201eAls Gast anmelden\u201c. Das Passwort erhalten Sie schriftlich durch die Wahl als Klassenelternvertreter auf der ersten Schulelternratssitzung eines jeden neuen Schuljahres.<\/strong><\/span><\/p>\n<p style=\"text-align: center\"><span style=\"font-family: arial, helvetica, sans-serif;font-size: 12pt;color: #000449\">\u00a0<span style=\"font-size: 18pt\"><strong>Auszug aus dem Nieders\u00e4chsischen Schulgesetz (NSchG)<\/strong><\/span><\/span><\/p>\n<p style=\"text-align: center\"><span style=\"font-family: arial, helvetica, sans-serif;font-size: 12pt;color: #000449\"><strong>\u00a0\u00a7\u00a7 88 \u2013 100<\/strong><\/span><\/p>\n<p style=\"text-align: center\" align=\"CENTER\"><span style=\"font-family: arial, helvetica, sans-serif;font-size: 12pt;color: #000449\"><strong>F \u00fc n f t e r\u00a0 \u00a0T e i l\u00a0<\/strong><\/span><br \/>\n<span style=\"font-family: arial, helvetica, sans-serif;font-size: 12pt;color: #000449\"> <strong>Elternvertretung<\/strong><\/span><\/p>\n<p style=\"text-align: center\"><span style=\"font-family: arial, helvetica, sans-serif;font-size: 12pt;color: #000449\"><strong>Erster Abschnitt<\/strong><\/span><br \/>\n<span style=\"font-family: arial, helvetica, sans-serif;font-size: 12pt;color: #000449\"> <strong>Elternvertretung in der Schule<\/strong><\/span><\/p>\n<p style=\"text-align: center\" align=\"CENTER\"><span style=\"font-family: arial, helvetica, sans-serif;font-size: 12pt;color: #000449\"><strong>\u00a0\u00a7 88\u00a0<\/strong><\/span><br \/>\n<span style=\"font-family: arial, helvetica, sans-serif;font-size: 12pt;color: #000449\"> <strong>Allgemeines<\/strong><\/span><\/p>\n<p id=\"hjh\" style=\"text-align: justify\"><span style=\"font-family: arial, helvetica, sans-serif;font-size: 12pt;color: #000449\"><strong>(1) Die Erziehungsberechtigten wirken in der Schule mit durch:<\/strong><\/span><\/p>\n<ol style=\"text-align: justify\">\n<li><span style=\"font-family: arial, helvetica, sans-serif;font-size: 12pt;color: #000449\"><strong>Klassenelternschaften,<\/strong><\/span><\/li>\n<li><span style=\"font-family: arial, helvetica, sans-serif;font-size: 12pt;color: #000449\">\u00a0<strong>den Schulelternrat,<\/strong><\/span><\/li>\n<li><span style=\"font-family: arial, helvetica, sans-serif;font-size: 12pt;color: #000449\"><strong>Vertreterinnen und Vertreter im Schulvorstand, in Konferenzen und Aussch\u00fcssen.<\/strong><\/span><\/li>\n<\/ol>\n<p style=\"text-align: justify\"><span style=\"font-family: arial, helvetica, sans-serif;font-size: 12pt;color: #000449\"><strong>(2) Die Erziehungsberechtigten haben bei Wahlen und Abstimmungen f\u00fcr jede Sch\u00fclerin oder jeden Sch\u00fcler zusammen nur eine Stimme.<\/strong><\/span><\/p>\n<p style=\"text-align: justify\"><span style=\"font-family: arial, helvetica, sans-serif;font-size: 12pt;color: #000449\"><strong>(3) In den \u00c4mtern der Elternvertretung sollen Frauen und M\u00e4nner gleicherma\u00dfen vertreten sein. Ferner sollen Erziehungsberechtigte ausl\u00e4ndischer Sch\u00fclerinnen und Sch\u00fcler in angemessener Zahl ber\u00fccksichtigt werden.<\/strong><\/span><\/p>\n<p style=\"text-align: center\" align=\"CENTER\"><span style=\"font-family: arial, helvetica, sans-serif;font-size: 12pt;color: #000449\"><strong>\u00a7 89\u00a0<\/strong><\/span><br \/>\n<span style=\"font-family: arial, helvetica, sans-serif;font-size: 12pt;color: #000449\"> <strong>Klassenelternschaften<\/strong><\/span><\/p>\n<p style=\"text-align: justify\"><span style=\"font-family: arial, helvetica, sans-serif;font-size: 12pt;color: #000449\"><strong>(1) Die Erziehungsberechtigten der Sch\u00fclerinnen und Sch\u00fcler einer Klasse (Klassenelternschaft) w\u00e4hlen die Vorsitzende oder den Vorsitzenden und deren oder dessen Stellvertreterin oder Stellvertreter. Die Klassenelternschaft w\u00e4hlt au\u00dferdem die Vertreterinnen oder Vertreter in der Klassenkonferenz und deren Ausschuss nach \u00a739 Abs.1 sowie eine entsprechende Anzahl von Stellvertreterinnen oder Stellvertretern. Die S\u00e4tze 1 und 2 gelten nicht f\u00fcr Klassen, die zu mehr als drei Vierteln von Vollj\u00e4hrigen besucht werden.<\/strong><\/span><\/p>\n<p style=\"text-align: justify\"><span style=\"font-family: arial, helvetica, sans-serif;font-size: 12pt;color: #000449\"><strong>(2) Die oder der Vorsitzende l\u00e4dt die Klassenelternschaft mindestens zweimal im Jahr zu einer Elternversammlung ein und leitet deren Verhandlungen. Eine Elternversammlung ist auch dann einzuberufen, wenn ein F\u00fcnftel der Erziehungsberechtigten, die Schulleitung oder die Klassenlehrerin oder der Klassenlehrer es verlangt.<\/strong><\/span><\/p>\n<p style=\"text-align: center\" align=\"CENTER\"><span style=\"font-family: arial, helvetica, sans-serif;font-size: 12pt;color: #000449\"><strong>\u00a7 90\u00a0<\/strong><\/span><br \/>\n<span style=\"font-family: arial, helvetica, sans-serif;font-size: 12pt;color: #000449\"> <strong>Schulelternrat<\/strong><\/span><\/p>\n<p style=\"text-align: justify\"><span style=\"font-family: arial, helvetica, sans-serif;font-size: 12pt;color: #000449\"><strong>(1) Die Vorsitzenden der Klassenelternschaften bilden den Schulelternrat. In der Berufsschule geh\u00f6ren auch die Vorsitzenden der Bereichselternschaften dem Schulelternrat an.<\/strong><\/span><\/p>\n<p style=\"text-align: justify\"><span style=\"font-family: arial, helvetica, sans-serif;font-size: 12pt;color: #000449\"><strong>(2) Wird eine Schule von mindestens zehn ausl\u00e4ndischen Sch\u00fclerinnen oder Sch\u00fclern besucht und geh\u00f6rt von deren Erziehungsberechtigten niemand dem Schulelternrat an, so k\u00f6nnen diese Erziehungsberechtigten aus ihrer Mitte ein zus\u00e4tzliches Mitglied und ein stellvertretendes Mitglied des Schulelternrats w\u00e4hlen.<\/strong><\/span><\/p>\n<p style=\"text-align: justify\"><span style=\"font-family: arial, helvetica, sans-serif;font-size: 12pt;color: #000449\"><strong>(3) Der Schulelternrat w\u00e4hlt die Elternratsvorsitzende oder den Elternratsvorsitzenden und eine Stellvertreterin oder einen Stellvertreter oder mehrere Stellvertreterinnen oder Stellvertreter aus seiner Mitte sowie die Vertreterinnen oder Vertreter und eine gleiche Anzahl von Stellvertreterinnen oder Stellvertretern in der Gesamtkonferenz, in den Teilkonferenzen, au\u00dfer denen f\u00fcr organisatorische Bereiche, und in den entsprechenden Aussch\u00fcssen nach \u00a739 Abs.1.<\/strong><\/span><\/p>\n<p style=\"text-align: justify\"><span style=\"font-family: arial, helvetica, sans-serif;font-size: 12pt;color: #000449\"><strong>(4) Die oder der Vorsitzende l\u00e4dt den Schulelternrat mindestens zweimal im Jahr zu einer Sitzung ein. Eine Sitzung des Schulelternrats ist auch einzuberufen, wenn ein F\u00fcnftel der Mitglieder oder die Schulleitung es unter Angabe des Beratungsgegenstandes verlangt.<\/strong><\/span><\/p>\n","protected":false},"excerpt":{"rendered":"<p>Eltern erw\u00fcnscht!?\u00a0 Wie gelingt eine erfolgreiche Zusammenarbeit zwischen Schule und Elternschaft?\u00a0Zu den Erfolgsfaktoren eines gelingenden Werdegangs in der Schule geh\u00f6rt eine fr\u00fch ansetzende, systematische und praxisnahe Zusammenarbeit von Lehrern und Eltern\/Erziehungsberechtigten; Ziel ist es sie als wichtigste Ansprechpartner ihrer Kinder einzubeziehen. Eltern so anzusprechen, dass sie motiviert sind, sich aktiv in den schulischen Werdegang ihrer [&hellip;]<\/p>\n","protected":false},"author":1006,"featured_media":0,"parent":0,"menu_order":0,"comment_status":"closed","ping_status":"closed","template":"","meta":{"footnotes":""},"class_list":["post-414","page","type-page","status-publish","hentry"],"_links":{"self":[{"href":"https:\/\/wordpress.nibis.de\/obsbassum\/wp-json\/wp\/v2\/pages\/414","targetHints":{"allow":["GET"]}}],"collection":[{"href":"https:\/\/wordpress.nibis.de\/obsbassum\/wp-json\/wp\/v2\/pages"}],"about":[{"href":"https:\/\/wordpress.nibis.de\/obsbassum\/wp-json\/wp\/v2\/types\/page"}],"author":[{"embeddable":true,"href":"https:\/\/wordpress.nibis.de\/obsbassum\/wp-json\/wp\/v2\/users\/1006"}],"replies":[{"embeddable":true,"href":"https:\/\/wordpress.nibis.de\/obsbassum\/wp-json\/wp\/v2\/comments?post=414"}],"version-history":[{"count":22,"href":"https:\/\/wordpress.nibis.de\/obsbassum\/wp-json\/wp\/v2\/pages\/414\/revisions"}],"predecessor-version":[{"id":2648,"href":"https:\/\/wordpress.nibis.de\/obsbassum\/wp-json\/wp\/v2\/pages\/414\/revisions\/2648"}],"wp:attachment":[{"href":"https:\/\/wordpress.nibis.de\/obsbassum\/wp-json\/wp\/v2\/media?parent=414"}],"curies":[{"name":"wp","href":"https:\/\/api.w.org\/{rel}","templated":true}]}}