{"id":445,"date":"2016-05-22T09:49:07","date_gmt":"2016-05-22T07:49:07","guid":{"rendered":"http:\/\/wordpress.nibis.de\/obsbassum\/?page_id=445"},"modified":"2025-08-18T16:22:55","modified_gmt":"2025-08-18T14:22:55","slug":"schuelervertretung","status":"publish","type":"page","link":"https:\/\/wordpress.nibis.de\/obsbassum\/schuelervertretung\/","title":{"rendered":"Sch\u00fclervertretung"},"content":{"rendered":"<p style=\"text-align: justify\" align=\"CENTER\">\n<p style=\"text-align: justify\" align=\"CENTER\"><span style=\"color: #000000;font-size: 18pt;font-family: helvetica, arial, sans-serif;background-color: #ffcc00\"><strong>Was wir machen?<\/strong><\/span><\/p>\n<div style=\"text-align: justify\"><span style=\"color: #000000;font-family: helvetica, arial, sans-serif;font-size: 14pt\">Eine Sch\u00fclervertretung, kurz SV, ist an jeder Schule eine unverzichtbare Einrichtung im allt\u00e4glichen Schulleben. Die SV ist das offizielle Mitbestimmungsgremium der Sch\u00fclerschaft. So wird\u00a0 Mitwirkungs- und Verantwortungsbereitschaft gef\u00f6rdert und Ihr k\u00f6nnt euch an der Gestaltung des Schullebens beteiligen.<\/span><\/div>\n<div><\/div>\n<div style=\"text-align: justify\"><span style=\"color: #000000;font-family: helvetica, arial, sans-serif;font-size: 14pt\">Unser SV-Team besteht aus Sch\u00fcler*innen aus allen Jahrgangsstufen, sowie Fr. G\u00fcnnemann und Hr. Kandt als SV-Lehrkr\u00e4ften.\u00a0<\/span><\/div>\n<div><\/div>\n<div style=\"text-align: justify\"><span style=\"color: #000000;font-family: helvetica, arial, sans-serif;font-size: 14pt\">Wir treffen uns regelm\u00e4\u00dfig, um zu besprechen, was es Neues in der Schule gibt oder sammeln und besprechen Ideen und deren Umsetzung f\u00fcr neue Projekte.<\/span><\/div>\n<div><\/div>\n<div style=\"text-align: justify\"><span style=\"font-family: helvetica, arial, sans-serif;font-size: 14pt\"><span style=\"color: #000000\">Wir unterst\u00fctzen z.B. Schulfeste und die Projektwoche. Au\u00dferdem <\/span><span style=\"color: #000000\">bieten wir Hilfe bei Orientierungsfragen, die gerade h\u00e4ufig bei Sch\u00fcler*innen der unteren Jahrg\u00e4nge auftreten. D<\/span><span style=\"color: #000000\">ie SV vertritt die Interessen der Sch\u00fclerschaft in den Gremien, wie z.B in Fach- und Gesamtkonferenzen.<\/span><\/span><\/div>\n<div><\/div>\n<div style=\"text-align: justify\"><span style=\"font-family: helvetica, arial, sans-serif;font-size: 14pt\"><span style=\"color: #000000\">Wir als Sch\u00fclervertretung sehen uns als Bindeglied zwischen euch Sch\u00fclerinnen und Sch\u00fclern und den Lehrkr\u00e4ften sowie der Schulleitung. <\/span><span style=\"color: #000000\">Wir vertreten vorrangig die Interessen der Sch\u00fclerinnen und Sch\u00fcler und sind\u00a0 Anlaufstelle f\u00fcr sie, wenn diese Fragen oder Probleme haben. <\/span><span style=\"color: #000000\">Ebenso sind wir aber auch f\u00fcr Lehrkr\u00e4fte und die Schulleitung Ansprechpartner.<\/span><\/span><\/div>\n<div><\/div>\n<div style=\"text-align: justify\"><span style=\"font-family: helvetica, arial, sans-serif;font-size: 14pt\"><span style=\"color: #000000\">So ist unsere oberste Zielsetzung den guten Kontakt zwischen SV, Sch\u00fclerschaft, Lehrkr\u00e4ften und der Schulleitung zu pflegen. <\/span><span style=\"color: #000000\">Dies sorgt f\u00fcr ein gutes Schulklima, bei dem sich alle wohlf\u00fchlen k\u00f6nnen. Dies ist unserer Meinung nach der Grundstein f\u00fcr eine hervorragende Arbeit der Sch\u00fclervertretung und tr\u00e4gt mit zum Erhalt der Qualit\u00e4t der OBS Bassum bei.<\/span><\/span><\/div>\n<div><\/div>\n<div style=\"text-align: justify\"><span style=\"font-family: helvetica, arial, sans-serif;font-size: 14pt\"><em><span style=\"color: #000000\">Wenn du also Probleme, Ideen, Anregungen, \u2026 hast, dann scheu\u00b4dich nicht und schaue einfach mal bei uns, der SV, vorbei.<\/span><\/em><\/span><\/div>\n<div style=\"text-align: justify\"><span style=\"font-family: helvetica, arial, sans-serif;font-size: 14pt\"><em><span style=\"color: #000000\">Wir haben immer ein offenes Ohr f\u00fcr dich!<\/span><\/em><\/span><\/div>\n<div style=\"text-align: justify\"><span style=\"font-family: helvetica, arial, sans-serif;font-size: 14pt\"><em><span style=\"color: #000000\">Wir freuen uns auf dich,<\/span><\/em><\/span><\/div>\n<div style=\"text-align: justify\"><span style=\"color: #000000;font-family: helvetica, arial, sans-serif;font-size: 14pt\"><strong><em>Deine Sch\u00fclervertretung der OBS Bassum. Lilly und Jonathan<\/em><\/strong><\/span><\/div>\n<p style=\"text-align: justify\" align=\"CENTER\"><span style=\"color: #000000;font-family: helvetica, arial, sans-serif;font-size: 14pt;background-color: #ffcc00\"><strong>Auszug aus dem Nieders\u00e4chsischen Schulgesetz (NSchG) <\/strong><\/span><span style=\"color: #000000;font-family: helvetica, arial, sans-serif;font-size: 14pt;background-color: #ffcc00\"><strong>\u00a7 72 <\/strong><\/span><br \/>\n<span style=\"color: #000000;font-family: helvetica, arial, sans-serif;font-size: 14pt\"> <strong> Allgemeines<\/strong><\/span><\/p>\n<div><span style=\"color: #000000;font-family: helvetica, arial, sans-serif;font-size: 14pt\">(1) <sup>1<\/sup>Sch\u00fclerinnen und Sch\u00fcler wirken in der Schule mit durch<\/span><\/div>\n<ol style=\"text-align: justify\">\n<li><span style=\"color: #000000;font-family: helvetica, arial, sans-serif;font-size: 14pt\">Klassensch\u00fclerschaften sowie Klassensprecherinnen und Klassensprecher,<\/span><\/li>\n<li><span style=\"color: #000000;font-family: helvetica, arial, sans-serif;font-size: 14pt\">den Sch\u00fclerrat sowie Sch\u00fclersprecherinnen und Sch\u00fclersprecher,<\/span><\/li>\n<li><span style=\"color: #000000;font-family: helvetica, arial, sans-serif;font-size: 14pt\">Vertreterinnen und Vertreter in Konferenzen, Aussch\u00fcssen und im Schulvorstand.<\/span><\/li>\n<\/ol>\n<div><span style=\"color: #000000;font-family: helvetica, arial, sans-serif;font-size: 14pt\"><sup>2<\/sup>Die Mitwirkung soll zur Erf\u00fcllung des Bildungsauftrags der Schule (\u00a72) beitragen.<\/span><\/div>\n<div><span style=\"color: #000000;font-family: helvetica, arial, sans-serif;font-size: 14pt\">(2) <sup>1<\/sup>In den \u00c4mtern der Sch\u00fclervertretung sollen Sch\u00fclerinnen und Sch\u00fcler gleicherma\u00dfen vertreten sein. <sup>2<\/sup>Ferner sollen ausl\u00e4ndische Sch\u00fclerinnen und Sch\u00fcler in angemessener Zahl ber\u00fccksichtigt werden.<\/span><\/div>\n<div><\/div>\n<div style=\"text-align: justify\" align=\"CENTER\"><span style=\"color: #000000;font-family: helvetica, arial, sans-serif;font-size: 14pt\"><strong>\u00a7 73 <\/strong><\/span><br \/>\n<span style=\"color: #000000;font-family: helvetica, arial, sans-serif;font-size: 14pt\"> <strong>Klassensch\u00fclerschaft<\/strong><\/span><\/div>\n<div style=\"text-align: justify\"><span style=\"color: #000000;font-family: helvetica, arial, sans-serif;font-size: 14pt\"><sup>1<\/sup>In jeder Klasse vom 5. Schuljahrgang an (Klassensch\u00fclerschaft) werden eine Klassensprecherin oder ein Klassensprecher (Klassenvertretung), deren oder dessen Stellvertreterin oder Stellvertreter sowie die Vertreterinnen oder Vertreter in der Klassenkonferenz und deren Ausschuss nach \u00a7 39 Abs. 1 oder Abs. 2 gew\u00e4hlt. <sup>2<\/sup>Im Primarbereich und im F\u00f6rderschwerpunkt geistige Entwicklung einer F\u00f6rderschule kann nach Satz 1 gew\u00e4hlt werden.<\/span><\/div>\n<div><\/div>\n<div style=\"text-align: justify\" align=\"CENTER\"><span style=\"color: #000000;font-family: helvetica, arial, sans-serif;font-size: 14pt\"><strong>\u00a7 74 <\/strong><\/span><br \/>\n<span style=\"color: #000000;font-family: helvetica, arial, sans-serif;font-size: 14pt\"> <strong>Sch\u00fclerrat<\/strong><\/span><\/div>\n<div style=\"text-align: justify\"><span style=\"color: #000000;font-family: helvetica, arial, sans-serif;font-size: 14pt\">(1) <sup>1<\/sup>Die Klassenvertretungen bilden den Sch\u00fclerrat der Schule. <sup>2<\/sup>Dieser w\u00e4hlt die Sch\u00fclersprecherin oder den Sch\u00fclersprecher und eine Stellvertreterin oder einen Stellvertreter oder mehrere Stellvertreterinnen oder Stellvertreter aus seiner Mitte sowie die Vertreterinnen oder Vertreter in der Gesamtkonferenz, in den Teilkonferenzen, au\u00dfer denen f\u00fcr organisatorische Bereiche, und in den entsprechenden Aussch\u00fcssen nach \u00a739 Abs.1 oder Abs.2.<\/span><\/div>\n","protected":false},"excerpt":{"rendered":"<p>Was wir machen? Eine Sch\u00fclervertretung, kurz SV, ist an jeder Schule eine unverzichtbare Einrichtung im allt\u00e4glichen Schulleben. Die SV ist das offizielle Mitbestimmungsgremium der Sch\u00fclerschaft. So wird\u00a0 Mitwirkungs- und Verantwortungsbereitschaft gef\u00f6rdert und Ihr k\u00f6nnt euch an der Gestaltung des Schullebens beteiligen. Unser SV-Team besteht aus Sch\u00fcler*innen aus allen Jahrgangsstufen, sowie Fr. G\u00fcnnemann und Hr. Kandt [&hellip;]<\/p>\n","protected":false},"author":1006,"featured_media":0,"parent":0,"menu_order":0,"comment_status":"closed","ping_status":"closed","template":"","meta":{"footnotes":""},"class_list":["post-445","page","type-page","status-publish","hentry"],"_links":{"self":[{"href":"https:\/\/wordpress.nibis.de\/obsbassum\/wp-json\/wp\/v2\/pages\/445","targetHints":{"allow":["GET"]}}],"collection":[{"href":"https:\/\/wordpress.nibis.de\/obsbassum\/wp-json\/wp\/v2\/pages"}],"about":[{"href":"https:\/\/wordpress.nibis.de\/obsbassum\/wp-json\/wp\/v2\/types\/page"}],"author":[{"embeddable":true,"href":"https:\/\/wordpress.nibis.de\/obsbassum\/wp-json\/wp\/v2\/users\/1006"}],"replies":[{"embeddable":true,"href":"https:\/\/wordpress.nibis.de\/obsbassum\/wp-json\/wp\/v2\/comments?post=445"}],"version-history":[{"count":39,"href":"https:\/\/wordpress.nibis.de\/obsbassum\/wp-json\/wp\/v2\/pages\/445\/revisions"}],"predecessor-version":[{"id":8201,"href":"https:\/\/wordpress.nibis.de\/obsbassum\/wp-json\/wp\/v2\/pages\/445\/revisions\/8201"}],"wp:attachment":[{"href":"https:\/\/wordpress.nibis.de\/obsbassum\/wp-json\/wp\/v2\/media?parent=445"}],"curies":[{"name":"wp","href":"https:\/\/api.w.org\/{rel}","templated":true}]}}