{"id":482,"date":"2016-05-22T11:04:15","date_gmt":"2016-05-22T09:04:15","guid":{"rendered":"http:\/\/wordpress.nibis.de\/obsbassum\/?page_id=482"},"modified":"2025-08-18T15:51:57","modified_gmt":"2025-08-18T13:51:57","slug":"beratungslehrer","status":"publish","type":"page","link":"https:\/\/wordpress.nibis.de\/obsbassum\/beratungslehrer\/","title":{"rendered":"Sozialp\u00e4dagogin"},"content":{"rendered":"<p><span style=\"font-family: helvetica, arial, sans-serif;font-size: 14pt\"><span style=\"background-color: #ffcc00\">Schulsozialarbeiterin<\/span> an unserer Schule ist <strong><span style=\"font-size: 18pt;background-color: #ffcc00\">Friederike Fr\u00fcchtenicht<\/span>. <\/strong><\/span><\/p>\n<p style=\"text-align: justify\"><span style=\"font-family: helvetica, arial, sans-serif;font-size: 14pt\">Wenn Sie bei schulischen oder famili\u00e4ren Themen<\/span><\/p>\n<ul style=\"list-style-type: square;text-align: justify\">\n<li>\n<div><span style=\"font-family: helvetica, arial, sans-serif;font-size: 14pt\">Beratung oder<\/span><\/div>\n<\/li>\n<li>\n<div><span style=\"font-family: helvetica, arial, sans-serif;font-size: 14pt\">Unterst\u00fctzung<\/span><\/div>\n<\/li>\n<\/ul>\n<p style=\"text-align: justify\"><span style=\"font-family: helvetica, arial, sans-serif;font-size: 14pt\">w\u00fcnschen, k\u00f6nnen Sie sich an unsere Sozialarbeiterin wenden. <\/span><span style=\"font-family: helvetica, arial, sans-serif;font-size: 14pt\">Dies k\u00f6nnen beispielsweise Momente sein, in denen Sie<\/span><\/p>\n<ul style=\"list-style-type: square;text-align: justify\">\n<li><span style=\"font-family: helvetica, arial, sans-serif;font-size: 14pt\">sich Sorgen machen.<\/span><\/li>\n<li><span style=\"font-size: 14pt;color: initial;font-family: helvetica, arial, sans-serif\">sich in einer Krisensituation befinden,<\/span><\/li>\n<li><span style=\"font-family: helvetica, arial, sans-serif;font-size: 14pt\">Konflikte existieren,\u00a0<\/span><\/li>\n<li><span style=\"font-family: helvetica, arial, sans-serif;font-size: 14pt\">oder Sie auf der Suche nach au\u00dferschulischen Einrichtungen &amp; Beratungsstellen sind.<\/span><\/li>\n<\/ul>\n<div style=\"text-align: justify\"><span style=\"font-family: helvetica, arial, sans-serif;font-size: 14pt\">Aber auch mit anderen Themen d\u00fcrfen Sie Frau Fr\u00fcchtenicht gerne kontaktieren.<\/span><\/div>\n<div style=\"text-align: justify\"><span style=\"font-family: helvetica, arial, sans-serif;font-size: 14pt\">Sie erreichen Frau Fr\u00fcchtenicht in der Regel von <strong>Montag-Freitag zwischen 8:00 &#8211; 12:00 Uhr<\/strong><\/span><\/div>\n<ul style=\"list-style-type: square;text-align: justify\">\n<li><span style=\"font-family: helvetica, arial, sans-serif;font-size: 14pt\">per Telefon: <strong>04241 80474 23<\/strong><\/span><\/li>\n<li><span style=\"font-family: helvetica, arial, sans-serif;font-size: 14pt\">per E-Mail: <a href=\"&#x6d;a&#x69;l&#x74;&#111;&#x3a;&#102;r&#x69;e&#x64;&#101;&#x72;&#105;&#x6b;&#101;&#46;&#x66;r&#x75;&#101;&#x63;&#104;&#x74;&#x65;n&#x69;c&#x68;&#116;&#x40;&#111;b&#x73;b&#x61;&#115;&#x73;&#117;&#x6d;&#103;y&#x6d;z&#x2e;&#100;&#x65;\"><strong>&#x66;r&#x69;e&#x64;&#101;&#x72;&#105;k&#x65;&#46;&#x66;&#114;&#x75;&#101;&#x63;&#104;t&#x65;n&#x69;&#99;&#x68;&#116;&#x40;&#x6f;b&#x73;b&#x61;&#115;&#x73;&#117;m&#x67;y&#x6d;&#122;&#x2e;&#100;&#x65;<\/strong><\/a><\/span><\/li>\n<\/ul>\n<div style=\"text-align: justify\"><span style=\"font-family: helvetica, arial, sans-serif;font-size: 14pt\">in ihrem B\u00fcro in <strong>Raum 1.29<\/strong> (Geb\u00e4ude A) im Verwaltungstrakt\u00a0oder \u00fcber das Schulsekretariat.<\/span><\/div>\n<div style=\"text-align: justify\"><span style=\"font-family: helvetica, arial, sans-serif;font-size: 14pt\">Die Sozialarbeiterin unterliegt der Schweigepflicht.<\/span><\/div>\n","protected":false},"excerpt":{"rendered":"<p>Schulsozialarbeiterin an unserer Schule ist Friederike Fr\u00fcchtenicht. Wenn Sie bei schulischen oder famili\u00e4ren Themen Beratung oder Unterst\u00fctzung w\u00fcnschen, k\u00f6nnen Sie sich an unsere Sozialarbeiterin wenden. Dies k\u00f6nnen beispielsweise Momente sein, in denen Sie sich Sorgen machen. sich in einer Krisensituation befinden, Konflikte existieren,\u00a0 oder Sie auf der Suche nach au\u00dferschulischen Einrichtungen &amp; Beratungsstellen sind. Aber [&hellip;]<\/p>\n","protected":false},"author":1006,"featured_media":0,"parent":0,"menu_order":0,"comment_status":"closed","ping_status":"closed","template":"","meta":{"footnotes":""},"class_list":["post-482","page","type-page","status-publish","hentry"],"_links":{"self":[{"href":"https:\/\/wordpress.nibis.de\/obsbassum\/wp-json\/wp\/v2\/pages\/482","targetHints":{"allow":["GET"]}}],"collection":[{"href":"https:\/\/wordpress.nibis.de\/obsbassum\/wp-json\/wp\/v2\/pages"}],"about":[{"href":"https:\/\/wordpress.nibis.de\/obsbassum\/wp-json\/wp\/v2\/types\/page"}],"author":[{"embeddable":true,"href":"https:\/\/wordpress.nibis.de\/obsbassum\/wp-json\/wp\/v2\/users\/1006"}],"replies":[{"embeddable":true,"href":"https:\/\/wordpress.nibis.de\/obsbassum\/wp-json\/wp\/v2\/comments?post=482"}],"version-history":[{"count":32,"href":"https:\/\/wordpress.nibis.de\/obsbassum\/wp-json\/wp\/v2\/pages\/482\/revisions"}],"predecessor-version":[{"id":8177,"href":"https:\/\/wordpress.nibis.de\/obsbassum\/wp-json\/wp\/v2\/pages\/482\/revisions\/8177"}],"wp:attachment":[{"href":"https:\/\/wordpress.nibis.de\/obsbassum\/wp-json\/wp\/v2\/media?parent=482"}],"curies":[{"name":"wp","href":"https:\/\/api.w.org\/{rel}","templated":true}]}}